{"id":4672,"date":"2026-04-13T11:59:50","date_gmt":"2026-04-13T09:59:50","guid":{"rendered":"https:\/\/agora.xtec.cat\/iespicasso\/?page_id=4672"},"modified":"2026-04-13T12:15:57","modified_gmt":"2026-04-13T10:15:57","slug":"beques-per-a-ensenyaments-postobligatoris-no-universitaris-convocatoria-oberta","status":"publish","type":"page","link":"https:\/\/agora.xtec.cat\/iespicasso\/secretaria\/beques-per-a-ensenyaments-postobligatoris-no-universitaris-convocatoria-oberta\/","title":{"rendered":"Beques per a ensenyaments postobligatoris no universitaris: convocat\u00f2ria oberta"},"content":{"rendered":"\n<p>El passat 30\/03\/2026 es va publicar la convocat\u00f2ria de beques per a ensenyaments postobligatoris no universitaris pel curs 2026-2027.<br>Qui pot demanar la beca?<br>Els alumnes que durant el curs acad\u00e8mic 2026-2027 tinguin previst fer algun d&#8217;aquests estudis no universitaris:<\/p>\n\n\n\n<p>\u2022 <mark style=\"background-color:var(--ast-global-color-1)\" class=\"has-inline-color has-ast-global-color-2-color\">Batxillerat<\/mark><br>\u2022 Formaci\u00f3 professional de <mark style=\"background-color:var(--ast-global-color-1)\" class=\"has-inline-color\">grau mitj\u00e0<\/mark> i de grau superior.<br>\u2022 Ensenyaments art\u00edstics professionals.<br>\u2022 Ensenyaments esportius.<br>\u2022Ensenyaments art\u00edstics superiors.<br>\u2022 Estudis religiosos superiors.<br>\u2022 Estudis d&#8217;idiomes en escoles oficials (inclosa la modalitat de dist\u00e0ncia).<br>\u2022 Cursos d&#8217;acc\u00e9s i cursos de preparaci\u00f3 per a les proves d&#8217;acc\u00e9s a la formaci\u00f3 professional i cursos de formaci\u00f3 espec\u00edfics per a l&#8217;acc\u00e9s als cicles de grau mitj\u00e0 i de grau superior impartits en centres p\u00fablics i en centres privats.<br>\u2022 Cicles formatius de <mark style=\"background-color:var(--ast-global-color-1)\" class=\"has-inline-color\">grau b\u00e0sic<\/mark>.<\/p>\n\n\n\n<p><br><strong>Per\u00edode de sol\u00b7licituds<br><\/strong>El termini per sol\u00b7licitar les beques \u00e9s del <strong>7 d\u2019abril a les 8 hores fins al 18 de maig de 2026 a les 15 hores.<\/strong><br><strong>Novetats<\/strong><br>\u2022 A partir del curs 2026-2027, la sol\u00b7licitud s\u2019ha de realitzar on estigui el domicili familiar de l\u2019alumnat sol\u00b7licitant. En el cas de Catalunya, s\u2019ha de sol\u00b7licitar a trav\u00e9s <a href=\"https:\/\/tramits.gencat.cat\/ca\/tramits\/tramits-temes\/beques-estudis-no-universitaris?moda=1\" target=\"_blank\" rel=\"noreferrer noopener\">d\u2019aquest enlla\u00e7<\/a> i el Departament gestionar\u00e0 la sol\u00b7licitud. Atenci\u00f3!No es sol\u00b7licita a la seu del Ministeri d\u2019Educaci\u00f3 com en convocat\u00f2ries anteriors.<br>\u2022 Per accedir al formulari de sol\u00b7licitud cal identificar-se digitalment (idCAT M\u00f2bil, l&#8217;idCAT Certificat, el sistema Cl@ve, el DNI electr\u00f2nic, el certificat FNMT, la T-CAT, el Camefirma, etc.). Si l\u2019estudiant t\u00e9 18 anys o els compleix aquest any, podr\u00e0 tramitar-la ell mateix. Si \u00e9s menor de 18 anys i no els compleix aquest any, cal que el pare, mare o el tutor\/a legal faci el tr\u00e0mit amb una eina d\u2019identificaci\u00f3 digital.<\/p>\n\n\n\n<p>El <a href=\"https:\/\/web.gencat.cat\/ca\/atenem\/telefon-012\" target=\"_blank\" rel=\"noreferrer noopener\"><strong>012<\/strong> <\/a>pot atendre les consultes de dubtes generals sobre el tr\u00e0mit.<br><strong>Important<\/strong><br>Cal sol\u00b7licitar la beca dins d&#8217;aquest termini, encara que l&#8217;alumnat no s\u00e0piga qu\u00e8 estudiar\u00e0 o, fins i tot, encara que no s\u00e0piga si estudiar\u00e0 o no el curs vinent. En cas de dubtes sobre els estudis a fer, recomanem indicar els que es considerin m\u00e9s probables i al setembre, si s\u2019escau, ja els modificaran.<\/p>\n\n\n\n<p>Disposeu de tot el detall informatiu <a href=\"https:\/\/web.gencat.cat\/ca\/ciutadania\/serveis\/educacio-formacio\/beques-estudis-no-universitaris\" target=\"_blank\" rel=\"noreferrer noopener\">aqu\u00ed<\/a>.<\/p>\n\n\n\n<p><\/p>\n","protected":false},"excerpt":{"rendered":"<p>El passat 30\/03\/2026 es va publicar la convocat\u00f2ria de beques per a ensenyaments postobligatoris no universitaris pel curs 2026-2027.Qui pot demanar la beca?Els alumnes que durant el curs acad\u00e8mic 2026-2027 tinguin previst fer algun d&#8217;aquests estudis no universitaris: \u2022 Batxillerat\u2022 Formaci\u00f3 professional de grau mitj\u00e0 i de grau superior.\u2022 Ensenyaments art\u00edstics professionals.\u2022 Ensenyaments esportius.\u2022Ensenyaments art\u00edstics [&hellip;]<\/p>\n","protected":false},"author":1,"featured_media":0,"parent":81,"menu_order":0,"comment_status":"closed","ping_status":"closed","template":"","meta":{"_bbp_topic_count":0,"_bbp_reply_count":0,"_bbp_total_topic_count":0,"_bbp_total_reply_count":0,"_bbp_voice_count":0,"_bbp_anonymous_reply_count":0,"_bbp_topic_count_hidden":0,"_bbp_reply_count_hidden":0,"_bbp_forum_subforum_count":0,"site-sidebar-layout":"default","site-content-layout":"","ast-site-content-layout":"default","site-content-style":"default","site-sidebar-style":"default","ast-global-header-display":"","ast-banner-title-visibility":"","ast-main-header-display":"","ast-hfb-above-header-display":"","ast-hfb-below-header-display":"","ast-hfb-mobile-header-display":"","site-post-title":"","ast-breadcrumbs-content":"","ast-featured-img":"","footer-sml-layout":"","theme-transparent-header-meta":"","adv-header-id-meta":"","stick-header-meta":"","header-above-stick-meta":"","header-main-stick-meta":"","header-below-stick-meta":"","astra-migrate-meta-layouts":"set","ast-page-background-enabled":"default","ast-page-background-meta":{"desktop":{"background-color":"var(--ast-global-color-4)","background-image":"","background-repeat":"repeat","background-position":"center center","background-size":"auto","background-attachment":"scroll","background-type":"","background-media":"","overlay-type":"","overlay-color":"","overlay-opacity":"","overlay-gradient":""},"tablet":{"background-color":"","background-image":"","background-repeat":"repeat","background-position":"center center","background-size":"auto","background-attachment":"scroll","background-type":"","background-media":"","overlay-type":"","overlay-color":"","overlay-opacity":"","overlay-gradient":""},"mobile":{"background-color":"","background-image":"","background-repeat":"repeat","background-position":"center center","background-size":"auto","background-attachment":"scroll","background-type":"","background-media":"","overlay-type":"","overlay-color":"","overlay-opacity":"","overlay-gradient":""}},"ast-content-background-meta":{"desktop":{"background-color":"var(--ast-global-color-5)","background-image":"","background-repeat":"repeat","background-position":"center center","background-size":"auto","background-attachment":"scroll","background-type":"","background-media":"","overlay-type":"","overlay-color":"","overlay-opacity":"","overlay-gradient":""},"tablet":{"background-color":"var(--ast-global-color-5)","background-image":"","background-repeat":"repeat","background-position":"center center","background-size":"auto","background-attachment":"scroll","background-type":"","background-media":"","overlay-type":"","overlay-color":"","overlay-opacity":"","overlay-gradient":""},"mobile":{"background-color":"var(--ast-global-color-5)","background-image":"","background-repeat":"repeat","background-position":"center center","background-size":"auto","background-attachment":"scroll","background-type":"","background-media":"","overlay-type":"","overlay-color":"","overlay-opacity":"","overlay-gradient":""}},"footnotes":""},"class_list":["post-4672","page","type-page","status-publish","hentry"],"post_mailing_queue_ids":[],"_links":{"self":[{"href":"https:\/\/agora.xtec.cat\/iespicasso\/wp-json\/wp\/v2\/pages\/4672","targetHints":{"allow":["GET"]}}],"collection":[{"href":"https:\/\/agora.xtec.cat\/iespicasso\/wp-json\/wp\/v2\/pages"}],"about":[{"href":"https:\/\/agora.xtec.cat\/iespicasso\/wp-json\/wp\/v2\/types\/page"}],"author":[{"embeddable":true,"href":"https:\/\/agora.xtec.cat\/iespicasso\/wp-json\/wp\/v2\/users\/1"}],"replies":[{"embeddable":true,"href":"https:\/\/agora.xtec.cat\/iespicasso\/wp-json\/wp\/v2\/comments?post=4672"}],"version-history":[{"count":2,"href":"https:\/\/agora.xtec.cat\/iespicasso\/wp-json\/wp\/v2\/pages\/4672\/revisions"}],"predecessor-version":[{"id":4676,"href":"https:\/\/agora.xtec.cat\/iespicasso\/wp-json\/wp\/v2\/pages\/4672\/revisions\/4676"}],"up":[{"embeddable":true,"href":"https:\/\/agora.xtec.cat\/iespicasso\/wp-json\/wp\/v2\/pages\/81"}],"wp:attachment":[{"href":"https:\/\/agora.xtec.cat\/iespicasso\/wp-json\/wp\/v2\/media?parent=4672"}],"curies":[{"name":"wp","href":"https:\/\/api.w.org\/{rel}","templated":true}]}}