{"id":4445,"date":"2026-03-27T10:48:03","date_gmt":"2026-03-27T09:48:03","guid":{"rendered":"https:\/\/agora.xtec.cat\/iespicasso\/?page_id=4445"},"modified":"2026-04-05T21:57:13","modified_gmt":"2026-04-05T19:57:13","slug":"preinscripcio-i-matricula-pfi","status":"publish","type":"page","link":"https:\/\/agora.xtec.cat\/iespicasso\/secretaria\/preinscripcio-2\/preinscripcio-i-matricula-pfi\/","title":{"rendered":"Preinscripci\u00f3 i matr\u00edcula PFI"},"content":{"rendered":"\n<p><strong>30 d&#8217;abril de 2026:<\/strong> oferta inicial de places<\/p>\n\n\n\n<p><strong>Del 4 al 13 de maig de 2026<\/strong>: presentaci\u00f3 de sol\u00b7licituds<\/p>\n\n\n\n<p><strong>Del 4 al 14 de maig de 2026<\/strong>: presentaci\u00f3 de documentaci\u00f3<\/p>\n\n\n\n<p><strong>Del 4 al 26 de maig de 2026 a les 14 hores:<\/strong> entrevistes d&#8217;orientaci\u00f3 i valoraci\u00f3<\/p>\n\n\n\n<p><strong>28 de maig de 2026<\/strong>: llista de sol\u00b7licituds amb la puntuaci\u00f3 provisional<\/p>\n\n\n\n<p><strong>Del 28 de maig al 3 de juny de 2026<\/strong>: presentaci\u00f3 de reclamacions<\/p>\n\n\n\n<p><strong>8 de juny de 2026:<\/strong> llista de sol\u00b7licituds amb la puntuaci\u00f3 un cop resoltes les reclamacions<\/p>\n\n\n\n<p><strong>8 de juny de 2026<\/strong>: sorteig per resoldre les sol\u00b7licituds de preinscripci\u00f3 empatades en punts<\/p>\n\n\n\n<p><strong>11 de juny de 2026<\/strong>: llista ordenada<\/p>\n\n\n\n<p><strong>Del 25 al 29 de juny de 2026:<\/strong> ampliaci\u00f3 de peticions de preinscripci\u00f3 per a alumnes sense pla\u00e7a assignada a cap centre<\/p>\n\n\n\n<p><strong>3 de juliol de 2026<\/strong>: oferta final de places<\/p>\n\n\n\n<p><strong>3 de juliol de 2026<\/strong>: llista d&#8217;alumnes admesos i llista d&#8217;espera<\/p>\n\n\n\n<p><strong>Del 6 al 10 de juliol de 2026: matriculaci\u00f3<\/strong>. Un cop s&#8217;ha publicat la llista d&#8217;alumnes admesos en cada centre, comen\u00e7a el per\u00edode de matriculaci\u00f3 dels alumnes preinscrits amb pla\u00e7a assignada.<\/p>\n\n\n\n<p>Podeu trobar tota la informaci\u00f3 actualitzada en el seg\u00fcent <a href=\"https:\/\/preinscripcio.gencat.cat\/ca\/estudis\/pfi\/informat\/calendari\/\">enlla\u00e7<\/a> de la Generalitat<\/p>\n\n\n\n<p><\/p>\n\n\n\n<p><\/p>\n\n\n\n<p><\/p>\n","protected":false},"excerpt":{"rendered":"<p>30 d&#8217;abril de 2026: oferta inicial de places Del 4 al 13 de maig de 2026: presentaci\u00f3 de sol\u00b7licituds Del 4 al 14 de maig de 2026: presentaci\u00f3 de documentaci\u00f3 Del 4 al 26 de maig de 2026 a les 14 hores: entrevistes d&#8217;orientaci\u00f3 i valoraci\u00f3 28 de maig de 2026: llista de sol\u00b7licituds amb [&hellip;]<\/p>\n","protected":false},"author":1,"featured_media":0,"parent":4434,"menu_order":2,"comment_status":"closed","ping_status":"closed","template":"","meta":{"_bbp_topic_count":0,"_bbp_reply_count":0,"_bbp_total_topic_count":0,"_bbp_total_reply_count":0,"_bbp_voice_count":0,"_bbp_anonymous_reply_count":0,"_bbp_topic_count_hidden":0,"_bbp_reply_count_hidden":0,"_bbp_forum_subforum_count":0,"site-sidebar-layout":"default","site-content-layout":"","ast-site-content-layout":"default","site-content-style":"default","site-sidebar-style":"default","ast-global-header-display":"","ast-banner-title-visibility":"","ast-main-header-display":"","ast-hfb-above-header-display":"","ast-hfb-below-header-display":"","ast-hfb-mobile-header-display":"","site-post-title":"","ast-breadcrumbs-content":"","ast-featured-img":"","footer-sml-layout":"","theme-transparent-header-meta":"","adv-header-id-meta":"","stick-header-meta":"","header-above-stick-meta":"","header-main-stick-meta":"","header-below-stick-meta":"","astra-migrate-meta-layouts":"set","ast-page-background-enabled":"default","ast-page-background-meta":{"desktop":{"background-color":"var(--ast-global-color-4)","background-image":"","background-repeat":"repeat","background-position":"center center","background-size":"auto","background-attachment":"scroll","background-type":"","background-media":"","overlay-type":"","overlay-color":"","overlay-opacity":"","overlay-gradient":""},"tablet":{"background-color":"","background-image":"","background-repeat":"repeat","background-position":"center center","background-size":"auto","background-attachment":"scroll","background-type":"","background-media":"","overlay-type":"","overlay-color":"","overlay-opacity":"","overlay-gradient":""},"mobile":{"background-color":"","background-image":"","background-repeat":"repeat","background-position":"center center","background-size":"auto","background-attachment":"scroll","background-type":"","background-media":"","overlay-type":"","overlay-color":"","overlay-opacity":"","overlay-gradient":""}},"ast-content-background-meta":{"desktop":{"background-color":"var(--ast-global-color-5)","background-image":"","background-repeat":"repeat","background-position":"center center","background-size":"auto","background-attachment":"scroll","background-type":"","background-media":"","overlay-type":"","overlay-color":"","overlay-opacity":"","overlay-gradient":""},"tablet":{"background-color":"var(--ast-global-color-5)","background-image":"","background-repeat":"repeat","background-position":"center center","background-size":"auto","background-attachment":"scroll","background-type":"","background-media":"","overlay-type":"","overlay-color":"","overlay-opacity":"","overlay-gradient":""},"mobile":{"background-color":"var(--ast-global-color-5)","background-image":"","background-repeat":"repeat","background-position":"center center","background-size":"auto","background-attachment":"scroll","background-type":"","background-media":"","overlay-type":"","overlay-color":"","overlay-opacity":"","overlay-gradient":""}},"footnotes":""},"class_list":["post-4445","page","type-page","status-publish","hentry"],"post_mailing_queue_ids":[],"_links":{"self":[{"href":"https:\/\/agora.xtec.cat\/iespicasso\/wp-json\/wp\/v2\/pages\/4445","targetHints":{"allow":["GET"]}}],"collection":[{"href":"https:\/\/agora.xtec.cat\/iespicasso\/wp-json\/wp\/v2\/pages"}],"about":[{"href":"https:\/\/agora.xtec.cat\/iespicasso\/wp-json\/wp\/v2\/types\/page"}],"author":[{"embeddable":true,"href":"https:\/\/agora.xtec.cat\/iespicasso\/wp-json\/wp\/v2\/users\/1"}],"replies":[{"embeddable":true,"href":"https:\/\/agora.xtec.cat\/iespicasso\/wp-json\/wp\/v2\/comments?post=4445"}],"version-history":[{"count":4,"href":"https:\/\/agora.xtec.cat\/iespicasso\/wp-json\/wp\/v2\/pages\/4445\/revisions"}],"predecessor-version":[{"id":4474,"href":"https:\/\/agora.xtec.cat\/iespicasso\/wp-json\/wp\/v2\/pages\/4445\/revisions\/4474"}],"up":[{"embeddable":true,"href":"https:\/\/agora.xtec.cat\/iespicasso\/wp-json\/wp\/v2\/pages\/4434"}],"wp:attachment":[{"href":"https:\/\/agora.xtec.cat\/iespicasso\/wp-json\/wp\/v2\/media?parent=4445"}],"curies":[{"name":"wp","href":"https:\/\/api.w.org\/{rel}","templated":true}]}}