{"id":43,"date":"2014-09-17T16:45:07","date_gmt":"2014-09-17T16:45:07","guid":{"rendered":"http:\/\/agora.xtec.cat\/iespicasso\/?page_id=43"},"modified":"2026-02-16T06:44:57","modified_gmt":"2026-02-16T05:44:57","slug":"consell-escolar","status":"publish","type":"page","link":"https:\/\/agora.xtec.cat\/iespicasso\/linstitut\/consell-escolar\/","title":{"rendered":"Consell escolar"},"content":{"rendered":"\n<figure class=\"wp-block-table is-style-stripes\"><table class=\"has-fixed-layout\"><tbody><tr><td class=\"has-text-align-left\" data-align=\"left\"><strong>Nom<\/strong><\/td><td><strong>C\u00e0rrec<\/strong><\/td><td><strong>Situaci\u00f3<\/strong><\/td><\/tr><tr><td class=\"has-text-align-left\" data-align=\"left\"><span style=\"font-weight: 400;\">Montserrat Milan Hern\u00e1ndez<\/span><\/td><td><span style=\"font-weight: 400;\">Directora<\/span><\/td><td><span style=\"font-weight: 400;\">No s&#8217;escull<\/span><\/td><\/tr><tr><td class=\"has-text-align-left\" data-align=\"left\"><span style=\"font-weight: 400;\">Sandra Holgado Garc\u00eda<\/span><\/td><td><span style=\"font-weight: 400;\">Cap d&#8217;estudis<\/span><\/td><td><span style=\"font-weight: 400;\">No s&#8217;escull<\/span><\/td><\/tr><tr><td class=\"has-text-align-left\" data-align=\"left\"><span style=\"font-weight: 400;\">Cecilia Pedrola Gimeno<\/span><\/td><td><span style=\"font-weight: 400;\">Secret\u00e0ria<\/span><\/td><td><span style=\"font-weight: 400;\">No s&#8217;escull<\/span><\/td><\/tr><tr><td class=\"has-text-align-left\" data-align=\"left\"><span style=\"font-weight: 400;\">Guillem Abell\u00f3 Oncins<\/span><\/td><td><span style=\"font-weight: 400;\">Representant del professorat<\/span><\/td><td><span style=\"font-weight: 400;\">Escollit 2025<\/span><\/td><\/tr><tr><td class=\"has-text-align-left\" data-align=\"left\"><span style=\"font-weight: 400;\">Laia Echeverria Bel<\/span><\/td><td><span style=\"font-weight: 400;\">Representant del professorat<\/span><\/td><td><span style=\"font-weight: 400;\">Escollida 2025<\/span><\/td><\/tr><tr><td class=\"has-text-align-left\" data-align=\"left\"><span style=\"font-weight: 400;\">Berta Marin Pascal<\/span><\/td><td><span style=\"font-weight: 400;\">Representant del professorat<\/span><\/td><td><span style=\"font-weight: 400;\">Escollida 2025<\/span><\/td><\/tr><tr><td class=\"has-text-align-left\" data-align=\"left\"><span style=\"font-weight: 400;\">Maria Medrano Espelta<\/span><\/td><td><span style=\"font-weight: 400;\">Representant del professorat<\/span><\/td><td><span style=\"font-weight: 400;\">Escollida 2025<\/span><\/td><\/tr><tr><td class=\"has-text-align-left\" data-align=\"left\"><span style=\"font-weight: 400;\">Ruth Moreno Salazar<\/span><\/td><td><span style=\"font-weight: 400;\">Representant del professorat<\/span><\/td><td><span style=\"font-weight: 400;\">Escollida 2025<\/span><\/td><\/tr><tr><td class=\"has-text-align-left\" data-align=\"left\"><span style=\"font-weight: 400;\">David Arnau \u00c1vila<\/span><\/td><td><span style=\"font-weight: 400;\">Representant del PAS<\/span><\/td><td><span style=\"font-weight: 400;\">Escollit 2025<\/span><\/td><\/tr><tr><td class=\"has-text-align-left\" data-align=\"left\"><span style=\"font-weight: 400;\">Lauren Denniss Diaz Herrera<\/span><\/td><td><span style=\"font-weight: 400;\">Representant de l&#8217;alumnat<\/span><\/td><td><span style=\"font-weight: 400;\">Escollida 2025<\/span><\/td><\/tr><tr><td class=\"has-text-align-left\" data-align=\"left\"><span style=\"font-weight: 400;\">Nickol Feliz Rojas&nbsp;<\/span><\/td><td><span style=\"font-weight: 400;\">Representant de l&#8217;alumnat<\/span><\/td><td><span style=\"font-weight: 400;\">Escollida 2025<\/span><\/td><\/tr><tr><td class=\"has-text-align-left\" data-align=\"left\"><span style=\"font-weight: 400;\">Iman el Messauodi El Afia<\/span><\/td><td><span style=\"font-weight: 400;\">Representant de les fam\u00edlies<\/span><\/td><td><span style=\"font-weight: 400;\">Escollida 2025<\/span><\/td><\/tr><tr><td class=\"has-text-align-left\" data-align=\"left\"><span style=\"font-weight: 400;\">Antonio Marchal Martos<\/span><\/td><td><span style=\"font-weight: 400;\">Representant municipal<\/span><\/td><td><span style=\"font-weight: 400;\">No s\u2019escull en eleccions<\/span><\/td><\/tr><\/tbody><\/table><\/figure>\n","protected":false},"excerpt":{"rendered":"<p>Nom C\u00e0rrec Situaci\u00f3 Montserrat Milan Hern\u00e1ndez Directora No s&#8217;escull Sandra Holgado Garc\u00eda Cap d&#8217;estudis No s&#8217;escull Cecilia Pedrola Gimeno Secret\u00e0ria No s&#8217;escull Guillem Abell\u00f3 Oncins Representant del professorat Escollit 2025 Laia Echeverria Bel Representant del professorat Escollida 2025 Berta Marin Pascal Representant del professorat Escollida 2025 Maria Medrano Espelta Representant del professorat Escollida 2025 Ruth [&hellip;]<\/p>\n","protected":false},"author":1,"featured_media":0,"parent":19,"menu_order":1,"comment_status":"closed","ping_status":"closed","template":"","meta":{"_bbp_topic_count":0,"_bbp_reply_count":0,"_bbp_total_topic_count":0,"_bbp_total_reply_count":0,"_bbp_voice_count":0,"_bbp_anonymous_reply_count":0,"_bbp_topic_count_hidden":0,"_bbp_reply_count_hidden":0,"_bbp_forum_subforum_count":0,"site-sidebar-layout":"default","site-content-layout":"","ast-site-content-layout":"default","site-content-style":"default","site-sidebar-style":"default","ast-global-header-display":"","ast-banner-title-visibility":"","ast-main-header-display":"","ast-hfb-above-header-display":"","ast-hfb-below-header-display":"","ast-hfb-mobile-header-display":"","site-post-title":"","ast-breadcrumbs-content":"","ast-featured-img":"","footer-sml-layout":"","theme-transparent-header-meta":"default","adv-header-id-meta":"","stick-header-meta":"","header-above-stick-meta":"","header-main-stick-meta":"","header-below-stick-meta":"","astra-migrate-meta-layouts":"set","ast-page-background-enabled":"default","ast-page-background-meta":{"desktop":{"background-color":"var(--ast-global-color-4)","background-image":"","background-repeat":"repeat","background-position":"center center","background-size":"auto","background-attachment":"scroll","background-type":"","background-media":"","overlay-type":"","overlay-color":"","overlay-opacity":"","overlay-gradient":""},"tablet":{"background-color":"","background-image":"","background-repeat":"repeat","background-position":"center center","background-size":"auto","background-attachment":"scroll","background-type":"","background-media":"","overlay-type":"","overlay-color":"","overlay-opacity":"","overlay-gradient":""},"mobile":{"background-color":"","background-image":"","background-repeat":"repeat","background-position":"center center","background-size":"auto","background-attachment":"scroll","background-type":"","background-media":"","overlay-type":"","overlay-color":"","overlay-opacity":"","overlay-gradient":""}},"ast-content-background-meta":{"desktop":{"background-color":"var(--ast-global-color-5)","background-image":"","background-repeat":"repeat","background-position":"center center","background-size":"auto","background-attachment":"scroll","background-type":"","background-media":"","overlay-type":"","overlay-color":"","overlay-opacity":"","overlay-gradient":""},"tablet":{"background-color":"var(--ast-global-color-5)","background-image":"","background-repeat":"repeat","background-position":"center center","background-size":"auto","background-attachment":"scroll","background-type":"","background-media":"","overlay-type":"","overlay-color":"","overlay-opacity":"","overlay-gradient":""},"mobile":{"background-color":"var(--ast-global-color-5)","background-image":"","background-repeat":"repeat","background-position":"center center","background-size":"auto","background-attachment":"scroll","background-type":"","background-media":"","overlay-type":"","overlay-color":"","overlay-opacity":"","overlay-gradient":""}},"footnotes":""},"class_list":["post-43","page","type-page","status-publish","hentry"],"post_mailing_queue_ids":[],"_links":{"self":[{"href":"https:\/\/agora.xtec.cat\/iespicasso\/wp-json\/wp\/v2\/pages\/43","targetHints":{"allow":["GET"]}}],"collection":[{"href":"https:\/\/agora.xtec.cat\/iespicasso\/wp-json\/wp\/v2\/pages"}],"about":[{"href":"https:\/\/agora.xtec.cat\/iespicasso\/wp-json\/wp\/v2\/types\/page"}],"author":[{"embeddable":true,"href":"https:\/\/agora.xtec.cat\/iespicasso\/wp-json\/wp\/v2\/users\/1"}],"replies":[{"embeddable":true,"href":"https:\/\/agora.xtec.cat\/iespicasso\/wp-json\/wp\/v2\/comments?post=43"}],"version-history":[{"count":6,"href":"https:\/\/agora.xtec.cat\/iespicasso\/wp-json\/wp\/v2\/pages\/43\/revisions"}],"predecessor-version":[{"id":4283,"href":"https:\/\/agora.xtec.cat\/iespicasso\/wp-json\/wp\/v2\/pages\/43\/revisions\/4283"}],"up":[{"embeddable":true,"href":"https:\/\/agora.xtec.cat\/iespicasso\/wp-json\/wp\/v2\/pages\/19"}],"wp:attachment":[{"href":"https:\/\/agora.xtec.cat\/iespicasso\/wp-json\/wp\/v2\/media?parent=43"}],"curies":[{"name":"wp","href":"https:\/\/api.w.org\/{rel}","templated":true}]}}