{"id":19,"date":"2014-09-17T14:56:56","date_gmt":"2014-09-17T14:56:56","guid":{"rendered":"http:\/\/agora.xtec.cat\/iespicasso\/?page_id=19"},"modified":"2026-04-05T23:34:10","modified_gmt":"2026-04-05T21:34:10","slug":"linstitut","status":"publish","type":"page","link":"https:\/\/agora.xtec.cat\/iespicasso\/linstitut\/","title":{"rendered":"L&#8217;institut"},"content":{"rendered":"\n<p>L\u2019Institut Pablo Ruiz Picasso est\u00e0 immers en un proc\u00e9s de transformaci\u00f3 per esdevenir un centre orientat als estudis postobligatoris. Al llarg dels anys, el centre ha estat un referent educatiu al barri, destacant per la seva tasca en la gesti\u00f3 de la diversitat i l\u2019acompanyament de l\u2019alumnat.<\/p>\n\n\n\n<p>En aquest nou context, es deixa enrere progressivament l\u2019ESO i s\u2019inicia la implantaci\u00f3 de formaci\u00f3 professional, ampliant les oportunitats educatives i refor\u00e7ant la connexi\u00f3 amb el m\u00f3n laboral. En el curs 2026\/27, el centre oferir\u00e0 \u00fanicament 4t d\u2019ESO, que ser\u00e0 l\u2019\u00faltim nivell d\u2019aquesta etapa que s\u2019impartir\u00e0 a l\u2019institut.<\/p>\n\n\n\n<p>El centre forma part de la xarxa Be Pro i es projecta com un futur centre especialitzat en el sector ferroviari, amb la voluntat de donar resposta a les necessitats formatives del territori i esdevenir un referent en aquest \u00e0mbit.<\/p>\n","protected":false},"excerpt":{"rendered":"<p>L\u2019Institut Pablo Ruiz Picasso est\u00e0 immers en un proc\u00e9s de transformaci\u00f3 per esdevenir un centre orientat als estudis postobligatoris. Al llarg dels anys, el centre ha estat un referent educatiu al barri, destacant per la seva tasca en la gesti\u00f3 de la diversitat i l\u2019acompanyament de l\u2019alumnat. En aquest nou context, es deixa enrere progressivament [&hellip;]<\/p>\n","protected":false},"author":1,"featured_media":0,"parent":0,"menu_order":0,"comment_status":"closed","ping_status":"closed","template":"","meta":{"_bbp_topic_count":0,"_bbp_reply_count":0,"_bbp_total_topic_count":0,"_bbp_total_reply_count":0,"_bbp_voice_count":0,"_bbp_anonymous_reply_count":0,"_bbp_topic_count_hidden":0,"_bbp_reply_count_hidden":0,"_bbp_forum_subforum_count":0,"site-sidebar-layout":"default","site-content-layout":"","ast-site-content-layout":"default","site-content-style":"default","site-sidebar-style":"default","ast-global-header-display":"","ast-banner-title-visibility":"","ast-main-header-display":"","ast-hfb-above-header-display":"","ast-hfb-below-header-display":"","ast-hfb-mobile-header-display":"","site-post-title":"","ast-breadcrumbs-content":"","ast-featured-img":"","footer-sml-layout":"","theme-transparent-header-meta":"default","adv-header-id-meta":"","stick-header-meta":"","header-above-stick-meta":"","header-main-stick-meta":"","header-below-stick-meta":"","astra-migrate-meta-layouts":"set","ast-page-background-enabled":"default","ast-page-background-meta":{"desktop":{"background-color":"var(--ast-global-color-4)","background-image":"","background-repeat":"repeat","background-position":"center center","background-size":"auto","background-attachment":"scroll","background-type":"","background-media":"","overlay-type":"","overlay-color":"","overlay-opacity":"","overlay-gradient":""},"tablet":{"background-color":"","background-image":"","background-repeat":"repeat","background-position":"center center","background-size":"auto","background-attachment":"scroll","background-type":"","background-media":"","overlay-type":"","overlay-color":"","overlay-opacity":"","overlay-gradient":""},"mobile":{"background-color":"","background-image":"","background-repeat":"repeat","background-position":"center center","background-size":"auto","background-attachment":"scroll","background-type":"","background-media":"","overlay-type":"","overlay-color":"","overlay-opacity":"","overlay-gradient":""}},"ast-content-background-meta":{"desktop":{"background-color":"var(--ast-global-color-5)","background-image":"","background-repeat":"repeat","background-position":"center center","background-size":"auto","background-attachment":"scroll","background-type":"","background-media":"","overlay-type":"","overlay-color":"","overlay-opacity":"","overlay-gradient":""},"tablet":{"background-color":"var(--ast-global-color-5)","background-image":"","background-repeat":"repeat","background-position":"center center","background-size":"auto","background-attachment":"scroll","background-type":"","background-media":"","overlay-type":"","overlay-color":"","overlay-opacity":"","overlay-gradient":""},"mobile":{"background-color":"var(--ast-global-color-5)","background-image":"","background-repeat":"repeat","background-position":"center center","background-size":"auto","background-attachment":"scroll","background-type":"","background-media":"","overlay-type":"","overlay-color":"","overlay-opacity":"","overlay-gradient":""}},"footnotes":""},"class_list":["post-19","page","type-page","status-publish","hentry"],"post_mailing_queue_ids":[],"_links":{"self":[{"href":"https:\/\/agora.xtec.cat\/iespicasso\/wp-json\/wp\/v2\/pages\/19","targetHints":{"allow":["GET"]}}],"collection":[{"href":"https:\/\/agora.xtec.cat\/iespicasso\/wp-json\/wp\/v2\/pages"}],"about":[{"href":"https:\/\/agora.xtec.cat\/iespicasso\/wp-json\/wp\/v2\/types\/page"}],"author":[{"embeddable":true,"href":"https:\/\/agora.xtec.cat\/iespicasso\/wp-json\/wp\/v2\/users\/1"}],"replies":[{"embeddable":true,"href":"https:\/\/agora.xtec.cat\/iespicasso\/wp-json\/wp\/v2\/comments?post=19"}],"version-history":[{"count":5,"href":"https:\/\/agora.xtec.cat\/iespicasso\/wp-json\/wp\/v2\/pages\/19\/revisions"}],"predecessor-version":[{"id":4601,"href":"https:\/\/agora.xtec.cat\/iespicasso\/wp-json\/wp\/v2\/pages\/19\/revisions\/4601"}],"wp:attachment":[{"href":"https:\/\/agora.xtec.cat\/iespicasso\/wp-json\/wp\/v2\/media?parent=19"}],"curies":[{"name":"wp","href":"https:\/\/api.w.org\/{rel}","templated":true}]}}