{"id":5953,"date":"2020-06-25T15:13:20","date_gmt":"2020-06-25T13:13:20","guid":{"rendered":"http:\/\/agora.xtec.cat\/iesperefontdevila\/?page_id=5953"},"modified":"2025-07-01T23:50:49","modified_gmt":"2025-07-01T21:50:49","slug":"matricula-batxillerat","status":"publish","type":"page","link":"https:\/\/agora.xtec.cat\/iesperefontdevila\/serveis\/secretaria\/matricula-batxillerat\/","title":{"rendered":"Matr\u00edcula batxillerat"},"content":{"rendered":"<p>Podeu consultar si heu estat admesos al proc\u00e9s de <a href=\"http:\/\/agora.xtec.cat\/iesperefontdevila\/serveis\/secretaria\/preinscripcio-batxillerat\/\">preinscripci\u00f3<\/a>.<br \/>\nEncara que no estigueu preinscrits, podeu matricular-vos perqu\u00e8 tenim places lliures. Truqueu al 938228660 i us n&#8217;informarem.<\/p>\n<p>Per formalitzar la matr\u00edcula realitzarem una entrevista. Demaneu cita pr\u00e8via. Ens haureu de fer arribar la seg\u00fcent documentaci\u00f3 (si \u00e9s possible abans) al correu electr\u00f2nic del centre (institut@iesperefontdevila.cat):<\/p>\n<ul>\n<li>C\u00f2pia del DNI de l&#8217;alumne\/a<\/li>\n<li>C\u00f2pia de la Targeta sanit\u00e0ria de l&#8217;alumne\/a<\/li>\n<li>Foto de carnet escanejada<\/li>\n<li>C\u00f2pia de les notes de 4t d&#8217;ESO.<\/li>\n<\/ul>\n","protected":false},"excerpt":{"rendered":"<p>Podeu consultar si heu estat admesos al proc\u00e9s de preinscripci\u00f3. Encara que no estigueu preinscrits, podeu matricular-vos perqu\u00e8 tenim places lliures. Truqueu al 938228660 i us n&#8217;informarem. Per formalitzar la matr\u00edcula realitzarem una entrevista. Demaneu cita pr\u00e8via. Ens haureu de fer arribar la seg\u00fcent documentaci\u00f3 (si \u00e9s possible abans) al correu electr\u00f2nic del centre (institut@iesperefontdevila.cat): [&hellip;]<\/p>\n","protected":false},"author":1,"featured_media":0,"parent":81,"menu_order":35,"comment_status":"closed","ping_status":"closed","template":"","meta":{"_bbp_topic_count":0,"_bbp_reply_count":0,"_bbp_total_topic_count":0,"_bbp_total_reply_count":0,"_bbp_voice_count":0,"_bbp_anonymous_reply_count":0,"_bbp_topic_count_hidden":0,"_bbp_reply_count_hidden":0,"_bbp_forum_subforum_count":0,"site-sidebar-layout":"default","site-content-layout":"","ast-site-content-layout":"default","site-content-style":"default","site-sidebar-style":"default","ast-global-header-display":"","ast-banner-title-visibility":"","ast-main-header-display":"","ast-hfb-above-header-display":"","ast-hfb-below-header-display":"","ast-hfb-mobile-header-display":"","site-post-title":"","ast-breadcrumbs-content":"","ast-featured-img":"","footer-sml-layout":"","theme-transparent-header-meta":"","adv-header-id-meta":"","stick-header-meta":"","header-above-stick-meta":"","header-main-stick-meta":"","header-below-stick-meta":"","astra-migrate-meta-layouts":"set","ast-page-background-enabled":"default","ast-page-background-meta":{"desktop":{"background-color":"var(--ast-global-color-4)","background-image":"","background-repeat":"repeat","background-position":"center center","background-size":"auto","background-attachment":"scroll","background-type":"","background-media":"","overlay-type":"","overlay-color":"","overlay-opacity":"","overlay-gradient":""},"tablet":{"background-color":"","background-image":"","background-repeat":"repeat","background-position":"center center","background-size":"auto","background-attachment":"scroll","background-type":"","background-media":"","overlay-type":"","overlay-color":"","overlay-opacity":"","overlay-gradient":""},"mobile":{"background-color":"","background-image":"","background-repeat":"repeat","background-position":"center center","background-size":"auto","background-attachment":"scroll","background-type":"","background-media":"","overlay-type":"","overlay-color":"","overlay-opacity":"","overlay-gradient":""}},"ast-content-background-meta":{"desktop":{"background-color":"var(--ast-global-color-5)","background-image":"","background-repeat":"repeat","background-position":"center center","background-size":"auto","background-attachment":"scroll","background-type":"","background-media":"","overlay-type":"","overlay-color":"","overlay-opacity":"","overlay-gradient":""},"tablet":{"background-color":"var(--ast-global-color-5)","background-image":"","background-repeat":"repeat","background-position":"center center","background-size":"auto","background-attachment":"scroll","background-type":"","background-media":"","overlay-type":"","overlay-color":"","overlay-opacity":"","overlay-gradient":""},"mobile":{"background-color":"var(--ast-global-color-5)","background-image":"","background-repeat":"repeat","background-position":"center center","background-size":"auto","background-attachment":"scroll","background-type":"","background-media":"","overlay-type":"","overlay-color":"","overlay-opacity":"","overlay-gradient":""}},"footnotes":""},"class_list":["post-5953","page","type-page","status-publish","hentry"],"post_mailing_queue_ids":[],"_links":{"self":[{"href":"https:\/\/agora.xtec.cat\/iesperefontdevila\/wp-json\/wp\/v2\/pages\/5953","targetHints":{"allow":["GET"]}}],"collection":[{"href":"https:\/\/agora.xtec.cat\/iesperefontdevila\/wp-json\/wp\/v2\/pages"}],"about":[{"href":"https:\/\/agora.xtec.cat\/iesperefontdevila\/wp-json\/wp\/v2\/types\/page"}],"author":[{"embeddable":true,"href":"https:\/\/agora.xtec.cat\/iesperefontdevila\/wp-json\/wp\/v2\/users\/1"}],"replies":[{"embeddable":true,"href":"https:\/\/agora.xtec.cat\/iesperefontdevila\/wp-json\/wp\/v2\/comments?post=5953"}],"version-history":[{"count":6,"href":"https:\/\/agora.xtec.cat\/iesperefontdevila\/wp-json\/wp\/v2\/pages\/5953\/revisions"}],"predecessor-version":[{"id":10368,"href":"https:\/\/agora.xtec.cat\/iesperefontdevila\/wp-json\/wp\/v2\/pages\/5953\/revisions\/10368"}],"up":[{"embeddable":true,"href":"https:\/\/agora.xtec.cat\/iesperefontdevila\/wp-json\/wp\/v2\/pages\/81"}],"wp:attachment":[{"href":"https:\/\/agora.xtec.cat\/iesperefontdevila\/wp-json\/wp\/v2\/media?parent=5953"}],"curies":[{"name":"wp","href":"https:\/\/api.w.org\/{rel}","templated":true}]}}