{"id":5799,"date":"2020-05-08T17:11:36","date_gmt":"2020-05-08T15:11:36","guid":{"rendered":"http:\/\/agora.xtec.cat\/iesperefontdevila\/?page_id=5799"},"modified":"2026-03-09T14:44:13","modified_gmt":"2026-03-09T13:44:13","slug":"preinscripcio-eso","status":"publish","type":"page","link":"https:\/\/agora.xtec.cat\/iesperefontdevila\/serveis\/secretaria\/preinscripcio-eso\/","title":{"rendered":"Preinscripci\u00f3 ESO"},"content":{"rendered":"<table class=\" alignright\" style=\"border-collapse: collapse; width: 100%;\">\n<tbody>\n<tr>\n<td style=\"vertical-align: top; width: 34.4109%;\"><img loading=\"lazy\" decoding=\"async\" class=\"alignleft  wp-image-9904\" src=\"https:\/\/agora.xtec.cat\/iesperefontdevila\/wp-content\/uploads\/usu203\/2025\/02\/preinscripcio_2025_26.png\" alt=\"\" width=\"295\" height=\"223\" srcset=\"https:\/\/agora.xtec.cat\/iesperefontdevila\/wp-content\/uploads\/usu203\/2025\/02\/preinscripcio_2025_26.png 587w, https:\/\/agora.xtec.cat\/iesperefontdevila\/wp-content\/uploads\/usu203\/2025\/02\/preinscripcio_2025_26-300x226.png 300w, https:\/\/agora.xtec.cat\/iesperefontdevila\/wp-content\/uploads\/usu203\/2025\/02\/preinscripcio_2025_26-200x150.png 200w\" sizes=\"auto, (max-width: 295px) 100vw, 295px\" \/><br \/>\n<iframe loading=\"lazy\" src=\"https:\/\/docs.google.com\/presentation\/d\/e\/2PACX-1vTyJDjipNcVSX0V3pbrEbdz0LrNtXMh3oo-wmFifZpURr57Nz2K7gUqxbDCFy701vJIm7VaLvIqJ6yn\/pubembed?start=false&amp;loop=true&amp;delayms=60000\" width=\"295\" height=\"184\" frameborder=\"0\" allowfullscreen=\"allowfullscreen\"><\/iframe><\/td>\n<td style=\"width: 65.5891%;\">\n<h2>Curs 2026-27<\/h2>\n<p>La preinscripci\u00f3 s&#8217;haur\u00e0 de realitzar telem\u00e0ticament entre el 6 i el 18 de mar\u00e7 de 2026.<\/p>\n<p>Xerrada informativa: dimecres 4 de mar\u00e7 de 2026 a les 18.00 a la sala d&#8217;actes de l&#8217;Institut.<\/p>\n<p>Calendari:<\/p>\n<ul>\n<li>3 de mar\u00e7 : <a href=\"https:\/\/agora.xtec.cat\/iesperefontdevila\/wp-content\/uploads\/usu203\/2026\/03\/Preinscripcio_ESO_2026_27_oferta_inicial.pdf\">Oferta inicial de places<\/a>,<\/li>\n<li>del 6 al 18 de mar\u00e7: Presentaci\u00f3 de sol\u00b7licituds,<\/li>\n<li>fins el 19 de mar\u00e7 : Presentaci\u00f3 de documentaci\u00f3,<\/li>\n<li>15 d&#8217;abril : Llista de baremaci\u00f3 provisional,<\/li>\n<li>del 15 al 20 d&#8217;abril : Reclamacions,<\/li>\n<li>23 d&#8217;abril : Llista de baremaci\u00f3 amb reclamacions resoltes,<\/li>\n<li>29 d&#8217;abril : Llista de sol\u00b7licituds en primera petici\u00f3 ordenada,<\/li>\n<li>10 de juny: Oferta definitiva de places,<\/li>\n<li>10 de juny : Llista de preinscrits i assignats al centre amb indicaci\u00f3 de la primera petici\u00f3,<\/li>\n<li>10 de juny : Llista d&#8217;espera,<\/li>\n<li>22 al 30 de juny : Matriculaci\u00f3.<\/li>\n<li>30 de setembre: Llista d&#8217;alumnes matriculats.<\/li>\n<\/ul>\n<\/td>\n<\/tr>\n<\/tbody>\n<\/table>\n","protected":false},"excerpt":{"rendered":"<p>Curs 2026-27 La preinscripci\u00f3 s&#8217;haur\u00e0 de realitzar telem\u00e0ticament entre el 6 i el 18 de mar\u00e7 de 2026. Xerrada informativa: dimecres 4 de mar\u00e7 de 2026 a les 18.00 a la sala d&#8217;actes de l&#8217;Institut. Calendari: 3 de mar\u00e7 : Oferta inicial de places, del 6 al 18 de mar\u00e7: Presentaci\u00f3 de sol\u00b7licituds, fins el [&hellip;]<\/p>\n","protected":false},"author":1,"featured_media":0,"parent":81,"menu_order":10,"comment_status":"closed","ping_status":"closed","template":"","meta":{"_bbp_topic_count":0,"_bbp_reply_count":0,"_bbp_total_topic_count":0,"_bbp_total_reply_count":0,"_bbp_voice_count":0,"_bbp_anonymous_reply_count":0,"_bbp_topic_count_hidden":0,"_bbp_reply_count_hidden":0,"_bbp_forum_subforum_count":0,"site-sidebar-layout":"default","site-content-layout":"","ast-site-content-layout":"default","site-content-style":"default","site-sidebar-style":"default","ast-global-header-display":"","ast-banner-title-visibility":"","ast-main-header-display":"","ast-hfb-above-header-display":"","ast-hfb-below-header-display":"","ast-hfb-mobile-header-display":"","site-post-title":"","ast-breadcrumbs-content":"","ast-featured-img":"","footer-sml-layout":"","theme-transparent-header-meta":"","adv-header-id-meta":"","stick-header-meta":"","header-above-stick-meta":"","header-main-stick-meta":"","header-below-stick-meta":"","astra-migrate-meta-layouts":"set","ast-page-background-enabled":"default","ast-page-background-meta":{"desktop":{"background-color":"var(--ast-global-color-4)","background-image":"","background-repeat":"repeat","background-position":"center center","background-size":"auto","background-attachment":"scroll","background-type":"","background-media":"","overlay-type":"","overlay-color":"","overlay-opacity":"","overlay-gradient":""},"tablet":{"background-color":"","background-image":"","background-repeat":"repeat","background-position":"center center","background-size":"auto","background-attachment":"scroll","background-type":"","background-media":"","overlay-type":"","overlay-color":"","overlay-opacity":"","overlay-gradient":""},"mobile":{"background-color":"","background-image":"","background-repeat":"repeat","background-position":"center center","background-size":"auto","background-attachment":"scroll","background-type":"","background-media":"","overlay-type":"","overlay-color":"","overlay-opacity":"","overlay-gradient":""}},"ast-content-background-meta":{"desktop":{"background-color":"var(--ast-global-color-5)","background-image":"","background-repeat":"repeat","background-position":"center center","background-size":"auto","background-attachment":"scroll","background-type":"","background-media":"","overlay-type":"","overlay-color":"","overlay-opacity":"","overlay-gradient":""},"tablet":{"background-color":"var(--ast-global-color-5)","background-image":"","background-repeat":"repeat","background-position":"center center","background-size":"auto","background-attachment":"scroll","background-type":"","background-media":"","overlay-type":"","overlay-color":"","overlay-opacity":"","overlay-gradient":""},"mobile":{"background-color":"var(--ast-global-color-5)","background-image":"","background-repeat":"repeat","background-position":"center center","background-size":"auto","background-attachment":"scroll","background-type":"","background-media":"","overlay-type":"","overlay-color":"","overlay-opacity":"","overlay-gradient":""}},"footnotes":""},"class_list":["post-5799","page","type-page","status-publish","hentry"],"post_mailing_queue_ids":[],"_links":{"self":[{"href":"https:\/\/agora.xtec.cat\/iesperefontdevila\/wp-json\/wp\/v2\/pages\/5799","targetHints":{"allow":["GET"]}}],"collection":[{"href":"https:\/\/agora.xtec.cat\/iesperefontdevila\/wp-json\/wp\/v2\/pages"}],"about":[{"href":"https:\/\/agora.xtec.cat\/iesperefontdevila\/wp-json\/wp\/v2\/types\/page"}],"author":[{"embeddable":true,"href":"https:\/\/agora.xtec.cat\/iesperefontdevila\/wp-json\/wp\/v2\/users\/1"}],"replies":[{"embeddable":true,"href":"https:\/\/agora.xtec.cat\/iesperefontdevila\/wp-json\/wp\/v2\/comments?post=5799"}],"version-history":[{"count":5,"href":"https:\/\/agora.xtec.cat\/iesperefontdevila\/wp-json\/wp\/v2\/pages\/5799\/revisions"}],"predecessor-version":[{"id":12321,"href":"https:\/\/agora.xtec.cat\/iesperefontdevila\/wp-json\/wp\/v2\/pages\/5799\/revisions\/12321"}],"up":[{"embeddable":true,"href":"https:\/\/agora.xtec.cat\/iesperefontdevila\/wp-json\/wp\/v2\/pages\/81"}],"wp:attachment":[{"href":"https:\/\/agora.xtec.cat\/iesperefontdevila\/wp-json\/wp\/v2\/media?parent=5799"}],"curies":[{"name":"wp","href":"https:\/\/api.w.org\/{rel}","templated":true}]}}