{"id":3802,"date":"2017-10-08T09:20:13","date_gmt":"2017-10-08T07:20:13","guid":{"rendered":"http:\/\/agora.xtec.cat\/iesperefontdevila\/?page_id=3802"},"modified":"2025-08-24T16:58:58","modified_gmt":"2025-08-24T14:58:58","slug":"comunicacio-amb-families","status":"publish","type":"page","link":"https:\/\/agora.xtec.cat\/iesperefontdevila\/serveis\/comunicacio-amb-families\/","title":{"rendered":"Comunicaci\u00f3 amb fam\u00edlies"},"content":{"rendered":"<p>L&#8217;institut t\u00e9 establerts diversos canals de comunicaci\u00f3 directa amb les fam\u00edlies:<\/p>\n<ul>\n<li style=\"list-style-type: none;\">\n<ul>\n<li><strong>Missatgeria m\u00f2bil<\/strong>. Instal\u00b7leu-vos l&#8217;aplicaci\u00f3 Telegram i uniu-vos als seg\u00fcents canals<\/li>\n<\/ul>\n<\/li>\n<\/ul>\n<p><a href=\"http:\/\/t.me\/INSPFfamilies\"><img loading=\"lazy\" decoding=\"async\" class=\"wp-image-6062 alignnone\" src=\"https:\/\/agora.xtec.cat\/iesperefontdevila\/wp-content\/uploads\/usu203\/2020\/07\/telegram_families.jpg\" alt=\"\" width=\"119\" height=\"59\" srcset=\"https:\/\/agora.xtec.cat\/iesperefontdevila\/wp-content\/uploads\/usu203\/2020\/07\/telegram_families.jpg 640w, https:\/\/agora.xtec.cat\/iesperefontdevila\/wp-content\/uploads\/usu203\/2020\/07\/telegram_families-300x150.jpg 300w\" sizes=\"auto, (max-width: 119px) 100vw, 119px\" \/><\/a><br \/>\n<a href=\"http:\/\/t.me\/INSPFfamilies1eso\"><img loading=\"lazy\" decoding=\"async\" class=\"alignleft wp-image-6060\" src=\"https:\/\/agora.xtec.cat\/iesperefontdevila\/wp-content\/uploads\/usu203\/2020\/07\/telegram_families1ESO.jpg\" alt=\"\" width=\"119\" height=\"59\" srcset=\"https:\/\/agora.xtec.cat\/iesperefontdevila\/wp-content\/uploads\/usu203\/2020\/07\/telegram_families1ESO.jpg 640w, https:\/\/agora.xtec.cat\/iesperefontdevila\/wp-content\/uploads\/usu203\/2020\/07\/telegram_families1ESO-300x150.jpg 300w\" sizes=\"auto, (max-width: 119px) 100vw, 119px\" \/><\/a> <a href=\"http:\/\/t.me\/INSPFfamilies2eso\"><img loading=\"lazy\" decoding=\"async\" class=\"alignleft wp-image-6058\" src=\"https:\/\/agora.xtec.cat\/iesperefontdevila\/wp-content\/uploads\/usu203\/2020\/07\/telegram_families2ESO.jpg\" alt=\"\" width=\"119\" height=\"59\" srcset=\"https:\/\/agora.xtec.cat\/iesperefontdevila\/wp-content\/uploads\/usu203\/2020\/07\/telegram_families2ESO.jpg 640w, https:\/\/agora.xtec.cat\/iesperefontdevila\/wp-content\/uploads\/usu203\/2020\/07\/telegram_families2ESO-300x150.jpg 300w\" sizes=\"auto, (max-width: 119px) 100vw, 119px\" \/><\/a><a href=\"http:\/\/t.me\/INSPFfamilies3eso\"><img loading=\"lazy\" decoding=\"async\" class=\"alignleft wp-image-6057\" src=\"https:\/\/agora.xtec.cat\/iesperefontdevila\/wp-content\/uploads\/usu203\/2020\/07\/telegram_families3ESO.jpg\" alt=\"\" width=\"119\" height=\"59\" srcset=\"https:\/\/agora.xtec.cat\/iesperefontdevila\/wp-content\/uploads\/usu203\/2020\/07\/telegram_families3ESO.jpg 640w, https:\/\/agora.xtec.cat\/iesperefontdevila\/wp-content\/uploads\/usu203\/2020\/07\/telegram_families3ESO-300x150.jpg 300w\" sizes=\"auto, (max-width: 119px) 100vw, 119px\" \/><\/a><a href=\"http:\/\/t.me\/INSPFfamilies4eso\"><img loading=\"lazy\" decoding=\"async\" class=\"alignleft wp-image-6056\" src=\"https:\/\/agora.xtec.cat\/iesperefontdevila\/wp-content\/uploads\/usu203\/2020\/07\/telegram_families4ESO.jpg\" alt=\"\" width=\"119\" height=\"59\" srcset=\"https:\/\/agora.xtec.cat\/iesperefontdevila\/wp-content\/uploads\/usu203\/2020\/07\/telegram_families4ESO.jpg 640w, https:\/\/agora.xtec.cat\/iesperefontdevila\/wp-content\/uploads\/usu203\/2020\/07\/telegram_families4ESO-300x150.jpg 300w\" sizes=\"auto, (max-width: 119px) 100vw, 119px\" \/><\/a> <a href=\"http:\/\/t.me\/INSPFfamilies1bat\"><img loading=\"lazy\" decoding=\"async\" class=\"alignleft wp-image-6061\" src=\"https:\/\/agora.xtec.cat\/iesperefontdevila\/wp-content\/uploads\/usu203\/2020\/07\/telegram_families1BAT.jpg\" alt=\"\" width=\"119\" height=\"59\" srcset=\"https:\/\/agora.xtec.cat\/iesperefontdevila\/wp-content\/uploads\/usu203\/2020\/07\/telegram_families1BAT.jpg 640w, https:\/\/agora.xtec.cat\/iesperefontdevila\/wp-content\/uploads\/usu203\/2020\/07\/telegram_families1BAT-300x150.jpg 300w\" sizes=\"auto, (max-width: 119px) 100vw, 119px\" \/><\/a><a href=\"http:\/\/t.me\/INSPFfamilies2bat\"><img loading=\"lazy\" decoding=\"async\" class=\"alignleft wp-image-6059\" src=\"https:\/\/agora.xtec.cat\/iesperefontdevila\/wp-content\/uploads\/usu203\/2020\/07\/telegram_families2BAT.jpg\" alt=\"\" width=\"119\" height=\"59\" srcset=\"https:\/\/agora.xtec.cat\/iesperefontdevila\/wp-content\/uploads\/usu203\/2020\/07\/telegram_families2BAT.jpg 640w, https:\/\/agora.xtec.cat\/iesperefontdevila\/wp-content\/uploads\/usu203\/2020\/07\/telegram_families2BAT-300x150.jpg 300w\" sizes=\"auto, (max-width: 119px) 100vw, 119px\" \/><\/a><\/p>\n<hr \/>\n<ul>\n<li><\/li>\n<\/ul>\n<ul>\n<li><strong>Llistes de correu electr\u00f2nic<\/strong>. Si encara no ho heu fet faciliteu-nos la vostra adre\u00e7a electr\u00f2nica.<br \/>\nPodeu consultar aqu\u00ed l&#8217;hist\u00f2ric de missatges tramesos per correu electr\u00f2nic.<\/p>\n<ul>\n<li><a href=\"https:\/\/groups.google.com\/a\/iesperefontdevila.cat\/g\/families1eso_grup\">1ESO<\/a>, <a href=\"https:\/\/groups.google.com\/a\/iesperefontdevila.cat\/g\/families1esoa_grup\">1ESOA<\/a>, <a href=\"https:\/\/groups.google.com\/a\/iesperefontdevila.cat\/g\/families1esob_grup\">1ESOB<\/a>, <a href=\"https:\/\/groups.google.com\/a\/iesperefontdevila.cat\/g\/families1esoc_grup\">1ESOC<\/a><\/li>\n<li><a href=\"https:\/\/groups.google.com\/a\/iesperefontdevila.cat\/g\/families2eso_grup\">2ESO<\/a>, <a href=\"https:\/\/groups.google.com\/a\/iesperefontdevila.cat\/g\/families2esoa_grup\">2ESOA<\/a>, <a href=\"https:\/\/groups.google.com\/a\/iesperefontdevila.cat\/g\/families2esob_grup\">2ESOB<\/a>, <a href=\"https:\/\/groups.google.com\/a\/iesperefontdevila.cat\/g\/families2esoc_grup\">2ESOC<\/a><\/li>\n<li><a href=\"https:\/\/groups.google.com\/a\/iesperefontdevila.cat\/g\/families3eso_grup\">3ESO<\/a>, <a href=\"https:\/\/groups.google.com\/a\/iesperefontdevila.cat\/g\/families3esoa_grup\">3ESOA<\/a>, <a href=\"https:\/\/groups.google.com\/a\/iesperefontdevila.cat\/g\/families3esob_grup\">3ESOB<\/a>, <a href=\"https:\/\/groups.google.com\/a\/iesperefontdevila.cat\/g\/families3esoc_grup\">3ESOC<\/a><\/li>\n<li><a href=\"https:\/\/groups.google.com\/a\/iesperefontdevila.cat\/g\/families4eso_grup\">4ESO<\/a>, <a href=\"https:\/\/groups.google.com\/a\/iesperefontdevila.cat\/g\/families4esoa_grup\">4ESOA<\/a>, <a href=\"https:\/\/groups.google.com\/a\/iesperefontdevila.cat\/g\/families4esob_grup\">4ESOB<\/a>,<a href=\"https:\/\/groups.google.com\/a\/iesperefontdevila.cat\/g\/families4esoc_grup\">4ESOC<\/a><\/li>\n<li><a href=\"https:\/\/groups.google.com\/a\/iesperefontdevila.cat\/g\/families1bat_grup\">1BAT<\/a>, <a href=\"https:\/\/groups.google.com\/a\/iesperefontdevila.cat\/g\/families1bata_grup\">1BATA<\/a>, <a href=\"https:\/\/groups.google.com\/a\/iesperefontdevila.cat\/g\/families1batb_grup\">1BATB<\/a><\/li>\n<li><a href=\"https:\/\/groups.google.com\/a\/iesperefontdevila.cat\/g\/families2bat_grup\">2BAT<\/a>, <a href=\"https:\/\/groups.google.com\/a\/iesperefontdevila.cat\/g\/families2bata_grup\">2BATA<\/a>, <a href=\"https:\/\/groups.google.com\/a\/iesperefontdevila.cat\/g\/families2batb_grup\">2BATB<\/a><\/li>\n<li><a href=\"https:\/\/groups.google.com\/a\/iesperefontdevila.cat\/g\/families_grup\">General institut<\/a><\/li>\n<\/ul>\n<\/li>\n<\/ul>\n","protected":false},"excerpt":{"rendered":"<p>L&#8217;institut t\u00e9 establerts diversos canals de comunicaci\u00f3 directa amb les fam\u00edlies: Missatgeria m\u00f2bil. Instal\u00b7leu-vos l&#8217;aplicaci\u00f3 Telegram i uniu-vos als seg\u00fcents canals Llistes de correu electr\u00f2nic. Si encara no ho heu fet faciliteu-nos la vostra adre\u00e7a electr\u00f2nica. Podeu consultar aqu\u00ed l&#8217;hist\u00f2ric de missatges tramesos per correu electr\u00f2nic. 1ESO, 1ESOA, 1ESOB, 1ESOC 2ESO, 2ESOA, 2ESOB, 2ESOC 3ESO, [&hellip;]<\/p>\n","protected":false},"author":1,"featured_media":0,"parent":63,"menu_order":80,"comment_status":"closed","ping_status":"closed","template":"","meta":{"_bbp_topic_count":0,"_bbp_reply_count":0,"_bbp_total_topic_count":0,"_bbp_total_reply_count":0,"_bbp_voice_count":0,"_bbp_anonymous_reply_count":0,"_bbp_topic_count_hidden":0,"_bbp_reply_count_hidden":0,"_bbp_forum_subforum_count":0,"site-sidebar-layout":"default","site-content-layout":"","ast-site-content-layout":"default","site-content-style":"default","site-sidebar-style":"default","ast-global-header-display":"","ast-banner-title-visibility":"","ast-main-header-display":"","ast-hfb-above-header-display":"","ast-hfb-below-header-display":"","ast-hfb-mobile-header-display":"","site-post-title":"","ast-breadcrumbs-content":"","ast-featured-img":"","footer-sml-layout":"","theme-transparent-header-meta":"","adv-header-id-meta":"","stick-header-meta":"","header-above-stick-meta":"","header-main-stick-meta":"","header-below-stick-meta":"","astra-migrate-meta-layouts":"set","ast-page-background-enabled":"default","ast-page-background-meta":{"desktop":{"background-color":"var(--ast-global-color-4)","background-image":"","background-repeat":"repeat","background-position":"center center","background-size":"auto","background-attachment":"scroll","background-type":"","background-media":"","overlay-type":"","overlay-color":"","overlay-opacity":"","overlay-gradient":""},"tablet":{"background-color":"","background-image":"","background-repeat":"repeat","background-position":"center center","background-size":"auto","background-attachment":"scroll","background-type":"","background-media":"","overlay-type":"","overlay-color":"","overlay-opacity":"","overlay-gradient":""},"mobile":{"background-color":"","background-image":"","background-repeat":"repeat","background-position":"center center","background-size":"auto","background-attachment":"scroll","background-type":"","background-media":"","overlay-type":"","overlay-color":"","overlay-opacity":"","overlay-gradient":""}},"ast-content-background-meta":{"desktop":{"background-color":"var(--ast-global-color-5)","background-image":"","background-repeat":"repeat","background-position":"center center","background-size":"auto","background-attachment":"scroll","background-type":"","background-media":"","overlay-type":"","overlay-color":"","overlay-opacity":"","overlay-gradient":""},"tablet":{"background-color":"var(--ast-global-color-5)","background-image":"","background-repeat":"repeat","background-position":"center center","background-size":"auto","background-attachment":"scroll","background-type":"","background-media":"","overlay-type":"","overlay-color":"","overlay-opacity":"","overlay-gradient":""},"mobile":{"background-color":"var(--ast-global-color-5)","background-image":"","background-repeat":"repeat","background-position":"center center","background-size":"auto","background-attachment":"scroll","background-type":"","background-media":"","overlay-type":"","overlay-color":"","overlay-opacity":"","overlay-gradient":""}},"footnotes":""},"class_list":["post-3802","page","type-page","status-publish","hentry"],"post_mailing_queue_ids":[],"_links":{"self":[{"href":"https:\/\/agora.xtec.cat\/iesperefontdevila\/wp-json\/wp\/v2\/pages\/3802","targetHints":{"allow":["GET"]}}],"collection":[{"href":"https:\/\/agora.xtec.cat\/iesperefontdevila\/wp-json\/wp\/v2\/pages"}],"about":[{"href":"https:\/\/agora.xtec.cat\/iesperefontdevila\/wp-json\/wp\/v2\/types\/page"}],"author":[{"embeddable":true,"href":"https:\/\/agora.xtec.cat\/iesperefontdevila\/wp-json\/wp\/v2\/users\/1"}],"replies":[{"embeddable":true,"href":"https:\/\/agora.xtec.cat\/iesperefontdevila\/wp-json\/wp\/v2\/comments?post=3802"}],"version-history":[{"count":6,"href":"https:\/\/agora.xtec.cat\/iesperefontdevila\/wp-json\/wp\/v2\/pages\/3802\/revisions"}],"predecessor-version":[{"id":11906,"href":"https:\/\/agora.xtec.cat\/iesperefontdevila\/wp-json\/wp\/v2\/pages\/3802\/revisions\/11906"}],"up":[{"embeddable":true,"href":"https:\/\/agora.xtec.cat\/iesperefontdevila\/wp-json\/wp\/v2\/pages\/63"}],"wp:attachment":[{"href":"https:\/\/agora.xtec.cat\/iesperefontdevila\/wp-json\/wp\/v2\/media?parent=3802"}],"curies":[{"name":"wp","href":"https:\/\/api.w.org\/{rel}","templated":true}]}}