{"id":21,"date":"2014-09-17T16:14:14","date_gmt":"2014-09-17T16:14:14","guid":{"rendered":"http:\/\/agora.xtec.cat\/iesperefontdevila\/?page_id=21"},"modified":"2020-05-25T17:12:15","modified_gmt":"2020-05-25T15:12:15","slug":"on-som","status":"publish","type":"page","link":"https:\/\/agora.xtec.cat\/iesperefontdevila\/linstitut\/on-som\/","title":{"rendered":"On som"},"content":{"rendered":"<p style=\"color: #666666;\"><strong>Institut\u00a0Pere Fontdevila<\/strong><br \/>\nPont de les eres, 4<br \/>\n08680 Gironella<br \/>\nTel.938228660<br \/>\nweb: www.iesperefontdevila.cat<br \/>\ncorreu-e: iesperefontdevila@xtec.cat , institut@iesperefontdevila.cat<\/p>\n<p><iframe loading=\"lazy\" src=\"https:\/\/www.google.com\/maps\/d\/embed?mid=zrSLPXgLwoek.kMuF9E0yXK7Q\" width=\"640\" height=\"480\" frameborder=\"0\"><\/iframe><\/p>\n<p><strong>Com arribar-hi:<br \/>\n<\/strong><\/p>\n<ul>\n<li>Des de Barcelona: arribeu a Manresa per la C-58 (o per la N-II i, des d&#8217;Abrera, C-55) i continueu en direcci\u00f3 Berga-Puigcerd\u00e0-Andorra per la C-16 fins la sortida Gironella Sud-Cal Bassacs, despr\u00e9s de 2000 m agafeu el primer trencant a la dreta i trobareu, passant el Pont de les eres, l&#8217;edifici de l&#8217;Institut a 100 m<\/li>\n<li>Des de Puigcerd\u00e0: agafeu la C-16 en direcci\u00f3 sud. Sortiu per la primera indicaci\u00f3 de Gironella, travesseu la poblaci\u00f3 per l&#8217;Avinguda de Catalunya fins l&#8217;\u00faltim trencant a l&#8217;esquerra que \u00e9s el Pont de les eres, a 100 m trobareu l&#8217;Institut.<\/li>\n<\/ul>\n","protected":false},"excerpt":{"rendered":"<p>Institut\u00a0Pere Fontdevila Pont de les eres, 4 08680 Gironella Tel.938228660 web: www.iesperefontdevila.cat correu-e: iesperefontdevila@xtec.cat , institut@iesperefontdevila.cat Com arribar-hi: Des de Barcelona: arribeu a Manresa per la C-58 (o per la N-II i, des d&#8217;Abrera, C-55) i continueu en direcci\u00f3 Berga-Puigcerd\u00e0-Andorra per la C-16 fins la sortida Gironella Sud-Cal Bassacs, despr\u00e9s de 2000 m agafeu el [&hellip;]<\/p>\n","protected":false},"author":1,"featured_media":0,"parent":19,"menu_order":10,"comment_status":"closed","ping_status":"closed","template":"page-templates\/side-menu.php","meta":{"_bbp_topic_count":0,"_bbp_reply_count":0,"_bbp_total_topic_count":0,"_bbp_total_reply_count":0,"_bbp_voice_count":0,"_bbp_anonymous_reply_count":0,"_bbp_topic_count_hidden":0,"_bbp_reply_count_hidden":0,"_bbp_forum_subforum_count":0,"site-sidebar-layout":"default","site-content-layout":"","ast-site-content-layout":"","site-content-style":"default","site-sidebar-style":"default","ast-global-header-display":"","ast-banner-title-visibility":"","ast-main-header-display":"","ast-hfb-above-header-display":"","ast-hfb-below-header-display":"","ast-hfb-mobile-header-display":"","site-post-title":"","ast-breadcrumbs-content":"","ast-featured-img":"","footer-sml-layout":"","theme-transparent-header-meta":"","adv-header-id-meta":"","stick-header-meta":"","header-above-stick-meta":"","header-main-stick-meta":"","header-below-stick-meta":"","astra-migrate-meta-layouts":"default","ast-page-background-enabled":"default","ast-page-background-meta":{"desktop":{"background-color":"var(--ast-global-color-4)","background-image":"","background-repeat":"repeat","background-position":"center center","background-size":"auto","background-attachment":"scroll","background-type":"","background-media":"","overlay-type":"","overlay-color":"","overlay-opacity":"","overlay-gradient":""},"tablet":{"background-color":"","background-image":"","background-repeat":"repeat","background-position":"center center","background-size":"auto","background-attachment":"scroll","background-type":"","background-media":"","overlay-type":"","overlay-color":"","overlay-opacity":"","overlay-gradient":""},"mobile":{"background-color":"","background-image":"","background-repeat":"repeat","background-position":"center center","background-size":"auto","background-attachment":"scroll","background-type":"","background-media":"","overlay-type":"","overlay-color":"","overlay-opacity":"","overlay-gradient":""}},"ast-content-background-meta":{"desktop":{"background-color":"var(--ast-global-color-5)","background-image":"","background-repeat":"repeat","background-position":"center center","background-size":"auto","background-attachment":"scroll","background-type":"","background-media":"","overlay-type":"","overlay-color":"","overlay-opacity":"","overlay-gradient":""},"tablet":{"background-color":"var(--ast-global-color-5)","background-image":"","background-repeat":"repeat","background-position":"center center","background-size":"auto","background-attachment":"scroll","background-type":"","background-media":"","overlay-type":"","overlay-color":"","overlay-opacity":"","overlay-gradient":""},"mobile":{"background-color":"var(--ast-global-color-5)","background-image":"","background-repeat":"repeat","background-position":"center center","background-size":"auto","background-attachment":"scroll","background-type":"","background-media":"","overlay-type":"","overlay-color":"","overlay-opacity":"","overlay-gradient":""}},"footnotes":""},"class_list":["post-21","page","type-page","status-publish","hentry"],"post_mailing_queue_ids":[],"_links":{"self":[{"href":"https:\/\/agora.xtec.cat\/iesperefontdevila\/wp-json\/wp\/v2\/pages\/21","targetHints":{"allow":["GET"]}}],"collection":[{"href":"https:\/\/agora.xtec.cat\/iesperefontdevila\/wp-json\/wp\/v2\/pages"}],"about":[{"href":"https:\/\/agora.xtec.cat\/iesperefontdevila\/wp-json\/wp\/v2\/types\/page"}],"author":[{"embeddable":true,"href":"https:\/\/agora.xtec.cat\/iesperefontdevila\/wp-json\/wp\/v2\/users\/1"}],"replies":[{"embeddable":true,"href":"https:\/\/agora.xtec.cat\/iesperefontdevila\/wp-json\/wp\/v2\/comments?post=21"}],"version-history":[{"count":3,"href":"https:\/\/agora.xtec.cat\/iesperefontdevila\/wp-json\/wp\/v2\/pages\/21\/revisions"}],"predecessor-version":[{"id":5857,"href":"https:\/\/agora.xtec.cat\/iesperefontdevila\/wp-json\/wp\/v2\/pages\/21\/revisions\/5857"}],"up":[{"embeddable":true,"href":"https:\/\/agora.xtec.cat\/iesperefontdevila\/wp-json\/wp\/v2\/pages\/19"}],"wp:attachment":[{"href":"https:\/\/agora.xtec.cat\/iesperefontdevila\/wp-json\/wp\/v2\/media?parent=21"}],"curies":[{"name":"wp","href":"https:\/\/api.w.org\/{rel}","templated":true}]}}