{"id":12375,"date":"2026-04-13T19:01:07","date_gmt":"2026-04-13T17:01:07","guid":{"rendered":"https:\/\/agora.xtec.cat\/iesperefontdevila\/?page_id=12375"},"modified":"2026-04-13T19:11:35","modified_gmt":"2026-04-13T17:11:35","slug":"beques-i-ajuts","status":"publish","type":"page","link":"https:\/\/agora.xtec.cat\/iesperefontdevila\/serveis\/secretaria\/beques-i-ajuts\/","title":{"rendered":"Beques i ajuts"},"content":{"rendered":"\n<p><strong>Beques per a estudis postobligatoris 2026-27<\/strong><\/p>\n\n\n\n<div class=\"wp-block-columns is-layout-flex wp-container-core-columns-is-layout-1 wp-block-columns-is-layout-flex\">\n<div class=\"wp-block-column is-layout-flow wp-block-column-is-layout-flow\" style=\"flex-basis:33.33%\">\n<figure class=\"wp-block-image size-full\"><img loading=\"lazy\" decoding=\"async\" width=\"555\" height=\"431\" src=\"https:\/\/agora.xtec.cat\/iesperefontdevila\/wp-content\/uploads\/usu203\/2026\/04\/beques_2026_27.png\" alt=\"\" class=\"wp-image-12376\" srcset=\"https:\/\/agora.xtec.cat\/iesperefontdevila\/wp-content\/uploads\/usu203\/2026\/04\/beques_2026_27.png 555w, https:\/\/agora.xtec.cat\/iesperefontdevila\/wp-content\/uploads\/usu203\/2026\/04\/beques_2026_27-300x233.png 300w\" sizes=\"auto, (max-width: 555px) 100vw, 555px\" \/><\/figure>\n<\/div>\n\n\n\n<div class=\"wp-block-column is-layout-flow wp-block-column-is-layout-flow\" style=\"flex-basis:66.66%\">\n<p>Un cop&nbsp;<strong><u>acabada l\u2019etapa d\u2019estudis obligatoris<\/u><\/strong>&nbsp;pots escollir seguir estudiant batxillerat, formaci\u00f3 professional, ensenyaments art\u00edstics o esportius o fer estudis universitaris.<\/p>\n\n\n\n<p><strong>Si el curs 26-27, comences qualsevol d\u2019aquests estudis<\/strong>&nbsp;potser pots sol\u00b7licitar una beca. Encara que no s\u00e0pigues qu\u00e8 estudiar\u00e0s, on estudiar\u00e0s ni quines notes traur\u00e0s, demana la beca de manera provisional. M\u00e9s endavant podr\u00e0s modificar les dades. Pots trobar tota la&nbsp;<a href=\"https:\/\/web.gencat.cat\/ca\/ciutadania\/actualitat\/demanar-beques-i-ajuts-per-estudiar\" target=\"_blank\" rel=\"noreferrer noopener\">informaci\u00f3 al seg\u00fcent enlla\u00e7<\/a>.<\/p>\n<\/div>\n<\/div>\n\n\n\n<p><\/p>\n","protected":false},"excerpt":{"rendered":"<p>Beques per a estudis postobligatoris 2026-27 Un cop&nbsp;acabada l\u2019etapa d\u2019estudis obligatoris&nbsp;pots escollir seguir estudiant batxillerat, formaci\u00f3 professional, ensenyaments art\u00edstics o esportius o fer estudis universitaris. Si el curs 26-27, comences qualsevol d\u2019aquests estudis&nbsp;potser pots sol\u00b7licitar una beca. Encara que no s\u00e0pigues qu\u00e8 estudiar\u00e0s, on estudiar\u00e0s ni quines notes traur\u00e0s, demana la beca de manera provisional. [&hellip;]<\/p>\n","protected":false},"author":1,"featured_media":0,"parent":81,"menu_order":0,"comment_status":"closed","ping_status":"close","template":"","meta":{"_bbp_topic_count":0,"_bbp_reply_count":0,"_bbp_total_topic_count":0,"_bbp_total_reply_count":0,"_bbp_voice_count":0,"_bbp_anonymous_reply_count":0,"_bbp_topic_count_hidden":0,"_bbp_reply_count_hidden":0,"_bbp_forum_subforum_count":0,"site-sidebar-layout":"default","site-content-layout":"","ast-site-content-layout":"default","site-content-style":"default","site-sidebar-style":"default","ast-global-header-display":"","ast-banner-title-visibility":"","ast-main-header-display":"","ast-hfb-above-header-display":"","ast-hfb-below-header-display":"","ast-hfb-mobile-header-display":"","site-post-title":"","ast-breadcrumbs-content":"","ast-featured-img":"","footer-sml-layout":"","theme-transparent-header-meta":"","adv-header-id-meta":"","stick-header-meta":"","header-above-stick-meta":"","header-main-stick-meta":"","header-below-stick-meta":"","astra-migrate-meta-layouts":"set","ast-page-background-enabled":"default","ast-page-background-meta":{"desktop":{"background-color":"var(--ast-global-color-4)","background-image":"","background-repeat":"repeat","background-position":"center center","background-size":"auto","background-attachment":"scroll","background-type":"","background-media":"","overlay-type":"","overlay-color":"","overlay-opacity":"","overlay-gradient":""},"tablet":{"background-color":"","background-image":"","background-repeat":"repeat","background-position":"center center","background-size":"auto","background-attachment":"scroll","background-type":"","background-media":"","overlay-type":"","overlay-color":"","overlay-opacity":"","overlay-gradient":""},"mobile":{"background-color":"","background-image":"","background-repeat":"repeat","background-position":"center center","background-size":"auto","background-attachment":"scroll","background-type":"","background-media":"","overlay-type":"","overlay-color":"","overlay-opacity":"","overlay-gradient":""}},"ast-content-background-meta":{"desktop":{"background-color":"var(--ast-global-color-5)","background-image":"","background-repeat":"repeat","background-position":"center center","background-size":"auto","background-attachment":"scroll","background-type":"","background-media":"","overlay-type":"","overlay-color":"","overlay-opacity":"","overlay-gradient":""},"tablet":{"background-color":"var(--ast-global-color-5)","background-image":"","background-repeat":"repeat","background-position":"center center","background-size":"auto","background-attachment":"scroll","background-type":"","background-media":"","overlay-type":"","overlay-color":"","overlay-opacity":"","overlay-gradient":""},"mobile":{"background-color":"var(--ast-global-color-5)","background-image":"","background-repeat":"repeat","background-position":"center center","background-size":"auto","background-attachment":"scroll","background-type":"","background-media":"","overlay-type":"","overlay-color":"","overlay-opacity":"","overlay-gradient":""}},"footnotes":""},"class_list":["post-12375","page","type-page","status-publish","hentry"],"post_mailing_queue_ids":[],"_links":{"self":[{"href":"https:\/\/agora.xtec.cat\/iesperefontdevila\/wp-json\/wp\/v2\/pages\/12375","targetHints":{"allow":["GET"]}}],"collection":[{"href":"https:\/\/agora.xtec.cat\/iesperefontdevila\/wp-json\/wp\/v2\/pages"}],"about":[{"href":"https:\/\/agora.xtec.cat\/iesperefontdevila\/wp-json\/wp\/v2\/types\/page"}],"author":[{"embeddable":true,"href":"https:\/\/agora.xtec.cat\/iesperefontdevila\/wp-json\/wp\/v2\/users\/1"}],"replies":[{"embeddable":true,"href":"https:\/\/agora.xtec.cat\/iesperefontdevila\/wp-json\/wp\/v2\/comments?post=12375"}],"version-history":[{"count":1,"href":"https:\/\/agora.xtec.cat\/iesperefontdevila\/wp-json\/wp\/v2\/pages\/12375\/revisions"}],"predecessor-version":[{"id":12377,"href":"https:\/\/agora.xtec.cat\/iesperefontdevila\/wp-json\/wp\/v2\/pages\/12375\/revisions\/12377"}],"up":[{"embeddable":true,"href":"https:\/\/agora.xtec.cat\/iesperefontdevila\/wp-json\/wp\/v2\/pages\/81"}],"wp:attachment":[{"href":"https:\/\/agora.xtec.cat\/iesperefontdevila\/wp-json\/wp\/v2\/media?parent=12375"}],"curies":[{"name":"wp","href":"https:\/\/api.w.org\/{rel}","templated":true}]}}