{"id":1140,"date":"2015-05-01T18:57:43","date_gmt":"2015-05-01T17:57:43","guid":{"rendered":"http:\/\/agora.xtec.cat\/iesperefontdevila\/?page_id=1140"},"modified":"2016-09-15T19:46:06","modified_gmt":"2016-09-15T18:46:06","slug":"teatre","status":"publish","type":"page","link":"https:\/\/agora.xtec.cat\/iesperefontdevila\/serveis\/teatre\/","title":{"rendered":"Teatre"},"content":{"rendered":"<p>L&#8217;Institut Pere Fontdevila sempre ha conreat entre els alumnes d&#8217;una manera o altra la producci\u00f3 teatral. Ja sigui amb cr\u00e8dits variables, mat\u00e8ries optatives d&#8217;ESO o de modalitat de Batxillerat. Tamb\u00e9 tenen molt d&#8217;\u00e8xit els diversos tallers de teatre que es realitzen cada any en horari extraescolar.<\/p>\n<p>Us pengem aqu\u00ed alguns v\u00eddeos d&#8217;obres de teatre realitzades per alumnes del nostre centre:<\/p>\n<p>&nbsp;<\/p>\n<p><strong>Obres de teatre<\/strong><\/p>\n<ul>\n<li>&#8220;<a href=\"http:\/\/www.iesperefontdevila.cat\/videos\/album1\/2006_07\/teatre07\/\">La import\u00e0ncia de ser franc\/k<\/a>&#8220;, Optativa de teatre, 1BAT, 2006-07<\/li>\n<li>&#8220;Flash-Back&#8221;,(<a href=\"http:\/\/video.google.com\/videoplay?docid=-2270417541450220954\">part1<\/a>, <a href=\"http:\/\/video.google.com\/videoplay?docid=2324761762183901172\">part2<\/a>) CV Porquoi Pas, 4ESO, 2006-07<\/li>\n<li>&#8220;<a href=\"http:\/\/video.google.com\/videoplay?docid=5409496490105422665&amp;hl=ca\">La voix des arbres<\/a>&#8220;, CV Porquoi Pas, 4ESO, 2007-08<\/li>\n<li>&#8220;<a href=\"http:\/\/video.google.com\/videoplay?docid=1772604227035084863&amp;hl=ca\">Retrobant el petit pr\u00edncep<\/a>&#8220;, taller extraescolar Teatre als Instituts, 2007-08<\/li>\n<li>&#8220;<a class=\"pl-video-title-link yt-uix-tile-link yt-uix-sessionlink spf-link \" dir=\"ltr\" href=\"https:\/\/www.youtube.com\/watch?v=p94W37FJHEU&amp;list=PLEFF78607F5AF36F2&amp;index=4\" data-sessionlink=\"ei=sOjaV7HSOcaMceiHhJAD&amp;feature=plpp_video&amp;ved=CCsQxjQYAyITCLHq18iAks8CFUZGHAod6AMBMij6LA\">L&#8217;ignorance est plus proche de la verit\u00e9 que les pr\u00e9jug\u00e9s<\/a>&#8220;,\u00a0\u00a0Franc\u00e8s 1BAT 2011-12<\/li>\n<li>&#8220;<a href=\"https:\/\/youtu.be\/Lrc0OuulyXA\">Hyppolite<\/a>&#8220;, Optativa Franc\u00e8s 4ESO, 2011-12<\/li>\n<li>&#8220;<a href=\"https:\/\/youtu.be\/XVNZh1AB_GM\">Bunny-Bunny<\/a>&#8221; (C\u00f3meme el coco), taller extraescolar de Teatre de l&#8217;Institut, 2011-12<\/li>\n<li>&#8220;<a href=\"https:\/\/youtu.be\/QGjo8MvrpsI\">La cantant calba<\/a>&#8220;, Arts esc\u00e8niques 1BAT 2012-13<\/li>\n<li>&#8220;<a href=\"https:\/\/youtu.be\/CzsCuGgUilo\">El somni d&#8217;una nit d&#8217;estiu<\/a>&#8220;, taller extraescolar de Teatre de l&#8217;Institut, 2012-13<\/li>\n<li>&#8220;<a href=\"https:\/\/youtu.be\/gNHJeXtmKaI\">La Lis\u00edstrata<\/a>&#8220;, taller extraescolar de Teatre de l&#8217;Institut, 2015-16<\/li>\n<\/ul>\n<p>&nbsp;<\/p>\n<p><strong>Altres produccions<\/strong><\/p>\n<ul>\n<li>&#8220;<a href=\"http:\/\/video.google.com\/videoplay?docid=-8054926578323569750\">Un appartement \u00e0 louer <\/a>&#8220;, Optativa Porquoi Pas, 3ESO, 2005-06<\/li>\n<li>&#8220;<a href=\"http:\/\/www.iesperefontdevila.cat\/videos\/album1\/2006_07\/teleduca07\/buscant_treball.htm\">Buscant treball<\/a>&#8220;, Projecte Teleduca, 2ESO, 2006-07<\/li>\n<li>&#8220;<a href=\"http:\/\/www.iesperefontdevila.cat\/videos\/album1\/2006_07\/teleduca07\/es_injust.htm\">\u00c9s injust<\/a>&#8220;, Projecte Teleduca, 2ESO, 2006-07<\/li>\n<li>&#8220;<a href=\"http:\/\/www.iesperefontdevila.cat\/videos\/album1\/2006_07\/teleduca07\/les_aparences_enganyen.htm\">Les aparences enganyen<\/a>&#8220;, Projecte Teleduca, 2ESO, 2006-07<\/li>\n<li>&#8220;<a href=\"http:\/\/www.iesperefontdevila.cat\/videos\/album1\/2006_07\/parkour\/death_traceurs.htm\">Death Traceurs<\/a>&#8220;, TR 2BAT, 2006-07<\/li>\n<li>&#8220;<a href=\"https:\/\/youtu.be\/Qy_2v8-fenc\">Variaria molt el radi de la Terra si augment\u00e9s 10 metres de per\u00edmetre?<\/a>&#8220;, Videomat 2013<\/li>\n<li>&#8220;<a href=\"https:\/\/youtu.be\/ouw_VBWKLR0\">Quant tardarien en ocupar totes les posicions possibles 13 persones en una fila?<\/a>&#8220;, Videomat 2014<\/li>\n<\/ul>\n","protected":false},"excerpt":{"rendered":"<p>L&#8217;Institut Pere Fontdevila sempre ha conreat entre els alumnes d&#8217;una manera o altra la producci\u00f3 teatral. Ja sigui amb cr\u00e8dits variables, mat\u00e8ries optatives d&#8217;ESO o de modalitat de Batxillerat. Tamb\u00e9 tenen molt d&#8217;\u00e8xit els diversos tallers de teatre que es realitzen cada any en horari extraescolar. Us pengem aqu\u00ed alguns v\u00eddeos d&#8217;obres de teatre realitzades [&hellip;]<\/p>\n","protected":false},"author":1,"featured_media":0,"parent":63,"menu_order":60,"comment_status":"closed","ping_status":"closed","template":"page-templates\/side-menu.php","meta":{"_bbp_topic_count":0,"_bbp_reply_count":0,"_bbp_total_topic_count":0,"_bbp_total_reply_count":0,"_bbp_voice_count":0,"_bbp_anonymous_reply_count":0,"_bbp_topic_count_hidden":0,"_bbp_reply_count_hidden":0,"_bbp_forum_subforum_count":0,"site-sidebar-layout":"default","site-content-layout":"","ast-site-content-layout":"","site-content-style":"default","site-sidebar-style":"default","ast-global-header-display":"","ast-banner-title-visibility":"","ast-main-header-display":"","ast-hfb-above-header-display":"","ast-hfb-below-header-display":"","ast-hfb-mobile-header-display":"","site-post-title":"","ast-breadcrumbs-content":"","ast-featured-img":"","footer-sml-layout":"","theme-transparent-header-meta":"","adv-header-id-meta":"","stick-header-meta":"","header-above-stick-meta":"","header-main-stick-meta":"","header-below-stick-meta":"","astra-migrate-meta-layouts":"default","ast-page-background-enabled":"default","ast-page-background-meta":{"desktop":{"background-color":"var(--ast-global-color-4)","background-image":"","background-repeat":"repeat","background-position":"center center","background-size":"auto","background-attachment":"scroll","background-type":"","background-media":"","overlay-type":"","overlay-color":"","overlay-opacity":"","overlay-gradient":""},"tablet":{"background-color":"","background-image":"","background-repeat":"repeat","background-position":"center center","background-size":"auto","background-attachment":"scroll","background-type":"","background-media":"","overlay-type":"","overlay-color":"","overlay-opacity":"","overlay-gradient":""},"mobile":{"background-color":"","background-image":"","background-repeat":"repeat","background-position":"center center","background-size":"auto","background-attachment":"scroll","background-type":"","background-media":"","overlay-type":"","overlay-color":"","overlay-opacity":"","overlay-gradient":""}},"ast-content-background-meta":{"desktop":{"background-color":"var(--ast-global-color-5)","background-image":"","background-repeat":"repeat","background-position":"center center","background-size":"auto","background-attachment":"scroll","background-type":"","background-media":"","overlay-type":"","overlay-color":"","overlay-opacity":"","overlay-gradient":""},"tablet":{"background-color":"var(--ast-global-color-5)","background-image":"","background-repeat":"repeat","background-position":"center center","background-size":"auto","background-attachment":"scroll","background-type":"","background-media":"","overlay-type":"","overlay-color":"","overlay-opacity":"","overlay-gradient":""},"mobile":{"background-color":"var(--ast-global-color-5)","background-image":"","background-repeat":"repeat","background-position":"center center","background-size":"auto","background-attachment":"scroll","background-type":"","background-media":"","overlay-type":"","overlay-color":"","overlay-opacity":"","overlay-gradient":""}},"footnotes":""},"class_list":["post-1140","page","type-page","status-publish","hentry"],"post_mailing_queue_ids":[],"_links":{"self":[{"href":"https:\/\/agora.xtec.cat\/iesperefontdevila\/wp-json\/wp\/v2\/pages\/1140","targetHints":{"allow":["GET"]}}],"collection":[{"href":"https:\/\/agora.xtec.cat\/iesperefontdevila\/wp-json\/wp\/v2\/pages"}],"about":[{"href":"https:\/\/agora.xtec.cat\/iesperefontdevila\/wp-json\/wp\/v2\/types\/page"}],"author":[{"embeddable":true,"href":"https:\/\/agora.xtec.cat\/iesperefontdevila\/wp-json\/wp\/v2\/users\/1"}],"replies":[{"embeddable":true,"href":"https:\/\/agora.xtec.cat\/iesperefontdevila\/wp-json\/wp\/v2\/comments?post=1140"}],"version-history":[{"count":3,"href":"https:\/\/agora.xtec.cat\/iesperefontdevila\/wp-json\/wp\/v2\/pages\/1140\/revisions"}],"predecessor-version":[{"id":2656,"href":"https:\/\/agora.xtec.cat\/iesperefontdevila\/wp-json\/wp\/v2\/pages\/1140\/revisions\/2656"}],"up":[{"embeddable":true,"href":"https:\/\/agora.xtec.cat\/iesperefontdevila\/wp-json\/wp\/v2\/pages\/63"}],"wp:attachment":[{"href":"https:\/\/agora.xtec.cat\/iesperefontdevila\/wp-json\/wp\/v2\/media?parent=1140"}],"curies":[{"name":"wp","href":"https:\/\/api.w.org\/{rel}","templated":true}]}}