{"id":11285,"date":"2025-08-24T19:46:10","date_gmt":"2025-08-24T17:46:10","guid":{"rendered":"https:\/\/agora.xtec.cat\/iesperefontdevila\/?page_id=11285"},"modified":"2025-08-24T23:22:24","modified_gmt":"2025-08-24T21:22:24","slug":"promocions","status":"publish","type":"page","link":"https:\/\/agora.xtec.cat\/iesperefontdevila\/pagines\/promocions\/","title":{"rendered":"Promocions"},"content":{"rendered":"\n<p>Trieu una promoci\u00f3 d&#8217;alumnes (1ESO-2BAT) per visualitzar els articles corresponents.<\/p>\n\n\n\n<div class=\"wp-block-columns is-layout-flex wp-container-core-columns-is-layout-1 wp-block-columns-is-layout-flex\">\n<div class=\"wp-block-column is-layout-flow wp-block-column-is-layout-flow\">\n<p><a href=\"https:\/\/agora.xtec.cat\/iesperefontdevila\/categoria\/promocions\/promocio_1991-92\/\">Promoci\u00f3 1991-92<\/a><br><a href=\"https:\/\/agora.xtec.cat\/iesperefontdevila\/categoria\/promocions\/promocio_1991-93\/\">Promoci\u00f3 1991-93<\/a><br><a href=\"https:\/\/agora.xtec.cat\/iesperefontdevila\/categoria\/promocions\/promocio_1991-94\/\">Promoci\u00f3 1991-94<\/a><br><a href=\"https:\/\/agora.xtec.cat\/iesperefontdevila\/categoria\/promocions\/promocio_1991-95\/\">Promoci\u00f3 1991-95<\/a><br><a href=\"https:\/\/agora.xtec.cat\/iesperefontdevila\/categoria\/promocions\/promocio_1992-96\/\">Promoci\u00f3 1992-96<\/a><br><a href=\"https:\/\/agora.xtec.cat\/iesperefontdevila\/categoria\/promocions\/promocio_1993-97\/\">Promoci\u00f3 1993-97<\/a><br><a href=\"https:\/\/agora.xtec.cat\/iesperefontdevila\/categoria\/promocions\/promocio_1994-98\/\">Promoci\u00f3 1994-98<\/a><br><a href=\"https:\/\/agora.xtec.cat\/iesperefontdevila\/categoria\/promocions\/promocio_1994-00\/\">Promoci\u00f3 1994-00<\/a><br><a href=\"https:\/\/agora.xtec.cat\/iesperefontdevila\/categoria\/promocions\/promocio_1995-99\/\">Promoci\u00f3 1995-99<\/a><br><a href=\"https:\/\/agora.xtec.cat\/iesperefontdevila\/categoria\/promocions\/promocio_1995-01\/\">Promoci\u00f3 1995-01<\/a><br><a href=\"https:\/\/agora.xtec.cat\/iesperefontdevila\/categoria\/promocions\/promocio_1996-02\/\">Promoci\u00f3 1996-02<\/a><br><a href=\"https:\/\/agora.xtec.cat\/iesperefontdevila\/categoria\/promocions\/promocio_1997-03\/\">Promoci\u00f3 1997-03<\/a><br><a href=\"https:\/\/agora.xtec.cat\/iesperefontdevila\/categoria\/promocions\/promocio_1998-04\/\">Promoci\u00f3 1998-04<\/a><br><a href=\"https:\/\/agora.xtec.cat\/iesperefontdevila\/categoria\/promocions\/promocio_1999-05\/\">Promoci\u00f3 1999-05<\/a><br><a href=\"https:\/\/agora.xtec.cat\/iesperefontdevila\/categoria\/promocions\/promocio_2000-06\/\">Promoci\u00f3 2000-06<\/a><br><a href=\"https:\/\/agora.xtec.cat\/iesperefontdevila\/categoria\/promocions\/promocio_2001-079\/\">Promoci\u00f3 2001-07<\/a><br><a href=\"https:\/\/agora.xtec.cat\/iesperefontdevila\/categoria\/promocions\/promocio_2002-08\/\">Promoci\u00f3 2002-08<\/a><br><a href=\"https:\/\/agora.xtec.cat\/iesperefontdevila\/categoria\/promocions\/promocio_2003-09\/\">Promoci\u00f3 2003-09<\/a><br><a href=\"https:\/\/agora.xtec.cat\/iesperefontdevila\/categoria\/promocions\/promocio_2004-10\/\">Promoci\u00f3 2004-10<\/a><br><a href=\"https:\/\/agora.xtec.cat\/iesperefontdevila\/categoria\/promocions\/promocio_2005-11\/\">Promoci\u00f3 2005-11<\/a><br><a href=\"https:\/\/agora.xtec.cat\/iesperefontdevila\/categoria\/promocions\/promocio_2006-12\/\">Promoci\u00f3 2006-12<\/a><br><a href=\"https:\/\/agora.xtec.cat\/iesperefontdevila\/categoria\/promocions\/promocio_2007-13\/\">Promoci\u00f3 2007-13<\/a><br><a href=\"https:\/\/agora.xtec.cat\/iesperefontdevila\/categoria\/promocions\/promocio_2008-14\/\">Promoci\u00f3 2008-14<\/a><br><a href=\"https:\/\/agora.xtec.cat\/iesperefontdevila\/categoria\/promocions\/promocio_2009-15\/\">Promoci\u00f3 2009-15<\/a><\/p>\n<\/div>\n\n\n\n<div class=\"wp-block-column is-layout-flow wp-block-column-is-layout-flow\">\n<p><a href=\"https:\/\/agora.xtec.cat\/iesperefontdevila\/categoria\/promocions\/promocio_2010-16\/\">Promoci\u00f3 2010-16<\/a><br><a href=\"https:\/\/agora.xtec.cat\/iesperefontdevila\/categoria\/promocions\/promocio_2011-17\/\">Promoci\u00f3 2011-17<\/a><br><a href=\"https:\/\/agora.xtec.cat\/iesperefontdevila\/categoria\/promocions\/promocio_2012-18\/\">Promoci\u00f3 2012-18<\/a><br><a href=\"https:\/\/agora.xtec.cat\/iesperefontdevila\/categoria\/promocions\/promocio_2013-19\/\">Promoci\u00f3 2013-19<\/a><br><a href=\"https:\/\/agora.xtec.cat\/iesperefontdevila\/categoria\/promocions\/promocio_2014-20\/\">Promoci\u00f3 2014-20<\/a><br><a href=\"https:\/\/agora.xtec.cat\/iesperefontdevila\/categoria\/promocions\/promocio_2015-21\/\">Promoci\u00f3 2015-21<\/a><br><a href=\"https:\/\/agora.xtec.cat\/iesperefontdevila\/categoria\/promocions\/promocio_2016-22\/\">Promoci\u00f3 2016-22<\/a><br><a href=\"https:\/\/agora.xtec.cat\/iesperefontdevila\/categoria\/promocions\/promocio_2017-23\/\">Promoci\u00f3 2017-23<\/a><br><a href=\"https:\/\/agora.xtec.cat\/iesperefontdevila\/categoria\/promocions\/promocio_2018-24\/\">Promoci\u00f3 2018-24<\/a><br><a href=\"https:\/\/agora.xtec.cat\/iesperefontdevila\/categoria\/promocions\/promocio_2019-25\/\">Promoci\u00f3 2019-25<\/a><br><a href=\"https:\/\/agora.xtec.cat\/iesperefontdevila\/categoria\/promocions\/promocio_2020-26\/\">Promoci\u00f3 2020-26<\/a> (2BAT actual)<br><a href=\"https:\/\/agora.xtec.cat\/iesperefontdevila\/categoria\/promocions\/promocio_2021-27\/\">Promoci\u00f3 2021-27<\/a> (1BAT actual)<br><a href=\"https:\/\/agora.xtec.cat\/iesperefontdevila\/categoria\/promocions\/promocio_2022-28\/\">Promoci\u00f3 2022-28<\/a> (4ESO actual)<br><a href=\"https:\/\/agora.xtec.cat\/iesperefontdevila\/categoria\/promocions\/promocio_2023-29\/\">Promoci\u00f3 2023-29<\/a> (3ESO actual)<br><a href=\"https:\/\/agora.xtec.cat\/iesperefontdevila\/categoria\/promocions\/promocio_2024-30\/\">Promoci\u00f3 2024-30<\/a> (2ESO actual)<br><a href=\"https:\/\/agora.xtec.cat\/iesperefontdevila\/categoria\/promocions\/promocio_2025-31\/\">Promoci\u00f3 2025-31<\/a> (1ESO actual)<br><a href=\"https:\/\/agora.xtec.cat\/iesperefontdevila\/categoria\/promocions\/promocio_2026-32\/\">Promoci\u00f3 2026-32<\/a><\/p>\n\n\n\n<p><\/p>\n<\/div>\n\n\n\n<div class=\"wp-block-column is-layout-flow wp-block-column-is-layout-flow\"><\/div>\n<\/div>\n\n\n\n<p><\/p>\n","protected":false},"excerpt":{"rendered":"<p>Trieu una promoci\u00f3 d&#8217;alumnes (1ESO-2BAT) per visualitzar els articles corresponents. Promoci\u00f3 1991-92Promoci\u00f3 1991-93Promoci\u00f3 1991-94Promoci\u00f3 1991-95Promoci\u00f3 1992-96Promoci\u00f3 1993-97Promoci\u00f3 1994-98Promoci\u00f3 1994-00Promoci\u00f3 1995-99Promoci\u00f3 1995-01Promoci\u00f3 1996-02Promoci\u00f3 1997-03Promoci\u00f3 1998-04Promoci\u00f3 1999-05Promoci\u00f3 2000-06Promoci\u00f3 2001-07Promoci\u00f3 2002-08Promoci\u00f3 2003-09Promoci\u00f3 2004-10Promoci\u00f3 2005-11Promoci\u00f3 2006-12Promoci\u00f3 2007-13Promoci\u00f3 2008-14Promoci\u00f3 2009-15 Promoci\u00f3 2010-16Promoci\u00f3 2011-17Promoci\u00f3 2012-18Promoci\u00f3 2013-19Promoci\u00f3 2014-20Promoci\u00f3 2015-21Promoci\u00f3 2016-22Promoci\u00f3 2017-23Promoci\u00f3 2018-24Promoci\u00f3 2019-25Promoci\u00f3 2020-26 (2BAT actual)Promoci\u00f3 2021-27 (1BAT actual)Promoci\u00f3 2022-28 (4ESO actual)Promoci\u00f3 [&hellip;]<\/p>\n","protected":false},"author":1,"featured_media":0,"parent":1162,"menu_order":300,"comment_status":"closed","ping_status":"closed","template":"","meta":{"_bbp_topic_count":0,"_bbp_reply_count":0,"_bbp_total_topic_count":0,"_bbp_total_reply_count":0,"_bbp_voice_count":0,"_bbp_anonymous_reply_count":0,"_bbp_topic_count_hidden":0,"_bbp_reply_count_hidden":0,"_bbp_forum_subforum_count":0,"site-sidebar-layout":"default","site-content-layout":"","ast-site-content-layout":"default","site-content-style":"default","site-sidebar-style":"default","ast-global-header-display":"","ast-banner-title-visibility":"","ast-main-header-display":"","ast-hfb-above-header-display":"","ast-hfb-below-header-display":"","ast-hfb-mobile-header-display":"","site-post-title":"","ast-breadcrumbs-content":"","ast-featured-img":"","footer-sml-layout":"","theme-transparent-header-meta":"","adv-header-id-meta":"","stick-header-meta":"","header-above-stick-meta":"","header-main-stick-meta":"","header-below-stick-meta":"","astra-migrate-meta-layouts":"set","ast-page-background-enabled":"default","ast-page-background-meta":{"desktop":{"background-color":"var(--ast-global-color-4)","background-image":"","background-repeat":"repeat","background-position":"center center","background-size":"auto","background-attachment":"scroll","background-type":"","background-media":"","overlay-type":"","overlay-color":"","overlay-opacity":"","overlay-gradient":""},"tablet":{"background-color":"","background-image":"","background-repeat":"repeat","background-position":"center center","background-size":"auto","background-attachment":"scroll","background-type":"","background-media":"","overlay-type":"","overlay-color":"","overlay-opacity":"","overlay-gradient":""},"mobile":{"background-color":"","background-image":"","background-repeat":"repeat","background-position":"center center","background-size":"auto","background-attachment":"scroll","background-type":"","background-media":"","overlay-type":"","overlay-color":"","overlay-opacity":"","overlay-gradient":""}},"ast-content-background-meta":{"desktop":{"background-color":"var(--ast-global-color-5)","background-image":"","background-repeat":"repeat","background-position":"center center","background-size":"auto","background-attachment":"scroll","background-type":"","background-media":"","overlay-type":"","overlay-color":"","overlay-opacity":"","overlay-gradient":""},"tablet":{"background-color":"var(--ast-global-color-5)","background-image":"","background-repeat":"repeat","background-position":"center center","background-size":"auto","background-attachment":"scroll","background-type":"","background-media":"","overlay-type":"","overlay-color":"","overlay-opacity":"","overlay-gradient":""},"mobile":{"background-color":"var(--ast-global-color-5)","background-image":"","background-repeat":"repeat","background-position":"center center","background-size":"auto","background-attachment":"scroll","background-type":"","background-media":"","overlay-type":"","overlay-color":"","overlay-opacity":"","overlay-gradient":""}},"footnotes":""},"class_list":["post-11285","page","type-page","status-publish","hentry"],"post_mailing_queue_ids":[],"_links":{"self":[{"href":"https:\/\/agora.xtec.cat\/iesperefontdevila\/wp-json\/wp\/v2\/pages\/11285","targetHints":{"allow":["GET"]}}],"collection":[{"href":"https:\/\/agora.xtec.cat\/iesperefontdevila\/wp-json\/wp\/v2\/pages"}],"about":[{"href":"https:\/\/agora.xtec.cat\/iesperefontdevila\/wp-json\/wp\/v2\/types\/page"}],"author":[{"embeddable":true,"href":"https:\/\/agora.xtec.cat\/iesperefontdevila\/wp-json\/wp\/v2\/users\/1"}],"replies":[{"embeddable":true,"href":"https:\/\/agora.xtec.cat\/iesperefontdevila\/wp-json\/wp\/v2\/comments?post=11285"}],"version-history":[{"count":6,"href":"https:\/\/agora.xtec.cat\/iesperefontdevila\/wp-json\/wp\/v2\/pages\/11285\/revisions"}],"predecessor-version":[{"id":11944,"href":"https:\/\/agora.xtec.cat\/iesperefontdevila\/wp-json\/wp\/v2\/pages\/11285\/revisions\/11944"}],"up":[{"embeddable":true,"href":"https:\/\/agora.xtec.cat\/iesperefontdevila\/wp-json\/wp\/v2\/pages\/1162"}],"wp:attachment":[{"href":"https:\/\/agora.xtec.cat\/iesperefontdevila\/wp-json\/wp\/v2\/media?parent=11285"}],"curies":[{"name":"wp","href":"https:\/\/api.w.org\/{rel}","templated":true}]}}