{"id":7756,"date":"2021-05-10T18:15:13","date_gmt":"2021-05-10T16:15:13","guid":{"rendered":"http:\/\/agora.xtec.cat\/iespereborrellpuigcerda\/?page_id=7756"},"modified":"2021-05-11T21:06:10","modified_gmt":"2021-05-11T19:06:10","slug":"i-despres-de-leso-que-ins-pere-borrell-de-puigcerda","status":"publish","type":"page","link":"https:\/\/agora.xtec.cat\/iespereborrellpuigcerda\/i-despres-de-leso-que-ins-pere-borrell-de-puigcerda\/","title":{"rendered":"I despr\u00e9s de l&#8217;ESO qu\u00e8? &#8211; INS Pere Borrell"},"content":{"rendered":"<p><strong>I despr\u00e9s de l&#8217;ESO qu\u00e8? Formaci\u00f3 post obligat\u00f2ria a la Cerdanya &#8211; INS Pere Borrell de Puigcerd\u00e0<\/strong><\/p>\n<p><iframe loading=\"lazy\" title=\"I DESPR\u00c9S DE L&#039;ESO QU\u00c8?\" width=\"500\" height=\"375\" src=\"https:\/\/www.youtube.com\/embed\/dR5xjBcpb_U?feature=oembed\" frameborder=\"0\" allow=\"accelerometer; autoplay; clipboard-write; encrypted-media; gyroscope; picture-in-picture; web-share\" referrerpolicy=\"strict-origin-when-cross-origin\" allowfullscreen><\/iframe><\/p>\n<div id=\"gtx-trans\" style=\"position: absolute; left: 743px; top: -14px;\">\n<div class=\"gtx-trans-icon\"><\/div>\n<\/div>\n","protected":false},"excerpt":{"rendered":"<p>I despr\u00e9s de l&#8217;ESO qu\u00e8? Formaci\u00f3 post obligat\u00f2ria a la Cerdanya &#8211; INS Pere Borrell de Puigcerd\u00e0<\/p>\n","protected":false},"author":1,"featured_media":0,"parent":0,"menu_order":0,"comment_status":"closed","ping_status":"closed","template":"","meta":{"_bbp_topic_count":0,"_bbp_reply_count":0,"_bbp_total_topic_count":0,"_bbp_total_reply_count":0,"_bbp_voice_count":0,"_bbp_anonymous_reply_count":0,"_bbp_topic_count_hidden":0,"_bbp_reply_count_hidden":0,"_bbp_forum_subforum_count":0,"footnotes":""},"class_list":["post-7756","page","type-page","status-publish","hentry"],"post_mailing_queue_ids":[],"_links":{"self":[{"href":"https:\/\/agora.xtec.cat\/iespereborrellpuigcerda\/wp-json\/wp\/v2\/pages\/7756","targetHints":{"allow":["GET"]}}],"collection":[{"href":"https:\/\/agora.xtec.cat\/iespereborrellpuigcerda\/wp-json\/wp\/v2\/pages"}],"about":[{"href":"https:\/\/agora.xtec.cat\/iespereborrellpuigcerda\/wp-json\/wp\/v2\/types\/page"}],"author":[{"embeddable":true,"href":"https:\/\/agora.xtec.cat\/iespereborrellpuigcerda\/wp-json\/wp\/v2\/users\/1"}],"replies":[{"embeddable":true,"href":"https:\/\/agora.xtec.cat\/iespereborrellpuigcerda\/wp-json\/wp\/v2\/comments?post=7756"}],"version-history":[{"count":2,"href":"https:\/\/agora.xtec.cat\/iespereborrellpuigcerda\/wp-json\/wp\/v2\/pages\/7756\/revisions"}],"predecessor-version":[{"id":7855,"href":"https:\/\/agora.xtec.cat\/iespereborrellpuigcerda\/wp-json\/wp\/v2\/pages\/7756\/revisions\/7855"}],"wp:attachment":[{"href":"https:\/\/agora.xtec.cat\/iespereborrellpuigcerda\/wp-json\/wp\/v2\/media?parent=7756"}],"curies":[{"name":"wp","href":"https:\/\/api.w.org\/{rel}","templated":true}]}}