{"id":7029,"date":"2020-07-21T14:08:30","date_gmt":"2020-07-21T12:08:30","guid":{"rendered":"http:\/\/agora.xtec.cat\/iespereborrellpuigcerda\/?page_id=7029"},"modified":"2020-07-21T14:12:45","modified_gmt":"2020-07-21T12:12:45","slug":"iddink-info","status":"publish","type":"page","link":"https:\/\/agora.xtec.cat\/iespereborrellpuigcerda\/iddink-info\/","title":{"rendered":"iddink info"},"content":{"rendered":"<p>Enlla\u00e7 nou, lloc web IDDINK-Ampa INS PERE BORRELL:<\/p>\n<p><a href=\"http:\/\/microsites.iddink.es\/CA\/600_institut_pere_borrell\" target=\"_blank\" rel=\"noopener noreferrer\" data-saferedirecturl=\"https:\/\/www.google.com\/url?q=http:\/\/microsites.iddink.es\/CA\/600_institut_pere_borrell&amp;source=gmail&amp;ust=1595418594507000&amp;usg=AFQjCNHOWdgDD_RieqMtL-5p0dRNYvra5A\">http:\/\/microsites.iddink.es\/CA\/600_institut_pere_borrell<\/a><\/p>\n<p><a href=\"https:\/\/microsites.iddink.es\/ca\/600_institut_pere_borrell\/\"><img loading=\"lazy\" decoding=\"async\" class=\"alignleft wp-image-7032 size-full\" src=\"https:\/\/agora.xtec.cat\/iespereborrellpuigcerda\/wp-content\/uploads\/usu1157\/2020\/07\/unnamed.jpg\" alt=\"\" width=\"790\" height=\"264\" srcset=\"https:\/\/agora.xtec.cat\/iespereborrellpuigcerda\/wp-content\/uploads\/usu1157\/2020\/07\/unnamed.jpg 790w, https:\/\/agora.xtec.cat\/iespereborrellpuigcerda\/wp-content\/uploads\/usu1157\/2020\/07\/unnamed-300x100.jpg 300w, https:\/\/agora.xtec.cat\/iespereborrellpuigcerda\/wp-content\/uploads\/usu1157\/2020\/07\/unnamed-768x257.jpg 768w\" sizes=\"auto, (max-width: 790px) 100vw, 790px\" \/><\/a><\/p>\n<p>&nbsp;<\/p>\n<p>&nbsp;<\/p>\n<p>&nbsp;<\/p>\n<p>&nbsp;<\/p>\n<p>&nbsp;<\/p>\n<p>&nbsp;<\/p>\n<p>Enlla\u00e7os als diferents v\u00eddeos que hem preparat a Iddink, per tal de que les fam\u00edlies disposin de tota la informaci\u00f3 en diferents formats:<\/p>\n<ul>\n<li><strong><em>Presentaci\u00f3 Iddink (duraci\u00f3 15 minuts): <\/em> <\/strong><a href=\"https:\/\/vimeo.com\/346361089\" data-saferedirecturl=\"https:\/\/www.google.com\/url?q=https:\/\/vimeo.com\/346361089&amp;source=gmail&amp;ust=1595418594507000&amp;usg=AFQjCNGKlE41JG8j8lkr22S_Qmvcv_TGTA\">https:\/\/vimeo.com\/346361089<\/a><\/li>\n<li><strong><em>Presentaci\u00f3 Iddink Curta ( duraci\u00f3 5 minuts): <\/em><\/strong><a href=\"https:\/\/vimeo.com\/420992016\" data-saferedirecturl=\"https:\/\/www.google.com\/url?q=https:\/\/vimeo.com\/420992016&amp;source=gmail&amp;ust=1595418594507000&amp;usg=AFQjCNFP5ivzg73YhJR4rSLJznCjVM2kEA\">https:\/\/vimeo.com\/420992016<\/a><\/li>\n<li><strong><em>Com tractar els ecoBooks: <\/em><\/strong><a href=\"https:\/\/vimeo.com\/45076699\" data-saferedirecturl=\"https:\/\/www.google.com\/url?q=https:\/\/vimeo.com\/45076699&amp;source=gmail&amp;ust=1595418594507000&amp;usg=AFQjCNFCILs32LN8UQtCevISzUuvfYZk7Q\">https:\/\/vimeo.com\/45076699<\/a><\/li>\n<li><strong><em>Com retornar ecoBooks: <\/em><\/strong><a href=\"https:\/\/vimeo.com\/97832068\" data-saferedirecturl=\"https:\/\/www.google.com\/url?q=https:\/\/vimeo.com\/97832068&amp;source=gmail&amp;ust=1595418594507000&amp;usg=AFQjCNGFIUDTTLW7jOjhWjm_D1oqjfN02w\">https:\/\/vimeo.com\/97832068<\/a><\/li>\n<li><strong><em>Com fer una comanda: <\/em><\/strong><a href=\"https:\/\/vimeo.com\/427671538\" data-saferedirecturl=\"https:\/\/www.google.com\/url?q=https:\/\/vimeo.com\/427671538&amp;source=gmail&amp;ust=1595418594507000&amp;usg=AFQjCNH0L-qX8OCEHT7CJYQlvw_lc2ziwg\">https:\/\/vimeo.com\/427671538<\/a><\/li>\n<li><strong><em>Com accedir a les meves llic\u00e8ncies digitals: <\/em><\/strong><a href=\"https:\/\/vimeo.com\/427321666\" data-saferedirecturl=\"https:\/\/www.google.com\/url?q=https:\/\/vimeo.com\/427321666&amp;source=gmail&amp;ust=1595418594507000&amp;usg=AFQjCNH9h9dVklgKNCuzXrySpDu0XsKvQQ\">https:\/\/vimeo.com\/427321666<\/a><\/li>\n<li><strong><em>Qu\u00e8 \u00e9s Iddink digital?: <\/em><\/strong><a href=\"https:\/\/vimeo.com\/427321499\" data-saferedirecturl=\"https:\/\/www.google.com\/url?q=https:\/\/vimeo.com\/427321499&amp;source=gmail&amp;ust=1595418594507000&amp;usg=AFQjCNFMDPL7fUIcl_NCToi_CcazZ4ExdA\">https:\/\/vimeo.com\/427321499<\/a><\/li>\n<\/ul>\n","protected":false},"excerpt":{"rendered":"<p>Enlla\u00e7 nou, lloc web IDDINK-Ampa INS PERE BORRELL:<br \/>\n<a href=\"http:\/\/microsites.iddink.es\/CA\/600_institut_pere_borrell\" target=\"_blank\" rel=\"noopener noreferrer\" data-saferedirecturl=\"https:\/\/www.google.com\/url?q=http:\/\/microsites.iddink.es\/CA\/600_institut_pere_borrell&amp;source=gmail&amp;ust=1595418594507000&amp;usg=AFQjCNHOWdgDD_RieqMtL-5p0dRNYvra5A\">http:\/\/microsites.iddink.es\/CA\/600_institut_pere_borrell<\/a><br \/>\n<a href=\"https:\/\/microsites.iddink.es\/ca\/600_institut_pere_borrell\/\"><\/a><br \/>\n&nbsp;<br \/>\n&nbsp;<br \/>\n&nbsp;<br \/>\n&nbsp;<br \/>\n&nbsp;<br \/>\n&nbsp;<br \/>\nEnlla\u00e7os als diferents v\u00eddeos que hem preparat a Iddink, per tal de que les fam\u00edlies disposin de tota la informaci\u00f3 en diferents formats:<\/p>\n<ul>\n<li>Presentaci\u00f3 Iddink (duraci\u00f3 15 minuts):  <a href=\"https:\/\/vimeo.com\/346361089\" data-saferedirecturl=\"https:\/\/www.google.com\/url?q=https:\/\/vimeo.com\/346361089&amp;source=gmail&amp;ust=1595418594507000&amp;usg=AFQjCNGKlE41JG8j8lkr22S_Qmvcv_TGTA\">https:\/\/vimeo.com\/346361089<\/a><\/li>\n<li>Presentaci\u00f3 Iddink&hellip;  <a href=\"https:\/\/agora.xtec.cat\/iespereborrellpuigcerda\/iddink-info\/\" title=\"Read iddink info\">Llegeix m\u00e9s\u00bb<\/a><br \/>\n","protected":false},"author":1,"featured_media":0,"parent":0,"menu_order":0,"comment_status":"closed","ping_status":"closed","template":"","meta":{"_bbp_topic_count":0,"_bbp_reply_count":0,"_bbp_total_topic_count":0,"_bbp_total_reply_count":0,"_bbp_voice_count":0,"_bbp_anonymous_reply_count":0,"_bbp_topic_count_hidden":0,"_bbp_reply_count_hidden":0,"_bbp_forum_subforum_count":0,"footnotes":""},"class_list":["post-7029","page","type-page","status-publish","hentry"],"post_mailing_queue_ids":[],"_links":{"self":[{"href":"https:\/\/agora.xtec.cat\/iespereborrellpuigcerda\/wp-json\/wp\/v2\/pages\/7029","targetHints":{"allow":["GET"]}}],"collection":[{"href":"https:\/\/agora.xtec.cat\/iespereborrellpuigcerda\/wp-json\/wp\/v2\/pages"}],"about":[{"href":"https:\/\/agora.xtec.cat\/iespereborrellpuigcerda\/wp-json\/wp\/v2\/types\/page"}],"author":[{"embeddable":true,"href":"https:\/\/agora.xtec.cat\/iespereborrellpuigcerda\/wp-json\/wp\/v2\/users\/1"}],"replies":[{"embeddable":true,"href":"https:\/\/agora.xtec.cat\/iespereborrellpuigcerda\/wp-json\/wp\/v2\/comments?post=7029"}],"version-history":[{"count":3,"href":"https:\/\/agora.xtec.cat\/iespereborrellpuigcerda\/wp-json\/wp\/v2\/pages\/7029\/revisions"}],"predecessor-version":[{"id":7037,"href":"https:\/\/agora.xtec.cat\/iespereborrellpuigcerda\/wp-json\/wp\/v2\/pages\/7029\/revisions\/7037"}],"wp:attachment":[{"href":"https:\/\/agora.xtec.cat\/iespereborrellpuigcerda\/wp-json\/wp\/v2\/media?parent=7029"}],"curies":[{"name":"wp","href":"https:\/\/api.w.org\/{rel}","templated":true}]}}