{"id":6751,"date":"2020-06-08T11:35:08","date_gmt":"2020-06-08T09:35:08","guid":{"rendered":"http:\/\/agora.xtec.cat\/iespereborrellpuigcerda\/?page_id=6751"},"modified":"2026-01-29T10:08:09","modified_gmt":"2026-01-29T09:08:09","slug":"pagaments","status":"publish","type":"page","link":"https:\/\/agora.xtec.cat\/iespereborrellpuigcerda\/pagaments\/","title":{"rendered":"PAGAMENTS INS PERE BORRELL"},"content":{"rendered":"<p><strong><span style=\"text-decoration: underline;\">Els pagaments de sortides i material sempre s&#8217;han de realitzar mitjan\u00e7ant la carta de pagament que cont\u00e9 un codi de barres o d&#8217;entitat<\/span><\/strong> i que el centre lliura a l&#8217;alumne\/a de manera expressa. Quan es tracta de l&#8217;aportaci\u00f3 inicial del curs per la matr\u00edcula, sempre la podeu trobar aquest document a la web, a l&#8217;apartat de matr\u00edcula de l&#8217;ensenyament que s&#8217;escaigui.<\/p>\n<ol>\n<li>Amb codis de barres o codis d\u2019entitat<\/li>\n<li>En efectiu, a la secretaria del centre, <strong>nom\u00e9s en casos excepcionals en que la fam\u00edlia no disposi de banc espanyol i\/o estranger<\/strong>.<\/li>\n<\/ol>\n<p>&nbsp;<\/p>\n<p><span style=\"text-decoration: underline;\"><strong>M\u00c9S INFORMACIONS PEL QUE FA ALS PAGAMENTS<\/strong><\/span>:<\/p>\n<p><strong>a) Clients de Caixabank:<\/strong><\/p>\n<ul>\n<li><strong>Presencialment: <\/strong>pels caixers autom\u00e0tics de Caixabank amb el codi de barres corresponent i amb targeta de cr\u00e8dit de qualsevol entitat bancaria.<\/li>\n<li>amb un pagament a tercers amb el codi d\u2019entitat corresponent (com si fos una transfer\u00e8ncia on-line)<\/li>\n<li><strong>NOVETAT on-line: <\/strong>amb targeta de cr\u00e8dit de qualsevol entitat bancaria i el codi d\u2019entitat corresponent, des de la web de Caixabank link:<a href=\"https:\/\/www2.caixabank.es\/apl\/pagos\/index_ca.html?CODCPR=90VPA003\" target=\"_blank\" rel=\"noopener noreferrer\">https:\/\/www2.caixabank.es\/apl\/pagos\/index_ca.html?CODCPR=90VPA003<\/a><strong>\u00a0<\/strong><\/li>\n<\/ul>\n<p><strong>b) No clients de Caixabank<\/strong><\/p>\n<ul>\n<li><strong>Presencialment:<\/strong> pels caixers autom\u00e0tics de Caixabank amb el codi de barres corresponent i amb targeta de cr\u00e8dit de qualsevol entitat bancaria.<\/li>\n<li><strong>NOVETAT on-line: <\/strong>amb targeta de cr\u00e8dit de qualsevol entitat bancaria i el codi d\u2019entitat corresponent, des de la web de Caixabank link:<a href=\"https:\/\/www2.caixabank.es\/apl\/pagos\/index_ca.html?CODCPR=90VPA003\" target=\"_blank\" rel=\"noopener noreferrer\">https:\/\/www2.caixabank.es\/apl\/pagos\/index_ca.html?CODCPR=90VPA003<\/a><\/li>\n<\/ul>\n<p><em>Us ho expliquem una mica m\u00e9s:<\/em><\/p>\n<p><em>1.- Pels caixers autom\u00e0tics<\/em><\/p>\n<p><em>\u00c9s com sempre, amb el codi de barres impr\u00e8s s\u2019accedeix als caixers i amb la targeta es fa efectiu el pagament<\/em><\/p>\n<p><em>2.- Pagament a tercers<\/em><\/p>\n<p><em>Els clients de Caixabank, a trav\u00e9s de la L\u00ednia Oberta, en la part de Transfer\u00e8ncies i traspassos, cal entrar a la part de <b>Pagaments a tercers <\/b>(al cant\u00f3 dret de la pantalla) i seguir el procediment. demanar\u00e0 el codi d\u2019entitat (n\u00famero amb 7 d\u00edgits), que sempre es posa en la carta de pagament.\u00a0<\/em><\/p>\n<p><em><b>Atenci\u00f3:<\/b>\u00a0 no \u00e9s una transfer\u00e8ncia, \u00e9s un pagament a tercers<\/em><\/p>\n<p><em>3.- Web de Caixabank.<\/em><\/p>\n<p><em>\u00c9s una novetat d\u2019enguany, es tracta d\u2019accedir a la web de Caixabank, i amb el codi d\u2019entitat i les dades de la targeta de cr\u00e8dit, de <b>qualsevol entitat banc\u00e0ria,<\/b> es pot fer el pagament.<\/em><\/p>\n<p><em>Com accedir a la web?\u00a0<\/em><\/p>\n<ul>\n<li><em>seguint el link adjunt: <a href=\"https:\/\/www2.caixabank.es\/apl\/pagos\/index_ca.html?CODCPR=90VPA003\" target=\"_blank\" rel=\"noopener noreferrer\">https:\/\/www2.caixabank.es\/apl\/pagos\/index_ca.html?CODCPR=90VPA003<\/a><\/em><\/li>\n<\/ul>\n<p><em>o b\u00e9, entrar a <a href=\"http:\/\/www.caixabank.es\" target=\"_blank\" rel=\"noopener noreferrer\">www.caixabank.es<\/a>, anar abaix de tot de la portada, anar a Serveis, anar a Donatius i pagaments, clicar Pagaments, anar a Fes un pagament, anar a Pagaments a tercers i seguir tot el proc\u00e9s.<\/em><\/p>\n<p>&nbsp;<\/p>\n","protected":false},"excerpt":{"rendered":"<p>Els pagaments de sortides i material sempre s&#8217;han de realitzar mitjan\u00e7ant la carta de pagament que cont\u00e9 un codi de barres o d&#8217;entitat i que el centre lliura a l&#8217;alumne\/a de manera expressa. Quan es tracta de l&#8217;aportaci\u00f3 inicial del curs per la matr\u00edcula, sempre&hellip;  <a href=\"https:\/\/agora.xtec.cat\/iespereborrellpuigcerda\/pagaments\/\" title=\"Read PAGAMENTS INS PERE BORRELL\">Llegeix m\u00e9s\u00bb<\/a><\/p>\n","protected":false},"author":1,"featured_media":0,"parent":0,"menu_order":0,"comment_status":"closed","ping_status":"closed","template":"","meta":{"_bbp_topic_count":0,"_bbp_reply_count":0,"_bbp_total_topic_count":0,"_bbp_total_reply_count":0,"_bbp_voice_count":0,"_bbp_anonymous_reply_count":0,"_bbp_topic_count_hidden":0,"_bbp_reply_count_hidden":0,"_bbp_forum_subforum_count":0,"footnotes":""},"class_list":["post-6751","page","type-page","status-publish","hentry"],"post_mailing_queue_ids":[],"_links":{"self":[{"href":"https:\/\/agora.xtec.cat\/iespereborrellpuigcerda\/wp-json\/wp\/v2\/pages\/6751","targetHints":{"allow":["GET"]}}],"collection":[{"href":"https:\/\/agora.xtec.cat\/iespereborrellpuigcerda\/wp-json\/wp\/v2\/pages"}],"about":[{"href":"https:\/\/agora.xtec.cat\/iespereborrellpuigcerda\/wp-json\/wp\/v2\/types\/page"}],"author":[{"embeddable":true,"href":"https:\/\/agora.xtec.cat\/iespereborrellpuigcerda\/wp-json\/wp\/v2\/users\/1"}],"replies":[{"embeddable":true,"href":"https:\/\/agora.xtec.cat\/iespereborrellpuigcerda\/wp-json\/wp\/v2\/comments?post=6751"}],"version-history":[{"count":5,"href":"https:\/\/agora.xtec.cat\/iespereborrellpuigcerda\/wp-json\/wp\/v2\/pages\/6751\/revisions"}],"predecessor-version":[{"id":12355,"href":"https:\/\/agora.xtec.cat\/iespereborrellpuigcerda\/wp-json\/wp\/v2\/pages\/6751\/revisions\/12355"}],"wp:attachment":[{"href":"https:\/\/agora.xtec.cat\/iespereborrellpuigcerda\/wp-json\/wp\/v2\/media?parent=6751"}],"curies":[{"name":"wp","href":"https:\/\/api.w.org\/{rel}","templated":true}]}}