{"id":6000,"date":"2019-07-10T13:39:11","date_gmt":"2019-07-10T11:39:11","guid":{"rendered":"http:\/\/agora.xtec.cat\/iespereborrellpuigcerda\/?page_id=6000"},"modified":"2021-09-06T19:07:00","modified_gmt":"2021-09-06T17:07:00","slug":"servei-dassessorament-i-reconeixement","status":"publish","type":"page","link":"https:\/\/agora.xtec.cat\/iespereborrellpuigcerda\/serveis\/servei-dassessorament-i-reconeixement\/","title":{"rendered":"Servei d&#8217;Assessorament i Reconeixement"},"content":{"rendered":"<h6><img loading=\"lazy\" decoding=\"async\" class=\"alignleft wp-image-8719\" src=\"https:\/\/agora.xtec.cat\/iespereborrellpuigcerda\/wp-content\/uploads\/usu1157\/2021\/09\/logo-assessorament-i-reconeixement.png\" alt=\"\" width=\"245\" height=\"122\" srcset=\"https:\/\/agora.xtec.cat\/iespereborrellpuigcerda\/wp-content\/uploads\/usu1157\/2021\/09\/logo-assessorament-i-reconeixement.png 600w, https:\/\/agora.xtec.cat\/iespereborrellpuigcerda\/wp-content\/uploads\/usu1157\/2021\/09\/logo-assessorament-i-reconeixement-300x150.png 300w\" sizes=\"auto, (max-width: 245px) 100vw, 245px\" \/><\/h6>\n<h6>Servei d&#8217;Assessorament<\/h6>\n<p>L&#8217;assessorament \u00e9s un servei que el centre educatiu presta de forma individual, a sol\u00b7licitud d&#8217;una persona adulta que disposi d&#8217;experi\u00e8ncia laboral o formaci\u00f3 pr\u00e8via. Consisteix en la identificaci\u00f3 i l&#8217;an\u00e0lisi detallada de les capacitats i les expectatives professionals de les persones que el sol\u00b7liciten, i la valoraci\u00f3 i la recomanaci\u00f3 de les ofertes formatives, amb les seves variants, que millor s&#8217;adaptin al seu perfil i interessos.<\/p>\n<p><strong><span style=\"color: #333333;\"><span style=\"font-family: Poppins, sans-serif;\"><span style=\"font-size: medium;\"><b>L&#8217;assessorament <\/b><\/span><\/span><\/span><\/strong><span style=\"color: #333333;\"><span style=\"font-family: Poppins, sans-serif;\"><span style=\"font-size: medium;\">\u00e9s un servei que el nostre centre presta a sol.licitud d&#8217;una persona adulta amb experi\u00e8ncia laboral o formaci\u00f3 pr\u00e8via mitjan\u00e7ant la qual s&#8217;identifiquen i s&#8217;analitzen les capacitats i expectatives professionals del\/la sol.licitant. Conclou amb l&#8217;elaboraci\u00f3 i lliurament a l&#8217;usuari\/a d&#8217;un informe d&#8217;assessorament.<\/span><\/span><\/span><\/p>\n<h6>Servei d&#8217; Reconeixement<\/h6>\n<p>El reconeixement acad\u00e8mic dels aprenentatges assolits mitjan\u00e7ant l&#8217;experi\u00e8ncia laboral o en activitats socials \u00e9s un servei que presta el centre educatiu, a sol\u00b7licitud dels usuaris, que permet obtenir la correspond\u00e8ncia amb els ensenyaments de formaci\u00f3 professional del sistema educatiu. El servei de reconeixement acad\u00e8mic dels aprenentatges es pot sol\u00b7licitar de forma individual o b\u00e9 a demanda d&#8217;una entitat o empresa pr\u00e8via la signatura d&#8217;un conveni de col\u00b7laboraci\u00f3 amb el o la titular del centre que presta el servei.<\/p>\n<p>S\u2019adre\u00e7a a les persones adultes de m\u00e9s de 18 anys\u00a0 interessades en veure quines s\u00f3n les possibilitats formatives i l\u2019itinerari formatiu m\u00e9s adequat per aconseguir l\u2019objectiu de qualificaci\u00f3 acad\u00e8mica m\u00e9s adient. Al finalitzar se li lliura un informe personalitzat d\u2019assessorament. \u00c9s un requisit previ per participar en l\u2019assessorament, ser major d\u2019edat. L\u2019ordre d\u2019admissi\u00f3 es realitzar\u00e0 d\u2019acord amb la major edat de la persona sol\u00b7licitant.<\/p>\n<p><strong><span style=\"color: #333333;\"><span style=\"font-family: Poppins, sans-serif;\"><span style=\"font-size: medium;\"><b>El reconeixement<\/b><\/span><\/span><\/span><\/strong><span style=\"color: #333333;\"><span style=\"font-family: Poppins, sans-serif;\"><span style=\"font-size: medium;\">\u00a0\u00e9s un servei que el nostre centre presta a sol.licitud d&#8217;un\/a usuari\/a que pr\u00e8viament ha passat pel proc\u00e9s d&#8217;assessorament i que li permet que se li reconegui, si s&#8217;escau, all\u00f2 que l&#8217;assessor\/a ha em\u00e8s a l&#8217;informe d&#8217;assessorament.\u00a0 Conclou amb l&#8217;emissi\u00f3 d&#8217;un certificat amb les UFs\/m\u00f2duls reconeguts positivament.<\/span><\/span><\/span><\/p>\n<p>Documentaci\u00f3:<\/p>\n<table class=\" alignleft\" style=\"height: 279px; width: 26.8828%; border-collapse: collapse; border-style: solid;\">\n<tbody>\n<tr style=\"height: 31px;\">\n<td style=\"width: 100%; height: 31px;\"><a href=\"https:\/\/agora.xtec.cat\/iespereborrellpuigcerda\/wp-content\/uploads\/usu1157\/2021\/09\/Calendari-assessorament.docx\">Calendari assessorament<\/a><\/td>\n<\/tr>\n<tr style=\"height: 31px;\">\n<td style=\"width: 100%; height: 31px;\"><a href=\"https:\/\/agora.xtec.cat\/iespereborrellpuigcerda\/wp-content\/uploads\/usu1157\/2021\/09\/sollicitud_assessorament_centres_Departament.docx\">Sol\u00b7licitud_assessorament_centres_Departament<\/a><\/td>\n<\/tr>\n<tr style=\"height: 31px;\">\n<td style=\"width: 100%; height: 31px;\"><a href=\"https:\/\/agora.xtec.cat\/iespereborrellpuigcerda\/wp-content\/uploads\/usu1157\/2021\/09\/Oferta-places-SERVEI-AIR-CURS-2021-2022..pdf\">Oferta places-SERVEI-AIR-CURS-2021-2022.<\/a><\/td>\n<\/tr>\n<tr style=\"height: 31px;\">\n<td style=\"width: 100%; height: 31px;\"><a href=\"https:\/\/agora.xtec.cat\/iespereborrellpuigcerda\/wp-content\/uploads\/usu1157\/2021\/09\/Reclamacio_assessorament_centres_Departament.docx\">Reclamacio_assessorament_centres_Departament<\/a><\/td>\n<\/tr>\n<tr style=\"height: 31px;\">\n<td style=\"width: 100%; height: 31px;\"><a href=\"https:\/\/agora.xtec.cat\/iespereborrellpuigcerda\/wp-content\/uploads\/usu1157\/2021\/09\/Requisits-per-a-participar.odt\">Requisits per a participar<\/a><\/td>\n<\/tr>\n<tr style=\"height: 31px;\">\n<td style=\"width: 100%; height: 31px;\"><a href=\"https:\/\/agora.xtec.cat\/iespereborrellpuigcerda\/wp-content\/uploads\/usu1157\/2021\/09\/Sollicitud_assessorament_centres_Departament.docx\">Sol\u00b7licitud_assessorament_centres_Departament<\/a><\/td>\n<\/tr>\n<tr style=\"height: 31px;\">\n<td style=\"width: 100%; height: 31px;\"><a href=\"https:\/\/agora.xtec.cat\/iespereborrellpuigcerda\/wp-content\/uploads\/usu1157\/2021\/09\/Enquesta_assessorament_centres_Departament-1.docx\">Enquesta_assessorament_centres_Departament<\/a><\/td>\n<\/tr>\n<tr style=\"height: 31px;\">\n<td style=\"width: 100%; height: 31px;\"><a href=\"https:\/\/agora.xtec.cat\/iespereborrellpuigcerda\/wp-content\/uploads\/usu1157\/2021\/09\/Documents_Assessorament_Reconeixement.pdf\">Documents_Assessorament_Reconeixement<\/a><\/td>\n<\/tr>\n<\/tbody>\n<\/table>\n<p>&nbsp;<\/p>\n<p>&nbsp;<\/p>\n<p>&nbsp;<\/p>\n<p>&nbsp;<\/p>\n<p>&nbsp;<\/p>\n<p>&nbsp;<\/p>\n<p>&nbsp;<\/p>\n<h5 align=\"LEFT\"><strong><span style=\"color: #333333;\"><span style=\"font-family: Poppins, sans-serif;\"><span style=\"font-size: medium;\">Per m\u00e9s informaci\u00f3 :\u00a0<\/span><\/span><\/span><a href=\"http:\/\/queestudiar.gencat.cat\/es\/\"><span style=\"color: #000000;\"><span style=\"font-family: Arial, sans-serif;\"><span style=\"font-size: medium;\">http:\/\/queestudiar.gencat.cat\/es\/<\/span><\/span><\/span><\/a><\/strong><\/h5>\n<h5 align=\"LEFT\"><strong><span style=\"color: #d42e12;\"><span style=\"font-family: Arial, sans-serif;\"><span style=\"font-size: medium;\">Servei Assessorament<\/span><\/span><\/span> <a href=\"https:\/\/agora.xtec.cat\/iespereborrellpuigcerda\/wp-content\/uploads\/usu1157\/2019\/03\/05_model_informaci_per_la_difusi_assessorament.pdf\"><span style=\"color: #000000;\"><span style=\"font-family: Arial, sans-serif;\"><span style=\"font-size: medium;\"> https:\/\/agora.xtec.cat\/iespereborrellpuigcerda\/wp-content\/uploads\/usu1157\/2019\/03\/05_model_informaci_per_la_difusi_assessorament.pdf<\/span><\/span><\/span><\/a><\/strong><\/h5>\n<h5 align=\"LEFT\"><strong><span style=\"font-family: Arial, sans-serif;\"><span style=\"font-size: medium;\"><span style=\"color: #c5000b;\">S<\/span><span style=\"color: #c5000b;\">ervei Reconeixement<\/span><a href=\"https:\/\/agora.xtec.cat\/iespereborrellpuigcerda\/wp-content\/uploads\/usu1157\/2019\/03\/07_model_informaci_per_la_difusi_reconeixement.pdf\"><span style=\"color: #000000;\"> https:\/\/agora.xtec.cat\/iespereborrellpuigcerda\/wp-content\/uploads\/usu1157\/2019\/03\/07_model_informaci_per_la_difusi_reconeixement.pdf<\/span><\/a><\/span><\/span><\/strong><\/h5>\n<h5 align=\"LEFT\"><strong><span style=\"color: #333333;\"><span style=\"font-family: Poppins, sans-serif;\"><span style=\"font-size: medium;\">Contacte institut: <a href=\"mailto:eva.crespo@inspereborrell.cat\">eva.crespo@inspereborrell.cat<\/a><\/span><\/span><\/span><\/strong><\/h5>\n<p>&nbsp;<\/p>\n<h2><span style=\"color: #003300;\">Servei Assessorament<\/span><\/h2>\n<h5><strong><a href=\"https:\/\/drive.google.com\/file\/d\/1uprGQOvRS1yCiIN3mOOgRq49Q_mOyT4Q\/view?usp=sharing\"><span style=\"color: #c5000b;\"><span style=\"font-family: Poppins, sans-serif;\"><span style=\"font-size: large;\"><b>INFORMACI\u00d3 GENERAL<\/b><\/span><\/span><\/span><\/a><\/strong><b> <\/b><b> <\/b><strong><span style=\"color: #000000;\"><span style=\"font-family: Arial, sans-serif;\"><span style=\"font-size: small;\">https:\/\/agora.xtec.cat\/iespereborrellpuigcerda\/wp-content\/uploads\/usu1157\/2019\/03\/05_model_informaci_per_la_difusi_assessorament.pd<\/span><\/span><\/span><\/strong><strong><span style=\"color: #087eb6;\"><span style=\"font-family: Arial, sans-serif;\"><span style=\"font-size: small;\">f<\/span><\/span><\/span><\/strong><\/h5>\n<h5><strong><a href=\"https:\/\/agora.xtec.cat\/iespereborrellpuigcerda\/wp-content\/uploads\/usu1157\/2021\/09\/Oferta-places-SERVEI-AIR-CURS-2021-2022..pdf\"><span style=\"color: #c5000b;\"><span style=\"font-family: Poppins, sans-serif;\"><span style=\"font-size: large;\"><b>OFERTA DE PLACES<\/b><\/span><\/span><\/span><\/a><\/strong><b> <\/b><strong><span style=\"color: #000000;\"><span style=\"font-family: Poppins, sans-serif;\"><span style=\"font-size: large;\"><b>(Document oferta places)<\/b><\/span><\/span><\/span><\/strong><\/h5>\n<h5><strong><a href=\"https:\/\/agora.xtec.cat\/iespereborrellpuigcerda\/wp-content\/uploads\/usu1157\/2021\/09\/Requisits-per-a-participar.odt\"><span style=\"color: #c9211e;\"><span style=\"font-family: Poppins, sans-serif;\"><span style=\"font-size: large;\"><b>REQUISITS DE PARTICIPACI\u00d3<\/b><\/span><\/span><\/span><\/a><\/strong> <b> <\/b><strong><span style=\"color: #000000;\"><span style=\"font-family: Poppins, sans-serif;\"><span style=\"font-size: large;\"><b> (Document requisit de participaci\u00f3)<\/b><\/span><\/span><\/span><\/strong><\/h5>\n<h5><strong><a href=\"https:\/\/agora.xtec.cat\/iespereborrellpuigcerda\/wp-content\/uploads\/usu1157\/2021\/09\/Calendari-assessorament.docx\"><span style=\"color: #d42e12;\"><span style=\"font-family: Poppins, sans-serif;\"><span style=\"font-size: large;\"><b>CALENDARI DEL PROC\u00c9S\u00a0 (1\u00aa CONVOCAT\u00d2RIA)\u00a0<\/b><\/span><\/span><\/span><\/a><\/strong><strong><span style=\"color: #000000;\"><span style=\"font-family: Poppins, sans-serif;\"><span style=\"font-size: large;\"><b>(Document calendari del proc\u00e8s)<\/b><\/span><\/span><\/span><\/strong><\/h5>\n<p>&nbsp;<\/p>\n<h2><span style=\"color: #003300;\">Curs 2021-22<\/span><\/h2>\n<table style=\"height: 236px; width: 86.9825%; border-collapse: collapse;\">\n<tbody>\n<tr>\n<td style=\"width: 34.1082%; text-align: left;\">\n<h6><span style=\"color: #003300;\"><span style=\"font-family: Poppins, sans-serif;\"><span style=\"font-size: small;\">1.- <\/span><\/span><span style=\"font-family: Poppins, sans-serif;\"><span style=\"font-size: small;\"><a style=\"color: #003300;\" href=\"https:\/\/agora.xtec.cat\/iespereborrellpuigcerda\/wp-content\/uploads\/usu1157\/2021\/09\/Sollicitud_assessorament_centres_Departament.docx\">SO<\/a><\/span><\/span><span style=\"font-family: Poppins, sans-serif;\"><span style=\"font-size: small;\"><a style=\"color: #003300;\" href=\"https:\/\/agora.xtec.cat\/iespereborrellpuigcerda\/wp-content\/uploads\/usu1157\/2021\/09\/sollicitud_assessorament_centres_Departament.docx\">L\u00b7LICITUD AL SERVEI D&#8217;ASSESSORAMENT:<\/a><\/span><\/span><\/span><\/h6>\n<\/td>\n<td style=\"width: 54.1936%; text-align: left;\">\n<h5><span style=\"color: #993300;\"><span style=\"font-family: Poppins, sans-serif;\"><span style=\"font-size: small;\">&#8211; Presentar sol.licitud telem\u00e0tica entre el 6 i el 17 de setembre (Document sol.licitud servei assessorament<\/span><\/span><\/span><\/h5>\n<\/td>\n<\/tr>\n<tr style=\"height: 32px;\">\n<td style=\"width: 34.1082%; height: 32px; text-align: left;\">\n<h6><span style=\"color: #003300;\"><span style=\"font-family: Poppins, sans-serif;\"><span style=\"font-size: small;\">2. LLISTA PROVISIONAL D&#8217;ADMESOS I EXCLOSOS:\u00a0<\/span><\/span><\/span><\/h6>\n<\/td>\n<td style=\"width: 54.1936%; height: 32px; text-align: left;\">\n<h5><span style=\"color: #993300;\"><span style=\"font-family: Poppins, sans-serif;\"><span style=\"font-size: small;\">&#8211; Consultar al web entre el 20 i el 30 de setembre de 2021<\/span><\/span><\/span><\/h5>\n<\/td>\n<\/tr>\n<tr style=\"height: 32px;\">\n<td style=\"width: 34.1082%; height: 32px; text-align: left;\">\n<h6><span style=\"color: #003300;\"><a style=\"color: #003300;\" href=\"https:\/\/agora.xtec.cat\/iespereborrellpuigcerda\/wp-content\/uploads\/usu1157\/2021\/09\/Reclamacio_assessorament_centres_Departament.docx\"><span style=\"font-family: Poppins, sans-serif;\"><span style=\"font-size: small;\">3. SOL.LICITUD DE RECLAMACI\u00d3:<\/span><\/span><\/a><\/span><\/h6>\n<\/td>\n<td style=\"width: 54.1936%; height: 32px; text-align: left;\">\n<h5><span style=\"color: #993300;\"><span style=\"font-family: Poppins, sans-serif;\"><span style=\"font-size: small;\">&#8211; A presentar entre el 4 i el 6 d\u2019octubre a la secretaria del centre . Telematicament (Document sol.licitud de reclamaci\u00f3)<\/span><\/span><\/span><\/h5>\n<\/td>\n<\/tr>\n<tr style=\"height: 32px;\">\n<td style=\"width: 34.1082%; height: 32px; text-align: left;\">\n<h6><span style=\"color: #003300;\"><span style=\"font-family: Poppins, sans-serif;\"><span style=\"font-size: small;\">4.\u00a0<\/span><\/span><span style=\"font-family: Poppins, sans-serif;\"><span style=\"font-size: small;\">LLISTA DEFINITIVA D&#8217;ADMESOS A LA FASE D&#8217;ASSESSORAMENT<\/span><\/span><\/span><\/h6>\n<\/td>\n<td style=\"width: 54.1936%; height: 32px; text-align: left;\">\n<h5><span style=\"color: #993300;\"><span style=\"font-family: Poppins, sans-serif;\"><span style=\"font-size: xx-small;\"><span style=\"font-size: small;\">&#8211; Consultar el 7 d\u2019octubre al web<\/span><\/span><\/span><\/span><\/h5>\n<\/td>\n<\/tr>\n<tr style=\"height: 32px;\">\n<td style=\"width: 34.1082%; height: 32px; text-align: left;\">\n<h6><span style=\"color: #003300;\"><span style=\"font-family: Poppins, sans-serif;\"><span style=\"font-size: small;\">5. SESSI\u00d3 INFORMATIVA:<\/span><\/span><\/span><\/h6>\n<\/td>\n<td style=\"width: 54.1936%; height: 32px; text-align: left;\">\n<h5><span style=\"color: #993300;\"><span style=\"font-family: Poppins, sans-serif;\"><span style=\"font-size: small;\">&#8211; Es portar\u00e0 a terme \u00a0el 13 d\u2019octubre. Telematicament<\/span><\/span><\/span><\/h5>\n<\/td>\n<\/tr>\n<tr style=\"height: 32px;\">\n<td style=\"width: 34.1082%; height: 32px; text-align: left;\">\n<h6><span style=\"color: #003300;\"><span style=\"font-family: Poppins, sans-serif;\"><span style=\"font-size: small;\">6. INSCRIPCI\u00d3 A LA FASE D&#8217;ASSESSORAMENT:<\/span><\/span><\/span><\/h6>\n<\/td>\n<td style=\"width: 54.1936%; height: 32px; text-align: left;\">\n<h5><span style=\"color: #993300;\"><span style=\"font-family: Poppins, sans-serif;\"><span style=\"font-size: small;\">&#8211;\u00a0<\/span><\/span><a style=\"color: #993300;\" href=\"https:\/\/agora.xtec.cat\/iespereborrellpuigcerda\/wp-content\/uploads\/usu1157\/2021\/09\/Inscripcio_assessorament_centres_Departament.docx\"><span style=\"font-family: Poppins, sans-serif;\"><span style=\"font-size: small;\">DOCUMENT D&#8217; INSCRIPCI\u00d3 DEFINITIVA AL SERVEI D&#8217;ASSESSORAMENT<\/span><\/span><\/a><\/span><\/h5>\n<\/td>\n<\/tr>\n<tr>\n<td style=\"width: 34.1082%; text-align: left;\">\n<h6><span style=\"color: #003300;\"><span style=\"font-family: Poppins, sans-serif;\"><span style=\"font-size: small;\">&#8211;\u00a0FULL DE PAGAMENT\u00a0<\/span><\/span><\/span><\/h6>\n<\/td>\n<td style=\"width: 54.1936%; text-align: left;\">\n<h5><span style=\"color: #993300;\"><span style=\"font-family: Poppins, sans-serif;\"><span style=\"font-size: small;\">( A determinar)<\/span><\/span><\/span><\/h5>\n<\/td>\n<\/tr>\n<tr>\n<td style=\"width: 34.1082%; text-align: left;\">\n<h6><span style=\"color: #003300;\"><span style=\"font-family: Poppins, sans-serif;\"><span style=\"font-size: small;\">&#8211; EXEMPCIONS I BONIFICACIONS<\/span><\/span><\/span><\/h6>\n<\/td>\n<td style=\"width: 54.1936%; text-align: left;\">\n<h5><span style=\"color: #993300;\"><span style=\"font-family: Poppins, sans-serif;\"><span style=\"font-size: small;\">( A determinar)<\/span><\/span><\/span><\/h5>\n<\/td>\n<\/tr>\n<tr>\n<td style=\"width: 34.1082%; text-align: left;\">\n<h6><span style=\"color: #003300;\"><span style=\"font-family: Poppins, sans-serif;\"><span style=\"font-size: small;\">7. INICI I ACABAMENT DE LES SESSIONS D&#8217;ASSESSORAMENT<\/span><\/span><\/span><\/h6>\n<\/td>\n<td style=\"width: 54.1936%; text-align: left;\">\n<h5><span style=\"color: #993300;\"><span style=\"font-family: Poppins, sans-serif;\"><span style=\"font-size: small;\">( A determinar)<\/span><\/span><\/span><\/h5>\n<\/td>\n<\/tr>\n<tr>\n<td style=\"width: 34.1082%; text-align: left;\">\n<h6><span style=\"color: #003300;\"><span style=\"font-family: Poppins, sans-serif;\"><span style=\"font-size: small;\">8. ENQUESTA<\/span><\/span><\/span><\/h6>\n<\/td>\n<td style=\"width: 54.1936%; text-align: left;\">\n<h5><span style=\"color: #993300;\"><span style=\"font-family: Poppins, sans-serif;\"><span style=\"font-size: small;\">( A determinar)<\/span><\/span><\/span><\/h5>\n<\/td>\n<\/tr>\n<\/tbody>\n<\/table>\n<pre><\/pre>\n","protected":false},"excerpt":{"rendered":"<p>Servei d&#8217;Assessorament<br \/>\nL&#8217;assessorament \u00e9s un servei que el centre educatiu presta de forma individual, a sol\u00b7licitud d&#8217;una persona adulta que disposi d&#8217;experi\u00e8ncia laboral o formaci\u00f3 pr\u00e8via. Consisteix en la identificaci\u00f3 i l&#8217;an\u00e0lisi detallada de les capacitats i les expectatives professionals de les persones que el sol\u00b7liciten,&hellip;  <a href=\"https:\/\/agora.xtec.cat\/iespereborrellpuigcerda\/serveis\/servei-dassessorament-i-reconeixement\/\" title=\"Read Servei d&#8217;Assessorament i Reconeixement\">Llegeix m\u00e9s\u00bb<\/a><\/p>\n","protected":false},"author":1,"featured_media":0,"parent":63,"menu_order":0,"comment_status":"closed","ping_status":"closed","template":"","meta":{"_bbp_topic_count":0,"_bbp_reply_count":0,"_bbp_total_topic_count":0,"_bbp_total_reply_count":0,"_bbp_voice_count":0,"_bbp_anonymous_reply_count":0,"_bbp_topic_count_hidden":0,"_bbp_reply_count_hidden":0,"_bbp_forum_subforum_count":0,"footnotes":""},"class_list":["post-6000","page","type-page","status-publish","hentry"],"post_mailing_queue_ids":[],"_links":{"self":[{"href":"https:\/\/agora.xtec.cat\/iespereborrellpuigcerda\/wp-json\/wp\/v2\/pages\/6000","targetHints":{"allow":["GET"]}}],"collection":[{"href":"https:\/\/agora.xtec.cat\/iespereborrellpuigcerda\/wp-json\/wp\/v2\/pages"}],"about":[{"href":"https:\/\/agora.xtec.cat\/iespereborrellpuigcerda\/wp-json\/wp\/v2\/types\/page"}],"author":[{"embeddable":true,"href":"https:\/\/agora.xtec.cat\/iespereborrellpuigcerda\/wp-json\/wp\/v2\/users\/1"}],"replies":[{"embeddable":true,"href":"https:\/\/agora.xtec.cat\/iespereborrellpuigcerda\/wp-json\/wp\/v2\/comments?post=6000"}],"version-history":[{"count":3,"href":"https:\/\/agora.xtec.cat\/iespereborrellpuigcerda\/wp-json\/wp\/v2\/pages\/6000\/revisions"}],"predecessor-version":[{"id":6004,"href":"https:\/\/agora.xtec.cat\/iespereborrellpuigcerda\/wp-json\/wp\/v2\/pages\/6000\/revisions\/6004"}],"up":[{"embeddable":true,"href":"https:\/\/agora.xtec.cat\/iespereborrellpuigcerda\/wp-json\/wp\/v2\/pages\/63"}],"wp:attachment":[{"href":"https:\/\/agora.xtec.cat\/iespereborrellpuigcerda\/wp-json\/wp\/v2\/media?parent=6000"}],"curies":[{"name":"wp","href":"https:\/\/api.w.org\/{rel}","templated":true}]}}