{"id":4681,"date":"2018-03-23T14:16:25","date_gmt":"2018-03-23T13:16:25","guid":{"rendered":"http:\/\/agora.xtec.cat\/iespereborrellpuigcerda\/?page_id=4681"},"modified":"2022-06-15T17:43:00","modified_gmt":"2022-06-15T15:43:00","slug":"pfi-pip","status":"publish","type":"page","link":"https:\/\/agora.xtec.cat\/iespereborrellpuigcerda\/estudis\/pfi-pip\/","title":{"rendered":"PFI &#8211; PIP"},"content":{"rendered":"<h3 class=\"r\"><a href=\"http:\/\/queestudiar.gencat.cat\/ca\/preinscripcio\/estudis\/pfi\/\">Programes de formaci\u00f3 i inserci\u00f3 (PFI &#8211; PIP)<\/a><\/h3>\n<hr \/>\n<p><span style=\"color: #003300;\"><strong>Sortida Col\u00b7legi Alfons I de Puigcerd\u00e0 &#8211; 20 de desembre de 2021<\/strong><\/span><\/p>\n<p>Els alumnes de l&#8217;<span class=\"hiddenSpellError\">INS<\/span>\u00a0Pere Borrell van anar al col\u00b7legi Alfons I de Puigcerd\u00e0, vam col\u00b7locar el &#8220;<span class=\"hiddenSpellError\">photocall<\/span>&#8221; perqu\u00e8 tots els alumnes del col\u00b7legi poguessin gaudir-ne.<\/p>\n<p><img loading=\"lazy\" decoding=\"async\" class=\"aligncenter wp-image-9628 size-large\" src=\"https:\/\/agora.xtec.cat\/iespereborrellpuigcerda\/wp-content\/uploads\/usu1157\/2022\/06\/IMG-20211220-WA0007-1024x576.jpg\" alt=\"\" width=\"1024\" height=\"576\" srcset=\"https:\/\/agora.xtec.cat\/iespereborrellpuigcerda\/wp-content\/uploads\/usu1157\/2022\/06\/IMG-20211220-WA0007-1024x576.jpg 1024w, https:\/\/agora.xtec.cat\/iespereborrellpuigcerda\/wp-content\/uploads\/usu1157\/2022\/06\/IMG-20211220-WA0007-300x169.jpg 300w, https:\/\/agora.xtec.cat\/iespereborrellpuigcerda\/wp-content\/uploads\/usu1157\/2022\/06\/IMG-20211220-WA0007-768x432.jpg 768w, https:\/\/agora.xtec.cat\/iespereborrellpuigcerda\/wp-content\/uploads\/usu1157\/2022\/06\/IMG-20211220-WA0007-1536x864.jpg 1536w, https:\/\/agora.xtec.cat\/iespereborrellpuigcerda\/wp-content\/uploads\/usu1157\/2022\/06\/IMG-20211220-WA0007.jpg 1599w\" sizes=\"auto, (max-width: 1024px) 100vw, 1024px\" \/><\/p>\n<hr \/>\n<p><span style=\"color: #003300;\"><strong>Decoraci\u00f3 nadalenca &#8211; 22 de desembre de 2021<\/strong><\/span><\/p>\n\r\n\t<div class=\"slideshow_container slideshow_container_style-light\" style=\"height: 500px; \" data-slideshow-id=\"9623\" data-style-name=\"style-light\" data-style-version=\"2.3.1\" >\r\n\r\n\t\t\t\t\t<div class=\"slideshow_loading_icon\"><\/div>\r\n\t\t\r\n\t\t<div class=\"slideshow_content\" style=\"display: none;\">\r\n\r\n\t\t\t<div class=\"slideshow_view\">\r\n\t\t\t\t<div class=\"slideshow_slide slideshow_slide_image\">\r\n\t\t\t\t\t\t\t\t\t\t\t<img src=\"https:\/\/agora.xtec.cat\/iespereborrellpuigcerda\/wp-content\/uploads\/usu1157\/2022\/06\/IMG-20211213-WA0019.jpg\" alt=\"IMG-20211213-WA0019\" width=\"1599\" height=\"899\" \/>\r\n\t\t\t\t\t\t\t\t\t\t<div class=\"slideshow_description_box slideshow_transparent\">\r\n\t\t\t\t\t\t<div class=\"slideshow_title\">IMG-20211213-WA0019<\/div>\t\t\t\t\t\t\t\t\t\t\t<\/div>\r\n\t\t\t\t<\/div>\r\n\r\n\t\t\t\t\t\t<div style=\"clear: both;\"><\/div><\/div><div class=\"slideshow_view\">\r\n\t\t\t\t<div class=\"slideshow_slide slideshow_slide_image\">\r\n\t\t\t\t\t\t\t\t\t\t\t<img src=\"https:\/\/agora.xtec.cat\/iespereborrellpuigcerda\/wp-content\/uploads\/usu1157\/2022\/06\/IMG-20211215-WA0023.jpg\" alt=\"IMG-20211215-WA0023\" width=\"1599\" height=\"899\" \/>\r\n\t\t\t\t\t\t\t\t\t\t<div class=\"slideshow_description_box slideshow_transparent\">\r\n\t\t\t\t\t\t<div class=\"slideshow_title\">IMG-20211215-WA0023<\/div>\t\t\t\t\t\t\t\t\t\t\t<\/div>\r\n\t\t\t\t<\/div>\r\n\r\n\t\t\t\t\t\t<div style=\"clear: both;\"><\/div><\/div><div class=\"slideshow_view\">\r\n\t\t\t\t<div class=\"slideshow_slide slideshow_slide_image\">\r\n\t\t\t\t\t\t\t\t\t\t\t<img src=\"https:\/\/agora.xtec.cat\/iespereborrellpuigcerda\/wp-content\/uploads\/usu1157\/2022\/06\/IMG-20211209-WA0006.jpg\" alt=\"IMG-20211209-WA0006\" width=\"1599\" height=\"899\" \/>\r\n\t\t\t\t\t\t\t\t\t\t<div class=\"slideshow_description_box slideshow_transparent\">\r\n\t\t\t\t\t\t<div class=\"slideshow_title\">IMG-20211209-WA0006<\/div>\t\t\t\t\t\t\t\t\t\t\t<\/div>\r\n\t\t\t\t<\/div>\r\n\r\n\t\t\t\t\t\t<div style=\"clear: both;\"><\/div><\/div><div class=\"slideshow_view\">\r\n\t\t\t\t<div class=\"slideshow_slide slideshow_slide_image\">\r\n\t\t\t\t\t\t\t\t\t\t\t<img src=\"https:\/\/agora.xtec.cat\/iespereborrellpuigcerda\/wp-content\/uploads\/usu1157\/2022\/06\/IMG-20220201-WA0010.jpg\" alt=\"IMG-20220201-WA0010\" width=\"1599\" height=\"899\" \/>\r\n\t\t\t\t\t\t\t\t\t\t<div class=\"slideshow_description_box slideshow_transparent\">\r\n\t\t\t\t\t\t<div class=\"slideshow_title\">IMG-20220201-WA0010<\/div>\t\t\t\t\t\t\t\t\t\t\t<\/div>\r\n\t\t\t\t<\/div>\r\n\r\n\t\t\t\t\t\t<div style=\"clear: both;\"><\/div><\/div>\r\n\t\t<\/div>\r\n\r\n\t\t<div class=\"slideshow_controlPanel slideshow_transparent\" style=\"display: none;\"><ul><li class=\"slideshow_togglePlay\" data-play-text=\"Visualitza\" data-pause-text=\"Pausa\"><\/li><\/ul><\/div>\r\n\r\n\t\t<div class=\"slideshow_button slideshow_previous slideshow_transparent\" role=\"button\" data-previous-text=\"Anterior\" style=\"display: none;\"><\/div>\r\n\t\t<div class=\"slideshow_button slideshow_next slideshow_transparent\" role=\"button\" data-next-text=\"Seg\u00fcent\" style=\"display: none;\"><\/div>\r\n\r\n\t\t<div class=\"slideshow_pagination\" style=\"display: none;\" data-go-to-text=\"V\u00e9s a la diapositiva\"><div class=\"slideshow_pagination_center\"><\/div><\/div>\r\n\r\n\t\t<!-- WordPress Slideshow Version 2.3.1 -->\r\n\r\n\t\t\t<\/div>\r\n\r\n\n<hr \/>\n<h6><span style=\"color: #003300;\"><strong>Dia de la dona &#8211; 8 de mar\u00e7 de 2022<\/strong><\/span><\/h6>\n\r\n\t<div class=\"slideshow_container slideshow_container_style-light\" style=\"height: 500px; \" data-slideshow-id=\"9608\" data-style-name=\"style-light\" data-style-version=\"2.3.1\" >\r\n\r\n\t\t\t\t\t<div class=\"slideshow_loading_icon\"><\/div>\r\n\t\t\r\n\t\t<div class=\"slideshow_content\" style=\"display: none;\">\r\n\r\n\t\t\t<div class=\"slideshow_view\">\r\n\t\t\t\t<div class=\"slideshow_slide slideshow_slide_image\">\r\n\t\t\t\t\t\t\t\t\t\t\t<img src=\"https:\/\/agora.xtec.cat\/iespereborrellpuigcerda\/wp-content\/uploads\/usu1157\/2022\/06\/IMG-20220307-WA0010.jpg\" alt=\"IMG-20220307-WA0010\" width=\"899\" height=\"1599\" \/>\r\n\t\t\t\t\t\t\t\t\t\t<div class=\"slideshow_description_box slideshow_transparent\">\r\n\t\t\t\t\t\t<div class=\"slideshow_title\">IMG-20220307-WA0010<\/div>\t\t\t\t\t\t\t\t\t\t\t<\/div>\r\n\t\t\t\t<\/div>\r\n\r\n\t\t\t\t\t\t<div style=\"clear: both;\"><\/div><\/div><div class=\"slideshow_view\">\r\n\t\t\t\t<div class=\"slideshow_slide slideshow_slide_image\">\r\n\t\t\t\t\t\t\t\t\t\t\t<img src=\"https:\/\/agora.xtec.cat\/iespereborrellpuigcerda\/wp-content\/uploads\/usu1157\/2022\/06\/IMG-20220308-WA0010.jpg\" alt=\"IMG-20220308-WA0010\" width=\"1599\" height=\"899\" \/>\r\n\t\t\t\t\t\t\t\t\t\t<div class=\"slideshow_description_box slideshow_transparent\">\r\n\t\t\t\t\t\t<div class=\"slideshow_title\">IMG-20220308-WA0010<\/div>\t\t\t\t\t\t\t\t\t\t\t<\/div>\r\n\t\t\t\t<\/div>\r\n\r\n\t\t\t\t\t\t<div style=\"clear: both;\"><\/div><\/div><div class=\"slideshow_view\">\r\n\t\t\t\t<div class=\"slideshow_slide slideshow_slide_image\">\r\n\t\t\t\t\t\t\t\t\t\t\t<img src=\"https:\/\/agora.xtec.cat\/iespereborrellpuigcerda\/wp-content\/uploads\/usu1157\/2022\/06\/IMG-20220308-WA0012.jpg\" alt=\"IMG-20220308-WA0012\" width=\"1599\" height=\"899\" \/>\r\n\t\t\t\t\t\t\t\t\t\t<div class=\"slideshow_description_box slideshow_transparent\">\r\n\t\t\t\t\t\t<div class=\"slideshow_title\">IMG-20220308-WA0012<\/div>\t\t\t\t\t\t\t\t\t\t\t<\/div>\r\n\t\t\t\t<\/div>\r\n\r\n\t\t\t\t\t\t<div style=\"clear: both;\"><\/div><\/div><div class=\"slideshow_view\">\r\n\t\t\t\t<div class=\"slideshow_slide slideshow_slide_image\">\r\n\t\t\t\t\t\t\t\t\t\t\t<img src=\"https:\/\/agora.xtec.cat\/iespereborrellpuigcerda\/wp-content\/uploads\/usu1157\/2022\/06\/IMG-20220308-WA0014.jpg\" alt=\"IMG-20220308-WA0014\" width=\"1599\" height=\"899\" \/>\r\n\t\t\t\t\t\t\t\t\t\t<div class=\"slideshow_description_box slideshow_transparent\">\r\n\t\t\t\t\t\t<div class=\"slideshow_title\">IMG-20220308-WA0014<\/div>\t\t\t\t\t\t\t\t\t\t\t<\/div>\r\n\t\t\t\t<\/div>\r\n\r\n\t\t\t\t\t\t<div style=\"clear: both;\"><\/div><\/div><div class=\"slideshow_view\">\r\n\t\t\t\t<div class=\"slideshow_slide slideshow_slide_image\">\r\n\t\t\t\t\t\t\t\t\t\t\t<img src=\"https:\/\/agora.xtec.cat\/iespereborrellpuigcerda\/wp-content\/uploads\/usu1157\/2022\/06\/IMG-20220308-WA0032.jpg\" alt=\"IMG-20220308-WA0032\" width=\"1599\" height=\"899\" \/>\r\n\t\t\t\t\t\t\t\t\t\t<div class=\"slideshow_description_box slideshow_transparent\">\r\n\t\t\t\t\t\t<div class=\"slideshow_title\">IMG-20220308-WA0032<\/div>\t\t\t\t\t\t\t\t\t\t\t<\/div>\r\n\t\t\t\t<\/div>\r\n\r\n\t\t\t\t\t\t<div style=\"clear: both;\"><\/div><\/div><div class=\"slideshow_view\">\r\n\t\t\t\t<div class=\"slideshow_slide slideshow_slide_image\">\r\n\t\t\t\t\t\t\t\t\t\t\t<img src=\"https:\/\/agora.xtec.cat\/iespereborrellpuigcerda\/wp-content\/uploads\/usu1157\/2022\/06\/IMG-20220303-WA0009.jpg\" alt=\"IMG-20220303-WA0009\" width=\"1599\" height=\"899\" \/>\r\n\t\t\t\t\t\t\t\t\t\t<div class=\"slideshow_description_box slideshow_transparent\">\r\n\t\t\t\t\t\t<div class=\"slideshow_title\">IMG-20220303-WA0009<\/div>\t\t\t\t\t\t\t\t\t\t\t<\/div>\r\n\t\t\t\t<\/div>\r\n\r\n\t\t\t\t\t\t<div style=\"clear: both;\"><\/div><\/div><div class=\"slideshow_view\">\r\n\t\t\t\t<div class=\"slideshow_slide slideshow_slide_image\">\r\n\t\t\t\t\t\t\t\t\t\t\t<img src=\"https:\/\/agora.xtec.cat\/iespereborrellpuigcerda\/wp-content\/uploads\/usu1157\/2022\/06\/IMG-20220308-WA0008.jpg\" alt=\"IMG-20220308-WA0008\" width=\"1599\" height=\"899\" \/>\r\n\t\t\t\t\t\t\t\t\t\t<div class=\"slideshow_description_box slideshow_transparent\">\r\n\t\t\t\t\t\t<div class=\"slideshow_title\">IMG-20220308-WA0008<\/div>\t\t\t\t\t\t\t\t\t\t\t<\/div>\r\n\t\t\t\t<\/div>\r\n\r\n\t\t\t\t\t\t<div style=\"clear: both;\"><\/div><\/div><div class=\"slideshow_view\">\r\n\t\t\t\t<div class=\"slideshow_slide slideshow_slide_image\">\r\n\t\t\t\t\t\t\t\t\t\t\t<img src=\"https:\/\/agora.xtec.cat\/iespereborrellpuigcerda\/wp-content\/uploads\/usu1157\/2022\/06\/IMG-20220308-WA0001.jpg\" alt=\"IMG-20220308-WA0001\" width=\"1599\" height=\"899\" \/>\r\n\t\t\t\t\t\t\t\t\t\t<div class=\"slideshow_description_box slideshow_transparent\">\r\n\t\t\t\t\t\t<div class=\"slideshow_title\">IMG-20220308-WA0001<\/div>\t\t\t\t\t\t\t\t\t\t\t<\/div>\r\n\t\t\t\t<\/div>\r\n\r\n\t\t\t\t\t\t<div style=\"clear: both;\"><\/div><\/div><div class=\"slideshow_view\">\r\n\t\t\t\t<div class=\"slideshow_slide slideshow_slide_image\">\r\n\t\t\t\t\t\t\t\t\t\t\t<img src=\"https:\/\/agora.xtec.cat\/iespereborrellpuigcerda\/wp-content\/uploads\/usu1157\/2022\/06\/IMG-20220301-WA0016.jpg\" alt=\"IMG-20220301-WA0016\" width=\"1599\" height=\"899\" \/>\r\n\t\t\t\t\t\t\t\t\t\t<div class=\"slideshow_description_box slideshow_transparent\">\r\n\t\t\t\t\t\t<div class=\"slideshow_title\">IMG-20220301-WA0016<\/div>\t\t\t\t\t\t\t\t\t\t\t<\/div>\r\n\t\t\t\t<\/div>\r\n\r\n\t\t\t\t\t\t<div style=\"clear: both;\"><\/div><\/div><div class=\"slideshow_view\">\r\n\t\t\t\t<div class=\"slideshow_slide slideshow_slide_image\">\r\n\t\t\t\t\t\t\t\t\t\t\t<img src=\"https:\/\/agora.xtec.cat\/iespereborrellpuigcerda\/wp-content\/uploads\/usu1157\/2022\/06\/IMG-20220301-WA0019.jpg\" alt=\"IMG-20220301-WA0019\" width=\"899\" height=\"1599\" \/>\r\n\t\t\t\t\t\t\t\t\t\t<div class=\"slideshow_description_box slideshow_transparent\">\r\n\t\t\t\t\t\t<div class=\"slideshow_title\">IMG-20220301-WA0019<\/div>\t\t\t\t\t\t\t\t\t\t\t<\/div>\r\n\t\t\t\t<\/div>\r\n\r\n\t\t\t\t\t\t<div style=\"clear: both;\"><\/div><\/div><div class=\"slideshow_view\">\r\n\t\t\t\t<div class=\"slideshow_slide slideshow_slide_image\">\r\n\t\t\t\t\t\t\t\t\t\t\t<img src=\"https:\/\/agora.xtec.cat\/iespereborrellpuigcerda\/wp-content\/uploads\/usu1157\/2022\/06\/IMG-20220301-WA0023.jpg\" alt=\"IMG-20220301-WA0023\" width=\"1599\" height=\"899\" \/>\r\n\t\t\t\t\t\t\t\t\t\t<div class=\"slideshow_description_box slideshow_transparent\">\r\n\t\t\t\t\t\t<div class=\"slideshow_title\">IMG-20220301-WA0023<\/div>\t\t\t\t\t\t\t\t\t\t\t<\/div>\r\n\t\t\t\t<\/div>\r\n\r\n\t\t\t\t\t\t<div style=\"clear: both;\"><\/div><\/div>\r\n\t\t<\/div>\r\n\r\n\t\t<div class=\"slideshow_controlPanel slideshow_transparent\" style=\"display: none;\"><ul><li class=\"slideshow_togglePlay\" data-play-text=\"Visualitza\" data-pause-text=\"Pausa\"><\/li><\/ul><\/div>\r\n\r\n\t\t<div class=\"slideshow_button slideshow_previous slideshow_transparent\" role=\"button\" data-previous-text=\"Anterior\" style=\"display: none;\"><\/div>\r\n\t\t<div class=\"slideshow_button slideshow_next slideshow_transparent\" role=\"button\" data-next-text=\"Seg\u00fcent\" style=\"display: none;\"><\/div>\r\n\r\n\t\t<div class=\"slideshow_pagination\" style=\"display: none;\" data-go-to-text=\"V\u00e9s a la diapositiva\"><div class=\"slideshow_pagination_center\"><\/div><\/div>\r\n\r\n\t\t<!-- WordPress Slideshow Version 2.3.1 -->\r\n\r\n\t\t\t<\/div>\r\n\r\n\n<hr \/>\n<h6><span style=\"color: #003300;\"><strong>Sortida &#8211; trobada pedag\u00f2gica dels programes de formaci\u00f3 i inserci\u00f3 (PFI) d&#8217;Olot, Puigcerd\u00e0 i Ripoll &#8211; Curs 2021-22<\/strong><\/span><\/h6>\n\r\n\t<div class=\"slideshow_container slideshow_container_style-light\" style=\"height: 500px; \" data-slideshow-id=\"9600\" data-style-name=\"style-light\" data-style-version=\"2.3.1\" >\r\n\r\n\t\t\t\t\t<div class=\"slideshow_loading_icon\"><\/div>\r\n\t\t\r\n\t\t<div class=\"slideshow_content\" style=\"display: none;\">\r\n\r\n\t\t\t<div class=\"slideshow_view\">\r\n\t\t\t\t<div class=\"slideshow_slide slideshow_slide_image\">\r\n\t\t\t\t\t\t\t\t\t\t\t<img src=\"https:\/\/agora.xtec.cat\/iespereborrellpuigcerda\/wp-content\/uploads\/usu1157\/2022\/06\/IMG-20220425-WA0022.jpg\" alt=\"IMG-20220425-WA0022\" width=\"1599\" height=\"899\" \/>\r\n\t\t\t\t\t\t\t\t\t\t<div class=\"slideshow_description_box slideshow_transparent\">\r\n\t\t\t\t\t\t<div class=\"slideshow_title\">IMG-20220425-WA0022<\/div>\t\t\t\t\t\t\t\t\t\t\t<\/div>\r\n\t\t\t\t<\/div>\r\n\r\n\t\t\t\t\t\t<div style=\"clear: both;\"><\/div><\/div><div class=\"slideshow_view\">\r\n\t\t\t\t<div class=\"slideshow_slide slideshow_slide_image\">\r\n\t\t\t\t\t\t\t\t\t\t\t<img src=\"https:\/\/agora.xtec.cat\/iespereborrellpuigcerda\/wp-content\/uploads\/usu1157\/2022\/06\/IMG-20220425-WA0021.jpg\" alt=\"IMG-20220425-WA0021\" width=\"1599\" height=\"899\" \/>\r\n\t\t\t\t\t\t\t\t\t\t<div class=\"slideshow_description_box slideshow_transparent\">\r\n\t\t\t\t\t\t<div class=\"slideshow_title\">IMG-20220425-WA0021<\/div>\t\t\t\t\t\t\t\t\t\t\t<\/div>\r\n\t\t\t\t<\/div>\r\n\r\n\t\t\t\t\t\t<div style=\"clear: both;\"><\/div><\/div>\r\n\t\t<\/div>\r\n\r\n\t\t<div class=\"slideshow_controlPanel slideshow_transparent\" style=\"display: none;\"><ul><li class=\"slideshow_togglePlay\" data-play-text=\"Visualitza\" data-pause-text=\"Pausa\"><\/li><\/ul><\/div>\r\n\r\n\t\t<div class=\"slideshow_button slideshow_previous slideshow_transparent\" role=\"button\" data-previous-text=\"Anterior\" style=\"display: none;\"><\/div>\r\n\t\t<div class=\"slideshow_button slideshow_next slideshow_transparent\" role=\"button\" data-next-text=\"Seg\u00fcent\" style=\"display: none;\"><\/div>\r\n\r\n\t\t<div class=\"slideshow_pagination\" style=\"display: none;\" data-go-to-text=\"V\u00e9s a la diapositiva\"><div class=\"slideshow_pagination_center\"><\/div><\/div>\r\n\r\n\t\t<!-- WordPress Slideshow Version 2.3.1 -->\r\n\r\n\t\t\t<\/div>\r\n\r\n\n<hr \/>\n<h6><span style=\"color: #003300;\"><strong>PFI &#8211; DIES DE LES LLENG\u00dcES &#8211; 8 de maig de 2022<\/strong><\/span><\/h6>\n\r\n\t<div class=\"slideshow_container slideshow_container_style-light\" style=\"height: 500px; \" data-slideshow-id=\"9598\" data-style-name=\"style-light\" data-style-version=\"2.3.1\" >\r\n\r\n\t\t\t\t\t<div class=\"slideshow_loading_icon\"><\/div>\r\n\t\t\r\n\t\t<div class=\"slideshow_content\" style=\"display: none;\">\r\n\r\n\t\t\t<div class=\"slideshow_view\">\r\n\t\t\t\t<div class=\"slideshow_slide slideshow_slide_image\">\r\n\t\t\t\t\t\t\t\t\t\t\t<img src=\"https:\/\/agora.xtec.cat\/iespereborrellpuigcerda\/wp-content\/uploads\/usu1157\/2022\/06\/IMG-20220419-WA0015.jpg\" alt=\"IMG-20220419-WA0015\" width=\"899\" height=\"1599\" \/>\r\n\t\t\t\t\t\t\t\t\t\t<div class=\"slideshow_description_box slideshow_transparent\">\r\n\t\t\t\t\t\t<div class=\"slideshow_title\">IMG-20220419-WA0015<\/div>\t\t\t\t\t\t\t\t\t\t\t<\/div>\r\n\t\t\t\t<\/div>\r\n\r\n\t\t\t\t\t\t<div style=\"clear: both;\"><\/div><\/div><div class=\"slideshow_view\">\r\n\t\t\t\t<div class=\"slideshow_slide slideshow_slide_image\">\r\n\t\t\t\t\t\t\t\t\t\t\t<img src=\"https:\/\/agora.xtec.cat\/iespereborrellpuigcerda\/wp-content\/uploads\/usu1157\/2022\/06\/IMG-20220419-WA0011.jpg\" alt=\"IMG-20220419-WA0011\" width=\"1599\" height=\"899\" \/>\r\n\t\t\t\t\t\t\t\t\t\t<div class=\"slideshow_description_box slideshow_transparent\">\r\n\t\t\t\t\t\t<div class=\"slideshow_title\">IMG-20220419-WA0011<\/div>\t\t\t\t\t\t\t\t\t\t\t<\/div>\r\n\t\t\t\t<\/div>\r\n\r\n\t\t\t\t\t\t<div style=\"clear: both;\"><\/div><\/div><div class=\"slideshow_view\">\r\n\t\t\t\t<div class=\"slideshow_slide slideshow_slide_image\">\r\n\t\t\t\t\t\t\t\t\t\t\t<img src=\"https:\/\/agora.xtec.cat\/iespereborrellpuigcerda\/wp-content\/uploads\/usu1157\/2022\/06\/IMG-20220419-WA0013.jpg\" alt=\"IMG-20220419-WA0013\" width=\"1599\" height=\"899\" \/>\r\n\t\t\t\t\t\t\t\t\t\t<div class=\"slideshow_description_box slideshow_transparent\">\r\n\t\t\t\t\t\t<div class=\"slideshow_title\">IMG-20220419-WA0013<\/div>\t\t\t\t\t\t\t\t\t\t\t<\/div>\r\n\t\t\t\t<\/div>\r\n\r\n\t\t\t\t\t\t<div style=\"clear: both;\"><\/div><\/div><div class=\"slideshow_view\">\r\n\t\t\t\t<div class=\"slideshow_slide slideshow_slide_image\">\r\n\t\t\t\t\t\t\t\t\t\t\t<img src=\"https:\/\/agora.xtec.cat\/iespereborrellpuigcerda\/wp-content\/uploads\/usu1157\/2022\/06\/IMG-20220419-WA0009.jpg\" alt=\"IMG-20220419-WA0009\" width=\"899\" height=\"1599\" \/>\r\n\t\t\t\t\t\t\t\t\t\t<div class=\"slideshow_description_box slideshow_transparent\">\r\n\t\t\t\t\t\t<div class=\"slideshow_title\">IMG-20220419-WA0009<\/div>\t\t\t\t\t\t\t\t\t\t\t<\/div>\r\n\t\t\t\t<\/div>\r\n\r\n\t\t\t\t\t\t<div style=\"clear: both;\"><\/div><\/div><div class=\"slideshow_view\">\r\n\t\t\t\t<div class=\"slideshow_slide slideshow_slide_image\">\r\n\t\t\t\t\t\t\t\t\t\t\t<img src=\"https:\/\/agora.xtec.cat\/iespereborrellpuigcerda\/wp-content\/uploads\/usu1157\/2022\/06\/IMG-20220502-WA0008.jpg\" alt=\"IMG-20220502-WA0008\" width=\"899\" height=\"1599\" \/>\r\n\t\t\t\t\t\t\t\t\t\t<div class=\"slideshow_description_box slideshow_transparent\">\r\n\t\t\t\t\t\t<div class=\"slideshow_title\">IMG-20220502-WA0008<\/div>\t\t\t\t\t\t\t\t\t\t\t<\/div>\r\n\t\t\t\t<\/div>\r\n\r\n\t\t\t\t\t\t<div style=\"clear: both;\"><\/div><\/div><div class=\"slideshow_view\">\r\n\t\t\t\t<div class=\"slideshow_slide slideshow_slide_image\">\r\n\t\t\t\t\t\t\t\t\t\t\t<img src=\"https:\/\/agora.xtec.cat\/iespereborrellpuigcerda\/wp-content\/uploads\/usu1157\/2022\/06\/IMG-20220502-WA0006.jpg\" alt=\"IMG-20220502-WA0006\" width=\"899\" height=\"1599\" \/>\r\n\t\t\t\t\t\t\t\t\t\t<div class=\"slideshow_description_box slideshow_transparent\">\r\n\t\t\t\t\t\t<div class=\"slideshow_title\">IMG-20220502-WA0006<\/div>\t\t\t\t\t\t\t\t\t\t\t<\/div>\r\n\t\t\t\t<\/div>\r\n\r\n\t\t\t\t\t\t<div style=\"clear: both;\"><\/div><\/div><div class=\"slideshow_view\">\r\n\t\t\t\t<div class=\"slideshow_slide slideshow_slide_image\">\r\n\t\t\t\t\t\t\t\t\t\t\t<img src=\"https:\/\/agora.xtec.cat\/iespereborrellpuigcerda\/wp-content\/uploads\/usu1157\/2022\/06\/IMG-20220502-WA0016.jpg\" alt=\"IMG-20220502-WA0016\" width=\"1599\" height=\"899\" \/>\r\n\t\t\t\t\t\t\t\t\t\t<div class=\"slideshow_description_box slideshow_transparent\">\r\n\t\t\t\t\t\t<div class=\"slideshow_title\">IMG-20220502-WA0016<\/div>\t\t\t\t\t\t\t\t\t\t\t<\/div>\r\n\t\t\t\t<\/div>\r\n\r\n\t\t\t\t\t\t<div style=\"clear: both;\"><\/div><\/div>\r\n\t\t<\/div>\r\n\r\n\t\t<div class=\"slideshow_controlPanel slideshow_transparent\" style=\"display: none;\"><ul><li class=\"slideshow_togglePlay\" data-play-text=\"Visualitza\" data-pause-text=\"Pausa\"><\/li><\/ul><\/div>\r\n\r\n\t\t<div class=\"slideshow_button slideshow_previous slideshow_transparent\" role=\"button\" data-previous-text=\"Anterior\" style=\"display: none;\"><\/div>\r\n\t\t<div class=\"slideshow_button slideshow_next slideshow_transparent\" role=\"button\" data-next-text=\"Seg\u00fcent\" style=\"display: none;\"><\/div>\r\n\r\n\t\t<div class=\"slideshow_pagination\" style=\"display: none;\" data-go-to-text=\"V\u00e9s a la diapositiva\"><div class=\"slideshow_pagination_center\"><\/div><\/div>\r\n\r\n\t\t<!-- WordPress Slideshow Version 2.3.1 -->\r\n\r\n\t\t\t<\/div>\r\n\r\n\n<hr \/>\n<h6><strong>Documentaci\u00f3 PDF : <a href=\"https:\/\/drive.google.com\/drive\/folders\/1ggrqyt7midV0kfjmAGOOiXXR4oeLKhK1?usp=sharing\">Informaci\u00f3 PFI ( 2022 )<\/a><\/strong><\/h6>\n<h6><a href=\"https:\/\/www.gencat.cat\/ensenyament\/eac\/pdf\/ETAPA_PFI_CA.pdf\" target=\"_blank\" rel=\"noopener noreferrer\">(antic PQPI i PIP-INS): Informaci\u00f3 general<\/a><\/h6>\n<h6><a href=\"https:\/\/www.youtube.com\/watch?v=Fa3lnRvrTTU&amp;t=10s\" target=\"_blank\" rel=\"noopener noreferrer\">Informaci\u00f3 general sobre estudis de formaci\u00f3 i inserci\u00f3 (gencat.cat)<\/a><\/h6>\n<p><a href=\"https:\/\/agora.xtec.cat\/iespereborrellpuigcerda\/wp-content\/uploads\/usu1157\/2022\/04\/infografia_page-0001.jpg\"><img loading=\"lazy\" decoding=\"async\" class=\"aligncenter size-large wp-image-9399\" src=\"https:\/\/agora.xtec.cat\/iespereborrellpuigcerda\/wp-content\/uploads\/usu1157\/2022\/04\/infografia_page-0001-512x1024.jpg\" alt=\"\" width=\"512\" height=\"1024\" srcset=\"https:\/\/agora.xtec.cat\/iespereborrellpuigcerda\/wp-content\/uploads\/usu1157\/2022\/04\/infografia_page-0001-512x1024.jpg 512w, https:\/\/agora.xtec.cat\/iespereborrellpuigcerda\/wp-content\/uploads\/usu1157\/2022\/04\/infografia_page-0001-150x300.jpg 150w, https:\/\/agora.xtec.cat\/iespereborrellpuigcerda\/wp-content\/uploads\/usu1157\/2022\/04\/infografia_page-0001-768x1536.jpg 768w, https:\/\/agora.xtec.cat\/iespereborrellpuigcerda\/wp-content\/uploads\/usu1157\/2022\/04\/infografia_page-0001-1024x2048.jpg 1024w, https:\/\/agora.xtec.cat\/iespereborrellpuigcerda\/wp-content\/uploads\/usu1157\/2022\/04\/infografia_page-0001.jpg 1250w\" sizes=\"auto, (max-width: 512px) 100vw, 512px\" \/><\/a><a href=\"https:\/\/agora.xtec.cat\/iespereborrellpuigcerda\/wp-content\/uploads\/usu1157\/2022\/04\/Infografia-2020-2022_page-0001.jpg\"><img loading=\"lazy\" decoding=\"async\" class=\"aligncenter size-large wp-image-9400\" src=\"https:\/\/agora.xtec.cat\/iespereborrellpuigcerda\/wp-content\/uploads\/usu1157\/2022\/04\/Infografia-2020-2022_page-0001-724x1024.jpg\" alt=\"\" width=\"724\" height=\"1024\" srcset=\"https:\/\/agora.xtec.cat\/iespereborrellpuigcerda\/wp-content\/uploads\/usu1157\/2022\/04\/Infografia-2020-2022_page-0001-724x1024.jpg 724w, https:\/\/agora.xtec.cat\/iespereborrellpuigcerda\/wp-content\/uploads\/usu1157\/2022\/04\/Infografia-2020-2022_page-0001-212x300.jpg 212w, https:\/\/agora.xtec.cat\/iespereborrellpuigcerda\/wp-content\/uploads\/usu1157\/2022\/04\/Infografia-2020-2022_page-0001-768x1086.jpg 768w, https:\/\/agora.xtec.cat\/iespereborrellpuigcerda\/wp-content\/uploads\/usu1157\/2022\/04\/Infografia-2020-2022_page-0001-1086x1536.jpg 1086w, https:\/\/agora.xtec.cat\/iespereborrellpuigcerda\/wp-content\/uploads\/usu1157\/2022\/04\/Infografia-2020-2022_page-0001.jpg 1241w\" sizes=\"auto, (max-width: 724px) 100vw, 724px\" \/><\/a><\/p>\n<p><iframe loading=\"lazy\" title=\"Orientaci\u00f3 educativa. Programes de Formaci\u00f3 i Inserci\u00f3\" width=\"500\" height=\"281\" src=\"https:\/\/www.youtube.com\/embed\/XQcQV_aKSAw?feature=oembed\" frameborder=\"0\" allow=\"accelerometer; autoplay; clipboard-write; encrypted-media; gyroscope; picture-in-picture; web-share\" referrerpolicy=\"strict-origin-when-cross-origin\" allowfullscreen><\/iframe><\/p>\n","protected":false},"excerpt":{"rendered":"<p><a href=\"http:\/\/queestudiar.gencat.cat\/ca\/preinscripcio\/estudis\/pfi\/\">Programes de formaci\u00f3 i inserci\u00f3 (PFI &#8211; PIP)<\/a><\/p>\n<p>Sortida Col\u00b7legi Alfons I de Puigcerd\u00e0 &#8211; 20 de desembre de 2021<br \/>\nEls alumnes de l&#8217;INS\u00a0Pere Borrell van anar al col\u00b7legi Alfons I de Puigcerd\u00e0, vam col\u00b7locar el &#8220;photocall&#8221; perqu\u00e8 tots els alumnes del col\u00b7legi poguessin gaudir-ne.<\/p>\n<p>Decoraci\u00f3 nadalenca&hellip;  <a href=\"https:\/\/agora.xtec.cat\/iespereborrellpuigcerda\/estudis\/pfi-pip\/\" title=\"Read PFI &#8211; PIP\">Llegeix m\u00e9s\u00bb<\/a><\/p>\n","protected":false},"author":1,"featured_media":0,"parent":195,"menu_order":0,"comment_status":"closed","ping_status":"closed","template":"page-templates\/side-menu.php","meta":{"_bbp_topic_count":0,"_bbp_reply_count":0,"_bbp_total_topic_count":0,"_bbp_total_reply_count":0,"_bbp_voice_count":0,"_bbp_anonymous_reply_count":0,"_bbp_topic_count_hidden":0,"_bbp_reply_count_hidden":0,"_bbp_forum_subforum_count":0,"footnotes":""},"class_list":["post-4681","page","type-page","status-publish","hentry"],"post_mailing_queue_ids":[],"_links":{"self":[{"href":"https:\/\/agora.xtec.cat\/iespereborrellpuigcerda\/wp-json\/wp\/v2\/pages\/4681","targetHints":{"allow":["GET"]}}],"collection":[{"href":"https:\/\/agora.xtec.cat\/iespereborrellpuigcerda\/wp-json\/wp\/v2\/pages"}],"about":[{"href":"https:\/\/agora.xtec.cat\/iespereborrellpuigcerda\/wp-json\/wp\/v2\/types\/page"}],"author":[{"embeddable":true,"href":"https:\/\/agora.xtec.cat\/iespereborrellpuigcerda\/wp-json\/wp\/v2\/users\/1"}],"replies":[{"embeddable":true,"href":"https:\/\/agora.xtec.cat\/iespereborrellpuigcerda\/wp-json\/wp\/v2\/comments?post=4681"}],"version-history":[{"count":4,"href":"https:\/\/agora.xtec.cat\/iespereborrellpuigcerda\/wp-json\/wp\/v2\/pages\/4681\/revisions"}],"predecessor-version":[{"id":9632,"href":"https:\/\/agora.xtec.cat\/iespereborrellpuigcerda\/wp-json\/wp\/v2\/pages\/4681\/revisions\/9632"}],"up":[{"embeddable":true,"href":"https:\/\/agora.xtec.cat\/iespereborrellpuigcerda\/wp-json\/wp\/v2\/pages\/195"}],"wp:attachment":[{"href":"https:\/\/agora.xtec.cat\/iespereborrellpuigcerda\/wp-json\/wp\/v2\/media?parent=4681"}],"curies":[{"name":"wp","href":"https:\/\/api.w.org\/{rel}","templated":true}]}}