{"id":4666,"date":"2018-03-23T13:58:07","date_gmt":"2018-03-23T12:58:07","guid":{"rendered":"http:\/\/agora.xtec.cat\/iespereborrellpuigcerda\/?page_id=4666"},"modified":"2021-09-29T20:21:49","modified_gmt":"2021-09-29T18:21:49","slug":"sociosanitari","status":"publish","type":"page","link":"https:\/\/agora.xtec.cat\/iespereborrellpuigcerda\/estudis\/sociosanitari\/","title":{"rendered":"CFGM Sociosanitari"},"content":{"rendered":"<p><strong>Cicle integrat de Cures Auxiliars d\u2019Infermeria i Atenci\u00f3 a les Persones en situaci\u00f3 de Depend\u00e8ncia<\/strong><\/p>\n<p><iframe loading=\"lazy\" title=\"V\u00eddeo promocional sociosanitari Ins PERE BORRELL Puigcerd\u00e0\" width=\"500\" height=\"281\" src=\"https:\/\/www.youtube.com\/embed\/Q8uDv0z0_bk?feature=oembed\" frameborder=\"0\" allow=\"accelerometer; autoplay; clipboard-write; encrypted-media; gyroscope; picture-in-picture; web-share\" referrerpolicy=\"strict-origin-when-cross-origin\" allowfullscreen><\/iframe><\/p>\n<p>&nbsp;<\/p>\n<div id=\"gtx-trans\" style=\"position: absolute; left: 159px; top: 31px;\">\n<div class=\"gtx-trans-icon\"><\/div>\n<\/div>\n","protected":false},"excerpt":{"rendered":"<p>Cicle integrat de Cures Auxiliars d\u2019Infermeria i Atenci\u00f3 a les Persones en situaci\u00f3 de Depend\u00e8ncia<\/p>\n<p>&nbsp;<\/p>\n","protected":false},"author":1,"featured_media":0,"parent":195,"menu_order":0,"comment_status":"closed","ping_status":"closed","template":"","meta":{"_bbp_topic_count":0,"_bbp_reply_count":0,"_bbp_total_topic_count":0,"_bbp_total_reply_count":0,"_bbp_voice_count":0,"_bbp_anonymous_reply_count":0,"_bbp_topic_count_hidden":0,"_bbp_reply_count_hidden":0,"_bbp_forum_subforum_count":0,"footnotes":""},"class_list":["post-4666","page","type-page","status-publish","hentry"],"post_mailing_queue_ids":[],"_links":{"self":[{"href":"https:\/\/agora.xtec.cat\/iespereborrellpuigcerda\/wp-json\/wp\/v2\/pages\/4666","targetHints":{"allow":["GET"]}}],"collection":[{"href":"https:\/\/agora.xtec.cat\/iespereborrellpuigcerda\/wp-json\/wp\/v2\/pages"}],"about":[{"href":"https:\/\/agora.xtec.cat\/iespereborrellpuigcerda\/wp-json\/wp\/v2\/types\/page"}],"author":[{"embeddable":true,"href":"https:\/\/agora.xtec.cat\/iespereborrellpuigcerda\/wp-json\/wp\/v2\/users\/1"}],"replies":[{"embeddable":true,"href":"https:\/\/agora.xtec.cat\/iespereborrellpuigcerda\/wp-json\/wp\/v2\/comments?post=4666"}],"version-history":[{"count":4,"href":"https:\/\/agora.xtec.cat\/iespereborrellpuigcerda\/wp-json\/wp\/v2\/pages\/4666\/revisions"}],"predecessor-version":[{"id":4669,"href":"https:\/\/agora.xtec.cat\/iespereborrellpuigcerda\/wp-json\/wp\/v2\/pages\/4666\/revisions\/4669"}],"up":[{"embeddable":true,"href":"https:\/\/agora.xtec.cat\/iespereborrellpuigcerda\/wp-json\/wp\/v2\/pages\/195"}],"wp:attachment":[{"href":"https:\/\/agora.xtec.cat\/iespereborrellpuigcerda\/wp-json\/wp\/v2\/media?parent=4666"}],"curies":[{"name":"wp","href":"https:\/\/api.w.org\/{rel}","templated":true}]}}