{"id":2590,"date":"2016-10-05T18:35:27","date_gmt":"2016-10-05T16:35:27","guid":{"rendered":"http:\/\/agora.xtec.cat\/iespereborrellpuigcerda\/?page_id=2590"},"modified":"2021-05-13T18:33:32","modified_gmt":"2021-05-13T16:33:32","slug":"proveidors-de-serveis","status":"publish","type":"page","link":"https:\/\/agora.xtec.cat\/iespereborrellpuigcerda\/serveis\/proveidors-de-serveis\/","title":{"rendered":"Prove\u00efdors de serveis"},"content":{"rendered":"<p><strong>Proc\u00e9s de licitaci\u00f3: SERVEI NETEJA 2020<\/strong><\/p>\n<h6>Licitaci\u00f3 concedida a l&#8217;empresa: OPTIMA SERVEIS &#8211; La Seu d&#8217;Urgell<\/h6>\n<p>&nbsp;<\/p>\n<p>Termini de presentaci\u00f3 d&#8217;ofertes: 04\/12\/19 a les 5:00 h a Administraci\u00f3 de l&#8217;INS PERE BORRELL<\/p>\n<p>Tota la informaci\u00f3 al seg\u00fcent enlla\u00e7: <a href=\"https:\/\/contractaciopublica.gencat.cat\/ecofin_pscp\/AppJava\/notice.pscp?idDoc=55138315&amp;reqCode=viewCn\" target=\"_blank\" rel=\"noopener noreferrer\">https:\/\/contractaciopublica.gencat.cat\/ecofin_pscp\/AppJava\/notice.pscp?idDoc=55138315&amp;reqCode=viewCn<\/a><\/p>\n","protected":false},"excerpt":{"rendered":"<p>Proc\u00e9s de licitaci\u00f3: SERVEI NETEJA 2020<br \/>\nLicitaci\u00f3 concedida a l&#8217;empresa: OPTIMA SERVEIS &#8211; La Seu d&#8217;Urgell<br \/>\n&nbsp;<br \/>\nTermini de presentaci\u00f3 d&#8217;ofertes: 04\/12\/19 a les 5:00 h a Administraci\u00f3 de l&#8217;INS PERE BORRELL<br \/>\nTota la informaci\u00f3 al seg\u00fcent enlla\u00e7: <a href=\"https:\/\/contractaciopublica.gencat.cat\/ecofin_pscp\/AppJava\/notice.pscp?idDoc=55138315&amp;reqCode=viewCn\" target=\"_blank\" rel=\"noopener noreferrer\">https:\/\/contractaciopublica.gencat.cat\/ecofin_pscp\/AppJava\/notice.pscp?idDoc=55138315&amp;reqCode=viewCn<\/a><\/p>\n","protected":false},"author":1,"featured_media":0,"parent":63,"menu_order":0,"comment_status":"closed","ping_status":"closed","template":"","meta":{"_bbp_topic_count":0,"_bbp_reply_count":0,"_bbp_total_topic_count":0,"_bbp_total_reply_count":0,"_bbp_voice_count":0,"_bbp_anonymous_reply_count":0,"_bbp_topic_count_hidden":0,"_bbp_reply_count_hidden":0,"_bbp_forum_subforum_count":0,"footnotes":""},"class_list":["post-2590","page","type-page","status-publish","hentry"],"post_mailing_queue_ids":[],"_links":{"self":[{"href":"https:\/\/agora.xtec.cat\/iespereborrellpuigcerda\/wp-json\/wp\/v2\/pages\/2590","targetHints":{"allow":["GET"]}}],"collection":[{"href":"https:\/\/agora.xtec.cat\/iespereborrellpuigcerda\/wp-json\/wp\/v2\/pages"}],"about":[{"href":"https:\/\/agora.xtec.cat\/iespereborrellpuigcerda\/wp-json\/wp\/v2\/types\/page"}],"author":[{"embeddable":true,"href":"https:\/\/agora.xtec.cat\/iespereborrellpuigcerda\/wp-json\/wp\/v2\/users\/1"}],"replies":[{"embeddable":true,"href":"https:\/\/agora.xtec.cat\/iespereborrellpuigcerda\/wp-json\/wp\/v2\/comments?post=2590"}],"version-history":[{"count":3,"href":"https:\/\/agora.xtec.cat\/iespereborrellpuigcerda\/wp-json\/wp\/v2\/pages\/2590\/revisions"}],"predecessor-version":[{"id":7910,"href":"https:\/\/agora.xtec.cat\/iespereborrellpuigcerda\/wp-json\/wp\/v2\/pages\/2590\/revisions\/7910"}],"up":[{"embeddable":true,"href":"https:\/\/agora.xtec.cat\/iespereborrellpuigcerda\/wp-json\/wp\/v2\/pages\/63"}],"wp:attachment":[{"href":"https:\/\/agora.xtec.cat\/iespereborrellpuigcerda\/wp-json\/wp\/v2\/media?parent=2590"}],"curies":[{"name":"wp","href":"https:\/\/api.w.org\/{rel}","templated":true}]}}