{"id":12214,"date":"2025-10-15T19:47:29","date_gmt":"2025-10-15T17:47:29","guid":{"rendered":"https:\/\/agora.xtec.cat\/iespereborrellpuigcerda\/?page_id=12214"},"modified":"2026-02-26T09:40:19","modified_gmt":"2026-02-26T08:40:19","slug":"titols-post-obligatoris","status":"publish","type":"page","link":"https:\/\/agora.xtec.cat\/iespereborrellpuigcerda\/titols-post-obligatoris\/","title":{"rendered":"SOL.LICITUD DELS T\u00cdTOLS POSTOBLIGATORIS"},"content":{"rendered":"<p><strong>Per a l\u2019expedici\u00f3 de t\u00edtols cal que l\u2019alumne\/a faci la sol\u00b7licitud expressa mitjan\u00e7ant la plataforma online del gencat:\u00a0<\/strong><a href=\"https:\/\/web.gencat.cat\/ca\/tramits\/tramits-temes\/titols-academics-no-universitaris?category=742b7874-a82c-11e3-a972-000c29052e2c\">https:\/\/web.gencat.cat\/ca\/tramits\/tramits-temes\/titols-academics-no-universitaris?category=742b7874-a82c-11e3-a972-000c29052e2c<\/a><\/p>\n<p><strong>IMPORTANT<\/strong>:\u00a0Una vegada fet aquest tr\u00e0mit de sol\u00b7licitud,\u00a0<strong>heu de fer un correu al centre\u00a0<a href=\"mailto:administracio@inspereborrell.cat\">administracio@inspereborrell.cat<\/a>\u00a0amb l\u2019assumpte: \u201cPetici\u00f3 de t\u00edtol\u201d,<\/strong>\u00a0adjuntant foto o c\u00f2pia del DNI\/NIE de l\u2019alumne\/a, i, si s\u2019escau, el carnet monoparental\/fam.nombrosa,\u00a0<strong>per tal que poguem validar les vostres dades i la vostra sol\u00b7licitud.<\/strong><\/p>\n<p>L\u2019aplicaci\u00f3 tarda un\u00a0<strong>m\u00ednim de 48h a conciliar el pagament<\/strong>\u00a0del t\u00edtol. Passat aquest termini,\u00a0<strong>us farem arribar<\/strong>\u00a0el\u00a0<strong>resguard del t\u00edtol al vostre correu.<\/strong><\/p>\n<p><strong>ALTRES INFORMACIONS:<\/strong><\/p>\n<p>\u00c9s indispensable que l\u2019alumne\/a tingui IDCat M\u00f2bil per a poder realitzar el tr\u00e0mit de sol.licitud a la plataforma online.\u00a0L\u2019obtenci\u00f3 de l\u2019IDcat \u00e9s un tr\u00e0mit senzill que es realitza online i que tamb\u00e9 ha de fer l\u2019alumne\/a, en el qual haur\u00e0 de vincular la seva targeta sanit\u00e0ria amb el seu n\u00famero m\u00f2bil:\u00a0<a href=\"https:\/\/www.idcatmobil.cat\/\">https:\/\/www.idcatmobil.cat\/<\/a><\/p>\n<p>Trobareu altres informacions sobre IDCAT M\u00f2bil:\u00a0<a href=\"https:\/\/web.gencat.cat\/ca\/tramits\/suport-tramitacio\/durant-la-tramitacio\/signatura-identificacio-digital\/idcat-mobil\/\">https:\/\/web.gencat.cat\/ca\/tramits\/suport-tramitacio\/durant-la-tramitacio\/signatura-identificacio-digital\/idcat-mobil\/<\/a><\/p>\n<p><strong>SOBRE LES TAXES:<\/strong><\/p>\n<p>Els t\u00edtols d\u2019ensenyaments post obligatoris comporten el pagament d\u2019una taxa:\u00a0<a href=\"https:\/\/educacio.gencat.cat\/ca\/departament\/normativa\/taxes-preus-publics\/taxes\/\">https:\/\/educacio.gencat.cat\/ca\/departament\/normativa\/taxes-preus-publics\/taxes\/<\/a><\/p>\n<p>En el cas que tingueu dret a algun tipus de bonificaci\u00f3, caldr\u00e0 aportar tamb\u00e9 foto o c\u00f2pia del\/la carnet\/documentaci\u00f3 vigent. Podeu consultar els requisits per les bonificacions a:\u00a0<a href=\"https:\/\/educacio.gencat.cat\/ca\/departament\/normativa\/taxes-preus-publics\/exempcions-bonificacions\/\">https:\/\/educacio.gencat.cat\/ca\/departament\/normativa\/taxes-preus-publics\/exempcions-bonificacions\/<\/a><\/p>\n","protected":false},"excerpt":{"rendered":"<p>Per a l\u2019expedici\u00f3 de t\u00edtols cal que l\u2019alumne\/a faci la sol\u00b7licitud expressa mitjan\u00e7ant la plataforma online del gencat:\u00a0<a href=\"https:\/\/web.gencat.cat\/ca\/tramits\/tramits-temes\/titols-academics-no-universitaris?category=742b7874-a82c-11e3-a972-000c29052e2c\">https:\/\/web.gencat.cat\/ca\/tramits\/tramits-temes\/titols-academics-no-universitaris?category=742b7874-a82c-11e3-a972-000c29052e2c<\/a><br \/>\nIMPORTANT:\u00a0Una vegada fet aquest tr\u00e0mit de sol\u00b7licitud,\u00a0heu de fer un correu al centre\u00a0<a href=\"mailto:administracio@inspereborrell.cat\">administracio@inspereborrell.cat<\/a>\u00a0amb l\u2019assumpte: \u201cPetici\u00f3 de t\u00edtol\u201d,\u00a0adjuntant foto o c\u00f2pia del DNI\/NIE de l\u2019alumne\/a, i, si&hellip;  <a href=\"https:\/\/agora.xtec.cat\/iespereborrellpuigcerda\/titols-post-obligatoris\/\" title=\"Read SOL.LICITUD DELS T\u00cdTOLS POSTOBLIGATORIS\">Llegeix m\u00e9s\u00bb<\/a><\/p>\n","protected":false},"author":1,"featured_media":0,"parent":0,"menu_order":0,"comment_status":"closed","ping_status":"closed","template":"","meta":{"_bbp_topic_count":0,"_bbp_reply_count":0,"_bbp_total_topic_count":0,"_bbp_total_reply_count":0,"_bbp_voice_count":0,"_bbp_anonymous_reply_count":0,"_bbp_topic_count_hidden":0,"_bbp_reply_count_hidden":0,"_bbp_forum_subforum_count":0,"footnotes":""},"class_list":["post-12214","page","type-page","status-publish","hentry"],"post_mailing_queue_ids":[],"_links":{"self":[{"href":"https:\/\/agora.xtec.cat\/iespereborrellpuigcerda\/wp-json\/wp\/v2\/pages\/12214","targetHints":{"allow":["GET"]}}],"collection":[{"href":"https:\/\/agora.xtec.cat\/iespereborrellpuigcerda\/wp-json\/wp\/v2\/pages"}],"about":[{"href":"https:\/\/agora.xtec.cat\/iespereborrellpuigcerda\/wp-json\/wp\/v2\/types\/page"}],"author":[{"embeddable":true,"href":"https:\/\/agora.xtec.cat\/iespereborrellpuigcerda\/wp-json\/wp\/v2\/users\/1"}],"replies":[{"embeddable":true,"href":"https:\/\/agora.xtec.cat\/iespereborrellpuigcerda\/wp-json\/wp\/v2\/comments?post=12214"}],"version-history":[{"count":3,"href":"https:\/\/agora.xtec.cat\/iespereborrellpuigcerda\/wp-json\/wp\/v2\/pages\/12214\/revisions"}],"predecessor-version":[{"id":12466,"href":"https:\/\/agora.xtec.cat\/iespereborrellpuigcerda\/wp-json\/wp\/v2\/pages\/12214\/revisions\/12466"}],"wp:attachment":[{"href":"https:\/\/agora.xtec.cat\/iespereborrellpuigcerda\/wp-json\/wp\/v2\/media?parent=12214"}],"curies":[{"name":"wp","href":"https:\/\/api.w.org\/{rel}","templated":true}]}}