{"id":12194,"date":"2025-10-15T09:35:38","date_gmt":"2025-10-15T07:35:38","guid":{"rendered":"https:\/\/agora.xtec.cat\/iespereborrellpuigcerda\/?page_id=12194"},"modified":"2025-10-15T09:39:01","modified_gmt":"2025-10-15T07:39:01","slug":"cerdanya-jove","status":"publish","type":"page","link":"https:\/\/agora.xtec.cat\/iespereborrellpuigcerda\/cerdanya-jove\/","title":{"rendered":"Cerdanya Jove"},"content":{"rendered":"<p><strong>Cerdanya Jove: un espai per cr\u00e9ixer, participar i construir el teu futur<\/strong><\/p>\n<p>Cerdanya Jove \u00e9s l\u2019oficina juvenil de la comarca, un espai pensat per oferir informaci\u00f3, orientaci\u00f3 i activitats a joves de fins a 35 anys. Des de tallers i assessorament acad\u00e8mic o laboral fins a projectes internacionals o activitats d\u2019estiu, el seu objectiu \u00e9s acompanyar el jovent en totes les etapes del seu creixement personal i professional.<\/p>\n<p data-start=\"543\" data-end=\"625\">Gr\u00e0cies a la col\u00b7laboraci\u00f3 amb l\u2019institut, el nostre alumnat pot beneficiar-se de:<\/p>\n<ul data-start=\"626\" data-end=\"948\">\n<li data-start=\"626\" data-end=\"707\">\n<p data-start=\"628\" data-end=\"707\"><strong data-start=\"628\" data-end=\"657\">Orientaci\u00f3 personalitzada<\/strong> sobre estudis, feina o mobilitat internacional.<\/p>\n<\/li>\n<li data-start=\"708\" data-end=\"793\">\n<p data-start=\"710\" data-end=\"793\"><strong data-start=\"710\" data-end=\"747\">Activitats formatives i de lleure<\/strong>, com <em data-start=\"753\" data-end=\"764\">Estiu Viu<\/em> o tallers dins del centre.<\/p>\n<\/li>\n<li data-start=\"794\" data-end=\"882\">\n<p data-start=\"796\" data-end=\"882\"><strong data-start=\"796\" data-end=\"820\">Participaci\u00f3 directa<\/strong> en projectes com els <em data-start=\"842\" data-end=\"879\">Pressupostos Participatius Juvenils<\/em>.<\/p>\n<\/li>\n<li data-start=\"883\" data-end=\"948\">\n<p data-start=\"885\" data-end=\"948\"><strong data-start=\"885\" data-end=\"921\">Espais de trobada i dinamitzaci\u00f3<\/strong>, com els <em data-start=\"931\" data-end=\"945\">Patis Actius<\/em>.<\/p>\n<\/li>\n<\/ul>\n<p data-start=\"950\" data-end=\"1171\">Amb Cerdanya Jove, els joves poden con\u00e8ixer millor les seves opcions, descobrir noves oportunitats i fer sentir la seva veu dins i fora de l\u2019institut.<\/p>\n<p data-start=\"950\" data-end=\"1171\">M\u00e9s informaci\u00f3 a <a href=\"https:\/\/cerdanyajove.cat\/?utm_source=chatgpt.com\">Cerdanya Jove<\/a><\/p>\n","protected":false},"excerpt":{"rendered":"<p>Cerdanya Jove: un espai per cr\u00e9ixer, participar i construir el teu futur<br \/>\nCerdanya Jove \u00e9s l\u2019oficina juvenil de la comarca, un espai pensat per oferir informaci\u00f3, orientaci\u00f3 i activitats a joves de fins a 35 anys. Des de tallers i assessorament acad\u00e8mic o laboral fins a&hellip;  <a href=\"https:\/\/agora.xtec.cat\/iespereborrellpuigcerda\/cerdanya-jove\/\" title=\"Read Cerdanya Jove\">Llegeix m\u00e9s\u00bb<\/a><\/p>\n","protected":false},"author":1,"featured_media":0,"parent":0,"menu_order":0,"comment_status":"closed","ping_status":"closed","template":"","meta":{"_bbp_topic_count":0,"_bbp_reply_count":0,"_bbp_total_topic_count":0,"_bbp_total_reply_count":0,"_bbp_voice_count":0,"_bbp_anonymous_reply_count":0,"_bbp_topic_count_hidden":0,"_bbp_reply_count_hidden":0,"_bbp_forum_subforum_count":0,"footnotes":""},"class_list":["post-12194","page","type-page","status-publish","hentry"],"post_mailing_queue_ids":[],"_links":{"self":[{"href":"https:\/\/agora.xtec.cat\/iespereborrellpuigcerda\/wp-json\/wp\/v2\/pages\/12194","targetHints":{"allow":["GET"]}}],"collection":[{"href":"https:\/\/agora.xtec.cat\/iespereborrellpuigcerda\/wp-json\/wp\/v2\/pages"}],"about":[{"href":"https:\/\/agora.xtec.cat\/iespereborrellpuigcerda\/wp-json\/wp\/v2\/types\/page"}],"author":[{"embeddable":true,"href":"https:\/\/agora.xtec.cat\/iespereborrellpuigcerda\/wp-json\/wp\/v2\/users\/1"}],"replies":[{"embeddable":true,"href":"https:\/\/agora.xtec.cat\/iespereborrellpuigcerda\/wp-json\/wp\/v2\/comments?post=12194"}],"version-history":[{"count":2,"href":"https:\/\/agora.xtec.cat\/iespereborrellpuigcerda\/wp-json\/wp\/v2\/pages\/12194\/revisions"}],"predecessor-version":[{"id":12198,"href":"https:\/\/agora.xtec.cat\/iespereborrellpuigcerda\/wp-json\/wp\/v2\/pages\/12194\/revisions\/12198"}],"wp:attachment":[{"href":"https:\/\/agora.xtec.cat\/iespereborrellpuigcerda\/wp-json\/wp\/v2\/media?parent=12194"}],"curies":[{"name":"wp","href":"https:\/\/api.w.org\/{rel}","templated":true}]}}