{"id":12137,"date":"2025-09-17T10:30:18","date_gmt":"2025-09-17T08:30:18","guid":{"rendered":"https:\/\/agora.xtec.cat\/iespereborrellpuigcerda\/?page_id=12137"},"modified":"2025-10-07T14:48:15","modified_gmt":"2025-10-07T12:48:15","slug":"pcee-pla-catala-desport-a-lescola","status":"publish","type":"page","link":"https:\/\/agora.xtec.cat\/iespereborrellpuigcerda\/pcee-pla-catala-desport-a-lescola\/","title":{"rendered":"PCEE (Pla Catal\u00e0 d&#8217;Esport a l&#8217;Escola)"},"content":{"rendered":"<ol>\n<li>Qu\u00e8 \u00e9s el PCCE<\/li>\n<\/ol>\n<p>2. A qu\u00ed va dirigit?<\/p>\n<p>3. Objectius<\/p>\n<p>4. Activitats extraescolars<\/p>\n<p>5. <a href=\"https:\/\/drive.google.com\/drive\/folders\/1KaBSxSRNraK-FTrVmTilwPxq8nmpUzMg\">Full d&#8217;inscripci\u00f3<\/a><\/p>\n<p>6. Associaci\u00f3 esportiva del centre<\/p>\n<p>7. Dinamitzaci\u00f3 Curs d&#8217;Iniciaci\u00f3 a T\u00e8cnic d&#8217;Esport (CIADEE)<\/p>\n","protected":false},"excerpt":{"rendered":"<ol>\n<li>Qu\u00e8 \u00e9s el PCCE<\/li>\n<\/ol>\n<p>2. A qu\u00ed va dirigit?<br \/>\n3. Objectius<br \/>\n4. Activitats extraescolars<br \/>\n5. <a href=\"https:\/\/drive.google.com\/drive\/folders\/1KaBSxSRNraK-FTrVmTilwPxq8nmpUzMg\">Full d&#8217;inscripci\u00f3<\/a><br \/>\n6. Associaci\u00f3 esportiva del centre<br \/>\n7. Dinamitzaci\u00f3 Curs d&#8217;Iniciaci\u00f3 a T\u00e8cnic d&#8217;Esport (CIADEE)<\/p>\n","protected":false},"author":1,"featured_media":0,"parent":0,"menu_order":0,"comment_status":"closed","ping_status":"closed","template":"","meta":{"_bbp_topic_count":0,"_bbp_reply_count":0,"_bbp_total_topic_count":0,"_bbp_total_reply_count":0,"_bbp_voice_count":0,"_bbp_anonymous_reply_count":0,"_bbp_topic_count_hidden":0,"_bbp_reply_count_hidden":0,"_bbp_forum_subforum_count":0,"footnotes":""},"class_list":["post-12137","page","type-page","status-publish","hentry"],"post_mailing_queue_ids":[],"_links":{"self":[{"href":"https:\/\/agora.xtec.cat\/iespereborrellpuigcerda\/wp-json\/wp\/v2\/pages\/12137","targetHints":{"allow":["GET"]}}],"collection":[{"href":"https:\/\/agora.xtec.cat\/iespereborrellpuigcerda\/wp-json\/wp\/v2\/pages"}],"about":[{"href":"https:\/\/agora.xtec.cat\/iespereborrellpuigcerda\/wp-json\/wp\/v2\/types\/page"}],"author":[{"embeddable":true,"href":"https:\/\/agora.xtec.cat\/iespereborrellpuigcerda\/wp-json\/wp\/v2\/users\/1"}],"replies":[{"embeddable":true,"href":"https:\/\/agora.xtec.cat\/iespereborrellpuigcerda\/wp-json\/wp\/v2\/comments?post=12137"}],"version-history":[{"count":3,"href":"https:\/\/agora.xtec.cat\/iespereborrellpuigcerda\/wp-json\/wp\/v2\/pages\/12137\/revisions"}],"predecessor-version":[{"id":12180,"href":"https:\/\/agora.xtec.cat\/iespereborrellpuigcerda\/wp-json\/wp\/v2\/pages\/12137\/revisions\/12180"}],"wp:attachment":[{"href":"https:\/\/agora.xtec.cat\/iespereborrellpuigcerda\/wp-json\/wp\/v2\/media?parent=12137"}],"curies":[{"name":"wp","href":"https:\/\/api.w.org\/{rel}","templated":true}]}}