{"id":11621,"date":"2024-09-17T12:05:59","date_gmt":"2024-09-17T10:05:59","guid":{"rendered":"https:\/\/agora.xtec.cat\/iespereborrellpuigcerda\/?page_id=11621"},"modified":"2025-06-27T11:38:41","modified_gmt":"2025-06-27T09:38:41","slug":"projecte-erwitte-intercanvi-alemanya","status":"publish","type":"page","link":"https:\/\/agora.xtec.cat\/iespereborrellpuigcerda\/projecte-erwitte-intercanvi-alemanya\/","title":{"rendered":"PROJECTE ERWITTE (Intercanvi alemanya)"},"content":{"rendered":"<h6><span style=\"font-weight: 400;\">El curs 2025-26 l\u2019Institut Pere Borrell continua el projecte relacionat amb la sostenibilitat i el medi ambient amb l\u2019escola St\u00e4dtischen Gymnasiums d\u2019Erwitte, Alemanya. Aquest projecte inclou la possibilitat que alguns\/es alumnes participin en un programa d\u2019intercanvi acollint alumnat alemany a principis de novembre i viatjant a Erwitte allotjant-se amb alumnat d\u2019all\u00e0 a principis de maig.<\/span><\/h6>\n<h6><span style=\"font-weight: 400;\">Fem p\u00fablics els criteris de selecci\u00f3 dels participants en el proc\u00e9s selectiu per poder optar a la participaci\u00f3 en aquest intercanvi, que es poden consultar als documents enlla\u00e7ats a continuaci\u00f3.\u00a0<\/span><\/h6>\n<p style=\"text-align: justify;\">\n<ul>\n<li><a href=\"https:\/\/drive.google.com\/file\/d\/1XZ5uaOwuJjec6gKSFSo3TgW7sN4NkMJN\/view?usp=drive_link\">CRITERIS DE SELECCI\u00d3<\/a><\/li>\n<\/ul>\n<h6><span style=\"font-weight: 400;\">Es fa p\u00fablica la llista dels 20 alumnes seleccionats en el proc\u00e9s selectiu per poder optar a la participaci\u00f3 en l\u2019intercanvi amb l\u2019escola St\u00e4dtischen Gymnasiums d\u2019Erwitte, Alemanya, que es pot consultar al document enlla\u00e7at a continuaci\u00f3. L\u2019alumnat que no ha estat seleccionat queda per estricte ordre de baremaci\u00f3 en una llista d\u2019espera en cas que quedi vacant alguna pla\u00e7a per ren\u00fancia o manca de pagament en el termini establert.<\/span><\/h6>\n<h6><span style=\"font-weight: 400;\">S&#8217;obrir\u00e0 un per\u00edode de reclamaci\u00f3 a principis de setembre pel mat\u00ed presentant inst\u00e0ncia a la Secretaria Administrativa<\/span><\/h6>\n<ul>\n<li><a href=\"https:\/\/drive.google.com\/file\/d\/1yrcLzXv_MF8Vf__TQXtairfkrqXZTTjY\/view?usp=drive_link\">LLISTAT ALUMNAT SELECCIONAT<\/a><\/li>\n<\/ul>\n<hr \/>\n<p>&nbsp;<\/p>\n","protected":false},"excerpt":{"rendered":"<p>El curs 2025-26 l\u2019Institut Pere Borrell continua el projecte relacionat amb la sostenibilitat i el medi ambient amb l\u2019escola St\u00e4dtischen Gymnasiums d\u2019Erwitte, Alemanya. Aquest projecte inclou la possibilitat que alguns\/es alumnes participin en un programa d\u2019intercanvi acollint alumnat alemany a principis de novembre i viatjant&hellip;  <a href=\"https:\/\/agora.xtec.cat\/iespereborrellpuigcerda\/projecte-erwitte-intercanvi-alemanya\/\" title=\"Read PROJECTE ERWITTE (Intercanvi alemanya)\">Llegeix m\u00e9s\u00bb<\/a><\/p>\n","protected":false},"author":1,"featured_media":0,"parent":0,"menu_order":0,"comment_status":"closed","ping_status":"closed","template":"","meta":{"_bbp_topic_count":0,"_bbp_reply_count":0,"_bbp_total_topic_count":0,"_bbp_total_reply_count":0,"_bbp_voice_count":0,"_bbp_anonymous_reply_count":0,"_bbp_topic_count_hidden":0,"_bbp_reply_count_hidden":0,"_bbp_forum_subforum_count":0,"footnotes":""},"class_list":["post-11621","page","type-page","status-publish","hentry"],"post_mailing_queue_ids":[],"_links":{"self":[{"href":"https:\/\/agora.xtec.cat\/iespereborrellpuigcerda\/wp-json\/wp\/v2\/pages\/11621","targetHints":{"allow":["GET"]}}],"collection":[{"href":"https:\/\/agora.xtec.cat\/iespereborrellpuigcerda\/wp-json\/wp\/v2\/pages"}],"about":[{"href":"https:\/\/agora.xtec.cat\/iespereborrellpuigcerda\/wp-json\/wp\/v2\/types\/page"}],"author":[{"embeddable":true,"href":"https:\/\/agora.xtec.cat\/iespereborrellpuigcerda\/wp-json\/wp\/v2\/users\/1"}],"replies":[{"embeddable":true,"href":"https:\/\/agora.xtec.cat\/iespereborrellpuigcerda\/wp-json\/wp\/v2\/comments?post=11621"}],"version-history":[{"count":6,"href":"https:\/\/agora.xtec.cat\/iespereborrellpuigcerda\/wp-json\/wp\/v2\/pages\/11621\/revisions"}],"predecessor-version":[{"id":11643,"href":"https:\/\/agora.xtec.cat\/iespereborrellpuigcerda\/wp-json\/wp\/v2\/pages\/11621\/revisions\/11643"}],"wp:attachment":[{"href":"https:\/\/agora.xtec.cat\/iespereborrellpuigcerda\/wp-json\/wp\/v2\/media?parent=11621"}],"curies":[{"name":"wp","href":"https:\/\/api.w.org\/{rel}","templated":true}]}}