{"id":10757,"date":"2025-09-15T07:47:33","date_gmt":"2025-09-15T05:47:33","guid":{"rendered":"https:\/\/agora.xtec.cat\/iespereborrellpuigcerda\/?page_id=10757"},"modified":"2025-09-15T11:48:01","modified_gmt":"2025-09-15T09:48:01","slug":"objectius-daprenentatge-i-criteris-davaluacio-i-qualificacio-curs-2023-24","status":"publish","type":"page","link":"https:\/\/agora.xtec.cat\/iespereborrellpuigcerda\/objectius-daprenentatge-i-criteris-davaluacio-i-qualificacio-curs-2023-24\/","title":{"rendered":"OBJECTIUS D&#8217;APRENENTATGE I CRITERIS D&#8217;AVALUACI\u00d3 I QUALIFICACI\u00d3"},"content":{"rendered":"<p>&nbsp;<\/p>\n<hr \/>\n<h5 style=\"padding-left: 40px;\"><a href=\"https:\/\/drive.google.com\/drive\/folders\/1SAJoZmnJauOSuIMZIUebv3HZmr-zax1t\"><strong><span style=\"color: #0000ff;\">ENLLA\u00c7 ALS OBJECTIUS D&#8217;APRENENTATGE I CRITERIS D&#8217;AVALUACI\u00d3 I QUALIFICACI\u00d3<\/span><\/strong><\/a><\/h5>\n<hr \/>\n<h5 style=\"padding-left: 40px;\"><\/h5>\n","protected":false},"excerpt":{"rendered":"<p>&nbsp;<\/p>\n<p><a href=\"https:\/\/drive.google.com\/drive\/folders\/1SAJoZmnJauOSuIMZIUebv3HZmr-zax1t\">ENLLA\u00c7 ALS OBJECTIUS D&#8217;APRENENTATGE I CRITERIS D&#8217;AVALUACI\u00d3 I QUALIFICACI\u00d3<\/a><\/p>\n","protected":false},"author":1,"featured_media":0,"parent":0,"menu_order":0,"comment_status":"closed","ping_status":"closed","template":"","meta":{"_bbp_topic_count":0,"_bbp_reply_count":0,"_bbp_total_topic_count":0,"_bbp_total_reply_count":0,"_bbp_voice_count":0,"_bbp_anonymous_reply_count":0,"_bbp_topic_count_hidden":0,"_bbp_reply_count_hidden":0,"_bbp_forum_subforum_count":0,"footnotes":""},"class_list":["post-10757","page","type-page","status-publish","hentry"],"post_mailing_queue_ids":[],"_links":{"self":[{"href":"https:\/\/agora.xtec.cat\/iespereborrellpuigcerda\/wp-json\/wp\/v2\/pages\/10757","targetHints":{"allow":["GET"]}}],"collection":[{"href":"https:\/\/agora.xtec.cat\/iespereborrellpuigcerda\/wp-json\/wp\/v2\/pages"}],"about":[{"href":"https:\/\/agora.xtec.cat\/iespereborrellpuigcerda\/wp-json\/wp\/v2\/types\/page"}],"author":[{"embeddable":true,"href":"https:\/\/agora.xtec.cat\/iespereborrellpuigcerda\/wp-json\/wp\/v2\/users\/1"}],"replies":[{"embeddable":true,"href":"https:\/\/agora.xtec.cat\/iespereborrellpuigcerda\/wp-json\/wp\/v2\/comments?post=10757"}],"version-history":[{"count":6,"href":"https:\/\/agora.xtec.cat\/iespereborrellpuigcerda\/wp-json\/wp\/v2\/pages\/10757\/revisions"}],"predecessor-version":[{"id":12135,"href":"https:\/\/agora.xtec.cat\/iespereborrellpuigcerda\/wp-json\/wp\/v2\/pages\/10757\/revisions\/12135"}],"wp:attachment":[{"href":"https:\/\/agora.xtec.cat\/iespereborrellpuigcerda\/wp-json\/wp\/v2\/media?parent=10757"}],"curies":[{"name":"wp","href":"https:\/\/api.w.org\/{rel}","templated":true}]}}