{"id":81,"date":"2014-09-18T10:38:05","date_gmt":"2014-09-18T09:38:05","guid":{"rendered":"http:\/\/agora.xtec.cat\/iesperebarnils\/\/?page_id=81"},"modified":"2026-01-20T10:04:20","modified_gmt":"2026-01-20T09:04:20","slug":"secretaria","status":"publish","type":"page","link":"https:\/\/agora.xtec.cat\/iesperebarnils\/secretaria\/","title":{"rendered":"Secretaria"},"content":{"rendered":"<p><span style=\"font-weight: 400;\">Podeu fer arribar al correu d\u2019oficines (<\/span><a href=\"mailto:oficines@iesperebarnils.cat\"><span style=\"font-weight: 400;\">oficines@iesperebarnils.cat<\/span><\/a><span style=\"font-weight: 400;\">) la sol\u00b7licitud emplenada i signada del tr\u00e0mit que necessiteu realitzar.<\/span><\/p>\n<p><b>\ud83d\udd51 Horari d\u2019atenci\u00f3:<\/b><span style=\"font-weight: 400;\"> de dilluns a divendres de 10 a 13:00h .\u00a0<\/span><\/p>\n<p><b>\ud83d\udcc4 Documents centre:<\/b><\/p>\n<ul>\n<li style=\"list-style-type: none;\">\n<ul>\n<li><a href=\"https:\/\/agora.xtec.cat\/iesperebarnils\/wp-content\/uploads\/usu1023\/2026\/01\/Autoritzacio-lliurament-documentacio-editable-1.pdf\"><span style=\"font-weight: 400;\">Autoritzaci\u00f3 per al LLIURAMENT DE DOCUMENTACI\u00d3<\/span><\/a><\/li>\n<li aria-level=\"2\"><a href=\"https:\/\/agora.xtec.cat\/iesperebarnils\/wp-content\/uploads\/usu1023\/2026\/01\/Baixa-del-centre-editable-1.pdf\">BAIXA DEL CENTRE<\/a><a href=\"https:\/\/agora.xtec.cat\/ieslluchirafecas\/wp-content\/uploads\/usu330\/2020\/05\/declaracio_responsable_fam_menors.pdf\">\u00a0<\/a><\/li>\n<li style=\"font-weight: 400;\" aria-level=\"2\"><a href=\"https:\/\/agora.xtec.cat\/iesperebarnils\/wp-content\/uploads\/usu1023\/2026\/01\/INSTANCIA-GENERICA-editable-1.pdf\" target=\"_blank\" rel=\"noopener\"><span style=\"font-weight: 400;\">INST\u00c0NCIA Pere Barnils<\/span><\/a><\/li>\n<li style=\"font-weight: 400;\" aria-level=\"2\"><a href=\"https:\/\/agora.xtec.cat\/iesperebarnils\/wp-content\/uploads\/usu1023\/2026\/01\/CERTIFICATS-CATALA-editable-1.pdf\"><span style=\"font-weight: 400;\">Sol\u00b7licitud d\u2019equival\u00e8ncia CATAL\u00c0<\/span><\/a><\/li>\n<li style=\"font-weight: 400;\" aria-level=\"2\"><a href=\"https:\/\/agora.xtec.cat\/iesperebarnils\/wp-content\/uploads\/usu1023\/2026\/01\/CERTIFICATS-GENERICS-editable-1.pdf\"><span style=\"font-weight: 400;\">Sol\u00b7licitud gen\u00e8rica de CERTIFICATS *<\/span><\/a><\/li>\n<li aria-level=\"2\"><a href=\"https:\/\/agora.xtec.cat\/iesperebarnils\/wp-content\/uploads\/usu1023\/2026\/01\/TITOLS-Instruccions-tramitacio-postobligatoris-1.pdf\" target=\"_blank\" rel=\"noopener\">T\u00cdTOLS Instruccions tramitaci\u00f3 t\u00edtols postobligatoris<\/a><\/li>\n<li style=\"font-weight: 400;\" aria-level=\"2\"><a href=\"https:\/\/agora.xtec.cat\/iesperebarnils\/wp-content\/uploads\/usu1023\/2026\/01\/TITOLS-lliurament-sense-resguard-1.pdf\"><span style=\"font-weight: 400;\">T\u00cdTOLS Lliurament\u00a0 sense resguard<\/span><\/a><\/li>\n<\/ul>\n<\/li>\n<li style=\"list-style-type: none;\"><\/li>\n<li style=\"list-style-type: none;\">* L&#8217;expedici\u00f3 de certificats pot tardar de 5 a 7 dies des del moment de la petici\u00f3.<\/li>\n<\/ul>\n<p><b>\ud83d\udcc4 Informaci\u00f3 FP:<\/b><\/p>\n<ul>\n<li style=\"list-style-type: none;\">\n<ul>\n<li><a href=\"https:\/\/agora.xtec.cat\/iesperebarnils\/wp-content\/uploads\/usu1023\/2025\/09\/Informacio-complecio.pdf\">Compleci\u00f3<\/a><\/li>\n<\/ul>\n<\/li>\n<\/ul>\n<p><strong><img loading=\"lazy\" decoding=\"async\" class=\"\" src=\"https:\/\/s.w.org\/images\/core\/emoji\/14.0.0\/svg\/1f4cc.svg\" alt=\"\ud83d\udccc\" width=\"17\" height=\"17\" \/> Beques<\/strong><\/p>\n<ul>\n<li style=\"list-style-type: none;\">\n<ul style=\"list-style-type: circle;\">\n<li><a href=\"https:\/\/educacio.gencat.cat\/ca\/tramits\/tramits-temes\/247-beques-ministerio-postobligatoris\">Beques per a ensenyaments postobligatoris no universitaris<\/a><\/li>\n<\/ul>\n<\/li>\n<\/ul>\n<p>\ud83d\udcc8\u00a0<strong>Informaci\u00f3 gesti\u00f3 econ\u00f2mica<\/strong><\/p>\n<ul>\n<li style=\"list-style-type: none;\">\n<ul style=\"list-style-type: circle;\">\n<li><a href=\"https:\/\/agora.xtec.cat\/iesperebarnils\/wp-content\/uploads\/usu1023\/2026\/01\/1.-Relacio-de-despeses-institut-ESO-25-26.pdf\">Relaci\u00f3 de despeses d&#8217;institut ESO 25-26<\/a><\/li>\n<li><a href=\"https:\/\/agora.xtec.cat\/iesperebarnils\/wp-content\/uploads\/usu1023\/2026\/01\/2.-Relacio-de-despeses-institut-BATXILLERAT.pdf\">Relaci\u00f3 de despeses d&#8217;institut Batxillerat 25-26<\/a><\/li>\n<li><a href=\"https:\/\/agora.xtec.cat\/iesperebarnils\/wp-content\/uploads\/usu1023\/2026\/01\/3.-Relacio-de-despeses-institut-1r-GMNTLL.pdf\">Relaci\u00f3 de despeses d&#8217;institut 1r GMNTLL 25-26<\/a><\/li>\n<li><a href=\"https:\/\/agora.xtec.cat\/iesperebarnils\/wp-content\/uploads\/usu1023\/2026\/01\/4.-Relacio-de-despeses-institut-2n-GMNTLL.pdf\">Relaci\u00f3 de despeses d&#8217;institut 2n GMNTLL 25-26<\/a><\/li>\n<li><a href=\"https:\/\/agora.xtec.cat\/iesperebarnils\/wp-content\/uploads\/usu1023\/2026\/01\/5.-Relacio-de-despeses-institut-1r-APSD.pdf\">Relaci\u00f3 de despeses d&#8217;institut 1r TAPSD 25-26<\/a><\/li>\n<li><a href=\"https:\/\/agora.xtec.cat\/iesperebarnils\/wp-content\/uploads\/usu1023\/2026\/01\/6.-Relacio-de-despeses-institut-2n-APSD.pdf\">Relaci\u00f3 de despeses d&#8217;institut 2n TAPSD 25-26<\/a><\/li>\n<li><a href=\"https:\/\/agora.xtec.cat\/iesperebarnils\/wp-content\/uploads\/usu1023\/2025\/02\/Pressupost_Ins_Pere_Barnils_2025.pdf\">Dades del pressupost<\/a><\/li>\n<\/ul>\n<\/li>\n<\/ul>\n","protected":false},"excerpt":{"rendered":"<p>Podeu fer arribar al correu d\u2019oficines (<a href=\"mailto:oficines@iesperebarnils.cat\">oficines@iesperebarnils.cat<\/a>) la sol\u00b7licitud emplenada i signada del tr\u00e0mit que necessiteu realitzar.<br \/>\n\ud83d\udd51 Horari d\u2019atenci\u00f3: de dilluns a divendres de 10 a 13:00h .\u00a0<br \/>\n\ud83d\udcc4 Documents centre:<\/p>\n<ul>\n<li style=\"list-style-type: none;\">\n<ul>\n<li><a href=\"https:\/\/agora.xtec.cat\/iesperebarnils\/wp-content\/uploads\/usu1023\/2026\/01\/Autoritzacio-lliurament-documentacio-editable-1.pdf\">Autoritzaci\u00f3 per al LLIURAMENT DE DOCUMENTACI\u00d3<\/a><\/li>\n<li aria-level=\"2\"><a href=\"https:\/\/agora.xtec.cat\/iesperebarnils\/wp-content\/uploads\/usu1023\/2026\/01\/Baixa-del-centre-editable-1.pdf\">BAIXA DEL CENTRE<\/a><a href=\"https:\/\/agora.xtec.cat\/ieslluchirafecas\/wp-content\/uploads\/usu330\/2020\/05\/declaracio_responsable_fam_menors.pdf\">\u00a0<\/a><\/li>\n<li style=\"font-weight:&hellip;  <a href=\"https:\/\/agora.xtec.cat\/iesperebarnils\/secretaria\/\" title=\"Read Secretaria\">Llegeix m\u00e9s\u00bb<\/a><br \/>\n","protected":false},"author":1,"featured_media":0,"parent":0,"menu_order":0,"comment_status":"closed","ping_status":"closed","template":"","meta":{"_bbp_topic_count":0,"_bbp_reply_count":0,"_bbp_total_topic_count":0,"_bbp_total_reply_count":0,"_bbp_voice_count":0,"_bbp_anonymous_reply_count":0,"_bbp_topic_count_hidden":0,"_bbp_reply_count_hidden":0,"_bbp_forum_subforum_count":0,"footnotes":""},"class_list":["post-81","page","type-page","status-publish","hentry"],"post_mailing_queue_ids":[],"_links":{"self":[{"href":"https:\/\/agora.xtec.cat\/iesperebarnils\/wp-json\/wp\/v2\/pages\/81","targetHints":{"allow":["GET"]}}],"collection":[{"href":"https:\/\/agora.xtec.cat\/iesperebarnils\/wp-json\/wp\/v2\/pages"}],"about":[{"href":"https:\/\/agora.xtec.cat\/iesperebarnils\/wp-json\/wp\/v2\/types\/page"}],"author":[{"embeddable":true,"href":"https:\/\/agora.xtec.cat\/iesperebarnils\/wp-json\/wp\/v2\/users\/1"}],"replies":[{"embeddable":true,"href":"https:\/\/agora.xtec.cat\/iesperebarnils\/wp-json\/wp\/v2\/comments?post=81"}],"version-history":[{"count":8,"href":"https:\/\/agora.xtec.cat\/iesperebarnils\/wp-json\/wp\/v2\/pages\/81\/revisions"}],"predecessor-version":[{"id":5691,"href":"https:\/\/agora.xtec.cat\/iesperebarnils\/wp-json\/wp\/v2\/pages\/81\/revisions\/5691"}],"wp:attachment":[{"href":"https:\/\/agora.xtec.cat\/iesperebarnils\/wp-json\/wp\/v2\/media?parent=81"}],"curies":[{"name":"wp","href":"https:\/\/api.w.org\/{rel}","templated":true}]}}