{"id":75,"date":"2014-09-18T10:21:02","date_gmt":"2014-09-18T10:21:02","guid":{"rendered":"http:\/\/agora.xtec.cat\/iesperebarnils\/\/?page_id=75"},"modified":"2020-05-11T16:52:02","modified_gmt":"2020-05-11T14:52:02","slug":"activitats-extraescolars","status":"publish","type":"page","link":"https:\/\/agora.xtec.cat\/iesperebarnils\/serveis\/activitats-extraescolars\/","title":{"rendered":"Activitats extraescolars"},"content":{"rendered":"<p>&nbsp;<\/p>\n<div class=\"textLayer\">\n<div data-canvas-width=\"348.5979439629107\">Des de la coordinaci\u00f3 d\u2019Activitats extraescolars i la coordinaci\u00f3 del Pla d\u2019esports de l\u2019institut, estem\u00a0preparant l\u2019oferta per al curs vinent, amb la col\u00b7laboraci\u00f3\u00a0de l\u2019AMPA, dels Ajuntaments i del Cicle Formatiu\u00a0CAFEMN.<\/div>\n<div data-canvas-width=\"348.5979439629107\"><\/div>\n<div data-canvas-width=\"683.9150776053215\">La nostra intenci\u00f3 \u00e9s que el m\u00e0xim nombre d\u2019alumnes\u00a0d\u2019ESO\u00a0pugui gaudir d\u2019aquest tipus d\u2019activitats, ja que\u00a0aquestes viv\u00e8ncies ajuden a refor\u00e7ar la conviv\u00e8ncia, que \u00e9s un dels objectius del projecte\u00a0educatiu del\u00a0centre.<\/div>\n<\/div>\n<div data-canvas-width=\"213.0839145333602\"><\/div>\n<div data-canvas-width=\"213.0839145333602\"><\/div>\n<div class=\"textLayer\"><\/div>\n<div data-canvas-width=\"148.6393267486394\">\n<div data-canvas-width=\"99.34170530135053\"><\/div>\n<\/div>\n","protected":false},"excerpt":{"rendered":"<p>&nbsp;<\/p>\n<p>Des de la coordinaci\u00f3 d\u2019Activitats extraescolars i la coordinaci\u00f3 del Pla d\u2019esports de l\u2019institut, estem\u00a0preparant l\u2019oferta per al curs vinent, amb la col\u00b7laboraci\u00f3\u00a0de l\u2019AMPA, dels Ajuntaments i del Cicle Formatiu\u00a0CAFEMN.<\/p>\n<p>La nostra intenci\u00f3 \u00e9s que el m\u00e0xim nombre d\u2019alumnes\u00a0d\u2019ESO\u00a0pugui gaudir d\u2019aquest tipus d\u2019activitats, ja que\u00a0aquestes viv\u00e8ncies&hellip;  <a href=\"https:\/\/agora.xtec.cat\/iesperebarnils\/serveis\/activitats-extraescolars\/\" title=\"Read Activitats extraescolars\">Llegeix m\u00e9s\u00bb<\/a><\/p>\n","protected":false},"author":2,"featured_media":0,"parent":63,"menu_order":40,"comment_status":"closed","ping_status":"closed","template":"page-templates\/side-menu.php","meta":{"_bbp_topic_count":0,"_bbp_reply_count":0,"_bbp_total_topic_count":0,"_bbp_total_reply_count":0,"_bbp_voice_count":0,"_bbp_anonymous_reply_count":0,"_bbp_topic_count_hidden":0,"_bbp_reply_count_hidden":0,"_bbp_forum_subforum_count":0,"footnotes":""},"class_list":["post-75","page","type-page","status-publish","hentry"],"post_mailing_queue_ids":[],"_links":{"self":[{"href":"https:\/\/agora.xtec.cat\/iesperebarnils\/wp-json\/wp\/v2\/pages\/75","targetHints":{"allow":["GET"]}}],"collection":[{"href":"https:\/\/agora.xtec.cat\/iesperebarnils\/wp-json\/wp\/v2\/pages"}],"about":[{"href":"https:\/\/agora.xtec.cat\/iesperebarnils\/wp-json\/wp\/v2\/types\/page"}],"author":[{"embeddable":true,"href":"https:\/\/agora.xtec.cat\/iesperebarnils\/wp-json\/wp\/v2\/users\/2"}],"replies":[{"embeddable":true,"href":"https:\/\/agora.xtec.cat\/iesperebarnils\/wp-json\/wp\/v2\/comments?post=75"}],"version-history":[{"count":3,"href":"https:\/\/agora.xtec.cat\/iesperebarnils\/wp-json\/wp\/v2\/pages\/75\/revisions"}],"predecessor-version":[{"id":2755,"href":"https:\/\/agora.xtec.cat\/iesperebarnils\/wp-json\/wp\/v2\/pages\/75\/revisions\/2755"}],"up":[{"embeddable":true,"href":"https:\/\/agora.xtec.cat\/iesperebarnils\/wp-json\/wp\/v2\/pages\/63"}],"wp:attachment":[{"href":"https:\/\/agora.xtec.cat\/iesperebarnils\/wp-json\/wp\/v2\/media?parent=75"}],"curies":[{"name":"wp","href":"https:\/\/api.w.org\/{rel}","templated":true}]}}