{"id":5159,"date":"2024-07-22T14:21:32","date_gmt":"2024-07-22T12:21:32","guid":{"rendered":"https:\/\/agora.xtec.cat\/iesperebarnils\/?page_id=5159"},"modified":"2024-07-22T14:25:03","modified_gmt":"2024-07-22T12:25:03","slug":"salut-i-escola","status":"publish","type":"page","link":"https:\/\/agora.xtec.cat\/iesperebarnils\/salut-i-escola\/","title":{"rendered":"SALUT I ESCOLA"},"content":{"rendered":"<p><a href=\"https:\/\/agora.xtec.cat\/iesperebarnils\/wp-content\/uploads\/usu1023\/2024\/07\/Captura1.jpg\"><img loading=\"lazy\" decoding=\"async\" class=\"aligncenter wp-image-5160\" src=\"https:\/\/agora.xtec.cat\/iesperebarnils\/wp-content\/uploads\/usu1023\/2024\/07\/Captura1.jpg\" alt=\"\" width=\"852\" height=\"166\" srcset=\"https:\/\/agora.xtec.cat\/iesperebarnils\/wp-content\/uploads\/usu1023\/2024\/07\/Captura1.jpg 693w, https:\/\/agora.xtec.cat\/iesperebarnils\/wp-content\/uploads\/usu1023\/2024\/07\/Captura1-300x58.jpg 300w\" sizes=\"auto, (max-width: 852px) 100vw, 852px\" \/><\/a><\/p>\n<h1><b>Programa Salut i Escola<\/b><\/h1>\n<p><span style=\"font-weight: 400;\">El Programa Salut i Escola (PSiE) \u00e9s una actuaci\u00f3 promoguda pels Departaments d\u2019educaci\u00f3, i de Salut, per tal d\u2019impulsar la promoci\u00f3 i prevenci\u00f3 de la salut a l\u2019escola i coordinar millor les accions en el territori.<\/span><\/p>\n<p><span style=\"font-weight: 400;\">La poblaci\u00f3 objecte del programa s\u00f3n adolescents que cursen 3r i 4t d\u2019ESO, per\u00f2 el programa tamb\u00e9 est\u00e0 obert a 1r i 2on d&#8217;ESO i Batxillerat, ja que entenem que la salut \u00e9s universal i es fonamenta en el principi d\u2019equitat.\u00a0<\/span><\/p>\n<p><span style=\"font-weight: 400;\">L\u2019objectiu del programa \u00e9s el de millorar la salut dels adolescents a trav\u00e9s d\u2019accions als centres educatius de promoci\u00f3 de la salut, prevenci\u00f3 de les situacions de risc i atenci\u00f3 preco\u00e7 de problemes relacionats preferentment amb:<\/span><\/p>\n<ul>\n<li style=\"font-weight: 400;\" aria-level=\"1\"><span style=\"font-weight: 400;\">la salut mental<\/span><\/li>\n<li style=\"font-weight: 400;\" aria-level=\"1\"><span style=\"font-weight: 400;\">la salut afectivo-sexual<\/span><\/li>\n<li style=\"font-weight: 400;\" aria-level=\"1\"><span style=\"font-weight: 400;\">el consum de drogues, alcohol i tabac<\/span><\/li>\n<li style=\"font-weight: 400;\" aria-level=\"1\"><span style=\"font-weight: 400;\">els trastorns relacionats amb l\u2019alimentaci\u00f3<\/span><\/li>\n<li style=\"font-weight: 400;\" aria-level=\"1\"><span style=\"font-weight: 400;\">addiccions als jocs<\/span><\/li>\n<\/ul>\n<p><span style=\"font-weight: 400;\">Les intervencions en els centres educatius dins del marc del PSiE s\u00f3n:<\/span><\/p>\n<ul>\n<li style=\"font-weight: 400;\" aria-level=\"1\"><b>Servei de Consulta Oberta<\/b><span style=\"font-weight: 400;\">: Intervenci\u00f3 adre\u00e7ada als alumnes de manera individual.<\/span><\/li>\n<li style=\"font-weight: 400;\" aria-level=\"1\"><b>Activitats d\u2019educaci\u00f3 i promoci\u00f3 de la salut i prevenci\u00f3 de la malaltia<\/b><span style=\"font-weight: 400;\">: Intervenci\u00f3 adre\u00e7ada als alumnes de manera grupal (grup classe).<\/span><\/li>\n<li style=\"font-weight: 400;\" aria-level=\"1\"><b>Assessorament en temes de salut que pugui necessitar el centre educatiu<\/b><span style=\"font-weight: 400;\">: La infermera del PSiE \u00e9s la referent de salut per al centre educatiu.<\/span><\/li>\n<\/ul>\n<p>&nbsp;<\/p>\n<p><b>Servei de Consulta Oberta<\/b><span style=\"font-weight: 400;\">\u00a0<\/span><\/p>\n<p><span style=\"font-weight: 400;\">Consulta Oberta \u00e9s un servei d&#8217;assessorament i d&#8217;atenci\u00f3 confidencial per a joves que s&#8217;ofereix dins el mateix centre educatiu.\u00a0Per a la Consulta Oberta, una infermera del centre d\u2019atenci\u00f3 prim\u00e0ria es despla\u00e7a unes hores setmanals presencials al centre docent. L\u2019alumne\/a pot anar a la consulta de manera espont\u00e0nia amb garantia de privacitat i confidencialitat.<\/span><\/p>\n<p><span style=\"font-weight: 400;\">La funci\u00f3 d&#8217;aquest\/a professional d&#8217;infermeria \u00e9s resoldre dubtes de salut, detectar problemes de salut, psicol\u00f2gics o socials, sense entrar en diagn\u00f2stics ni tampoc tractaments, realitzar escolta activa, detectar senyals d\u2019alarma, facilitar eines als adolescents per identificar els problemes i acompanyar o derivar en l\u2019orientaci\u00f3 cap a l\u2019atenci\u00f3 dins del Sistema Sanitari.<\/span><\/p>\n<p><span style=\"font-weight: 400;\">L\u2019alumnat hi pot accedir de manera espont\u00e0nia o derivats pel professor\/a, tutor\/a o fam\u00edlies, amb garanties de privacitat i confidencialitat.<\/span><\/p>\n<table style=\"width: 100.462%;\">\n<tbody>\n<tr>\n<td style=\"width: 100%;\"><span style=\"font-weight: 400;\">Al nostre institut podreu trobar la infermera <\/span><i><span style=\"font-weight: 400;\">Sara Esteve<\/span><\/i><span style=\"font-weight: 400;\"> del CAP Centelles. El temps de dedicaci\u00f3 \u00e9s de 1,5 hores els dimecres al mat\u00ed cada 3 setmanes.<\/span><\/td>\n<\/tr>\n<\/tbody>\n<\/table>\n<p><span style=\"font-weight: 400;\">Per m\u00e9s informaci\u00f3, podeu consultar la <\/span><a href=\"https:\/\/xtec.gencat.cat\/ca\/comunitat\/salutescola\/programasalutescola\/\"><span style=\"font-weight: 400;\">p\u00e0gina web del programa Salut i Escola<\/span><\/a><span style=\"font-weight: 400;\">, als tutors\/es i orientadors\/es de cada nivell.<\/span><\/p>\n","protected":false},"excerpt":{"rendered":"<p><a href=\"https:\/\/agora.xtec.cat\/iesperebarnils\/wp-content\/uploads\/usu1023\/2024\/07\/Captura1.jpg\"><\/a><br \/>\nPrograma Salut i Escola<br \/>\nEl Programa Salut i Escola (PSiE) \u00e9s una actuaci\u00f3 promoguda pels Departaments d\u2019educaci\u00f3, i de Salut, per tal d\u2019impulsar la promoci\u00f3 i prevenci\u00f3 de la salut a l\u2019escola i coordinar millor les accions en el territori.<br \/>\nLa poblaci\u00f3 objecte del programa s\u00f3n&hellip;  <a href=\"https:\/\/agora.xtec.cat\/iesperebarnils\/salut-i-escola\/\" title=\"Read SALUT I ESCOLA\">Llegeix m\u00e9s\u00bb<\/a><\/p>\n","protected":false},"author":1,"featured_media":0,"parent":0,"menu_order":0,"comment_status":"closed","ping_status":"closed","template":"","meta":{"_bbp_topic_count":0,"_bbp_reply_count":0,"_bbp_total_topic_count":0,"_bbp_total_reply_count":0,"_bbp_voice_count":0,"_bbp_anonymous_reply_count":0,"_bbp_topic_count_hidden":0,"_bbp_reply_count_hidden":0,"_bbp_forum_subforum_count":0,"footnotes":""},"class_list":["post-5159","page","type-page","status-publish","hentry"],"post_mailing_queue_ids":[],"_links":{"self":[{"href":"https:\/\/agora.xtec.cat\/iesperebarnils\/wp-json\/wp\/v2\/pages\/5159","targetHints":{"allow":["GET"]}}],"collection":[{"href":"https:\/\/agora.xtec.cat\/iesperebarnils\/wp-json\/wp\/v2\/pages"}],"about":[{"href":"https:\/\/agora.xtec.cat\/iesperebarnils\/wp-json\/wp\/v2\/types\/page"}],"author":[{"embeddable":true,"href":"https:\/\/agora.xtec.cat\/iesperebarnils\/wp-json\/wp\/v2\/users\/1"}],"replies":[{"embeddable":true,"href":"https:\/\/agora.xtec.cat\/iesperebarnils\/wp-json\/wp\/v2\/comments?post=5159"}],"version-history":[{"count":2,"href":"https:\/\/agora.xtec.cat\/iesperebarnils\/wp-json\/wp\/v2\/pages\/5159\/revisions"}],"predecessor-version":[{"id":5163,"href":"https:\/\/agora.xtec.cat\/iesperebarnils\/wp-json\/wp\/v2\/pages\/5159\/revisions\/5163"}],"wp:attachment":[{"href":"https:\/\/agora.xtec.cat\/iesperebarnils\/wp-json\/wp\/v2\/media?parent=5159"}],"curies":[{"name":"wp","href":"https:\/\/api.w.org\/{rel}","templated":true}]}}