{"id":4631,"date":"2023-05-30T11:54:21","date_gmt":"2023-05-30T09:54:21","guid":{"rendered":"https:\/\/agora.xtec.cat\/iesperebarnils\/?page_id=4631"},"modified":"2023-06-30T09:32:07","modified_gmt":"2023-06-30T07:32:07","slug":"oferta-de-places-i-llistes-dadmesos-a-ptt","status":"publish","type":"page","link":"https:\/\/agora.xtec.cat\/iesperebarnils\/oferta-de-places-i-llistes-dadmesos-a-ptt\/","title":{"rendered":"Oferta de places i llistes d&#8217;admesos a PTT"},"content":{"rendered":"<p>&nbsp;<\/p>\n<p><a href=\"https:\/\/agora.xtec.cat\/iesperebarnils\/wp-content\/uploads\/usu1023\/2023\/05\/PTT-oferta_inicial-1.pdf\">\ud83d\udcc4Oferta de places PTT<\/a><\/p>\n<p><a href=\"https:\/\/agora.xtec.cat\/iesperebarnils\/wp-content\/uploads\/usu1023\/2023\/05\/Llistat_provisional_de_sol.licituds-PTT.pdf\">\ud83d\udcc4Llistat provisional de sol\u00b7licituds PTT<\/a><\/p>\n<p><a href=\"https:\/\/agora.xtec.cat\/iesperebarnils\/wp-content\/uploads\/usu1023\/2023\/06\/PTT-llistat_definitiu_de_sol.licituds.pdf\">\ud83d\udcc4Llistat definitiu de sol\u00b7licituds amb valoraci\u00f3<\/a><\/p>\n<p><a href=\"https:\/\/agora.xtec.cat\/iesperebarnils\/wp-content\/uploads\/usu1023\/2023\/06\/PTT-llistat_definitiu_de_sol.licituds.pdf\">\ud83d\udcc4<\/a><a href=\"https:\/\/agora.xtec.cat\/iesperebarnils\/wp-content\/uploads\/usu1023\/2023\/06\/preinscrits_al_centre_amb_assignacio-1.pdf\">Relaci\u00f3 d&#8217;alumnat preinscrit al centre, amb indicaci\u00f3 d&#8217;on ha estat adm\u00e8s<\/a><\/p>\n<p><a href=\"https:\/\/agora.xtec.cat\/iesperebarnils\/wp-content\/uploads\/usu1023\/2023\/06\/PTT-llistat_definitiu_de_sol.licituds.pdf\">\ud83d\udcc4 <\/a><a href=\"https:\/\/agora.xtec.cat\/iesperebarnils\/wp-content\/uploads\/usu1023\/2023\/06\/asignats_al_centre-1-2.pdf\">Relaci\u00f3 d&#8217;alumnat adm\u00e8s al centre<\/a><\/p>\n<p>&nbsp;<\/p>\n<p>&nbsp;<\/p>\n","protected":false},"excerpt":{"rendered":"<p>&nbsp;<br \/>\n<a href=\"https:\/\/agora.xtec.cat\/iesperebarnils\/wp-content\/uploads\/usu1023\/2023\/05\/PTT-oferta_inicial-1.pdf\">\ud83d\udcc4Oferta de places PTT<\/a><br \/>\n<a href=\"https:\/\/agora.xtec.cat\/iesperebarnils\/wp-content\/uploads\/usu1023\/2023\/05\/Llistat_provisional_de_sol.licituds-PTT.pdf\">\ud83d\udcc4Llistat provisional de sol\u00b7licituds PTT<\/a><br \/>\n<a href=\"https:\/\/agora.xtec.cat\/iesperebarnils\/wp-content\/uploads\/usu1023\/2023\/06\/PTT-llistat_definitiu_de_sol.licituds.pdf\">\ud83d\udcc4Llistat definitiu de sol\u00b7licituds amb valoraci\u00f3<\/a><br \/>\n<a href=\"https:\/\/agora.xtec.cat\/iesperebarnils\/wp-content\/uploads\/usu1023\/2023\/06\/PTT-llistat_definitiu_de_sol.licituds.pdf\">\ud83d\udcc4<\/a><a href=\"https:\/\/agora.xtec.cat\/iesperebarnils\/wp-content\/uploads\/usu1023\/2023\/06\/preinscrits_al_centre_amb_assignacio-1.pdf\">Relaci\u00f3 d&#8217;alumnat preinscrit al centre, amb indicaci\u00f3 d&#8217;on ha estat adm\u00e8s<\/a><br \/>\n<a href=\"https:\/\/agora.xtec.cat\/iesperebarnils\/wp-content\/uploads\/usu1023\/2023\/06\/PTT-llistat_definitiu_de_sol.licituds.pdf\">\ud83d\udcc4 <\/a><a href=\"https:\/\/agora.xtec.cat\/iesperebarnils\/wp-content\/uploads\/usu1023\/2023\/06\/asignats_al_centre-1-2.pdf\">Relaci\u00f3 d&#8217;alumnat adm\u00e8s al centre<\/a><br \/>\n&nbsp;<br \/>\n&nbsp;<\/p>\n","protected":false},"author":1,"featured_media":0,"parent":0,"menu_order":0,"comment_status":"closed","ping_status":"closed","template":"","meta":{"_bbp_topic_count":0,"_bbp_reply_count":0,"_bbp_total_topic_count":0,"_bbp_total_reply_count":0,"_bbp_voice_count":0,"_bbp_anonymous_reply_count":0,"_bbp_topic_count_hidden":0,"_bbp_reply_count_hidden":0,"_bbp_forum_subforum_count":0,"footnotes":""},"class_list":["post-4631","page","type-page","status-publish","hentry"],"post_mailing_queue_ids":[],"_links":{"self":[{"href":"https:\/\/agora.xtec.cat\/iesperebarnils\/wp-json\/wp\/v2\/pages\/4631","targetHints":{"allow":["GET"]}}],"collection":[{"href":"https:\/\/agora.xtec.cat\/iesperebarnils\/wp-json\/wp\/v2\/pages"}],"about":[{"href":"https:\/\/agora.xtec.cat\/iesperebarnils\/wp-json\/wp\/v2\/types\/page"}],"author":[{"embeddable":true,"href":"https:\/\/agora.xtec.cat\/iesperebarnils\/wp-json\/wp\/v2\/users\/1"}],"replies":[{"embeddable":true,"href":"https:\/\/agora.xtec.cat\/iesperebarnils\/wp-json\/wp\/v2\/comments?post=4631"}],"version-history":[{"count":4,"href":"https:\/\/agora.xtec.cat\/iesperebarnils\/wp-json\/wp\/v2\/pages\/4631\/revisions"}],"predecessor-version":[{"id":4728,"href":"https:\/\/agora.xtec.cat\/iesperebarnils\/wp-json\/wp\/v2\/pages\/4631\/revisions\/4728"}],"wp:attachment":[{"href":"https:\/\/agora.xtec.cat\/iesperebarnils\/wp-json\/wp\/v2\/media?parent=4631"}],"curies":[{"name":"wp","href":"https:\/\/api.w.org\/{rel}","templated":true}]}}