{"id":4576,"date":"2023-05-03T14:24:33","date_gmt":"2023-05-03T12:24:33","guid":{"rendered":"https:\/\/agora.xtec.cat\/iesperebarnils\/?page_id=4576"},"modified":"2023-07-10T13:37:46","modified_gmt":"2023-07-10T11:37:46","slug":"oferta-de-places-i-llistes-dadmesos-a-cfgm","status":"publish","type":"page","link":"https:\/\/agora.xtec.cat\/iesperebarnils\/oferta-de-places-i-llistes-dadmesos-a-cfgm\/","title":{"rendered":"Oferta de places i llistes d&#8217;admesos a CFGM"},"content":{"rendered":"<p><a href=\"https:\/\/agora.xtec.cat\/iesperebarnils\/wp-content\/uploads\/usu1023\/2023\/03\/Oferta-CFGM-23-24.pdf\">\ud83d\udcc4Oferta CFGM 23-24<\/a><\/p>\n<p><a href=\"https:\/\/agora.xtec.cat\/iesperebarnils\/wp-content\/uploads\/usu1023\/2023\/06\/CFGM-RESTA-ALUMNAT-BAREM_RESOLTES_Reclam.pdf\">\ud83d\udcc4<\/a><a href=\"https:\/\/agora.xtec.cat\/iesperebarnils\/wp-content\/uploads\/usu1023\/2023\/07\/CFGM-CONTINUITATASSIGNADES-AL-CENTRE-2023-24.pdf\">CFGM &#8211; 23-24 &#8211; Alumnat assignat al centre amb indicaci\u00f3 de la primera petici\u00f3 a 30\/06\/2023<\/a><\/p>\n<p><a href=\"https:\/\/agora.xtec.cat\/iesperebarnils\/wp-content\/uploads\/usu1023\/2023\/06\/CFGM-RESTA-ALUMNAT-BAREM_RESOLTES_Reclam.pdf\">\ud83d\udcc4<\/a><a href=\"https:\/\/agora.xtec.cat\/iesperebarnils\/wp-content\/uploads\/usu1023\/2023\/07\/CFGM-CONTINUITAT-PREINSCRITES-AL-CENTRE.pdf\">CFGM &#8211; 23-24 &#8211; Alumnat preinscrit al centre 30\/06\/2023<\/a><\/p>\n<p><a href=\"https:\/\/agora.xtec.cat\/iesperebarnils\/wp-content\/uploads\/usu1023\/2023\/06\/CFGM-RESTA-ALUMNAT-BAREM_RESOLTES_Reclam.pdf\">\ud83d\udcc4<\/a><a href=\"https:\/\/agora.xtec.cat\/iesperebarnils\/wp-content\/uploads\/usu1023\/2023\/07\/CFGM_CONTINUITAT-LLISTA-DESPERA.pdf\">CFGM &#8211; 23-24 &#8211; Publicaci\u00f3 de la llista d&#8217;espera del centre a 30\/06\/2023<\/a><\/p>\n<p><a href=\"https:\/\/agora.xtec.cat\/iesperebarnils\/wp-content\/uploads\/usu1023\/2023\/06\/CFGM-RESTA-ALUMNAT-BAREM_RESOLTES_Reclam.pdf\">\ud83d\udcc4<\/a><a href=\"https:\/\/agora.xtec.cat\/iesperebarnils\/wp-content\/uploads\/usu1023\/2023\/07\/CFGM-RESTA-ALUMNAT-ASSIGNADES-AL-CENTRE.pdf\">CFGM &#8211; 23-24 &#8211; Proc\u00e9s per a la resta de l&#8217;alumnat. Alumnat assignat al centre amb indicaci\u00f3 de la primera petici\u00f3 a 30\/06\/2023<\/a><\/p>\n<p><a href=\"https:\/\/agora.xtec.cat\/iesperebarnils\/wp-content\/uploads\/usu1023\/2023\/06\/CFGM-RESTA-ALUMNAT-BAREM_RESOLTES_Reclam.pdf\">\ud83d\udcc4<\/a><a href=\"https:\/\/agora.xtec.cat\/iesperebarnils\/wp-content\/uploads\/usu1023\/2023\/07\/CFGM-RESTA-ALUMNAT-PREINSCRITES-AL-CENTRE.pdf\">CFGM &#8211; 23-24 &#8211; Proc\u00e9s per a la resta de l&#8217;alumnat. Alumnat preinscrit al centre a 30\/06\/2023<\/a><\/p>\n<p><a href=\"https:\/\/agora.xtec.cat\/iesperebarnils\/wp-content\/uploads\/usu1023\/2023\/06\/CFGM-RESTA-ALUMNAT-BAREM_RESOLTES_Reclam.pdf\">\ud83d\udcc4<\/a><a href=\"https:\/\/agora.xtec.cat\/iesperebarnils\/wp-content\/uploads\/usu1023\/2023\/07\/CFGM-RESTA-ALUMNAT-LLISTA_ESPERA.pdf\">CFGM &#8211; 23-24 &#8211; Proc\u00e9s per a la resta de l&#8217;alumnat. Publicaci\u00f3 de la llista d&#8217;espera del centre a 30\/06\/2023<\/a><\/p>\n<p><a href=\"https:\/\/agora.xtec.cat\/iesperebarnils\/wp-content\/uploads\/usu1023\/2015\/04\/nou.gif\"><img loading=\"lazy\" decoding=\"async\" class=\"alignnone  wp-image-435\" src=\"https:\/\/agora.xtec.cat\/iesperebarnils\/wp-content\/uploads\/usu1023\/2015\/04\/nou.gif\" alt=\"\" width=\"33\" height=\"15\" \/><\/a><a href=\"https:\/\/agora.xtec.cat\/iesperebarnils\/wp-content\/uploads\/usu1023\/2023\/07\/CONTINUITAT_LLISTA_ESPERA_OME_.pdf\">CFGM &#8211; 23-24. Publicaci\u00f3 de la llista d&#8217;espera del centre a 07\/07\/2023<\/a><\/p>\n<p><a href=\"https:\/\/agora.xtec.cat\/iesperebarnils\/wp-content\/uploads\/usu1023\/2015\/04\/nou.gif\"><img loading=\"lazy\" decoding=\"async\" class=\"alignnone  wp-image-435\" src=\"https:\/\/agora.xtec.cat\/iesperebarnils\/wp-content\/uploads\/usu1023\/2015\/04\/nou.gif\" alt=\"\" width=\"36\" height=\"16\" \/><\/a><a href=\"https:\/\/agora.xtec.cat\/iesperebarnils\/wp-content\/uploads\/usu1023\/2023\/07\/RESTA-ALUMNAT_LLISTA_ESPERA_OME_-.pdf\">CFGM &#8211; 23-24. Proc\u00e9s per a la resta de l&#8217;alumnat. Publicaci\u00f3 de la llista d&#8217;espera del centre a 07\/07\/2023<\/a><\/p>\n","protected":false},"excerpt":{"rendered":"<p><a href=\"https:\/\/agora.xtec.cat\/iesperebarnils\/wp-content\/uploads\/usu1023\/2023\/03\/Oferta-CFGM-23-24.pdf\">\ud83d\udcc4Oferta CFGM 23-24<\/a><br \/>\n<a href=\"https:\/\/agora.xtec.cat\/iesperebarnils\/wp-content\/uploads\/usu1023\/2023\/06\/CFGM-RESTA-ALUMNAT-BAREM_RESOLTES_Reclam.pdf\">\ud83d\udcc4<\/a><a href=\"https:\/\/agora.xtec.cat\/iesperebarnils\/wp-content\/uploads\/usu1023\/2023\/07\/CFGM-CONTINUITATASSIGNADES-AL-CENTRE-2023-24.pdf\">CFGM &#8211; 23-24 &#8211; Alumnat assignat al centre amb indicaci\u00f3 de la primera petici\u00f3 a 30\/06\/2023<\/a><br \/>\n<a href=\"https:\/\/agora.xtec.cat\/iesperebarnils\/wp-content\/uploads\/usu1023\/2023\/06\/CFGM-RESTA-ALUMNAT-BAREM_RESOLTES_Reclam.pdf\">\ud83d\udcc4<\/a><a href=\"https:\/\/agora.xtec.cat\/iesperebarnils\/wp-content\/uploads\/usu1023\/2023\/07\/CFGM-CONTINUITAT-PREINSCRITES-AL-CENTRE.pdf\">CFGM &#8211; 23-24 &#8211; Alumnat preinscrit al centre 30\/06\/2023<\/a><br \/>\n<a href=\"https:\/\/agora.xtec.cat\/iesperebarnils\/wp-content\/uploads\/usu1023\/2023\/06\/CFGM-RESTA-ALUMNAT-BAREM_RESOLTES_Reclam.pdf\">\ud83d\udcc4<\/a><a href=\"https:\/\/agora.xtec.cat\/iesperebarnils\/wp-content\/uploads\/usu1023\/2023\/07\/CFGM_CONTINUITAT-LLISTA-DESPERA.pdf\">CFGM &#8211; 23-24 &#8211; Publicaci\u00f3 de la llista d&#8217;espera del centre a 30\/06\/2023<\/a><br \/>\n<a&hellip;  <a href=\"https:\/\/agora.xtec.cat\/iesperebarnils\/oferta-de-places-i-llistes-dadmesos-a-cfgm\/\" title=\"Read Oferta de places i llistes d&#8217;admesos a CFGM\">Llegeix m\u00e9s\u00bb<\/a><\/p>\n","protected":false},"author":1,"featured_media":0,"parent":0,"menu_order":0,"comment_status":"closed","ping_status":"closed","template":"","meta":{"_bbp_topic_count":0,"_bbp_reply_count":0,"_bbp_total_topic_count":0,"_bbp_total_reply_count":0,"_bbp_voice_count":0,"_bbp_anonymous_reply_count":0,"_bbp_topic_count_hidden":0,"_bbp_reply_count_hidden":0,"_bbp_forum_subforum_count":0,"footnotes":""},"class_list":["post-4576","page","type-page","status-publish","hentry"],"post_mailing_queue_ids":[],"_links":{"self":[{"href":"https:\/\/agora.xtec.cat\/iesperebarnils\/wp-json\/wp\/v2\/pages\/4576","targetHints":{"allow":["GET"]}}],"collection":[{"href":"https:\/\/agora.xtec.cat\/iesperebarnils\/wp-json\/wp\/v2\/pages"}],"about":[{"href":"https:\/\/agora.xtec.cat\/iesperebarnils\/wp-json\/wp\/v2\/types\/page"}],"author":[{"embeddable":true,"href":"https:\/\/agora.xtec.cat\/iesperebarnils\/wp-json\/wp\/v2\/users\/1"}],"replies":[{"embeddable":true,"href":"https:\/\/agora.xtec.cat\/iesperebarnils\/wp-json\/wp\/v2\/comments?post=4576"}],"version-history":[{"count":3,"href":"https:\/\/agora.xtec.cat\/iesperebarnils\/wp-json\/wp\/v2\/pages\/4576\/revisions"}],"predecessor-version":[{"id":4749,"href":"https:\/\/agora.xtec.cat\/iesperebarnils\/wp-json\/wp\/v2\/pages\/4576\/revisions\/4749"}],"wp:attachment":[{"href":"https:\/\/agora.xtec.cat\/iesperebarnils\/wp-json\/wp\/v2\/media?parent=4576"}],"curies":[{"name":"wp","href":"https:\/\/api.w.org\/{rel}","templated":true}]}}