{"id":39,"date":"2014-09-17T16:36:44","date_gmt":"2014-09-17T16:36:44","guid":{"rendered":"http:\/\/agora.xtec.cat\/iesperebarnils\/\/?page_id=39"},"modified":"2020-08-31T18:29:19","modified_gmt":"2020-08-31T16:29:19","slug":"instal%c2%b7lacions","status":"publish","type":"page","link":"https:\/\/agora.xtec.cat\/iesperebarnils\/linstitut\/instal%c2%b7lacions\/","title":{"rendered":"Instal\u00b7lacions"},"content":{"rendered":"<p><a href=\"http:\/\/agora.xtec.cat\/iesperebarnils\/wp-content\/uploads\/usu1023\/2014\/09\/01dee79ed0759b1b65e22f4dea52f89e28c7c0be9d.jpg\"><img loading=\"lazy\" decoding=\"async\" class=\"alignnone size-medium wp-image-240\" src=\"http:\/\/agora.xtec.cat\/iesperebarnils\/wp-content\/uploads\/usu1023\/2014\/09\/01dee79ed0759b1b65e22f4dea52f89e28c7c0be9d-225x300.jpg\" alt=\"01dee79ed0759b1b65e22f4dea52f89e28c7c0be9d\" width=\"225\" height=\"300\" srcset=\"https:\/\/agora.xtec.cat\/iesperebarnils\/wp-content\/uploads\/usu1023\/2014\/09\/01dee79ed0759b1b65e22f4dea52f89e28c7c0be9d-225x300.jpg 225w, https:\/\/agora.xtec.cat\/iesperebarnils\/wp-content\/uploads\/usu1023\/2014\/09\/01dee79ed0759b1b65e22f4dea52f89e28c7c0be9d.jpg 720w\" sizes=\"auto, (max-width: 225px) 100vw, 225px\" \/><\/a>\u00a0<a href=\"http:\/\/agora.xtec.cat\/iesperebarnils\/wp-content\/uploads\/usu1023\/2014\/09\/01dcb4d8c1772054bffac7c066b7a6f2ef66eeac93.jpg\"><img loading=\"lazy\" decoding=\"async\" class=\"alignnone size-medium wp-image-238\" src=\"http:\/\/agora.xtec.cat\/iesperebarnils\/wp-content\/uploads\/usu1023\/2014\/09\/01dcb4d8c1772054bffac7c066b7a6f2ef66eeac93-225x300.jpg\" alt=\"01dcb4d8c1772054bffac7c066b7a6f2ef66eeac93\" width=\"225\" height=\"300\" srcset=\"https:\/\/agora.xtec.cat\/iesperebarnils\/wp-content\/uploads\/usu1023\/2014\/09\/01dcb4d8c1772054bffac7c066b7a6f2ef66eeac93-225x300.jpg 225w, https:\/\/agora.xtec.cat\/iesperebarnils\/wp-content\/uploads\/usu1023\/2014\/09\/01dcb4d8c1772054bffac7c066b7a6f2ef66eeac93.jpg 720w\" sizes=\"auto, (max-width: 225px) 100vw, 225px\" \/><\/a><\/p>\n<p>L\u2019actual edifici est\u00e0 dotat dels espais seg\u00fcents: 24 aules (amb equipament inform\u00e0tic), aules espec\u00edfiques ( 4 per a inform\u00e0tica, 2 tallers per a tecnologia, 2 laboratoris per a ci\u00e8ncies naturals, visual i pl\u00e0stica, m\u00fasica), gimn\u00e0s i pista esportiva, biblioteca i sala d\u2019actes, sala de professors i departaments, diferents espais exteriors o patis. Est\u00e0 connectat per fibra \u00f2ptica.<\/p>\n<p>A part, disposa d\u2019un espai on es porten a terme les classes i activitats del cicle.<\/p>\n","protected":false},"excerpt":{"rendered":"<p><a href=\"http:\/\/agora.xtec.cat\/iesperebarnils\/wp-content\/uploads\/usu1023\/2014\/09\/01dee79ed0759b1b65e22f4dea52f89e28c7c0be9d.jpg\"><\/a>\u00a0<a href=\"http:\/\/agora.xtec.cat\/iesperebarnils\/wp-content\/uploads\/usu1023\/2014\/09\/01dcb4d8c1772054bffac7c066b7a6f2ef66eeac93.jpg\"><\/a><br \/>\nL\u2019actual edifici est\u00e0 dotat dels espais seg\u00fcents: 24 aules (amb equipament inform\u00e0tic), aules espec\u00edfiques ( 4 per a inform\u00e0tica, 2 tallers per a tecnologia, 2 laboratoris per a ci\u00e8ncies naturals, visual i pl\u00e0stica, m\u00fasica), gimn\u00e0s i pista esportiva, biblioteca i sala d\u2019actes, sala&hellip;  <a href=\"https:\/\/agora.xtec.cat\/iesperebarnils\/linstitut\/instal%c2%b7lacions\/\" title=\"Read Instal\u00b7lacions\">Llegeix m\u00e9s\u00bb<\/a><\/p>\n","protected":false},"author":1,"featured_media":0,"parent":19,"menu_order":30,"comment_status":"closed","ping_status":"closed","template":"page-templates\/side-menu.php","meta":{"_bbp_topic_count":0,"_bbp_reply_count":0,"_bbp_total_topic_count":0,"_bbp_total_reply_count":0,"_bbp_voice_count":0,"_bbp_anonymous_reply_count":0,"_bbp_topic_count_hidden":0,"_bbp_reply_count_hidden":0,"_bbp_forum_subforum_count":0,"footnotes":""},"class_list":["post-39","page","type-page","status-publish","hentry"],"post_mailing_queue_ids":[],"_links":{"self":[{"href":"https:\/\/agora.xtec.cat\/iesperebarnils\/wp-json\/wp\/v2\/pages\/39","targetHints":{"allow":["GET"]}}],"collection":[{"href":"https:\/\/agora.xtec.cat\/iesperebarnils\/wp-json\/wp\/v2\/pages"}],"about":[{"href":"https:\/\/agora.xtec.cat\/iesperebarnils\/wp-json\/wp\/v2\/types\/page"}],"author":[{"embeddable":true,"href":"https:\/\/agora.xtec.cat\/iesperebarnils\/wp-json\/wp\/v2\/users\/1"}],"replies":[{"embeddable":true,"href":"https:\/\/agora.xtec.cat\/iesperebarnils\/wp-json\/wp\/v2\/comments?post=39"}],"version-history":[{"count":3,"href":"https:\/\/agora.xtec.cat\/iesperebarnils\/wp-json\/wp\/v2\/pages\/39\/revisions"}],"predecessor-version":[{"id":2937,"href":"https:\/\/agora.xtec.cat\/iesperebarnils\/wp-json\/wp\/v2\/pages\/39\/revisions\/2937"}],"up":[{"embeddable":true,"href":"https:\/\/agora.xtec.cat\/iesperebarnils\/wp-json\/wp\/v2\/pages\/19"}],"wp:attachment":[{"href":"https:\/\/agora.xtec.cat\/iesperebarnils\/wp-json\/wp\/v2\/media?parent=39"}],"curies":[{"name":"wp","href":"https:\/\/api.w.org\/{rel}","templated":true}]}}