{"id":3384,"date":"2021-04-08T09:08:06","date_gmt":"2021-04-08T07:08:06","guid":{"rendered":"http:\/\/agora.xtec.cat\/iesperebarnils\/?page_id=3384"},"modified":"2025-02-21T09:50:09","modified_gmt":"2025-02-21T08:50:09","slug":"batxillerat","status":"publish","type":"page","link":"https:\/\/agora.xtec.cat\/iesperebarnils\/batxillerat\/","title":{"rendered":"BATXILLERAT"},"content":{"rendered":"\t\t\t\t\t\t\t<h3 style=\"margin-bottom:20px ;display:block;width:100%;margin-top:10px\">Inscripci\u00f3 batxillerat <\/h3>\r\n\t\t\t\t\t\t\t\t<style>\r\n\t\t\t\t\r\n\t\t\t\t\t#tab_container_4528 {\r\n\toverflow:hidden;\r\n\tdisplay:block;\r\n\twidth:100%;\r\n\tborder:0px solid #ddd;\r\n\tmargin-bottom:30px;\r\n\t}\r\n\r\n#tab_container_4528 .tab-content{\r\n\tpadding:20px;\r\n\tborder: 1px solid #e6e6e6 !important;\r\n\tmargin-top: 0px;\r\n\tbackground-color:#ffffff !important;\r\n\tcolor: #000000 !important;\r\n\tfont-size:18px !important;\r\n\tfont-family: Arial !important;\r\n\t\r\n\t\tborder: 1px solid #e6e6e6 !important;\r\n\t}\r\n#tab_container_4528 .wpsm_nav-tabs {\r\n    border-bottom: 0px solid #ddd;\r\n}\r\n#tab_container_4528 .wpsm_nav-tabs > li.active > a, #tab_container_4528 .wpsm_nav-tabs > li.active > a:hover, #tab_container_4528 .wpsm_nav-tabs > li.active > a:focus {\r\n\tcolor: #000000 !important;\r\n\tcursor: default;\r\n\tbackground-color: #ffffff !important;\r\n\tborder: 1px solid #e6e6e6 !important;\r\n}\r\n\r\n#tab_container_4528 .wpsm_nav-tabs > li > a {\r\n    margin-right: 0px !important; \r\n    line-height: 1.42857143 !important;\r\n    border: 1px solid #0fc5b9 !important;\r\n    border-radius: 0px 0px 0 0 !important; \r\n\tbackground-color: #22d8cc !important;\r\n\tcolor: #000000 !important;\r\n\tpadding: 15px 18px 15px 18px !important;\r\n\ttext-decoration: none !important;\r\n\tfont-size: 18px !important;\r\n\ttext-align:center !important;\r\n\tfont-family: Arial !important;\r\n}\r\n#tab_container_4528 .wpsm_nav-tabs > li > a:focus {\r\noutline: 0px !important;\r\n}\r\n\r\n#tab_container_4528 .wpsm_nav-tabs > li > a:before {\r\n\tdisplay:none !important;\r\n}\r\n#tab_container_4528 .wpsm_nav-tabs > li > a:after {\r\n\tdisplay:none !important ;\r\n}\r\n#tab_container_4528 .wpsm_nav-tabs > li{\r\npadding:0px !important ;\r\nmargin:0px;\r\n}\r\n\r\n#tab_container_4528 .wpsm_nav-tabs > li > a:hover , #tab_container_4528 .wpsm_nav-tabs > li > a:focus {\r\n    color: #000000 !important;\r\n    background-color: #22d8cc !important;\r\n\tborder: 1px solid #0fc5b9 !important;\r\n\t\r\n}\r\n#tab_container_4528 .wpsm_nav-tabs > li > a .fa{\r\n\r\nmargin-right:5px !important;\r\n\r\nmargin-left:5px !important;\r\n\r\n\r\n}\r\n\r\n\t\t#tab_container_4528 .wpsm_nav-tabs a{\r\n\t\t\tbackground-image: url(https:\/\/agora.xtec.cat\/iesperebarnils\/wp-content\/plugins\/tabs-responsive\/assets\/images\/style-soft.png);\r\n\t\t\tbackground-position: 0 0;\r\n\t\t\tbackground-repeat: repeat-x;\r\n\t\t}\r\n\t\t\t\r\n\r\n\r\n#tab_container_4528 .wpsm_nav-tabs > li {\r\n    float: left;\r\n    margin-bottom: -1px !important;\r\n\tmargin-right:0px !important; \r\n}\r\n\r\n\r\n#tab_container_4528 .tab-content{\r\noverflow:hidden !important;\r\n}\r\n\r\n\r\n@media (min-width: 769px) {\r\n\r\n\t#tab_container_4528 .wpsm_nav-tabs > li{\r\n\tfloat:none !important;\r\n\t\tmargin-right:-1px !important;\r\n\t\t\t}\r\n\t#tab_container_4528 .wpsm_nav-tabs{\r\n\tfloat:left !important;\r\n\tmargin:0px !important;\r\n\t}\r\n}\r\n\r\n#tab_container_4528 .wpsm_nav-tabs > li {\r\n    \t\r\n}\r\n#tab_container_4528 .wpsm_nav{\r\n\t}\r\n\r\n\r\n@media (max-width: 768px) {\r\n\t#tab_container_4528 .wpsm_nav-tabs > li {\r\n\t\t\t\t\r\n\t}\r\n\t#tab_container_4528 .wpsm_nav{\r\n\t\t\t}\r\n}\r\n\r\n\r\n\t.wpsm_nav-tabs li:before{\r\n\t\tdisplay:none !important;\r\n\t}\r\n\r\n\t@media (max-width: 768px) {\r\n\t\t\t\t\r\n\t\t\t\t.wpsm_nav-tabs{\r\n\t\t\tmargin-left:0px !important;\r\n\t\t\tmargin-right:0px !important; \r\n\t\t\t\r\n\t\t}\r\n\t\t\t\t#tab_container_4528 .wpsm_nav-tabs > li{\r\n\t\t\tfloat:none !important;\r\n\t\t}\r\n\t\t\t\r\n\t}\t\t\t\t<\/style>\r\n\t\t\t\t<div id=\"tab_container_4528\" >\r\n\t \r\n\t\t\t\t\t<ul class=\"wpsm_nav wpsm_nav-tabs\" role=\"tablist\" id=\"myTab_4528\">\r\n\t\t\t\t\t\t\t\r\n\t\t\t\t\t\t\t<li role=\"presentation\"  class=\"active\"  onclick=\"do_resize()\">\r\n\r\n\t\t\t\t\t\t\t\t<!-- XTEC ************ MODIFICAT - Disable scrolling on tab change. Fixes error in option \"Tabs Description Animation\" -->\r\n\t\t\t\t\t\t\t\t<!-- 2021.12.01 @aginard -->\r\n\t\t\t\t\t\t\t\t<a href=\"javascript:void(0);\" aria-controls=\"tabs_desc_4528_1\" role=\"tab\" data-toggle=\"tab\" data-target=\"#tabs_desc_4528_1\">\r\n\t\t\t\t\t\t\t\t<!-- ORIGINAL\r\n\t\t\t\t\t\t\t\t<a href=\"#tabs_desc_4528_1\" aria-controls=\"tabs_desc_4528_1\" role=\"tab\" data-toggle=\"tab\">\r\n\t\t\t\t\t\t\t\t-->\r\n\t\t\t\t\t\t\t\t<!-- ************ FI -->\r\n\t\t\t\t\t\t\t\t\t\r\n\t\t\t\t\t\t\t\t\t\t\t\t\t\t\t\t\t\t\t\t\t\t\t\t\t\t\t\t\t\t\t<i class=\"fa fa-calendar\"><\/i> \t\t\t\t\t\t\t\t\t\t\t\t\t\t\t\t\t\t\t\r\n\t\t\t\t\t\t\t\t\t\t\t\t\t\t\t\t\t\t\r\n\t\t\t\t\t\t\t\t\t<span>Calendari de preinscripci\u00f3 i matr\u00edcula<\/span>\r\n\t\t\t\t\t\t\t\t\t\r\n\t\t\t\t\t\t\t\t\t\t\t\t\t\t\t\t\t\t\r\n\t\t\t\t\t\t\t\t\t\t\t\t\t\t\t\t\t\t\t\t\r\n\t\t\t\t\t\t\t\t\t\r\n\t\t\t\t\t\t\t\t<\/a>\r\n\t\t\t\t\t\t\t<\/li>\r\n\t\t\t\t\t\t\t\r\n\t\t\t\t\t\t\t<li role=\"presentation\"  onclick=\"do_resize()\">\r\n\r\n\t\t\t\t\t\t\t\t<!-- XTEC ************ MODIFICAT - Disable scrolling on tab change. Fixes error in option \"Tabs Description Animation\" -->\r\n\t\t\t\t\t\t\t\t<!-- 2021.12.01 @aginard -->\r\n\t\t\t\t\t\t\t\t<a href=\"javascript:void(0);\" aria-controls=\"tabs_desc_4528_2\" role=\"tab\" data-toggle=\"tab\" data-target=\"#tabs_desc_4528_2\">\r\n\t\t\t\t\t\t\t\t<!-- ORIGINAL\r\n\t\t\t\t\t\t\t\t<a href=\"#tabs_desc_4528_2\" aria-controls=\"tabs_desc_4528_2\" role=\"tab\" data-toggle=\"tab\">\r\n\t\t\t\t\t\t\t\t-->\r\n\t\t\t\t\t\t\t\t<!-- ************ FI -->\r\n\t\t\t\t\t\t\t\t\t\r\n\t\t\t\t\t\t\t\t\t\t\t\t\t\t\t\t\t\t\t\t\t\t\t\t\t\t\t\t\t\t\t<i class=\"fa fa-pencil-square-o\"><\/i> \t\t\t\t\t\t\t\t\t\t\t\t\t\t\t\t\t\t\t\r\n\t\t\t\t\t\t\t\t\t\t\t\t\t\t\t\t\t\t\r\n\t\t\t\t\t\t\t\t\t<span>Preinscripci\u00f3<\/span>\r\n\t\t\t\t\t\t\t\t\t\r\n\t\t\t\t\t\t\t\t\t\t\t\t\t\t\t\t\t\t\r\n\t\t\t\t\t\t\t\t\t\t\t\t\t\t\t\t\t\t\t\t\r\n\t\t\t\t\t\t\t\t\t\r\n\t\t\t\t\t\t\t\t<\/a>\r\n\t\t\t\t\t\t\t<\/li>\r\n\t\t\t\t\t\t\t\r\n\t\t\t\t\t\t\t<li role=\"presentation\"  onclick=\"do_resize()\">\r\n\r\n\t\t\t\t\t\t\t\t<!-- XTEC ************ MODIFICAT - Disable scrolling on tab change. Fixes error in option \"Tabs Description Animation\" -->\r\n\t\t\t\t\t\t\t\t<!-- 2021.12.01 @aginard -->\r\n\t\t\t\t\t\t\t\t<a href=\"javascript:void(0);\" aria-controls=\"tabs_desc_4528_3\" role=\"tab\" data-toggle=\"tab\" data-target=\"#tabs_desc_4528_3\">\r\n\t\t\t\t\t\t\t\t<!-- ORIGINAL\r\n\t\t\t\t\t\t\t\t<a href=\"#tabs_desc_4528_3\" aria-controls=\"tabs_desc_4528_3\" role=\"tab\" data-toggle=\"tab\">\r\n\t\t\t\t\t\t\t\t-->\r\n\t\t\t\t\t\t\t\t<!-- ************ FI -->\r\n\t\t\t\t\t\t\t\t\t\r\n\t\t\t\t\t\t\t\t\t\t\t\t\t\t\t\t\t\t\t\t\t\t\t\t\t\t\t\t\t\t\t<i class=\"fa fa-copy\"><\/i> \t\t\t\t\t\t\t\t\t\t\t\t\t\t\t\t\t\t\t\r\n\t\t\t\t\t\t\t\t\t\t\t\t\t\t\t\t\t\t\r\n\t\t\t\t\t\t\t\t\t<span>Oferta places Batxillerat<\/span>\r\n\t\t\t\t\t\t\t\t\t\r\n\t\t\t\t\t\t\t\t\t\t\t\t\t\t\t\t\t\t\r\n\t\t\t\t\t\t\t\t\t\t\t\t\t\t\t\t\t\t\t\t\r\n\t\t\t\t\t\t\t\t\t\r\n\t\t\t\t\t\t\t\t<\/a>\r\n\t\t\t\t\t\t\t<\/li>\r\n\t\t\t\t\t\t\t\r\n\t\t\t\t\t\t\t<li role=\"presentation\"  onclick=\"do_resize()\">\r\n\r\n\t\t\t\t\t\t\t\t<!-- XTEC ************ MODIFICAT - Disable scrolling on tab change. Fixes error in option \"Tabs Description Animation\" -->\r\n\t\t\t\t\t\t\t\t<!-- 2021.12.01 @aginard -->\r\n\t\t\t\t\t\t\t\t<a href=\"javascript:void(0);\" aria-controls=\"tabs_desc_4528_4\" role=\"tab\" data-toggle=\"tab\" data-target=\"#tabs_desc_4528_4\">\r\n\t\t\t\t\t\t\t\t<!-- ORIGINAL\r\n\t\t\t\t\t\t\t\t<a href=\"#tabs_desc_4528_4\" aria-controls=\"tabs_desc_4528_4\" role=\"tab\" data-toggle=\"tab\">\r\n\t\t\t\t\t\t\t\t-->\r\n\t\t\t\t\t\t\t\t<!-- ************ FI -->\r\n\t\t\t\t\t\t\t\t\t\r\n\t\t\t\t\t\t\t\t\t\t\t\t\t\t\t\t\t\t\t\t\t\t\t\t\t\t\t\t\t\t\t<i class=\"fa fa-database\"><\/i> \t\t\t\t\t\t\t\t\t\t\t\t\t\t\t\t\t\t\t\r\n\t\t\t\t\t\t\t\t\t\t\t\t\t\t\t\t\t\t\r\n\t\t\t\t\t\t\t\t\t<span>Informaci\u00f3 quotes<\/span>\r\n\t\t\t\t\t\t\t\t\t\r\n\t\t\t\t\t\t\t\t\t\t\t\t\t\t\t\t\t\t\r\n\t\t\t\t\t\t\t\t\t\t\t\t\t\t\t\t\t\t\t\t\r\n\t\t\t\t\t\t\t\t\t\r\n\t\t\t\t\t\t\t\t<\/a>\r\n\t\t\t\t\t\t\t<\/li>\r\n\t\t\t\t\t\t\t\r\n\t\t\t\t\t\t\t<li role=\"presentation\"  onclick=\"do_resize()\">\r\n\r\n\t\t\t\t\t\t\t\t<!-- XTEC ************ MODIFICAT - Disable scrolling on tab change. Fixes error in option \"Tabs Description Animation\" -->\r\n\t\t\t\t\t\t\t\t<!-- 2021.12.01 @aginard -->\r\n\t\t\t\t\t\t\t\t<a href=\"javascript:void(0);\" aria-controls=\"tabs_desc_4528_5\" role=\"tab\" data-toggle=\"tab\" data-target=\"#tabs_desc_4528_5\">\r\n\t\t\t\t\t\t\t\t<!-- ORIGINAL\r\n\t\t\t\t\t\t\t\t<a href=\"#tabs_desc_4528_5\" aria-controls=\"tabs_desc_4528_5\" role=\"tab\" data-toggle=\"tab\">\r\n\t\t\t\t\t\t\t\t-->\r\n\t\t\t\t\t\t\t\t<!-- ************ FI -->\r\n\t\t\t\t\t\t\t\t\t\r\n\t\t\t\t\t\t\t\t\t\t\t\t\t\t\t\t\t\t\t\t\t\t\t\t\t\t\t\t\t\t\t<i class=\"fa fa-group\"><\/i> \t\t\t\t\t\t\t\t\t\t\t\t\t\t\t\t\t\t\t\r\n\t\t\t\t\t\t\t\t\t\t\t\t\t\t\t\t\t\t\r\n\t\t\t\t\t\t\t\t\t<span>Quota AFA i llibres<\/span>\r\n\t\t\t\t\t\t\t\t\t\r\n\t\t\t\t\t\t\t\t\t\t\t\t\t\t\t\t\t\t\r\n\t\t\t\t\t\t\t\t\t\t\t\t\t\t\t\t\t\t\t\t\r\n\t\t\t\t\t\t\t\t\t\r\n\t\t\t\t\t\t\t\t<\/a>\r\n\t\t\t\t\t\t\t<\/li>\r\n\t\t\t\t\t\t\t\r\n\t\t\t\t\t\t\t<li role=\"presentation\"  onclick=\"do_resize()\">\r\n\r\n\t\t\t\t\t\t\t\t<!-- XTEC ************ MODIFICAT - Disable scrolling on tab change. Fixes error in option \"Tabs Description Animation\" -->\r\n\t\t\t\t\t\t\t\t<!-- 2021.12.01 @aginard -->\r\n\t\t\t\t\t\t\t\t<a href=\"javascript:void(0);\" aria-controls=\"tabs_desc_4528_6\" role=\"tab\" data-toggle=\"tab\" data-target=\"#tabs_desc_4528_6\">\r\n\t\t\t\t\t\t\t\t<!-- ORIGINAL\r\n\t\t\t\t\t\t\t\t<a href=\"#tabs_desc_4528_6\" aria-controls=\"tabs_desc_4528_6\" role=\"tab\" data-toggle=\"tab\">\r\n\t\t\t\t\t\t\t\t-->\r\n\t\t\t\t\t\t\t\t<!-- ************ FI -->\r\n\t\t\t\t\t\t\t\t\t\r\n\t\t\t\t\t\t\t\t\t\t\t\t\t\t\t\t\t\t\t\t\t\t\t\t\t\t\t\t\t\t\t<i class=\"fa fa-folder-open\"><\/i> \t\t\t\t\t\t\t\t\t\t\t\t\t\t\t\t\t\t\t\r\n\t\t\t\t\t\t\t\t\t\t\t\t\t\t\t\t\t\t\r\n\t\t\t\t\t\t\t\t\t<span>Assignatures 1r i 2n de Batxillerat<\/span>\r\n\t\t\t\t\t\t\t\t\t\r\n\t\t\t\t\t\t\t\t\t\t\t\t\t\t\t\t\t\t\r\n\t\t\t\t\t\t\t\t\t\t\t\t\t\t\t\t\t\t\t\t\r\n\t\t\t\t\t\t\t\t\t\r\n\t\t\t\t\t\t\t\t<\/a>\r\n\t\t\t\t\t\t\t<\/li>\r\n\t\t\t\t\t\t\t\r\n\t\t\t\t\t\t\t<li role=\"presentation\"  onclick=\"do_resize()\">\r\n\r\n\t\t\t\t\t\t\t\t<!-- XTEC ************ MODIFICAT - Disable scrolling on tab change. Fixes error in option \"Tabs Description Animation\" -->\r\n\t\t\t\t\t\t\t\t<!-- 2021.12.01 @aginard -->\r\n\t\t\t\t\t\t\t\t<a href=\"javascript:void(0);\" aria-controls=\"tabs_desc_4528_7\" role=\"tab\" data-toggle=\"tab\" data-target=\"#tabs_desc_4528_7\">\r\n\t\t\t\t\t\t\t\t<!-- ORIGINAL\r\n\t\t\t\t\t\t\t\t<a href=\"#tabs_desc_4528_7\" aria-controls=\"tabs_desc_4528_7\" role=\"tab\" data-toggle=\"tab\">\r\n\t\t\t\t\t\t\t\t-->\r\n\t\t\t\t\t\t\t\t<!-- ************ FI -->\r\n\t\t\t\t\t\t\t\t\t\r\n\t\t\t\t\t\t\t\t\t\t\t\t\t\t\t\t\t\t\t\t\t\t\t\t\t\t\t\t\t\t\t<i class=\"fa fa-clock-o\"><\/i> \t\t\t\t\t\t\t\t\t\t\t\t\t\t\t\t\t\t\t\r\n\t\t\t\t\t\t\t\t\t\t\t\t\t\t\t\t\t\t\r\n\t\t\t\t\t\t\t\t\t<span>Marc horari<\/span>\r\n\t\t\t\t\t\t\t\t\t\r\n\t\t\t\t\t\t\t\t\t\t\t\t\t\t\t\t\t\t\r\n\t\t\t\t\t\t\t\t\t\t\t\t\t\t\t\t\t\t\t\t\r\n\t\t\t\t\t\t\t\t\t\r\n\t\t\t\t\t\t\t\t<\/a>\r\n\t\t\t\t\t\t\t<\/li>\r\n\t\t\t\t\t\t\t\r\n\t\t\t\t\t\t\t<li role=\"presentation\"  onclick=\"do_resize()\">\r\n\r\n\t\t\t\t\t\t\t\t<!-- XTEC ************ MODIFICAT - Disable scrolling on tab change. Fixes error in option \"Tabs Description Animation\" -->\r\n\t\t\t\t\t\t\t\t<!-- 2021.12.01 @aginard -->\r\n\t\t\t\t\t\t\t\t<a href=\"javascript:void(0);\" aria-controls=\"tabs_desc_4528_8\" role=\"tab\" data-toggle=\"tab\" data-target=\"#tabs_desc_4528_8\">\r\n\t\t\t\t\t\t\t\t<!-- ORIGINAL\r\n\t\t\t\t\t\t\t\t<a href=\"#tabs_desc_4528_8\" aria-controls=\"tabs_desc_4528_8\" role=\"tab\" data-toggle=\"tab\">\r\n\t\t\t\t\t\t\t\t-->\r\n\t\t\t\t\t\t\t\t<!-- ************ FI -->\r\n\t\t\t\t\t\t\t\t\t\r\n\t\t\t\t\t\t\t\t\t\t\t\t\t\t\t\t\t\t\t\t\t\t\t\t\t\t\t\t\t\t\t<i class=\"fa fa-laptop\"><\/i> \t\t\t\t\t\t\t\t\t\t\t\t\t\t\t\t\t\t\t\r\n\t\t\t\t\t\t\t\t\t\t\t\t\t\t\t\t\t\t\r\n\t\t\t\t\t\t\t\t\t<span>Avaluaci\u00f3 i reclamaci\u00f3 de notes<\/span>\r\n\t\t\t\t\t\t\t\t\t\r\n\t\t\t\t\t\t\t\t\t\t\t\t\t\t\t\t\t\t\r\n\t\t\t\t\t\t\t\t\t\t\t\t\t\t\t\t\t\t\t\t\r\n\t\t\t\t\t\t\t\t\t\r\n\t\t\t\t\t\t\t\t<\/a>\r\n\t\t\t\t\t\t\t<\/li>\r\n\t\t\t\t\t\t\t\r\n\t\t\t\t\t\t\t<li role=\"presentation\"  onclick=\"do_resize()\">\r\n\r\n\t\t\t\t\t\t\t\t<!-- XTEC ************ MODIFICAT - Disable scrolling on tab change. Fixes error in option \"Tabs Description Animation\" -->\r\n\t\t\t\t\t\t\t\t<!-- 2021.12.01 @aginard -->\r\n\t\t\t\t\t\t\t\t<a href=\"javascript:void(0);\" aria-controls=\"tabs_desc_4528_9\" role=\"tab\" data-toggle=\"tab\" data-target=\"#tabs_desc_4528_9\">\r\n\t\t\t\t\t\t\t\t<!-- ORIGINAL\r\n\t\t\t\t\t\t\t\t<a href=\"#tabs_desc_4528_9\" aria-controls=\"tabs_desc_4528_9\" role=\"tab\" data-toggle=\"tab\">\r\n\t\t\t\t\t\t\t\t-->\r\n\t\t\t\t\t\t\t\t<!-- ************ FI -->\r\n\t\t\t\t\t\t\t\t\t\r\n\t\t\t\t\t\t\t\t\t\t\t\t\t\t\t\t\t\t\t\t\t\t\t\t\t\t\t\t\t\t\t<i class=\"fa fa-comment-o\"><\/i> \t\t\t\t\t\t\t\t\t\t\t\t\t\t\t\t\t\t\t\r\n\t\t\t\t\t\t\t\t\t\t\t\t\t\t\t\t\t\t\r\n\t\t\t\t\t\t\t\t\t<span>Portes obertes 26-27<\/span>\r\n\t\t\t\t\t\t\t\t\t\r\n\t\t\t\t\t\t\t\t\t\t\t\t\t\t\t\t\t\t\r\n\t\t\t\t\t\t\t\t\t\t\t\t\t\t\t\t\t\t\t\t\r\n\t\t\t\t\t\t\t\t\t\r\n\t\t\t\t\t\t\t\t<\/a>\r\n\t\t\t\t\t\t\t<\/li>\r\n\t\t\t\t\t\t\t\t\t\t\t <\/ul>\r\n\r\n\t\t\t\t\t  <!-- Tab panes -->\r\n\t\t\t\t\t  <div class=\"tab-content\" id=\"tab-content_4528\">\r\n\t\t\t\t\t\t\t\t\t\t\t\t <div role=\"tabpanel\" class=\"tab-pane  in active \" id=\"tabs_desc_4528_1\">\r\n\t\t\t\t\t\t\t\t<ul>\n<li>Presentaci\u00f3 de sol\u00b7licituds: del 9 al 16 d'abril de 2026<\/li>\n<li>Llista de sol\u00b7licituds amb la puntuaci\u00f3 provisional: 14 de maig de 2026<\/li>\n<li>Llista de sol\u00b7licituds amb la puntuaci\u00f3 resoltes les reclamacions i ordenada: 26 de maig de 2026<\/li>\n<li>Llista d'alumnat preinscrit al centre i alumnat assignat al centre amb indicaci\u00f3 de la primera petici\u00f3: 17 de juny de 2026<\/li>\n<li><strong>Matriculaci\u00f3:<\/strong> del 18 de juny al 30 de juny de 2026<\/li>\n<\/ul>\n\t\t\t\t\t\t <\/div>\r\n\t\t\t\t\t\t\t\t\t\t\t\t <div role=\"tabpanel\" class=\"tab-pane \" id=\"tabs_desc_4528_2\">\r\n\t\t\t\t\t\t\t\t<p><a href=\"https:\/\/agora.xtec.cat\/iesperebarnils\/wp-content\/uploads\/usu1023\/2026\/04\/INFORMACIO-PREINSCRIPCIO-BATX-2026-2027.pdf\">Informaci\u00f3 per a la preinscripci\u00f3 i criteris de puntuaci\u00f3. Curs 2026-27<\/a><\/p>\n<p><a href=\"https:\/\/preinscripcio.gencat.cat\/ca\/estudis\/batxillerat\/inici\/\">Informaci\u00f3 del Departament d'educaci\u00f3<\/a><\/p>\n\t\t\t\t\t\t <\/div>\r\n\t\t\t\t\t\t\t\t\t\t\t\t <div role=\"tabpanel\" class=\"tab-pane \" id=\"tabs_desc_4528_3\">\r\n\t\t\t\t\t\t\t\t<p><a href=\"https:\/\/agora.xtec.cat\/iesperebarnils\/wp-content\/uploads\/usu1023\/2026\/04\/3.-INFORME_OFERTA_OME_BATXILLERAT.pdf\">Oferta inicial de places 26-27<\/a><\/p>\n\t\t\t\t\t\t <\/div>\r\n\t\t\t\t\t\t\t\t\t\t\t\t <div role=\"tabpanel\" class=\"tab-pane \" id=\"tabs_desc_4528_4\">\r\n\t\t\t\t\t\t\t\t<p>Relaci\u00f3 de despeses de matriculaci\u00f3 Batxillerat. 2026-27<\/p>\n\t\t\t\t\t\t <\/div>\r\n\t\t\t\t\t\t\t\t\t\t\t\t <div role=\"tabpanel\" class=\"tab-pane \" id=\"tabs_desc_4528_5\">\r\n\t\t\t\t\t\t\t\t<p>Quota i llibres<br \/>\nBATXILLERAT. Llibres de text 26-27<\/p>\n\t\t\t\t\t\t <\/div>\r\n\t\t\t\t\t\t\t\t\t\t\t\t <div role=\"tabpanel\" class=\"tab-pane \" id=\"tabs_desc_4528_6\">\r\n\t\t\t\t\t\t\t\t<p><a href=\"https:\/\/agora.xtec.cat\/iesperebarnils\/wp-content\/uploads\/usu1023\/2026\/03\/Materies-1r-Batxillerat-26-27-1.pdf\">Mat\u00e8ries 1r de Batxillerat<\/a><\/p>\n<p><a href=\"https:\/\/agora.xtec.cat\/iesperebarnils\/wp-content\/uploads\/usu1023\/2025\/03\/Disseny-curricular-2n-de-Batxillerat-2024-26.pdf\">Mat\u00e8ries 2n de Batxillerat<\/a><\/p>\n\t\t\t\t\t\t <\/div>\r\n\t\t\t\t\t\t\t\t\t\t\t\t <div role=\"tabpanel\" class=\"tab-pane \" id=\"tabs_desc_4528_7\">\r\n\t\t\t\t\t\t\t\t<p>De 8:00h a 14:30h<\/p>\n<p>Dos patis: de 10h a 10:15h i de 12:15h a 12:30h<\/p>\n\t\t\t\t\t\t <\/div>\r\n\t\t\t\t\t\t\t\t\t\t\t\t <div role=\"tabpanel\" class=\"tab-pane \" id=\"tabs_desc_4528_8\">\r\n\t\t\t\t\t\t\t\t<p><strong>SUPERACI\u00d3 DE CADA MAT\u00c8RIA<\/strong><\/p>\n<p>Cada departament did\u00e0ctic t\u00e9 establert el seu sistema d\u2019avaluaci\u00f3. A principi de curs cada professor\/a exposar\u00e0 a l'alumnat els criteris que seguir\u00e0 per avaluar-los. Conv\u00e9 que l'alumnat tingui informaci\u00f3 suficient d\u2019aquests criteris i en cadascuna de les assignatures.<\/p>\n<p><strong>RECLAMACI\u00d3 DE NOTES<\/strong><\/p>\n<p>L'alumnat, o les seves fam\u00edlies o tutors legals, tenen dret a sol\u00b7licitar aclariments per part del professorat respecte de les qualificacions trimestrals o finals, aix\u00ed com a reclamar contra les decisions i qualificacions que, com a resultat del proc\u00e9s d'avaluaci\u00f3, s'adoptin al final d'un curs o de l'etapa. El tutor\/a individual podr\u00e0 donar orientacions sobre quin \u00e9s el proc\u00e9s que s\u2019ha de seguir. La informaci\u00f3 del proc\u00e9s a seguir en cas de reclamaci\u00f3 es concreta a les Normes d'organitzaci\u00f3 i funcionament de centre (NOFC), en el fragment enlla\u00e7at. <a href=\"https:\/\/agora.xtec.cat\/iesperebarnils\/wp-content\/uploads\/usu1023\/2025\/11\/CF_BATX_RECLAMACIONS_QUALIFICACIONS_FRAGMENT_NOFC.pdf\">NOFC. Reclamaci\u00f3 de notes. Batxillerat<\/a><\/p>\n<p><strong>AVALUACI\u00d3 1R BATXILLERAT<\/strong><\/p>\n<p><strong>Promoci\u00f3 de curs<\/strong><\/p>\n<p>Per poder cursar el segon curs de batxillerat cal aprovar totes les mat\u00e8ries de primer, amb dues excepcions com a m\u00e0xim. L\u2019alumnat que no accedeixi a segon curs podr\u00e0 tornar a cursar el primer curs. Hi ha una recuperaci\u00f3 de les mat\u00e8ries suspeses a final de curs.<\/p>\n<p>L\u2019alumne\/a que accedeixi a segon curs amb una o dues mat\u00e8ries pendents de primer tindr\u00e0 una avaluaci\u00f3 extraordin\u00e0ria d\u2019aquestes mat\u00e8ries mentre cursa el segon curs. Pel que fa a les mat\u00e8ries amb continu\u00eftat a segon, <strong>no es pot avaluar la mat\u00e8ria de segon mentre no estigui aprovada les mat\u00e8ria corresponent de primer curs.<\/strong><\/p>\n<p><strong>AVALUACI\u00d3 2N BATXILLERAT<\/strong><\/p>\n<p><strong>Obtenci\u00f3 del t\u00edtol de Batxillerat<\/strong><\/p>\n<p>Per poder obtenir el t\u00edtol de batxillerat caldr\u00e0 haver rebut qualificaci\u00f3 positiva de totes les mat\u00e8ries de primer i segon curs, incloent-hi el treball de recerca. Un cop s\u2019hagin superat totes les mat\u00e8ries corresponents, es calcular\u00e0 una nota mitjana que s\u2019obtindr\u00e0 segons la seg\u00fcent f\u00f3rmula: 0.9\u00b7M+0.1\u00b7QT.<br \/>\nM: mitjana aritm\u00e8tica de les qualificacions de les mat\u00e8ries cursades.<br \/>\nQT: qualificaci\u00f3 del treball de recerca.<br \/>\nL\u2019alumnat que en finalitzar el segon curs tingui avaluaci\u00f3 negativa en algunes mat\u00e8ries podr\u00e0 matricular-se\u2019n sense necessitat de tornar a cursar les mat\u00e8ries ja superades.<\/p>\n<p><strong>PAU<\/strong><\/p>\n<p>L'alumnat que hagi aprovat el Batxillerat i vulgui accedir als estudis universitaris haur\u00e0 de realitzar les Proves d'Acc\u00e9s a la Universitat (PAU). Tindran lloc a principis de juny a la Universitat de Vic. Hi ha una altra convocat\u00f2ria al setembre.<\/p>\n<p><strong>Estructura fase general obligat\u00f2ria:<\/strong><br \/>\n1a prova. Llengua castellana i literatura<br \/>\n2a prova. Llengua catalana i literatura<br \/>\n3a prova. Hist\u00f2ria de la filosofia o Hist\u00f2ria d'Espanya<br \/>\n4a prova. Llengua estrangera<br \/>\n5a prova. Una de les mat\u00e8ries comunes d'opci\u00f3 de 2n de Batxillerat<br \/>\nPuntuaci\u00f3: Mitjana aritm\u00e8tica de tots els exercicis<\/p>\n<p><strong>Fase espec\u00edfica de car\u00e0cter voluntari:<\/strong><br \/>\nEs pot examinar d'un m\u00e0xim de tres mat\u00e8ries de modalitat. Conv\u00e9 que siguin de ponderaci\u00f3 0,2.<br \/>\nLa nota d'aquests ex\u00e0mens nom\u00e9s es sumar\u00e0 a la de la fase comuna si el resultat \u00e9s igual o superior a 5.<br \/>\nComptaran les dues millors qualificacions d'entre les tres.<\/p>\n<p>Nota d'admissi\u00f3 als ensenyaments universitaris de grau: Nota d'admissi\u00f3=0,6*NMB + 0,4*CFG + A*M1 + B*M2<br \/>\nNMB= Nota mitjana de Batxillerat<br \/>\nCFG= Qualificaci\u00f3 de la fase general<br \/>\nM1, M2= Les dues millors qualificacions de les mat\u00e8ries superades de la fase especifica<br \/>\na, b= Par\u00e0metres de ponderaci\u00f3 de les mat\u00e8ries de la fase espec\u00edfica<\/p>\n<p>Trobareu tota la informaci\u00f3 pertinent en el web accesuniversitat.gencat.cat.<\/p>\n<p>Al llarg del curs hi ha programades diferents activitats d'orientaci\u00f3 universit\u00e0ria i\/o m\u00f2duls professionals. Pel que fa a la prematr\u00edcula de les PAU, t\u00e9 lloc a finals de febrer i es fa telem\u00e0ticament.<\/p>\n<p>Quant a la matr\u00edcula, es tramita un cop obtingut el t\u00edtol de Batxillerat.<\/p>\n<p>La preinscripci\u00f3 universit\u00e0ria, es pot fer abans de saber els resultats de les PAU, per\u00f2 nom\u00e9s servir\u00e0 en cas d'haver aprovat.<\/p>\n<p>Per assabentar-vos de l'assignaci\u00f3 de la preinscripci\u00f3 universit\u00e0ria i tot el proc\u00e9s podeu consultar la p\u00e0gina web accesuniversitat.gencat.cat. Oportunament ja rebreu informaci\u00f3.<\/p>\n<p>Per \u00faltim, respecte la matr\u00edcula de les PAU en convocat\u00f2ria extraordin\u00e0ria (setembre), no la tramita l'Institut sin\u00f3 que la tramita cada alumne\/a per internet a accesuniversitat.gencat.cat.<\/p>\n\t\t\t\t\t\t <\/div>\r\n\t\t\t\t\t\t\t\t\t\t\t\t <div role=\"tabpanel\" class=\"tab-pane \" id=\"tabs_desc_4528_9\">\r\n\t\t\t\t\t\t\t\t<p><a href=\"https:\/\/agora.xtec.cat\/iesperebarnils\/wp-content\/uploads\/usu1023\/2026\/03\/25_26_PPOO_Presentacio-families-BAT.pptx.pdf\">Portes obertes 26-27. Presentaci\u00f3 a les fam\u00edlies.<\/a><\/p>\n<p>\u00a0<\/p>\n\t\t\t\t\t\t <\/div>\r\n\t\t\t\t\t\t\t\r\n\t\t\t\t\t <\/div>\r\n\t\t\t\t\t \r\n\t\t\t\t <\/div>\r\n <script>\r\n\t\tjQuery(function () {\r\n\t\t\tjQuery('#myTab_4528 a:first').tab('show')\r\n\t\t});\r\n\t\t\r\n\t\t\t\tjQuery(function(){\r\n\t\t\tvar b=\"fadeIn\";\r\n\t\t\tvar c;\r\n\t\t\tvar a;\r\n\t\t\td(jQuery(\"#myTab_4528 a\"),jQuery(\"#tab-content_4528\"));function d(e,f,g){\r\n\t\t\t\te.click(function(i){\r\n\t\t\t\t\ti.preventDefault();\r\n\t\t\t\t\tjQuery(this).tab(\"show\");\r\n\t\t\t\t\tvar h=jQuery(this).data(\"easein\");\r\n\t\t\t\t\tif(c){c.removeClass(a);}\r\n\t\t\t\t\tif(h){f.find(\"div.active\").addClass(\"animated \"+h);a=h;}\r\n\t\t\t\t\telse{if(g){f.find(\"div.active\").addClass(\"animated \"+g);a=g;}else{f.find(\"div.active\").addClass(\"animated \"+b);a=b;}}c=f.find(\"div.active\");\r\n\t\t\t\t});\r\n\t\t\t}\r\n\t\t});\r\n\t\t\r\n\r\n\t\tfunction do_resize(){\r\n\r\n\t\t\tvar width=jQuery( '.tab-content .tab-pane iframe' ).width();\r\n\t\t\tvar height=jQuery( '.tab-content .tab-pane iframe' ).height();\r\n\r\n\t\t\tvar toggleSize = true;\r\n\t\t\tjQuery('iframe').animate({\r\n\t\t\t    width: toggleSize ? width : 640,\r\n\t\t\t    height: toggleSize ? height : 360\r\n\t\t\t  }, 250);\r\n\r\n\t\t\t  toggleSize = !toggleSize;\r\n\t\t}\r\n\r\n\r\n\t<\/script>\r\n\t\t\t\t\r\n\t\t\t\n<p style=\"text-align: justify;\"><span style=\"font-weight: 400;\">El batxillerat forma part de l\u2019educaci\u00f3 secund\u00e0ria postobligat\u00f2ria i es distribueix en dos cursos acad\u00e8mics. A l\u2019institut Pere Barnils es duen a terme les modalitat d\u2019humanitats i ci\u00e8ncies socials i la modalitat de ci\u00e8ncies i tecnologia. S\u2019organitza de manera flexible i, si cal, en vies diferents dins de cada modalitat, de manera que pot oferir una preparaci\u00f3 especialitzada als alumnes d\u2019acord amb les seves perspectives i interessos de formaci\u00f3.<\/span><\/p>\n","protected":false},"excerpt":{"rendered":"","protected":false},"author":119,"featured_media":0,"parent":0,"menu_order":0,"comment_status":"closed","ping_status":"closed","template":"","meta":{"_bbp_topic_count":0,"_bbp_reply_count":0,"_bbp_total_topic_count":0,"_bbp_total_reply_count":0,"_bbp_voice_count":0,"_bbp_anonymous_reply_count":0,"_bbp_topic_count_hidden":0,"_bbp_reply_count_hidden":0,"_bbp_forum_subforum_count":0,"footnotes":""},"class_list":["post-3384","page","type-page","status-publish","hentry"],"post_mailing_queue_ids":[],"_links":{"self":[{"href":"https:\/\/agora.xtec.cat\/iesperebarnils\/wp-json\/wp\/v2\/pages\/3384","targetHints":{"allow":["GET"]}}],"collection":[{"href":"https:\/\/agora.xtec.cat\/iesperebarnils\/wp-json\/wp\/v2\/pages"}],"about":[{"href":"https:\/\/agora.xtec.cat\/iesperebarnils\/wp-json\/wp\/v2\/types\/page"}],"author":[{"embeddable":true,"href":"https:\/\/agora.xtec.cat\/iesperebarnils\/wp-json\/wp\/v2\/users\/119"}],"replies":[{"embeddable":true,"href":"https:\/\/agora.xtec.cat\/iesperebarnils\/wp-json\/wp\/v2\/comments?post=3384"}],"version-history":[{"count":3,"href":"https:\/\/agora.xtec.cat\/iesperebarnils\/wp-json\/wp\/v2\/pages\/3384\/revisions"}],"predecessor-version":[{"id":4535,"href":"https:\/\/agora.xtec.cat\/iesperebarnils\/wp-json\/wp\/v2\/pages\/3384\/revisions\/4535"}],"wp:attachment":[{"href":"https:\/\/agora.xtec.cat\/iesperebarnils\/wp-json\/wp\/v2\/media?parent=3384"}],"curies":[{"name":"wp","href":"https:\/\/api.w.org\/{rel}","templated":true}]}}