{"id":2786,"date":"2020-05-11T18:17:41","date_gmt":"2020-05-11T16:17:41","guid":{"rendered":"http:\/\/agora.xtec.cat\/iesperebarnils\/?page_id=2786"},"modified":"2020-05-11T18:17:41","modified_gmt":"2020-05-11T16:17:41","slug":"6-reclamacions","status":"publish","type":"page","link":"https:\/\/agora.xtec.cat\/iesperebarnils\/6-reclamacions\/","title":{"rendered":"6.- Reclamacions"},"content":{"rendered":"<h4>Com fer una reclamaci\u00f3?<\/h4>\n<p>Estigueu al cas als per\u00edodes de reclamaci\u00f3 establerts al calendari, empleneu el formulari de reclamaci\u00f3 i envieu-lo al correu electr\u00f2nic del centre:<\/p>\n<p>oficines@iesperebarnils.cat<\/p>\n","protected":false},"excerpt":{"rendered":"<p>Com fer una reclamaci\u00f3?<br \/>\nEstigueu al cas als per\u00edodes de reclamaci\u00f3 establerts al calendari, empleneu el formulari de reclamaci\u00f3 i envieu-lo al correu electr\u00f2nic del centre:<br \/>\noficines@iesperebarnils.cat<\/p>\n","protected":false},"author":1,"featured_media":0,"parent":0,"menu_order":0,"comment_status":"closed","ping_status":"closed","template":"page-templates\/side-menu.php","meta":{"_bbp_topic_count":0,"_bbp_reply_count":0,"_bbp_total_topic_count":0,"_bbp_total_reply_count":0,"_bbp_voice_count":0,"_bbp_anonymous_reply_count":0,"_bbp_topic_count_hidden":0,"_bbp_reply_count_hidden":0,"_bbp_forum_subforum_count":0,"footnotes":""},"class_list":["post-2786","page","type-page","status-publish","hentry"],"post_mailing_queue_ids":[],"_links":{"self":[{"href":"https:\/\/agora.xtec.cat\/iesperebarnils\/wp-json\/wp\/v2\/pages\/2786","targetHints":{"allow":["GET"]}}],"collection":[{"href":"https:\/\/agora.xtec.cat\/iesperebarnils\/wp-json\/wp\/v2\/pages"}],"about":[{"href":"https:\/\/agora.xtec.cat\/iesperebarnils\/wp-json\/wp\/v2\/types\/page"}],"author":[{"embeddable":true,"href":"https:\/\/agora.xtec.cat\/iesperebarnils\/wp-json\/wp\/v2\/users\/1"}],"replies":[{"embeddable":true,"href":"https:\/\/agora.xtec.cat\/iesperebarnils\/wp-json\/wp\/v2\/comments?post=2786"}],"version-history":[{"count":1,"href":"https:\/\/agora.xtec.cat\/iesperebarnils\/wp-json\/wp\/v2\/pages\/2786\/revisions"}],"predecessor-version":[{"id":2787,"href":"https:\/\/agora.xtec.cat\/iesperebarnils\/wp-json\/wp\/v2\/pages\/2786\/revisions\/2787"}],"wp:attachment":[{"href":"https:\/\/agora.xtec.cat\/iesperebarnils\/wp-json\/wp\/v2\/media?parent=2786"}],"curies":[{"name":"wp","href":"https:\/\/api.w.org\/{rel}","templated":true}]}}