{"id":2767,"date":"2020-05-11T17:46:19","date_gmt":"2020-05-11T15:46:19","guid":{"rendered":"http:\/\/agora.xtec.cat\/iesperebarnils\/?page_id=2767"},"modified":"2020-05-11T17:54:13","modified_gmt":"2020-05-11T15:54:13","slug":"2-dates-i-calendari","status":"publish","type":"page","link":"https:\/\/agora.xtec.cat\/iesperebarnils\/2-dates-i-calendari\/","title":{"rendered":"2.- Dates i calendari"},"content":{"rendered":"<h4><u>Presentaci\u00f3 de sol\u00b7licituds:<\/u><\/h4>\n<table width=\"100%\">\n<tbody>\n<tr>\n<td>VIA TELEM\u00c0TICA:<\/p>\n<p><strong>Del\u00a0 13 al 22 de maig<\/strong><\/td>\n<\/tr>\n<\/tbody>\n<\/table>\n<table width=\"100%\">\n<tbody>\n<tr>\n<td>PRESENCIALMENT CASOS EXTRAORDINARIS<\/p>\n<p><strong>Del 19 al 22 de maig<\/strong><\/p>\n<p><u>Cal tenir cita pr\u00e8via<\/u><\/td>\n<\/tr>\n<\/tbody>\n<\/table>\n<p>La documentaci\u00f3 es pot fer arribar fins el dia 25 de maig a trav\u00e9s del correu electr\u00f2nic del centre.<\/p>\n<p><a href=\"mailto:oficines@iesperebarnils.cat\">oficines@iesperebarnils.cat<\/a><\/p>\n<h4>Calendari<\/h4>\n<ul>\n<li>Oferta inicial de places escolars: 8 de maig<\/li>\n<li>Presentaci\u00f3 de sol\u00b7licituds en suport inform\u00e0tic: <strong>del 13 al 22 de maig de 2020<\/strong><\/li>\n<li>Presentaci\u00f3 de sol\u00b7licituds presencialment amb cita pr\u00e8via: <strong>del 19 al 22 de maig de 2020<\/strong>.<\/li>\n<li>Presentaci\u00f3 de documentaci\u00f3: <strong>fins al 25 de maig de 2020<\/strong><\/li>\n<\/ul>\n<p><strong>Av\u00eds: Les dates proposades del mes de juny i posteriors s\u00f3n provisionals i poden variar en funci\u00f3 de l\u2019evoluci\u00f3 de la pand\u00e8mia.<\/strong><\/p>\n<ul>\n<li>Llista de sol\u00b7licituds amb la puntuaci\u00f3 provisional: 29 de maig de 2020<\/li>\n<li>Presentaci\u00f3 de reclamacions: de 2 al 5 de juny 2020<\/li>\n<li>Llista de sol\u00b7licituds amb la puntuaci\u00f3 un cop resoltes les reclamacions: 9 de juny 2020<\/li>\n<li>Sorteig del n\u00famero de desempat: 9 de juny de 2020, a les 11h<\/li>\n<li>Llista ordenada definitiva: 11 de juny de 2020<\/li>\n<li>Ampliaci\u00f3 de petici\u00f3 de centres per a les sol\u00b7licituds que no han obtingut cap assignaci\u00f3 (assignaci\u00f3 d\u2019ofici): del 26 al 29 del juny de 2020<\/li>\n<li>Oferta final de places escolars: 6 de juliol de 2020<\/li>\n<li>Llista d\u2019alumnes admesos i llista d\u2019espera: 7 de juliol de 2020.<\/li>\n<\/ul>\n<p><strong>Matr\u00edcula<\/strong><\/p>\n<p>Alumnes preinscrits amb pla\u00e7a assignada a segon cicle d\u2019educaci\u00f3 infantil, educaci\u00f3 prim\u00e0ria i ESO: <strong>del 13 al 17 de juliol de 2020.<\/strong><\/p>\n","protected":false},"excerpt":{"rendered":"<p>Presentaci\u00f3 de sol\u00b7licituds:<\/p>\n<p>VIA TELEM\u00c0TICA:<br \/>\nDel\u00a0 13 al 22 de maig<\/p>\n<p>PRESENCIALMENT CASOS EXTRAORDINARIS<br \/>\nDel 19 al 22 de maig<br \/>\nCal tenir cita pr\u00e8via<\/p>\n<p>La documentaci\u00f3 es pot fer arribar fins el dia 25 de maig a trav\u00e9s del correu electr\u00f2nic del centre.<br \/>\n<a href=\"mailto:oficines@iesperebarnils.cat\">oficines@iesperebarnils.cat<\/a><br \/>\nCalendari<\/p>\n<ul>\n<li>Oferta inicial de places escolars: 8 de maig<\/li>\n<li>Presentaci\u00f3&hellip;  <a href=\"https:\/\/agora.xtec.cat\/iesperebarnils\/2-dates-i-calendari\/\" title=\"Read 2.- Dates i calendari\">Llegeix m\u00e9s\u00bb<\/a><br \/>\n","protected":false},"author":1,"featured_media":0,"parent":0,"menu_order":0,"comment_status":"closed","ping_status":"closed","template":"page-templates\/side-menu.php","meta":{"_bbp_topic_count":0,"_bbp_reply_count":0,"_bbp_total_topic_count":0,"_bbp_total_reply_count":0,"_bbp_voice_count":0,"_bbp_anonymous_reply_count":0,"_bbp_topic_count_hidden":0,"_bbp_reply_count_hidden":0,"_bbp_forum_subforum_count":0,"footnotes":""},"class_list":["post-2767","page","type-page","status-publish","hentry"],"post_mailing_queue_ids":[],"_links":{"self":[{"href":"https:\/\/agora.xtec.cat\/iesperebarnils\/wp-json\/wp\/v2\/pages\/2767","targetHints":{"allow":["GET"]}}],"collection":[{"href":"https:\/\/agora.xtec.cat\/iesperebarnils\/wp-json\/wp\/v2\/pages"}],"about":[{"href":"https:\/\/agora.xtec.cat\/iesperebarnils\/wp-json\/wp\/v2\/types\/page"}],"author":[{"embeddable":true,"href":"https:\/\/agora.xtec.cat\/iesperebarnils\/wp-json\/wp\/v2\/users\/1"}],"replies":[{"embeddable":true,"href":"https:\/\/agora.xtec.cat\/iesperebarnils\/wp-json\/wp\/v2\/comments?post=2767"}],"version-history":[{"count":3,"href":"https:\/\/agora.xtec.cat\/iesperebarnils\/wp-json\/wp\/v2\/pages\/2767\/revisions"}],"predecessor-version":[{"id":2774,"href":"https:\/\/agora.xtec.cat\/iesperebarnils\/wp-json\/wp\/v2\/pages\/2767\/revisions\/2774"}],"wp:attachment":[{"href":"https:\/\/agora.xtec.cat\/iesperebarnils\/wp-json\/wp\/v2\/media?parent=2767"}],"curies":[{"name":"wp","href":"https:\/\/api.w.org\/{rel}","templated":true}]}}