{"id":2762,"date":"2020-05-11T17:38:38","date_gmt":"2020-05-11T15:38:38","guid":{"rendered":"http:\/\/agora.xtec.cat\/iesperebarnils\/?page_id=2762"},"modified":"2020-05-14T13:53:29","modified_gmt":"2020-05-14T11:53:29","slug":"oferta-inicial-de-places-i-centres-adscrits","status":"publish","type":"page","link":"https:\/\/agora.xtec.cat\/iesperebarnils\/oferta-inicial-de-places-i-centres-adscrits\/","title":{"rendered":"1.-Oferta inicial de places i centres adscrits"},"content":{"rendered":"<div><a href=\"https:\/\/agora.xtec.cat\/iesperebarnils\/wp-content\/uploads\/usu1023\/2015\/04\/nou.gif\"><img loading=\"lazy\" decoding=\"async\" class=\"alignnone size-full wp-image-435\" src=\"https:\/\/agora.xtec.cat\/iesperebarnils\/wp-content\/uploads\/usu1023\/2015\/04\/nou.gif\" alt=\"\" width=\"60\" height=\"27\" \/><\/a><\/div>\n<h4 class=\"gmail_default\">\u00a0 \u00a0<a href=\"http:\/\/mapaescolar.gencat.cat\/\" target=\"_blank\" rel=\"noopener noreferrer\" data-saferedirecturl=\"https:\/\/www.google.com\/url?q=http:\/\/mapaescolar.gencat.cat\/&amp;source=gmail&amp;ust=1589542975832000&amp;usg=AFQjCNGD4YzGNozSOFBVLzObqD2ZnPIjhA\">Mapa escolar de la preinscripci\u00f3 curs 2020-2021<\/a>.<\/h4>\n<div class=\"gmail_default\"><\/div>\n<p>&nbsp;<\/p>\n<h4><strong>Centres adscrits a l\u2019institut Pere Barnils<\/strong><\/h4>\n<table>\n<tbody>\n<tr>\n<td width=\"201\">08016185<\/td>\n<td width=\"201\">Escola Ildefons Cerd\u00e0<\/td>\n<td width=\"201\">Centelles<\/td>\n<\/tr>\n<tr>\n<td width=\"201\">08000359<\/td>\n<td width=\"201\">Escola La Muntanya<\/td>\n<td width=\"201\">Aiguafreda<\/td>\n<\/tr>\n<tr>\n<td width=\"201\">08064829<\/td>\n<td width=\"201\">Escola Valldeneu<\/td>\n<td width=\"201\">Sant Mart\u00ed de Centelles<\/td>\n<\/tr>\n<tr>\n<td width=\"201\">08067041<\/td>\n<td width=\"201\">Escola Xoriguer<\/td>\n<td width=\"201\">Centelles<\/td>\n<\/tr>\n<\/tbody>\n<\/table>\n<h4>Ensenyaments del centre<\/h4>\n<table>\n<tbody>\n<tr>\n<td width=\"302\"><strong>Codi<\/strong><\/td>\n<td width=\"302\"><strong>Nom<\/strong><\/td>\n<\/tr>\n<tr>\n<td width=\"302\">BATXLOE 2000<\/td>\n<td width=\"302\">Batxillerat de ci\u00e8ncies i tecnologia<\/td>\n<\/tr>\n<tr>\n<td width=\"302\">BATXLOE 3000<\/td>\n<td width=\"302\">Batxillerat d&#8217;humanitats i ci\u00e8ncies socials<\/td>\n<\/tr>\n<tr>\n<td width=\"302\">CFPM 0101<\/td>\n<td width=\"302\">Conducci\u00f3 d&#8217;Activitats Fisicoesportives en el Medi Natural<\/td>\n<\/tr>\n<tr>\n<td width=\"302\">ESO LOE<\/td>\n<td width=\"302\">Educaci\u00f3 secund\u00e0ria obligat\u00f2ria<\/td>\n<\/tr>\n<\/tbody>\n<\/table>\n","protected":false},"excerpt":{"rendered":"<p><a href=\"https:\/\/agora.xtec.cat\/iesperebarnils\/wp-content\/uploads\/usu1023\/2015\/04\/nou.gif\"><\/a><br \/>\n\u00a0 \u00a0<a href=\"http:\/\/mapaescolar.gencat.cat\/\" target=\"_blank\" rel=\"noopener noreferrer\" data-saferedirecturl=\"https:\/\/www.google.com\/url?q=http:\/\/mapaescolar.gencat.cat\/&amp;source=gmail&amp;ust=1589542975832000&amp;usg=AFQjCNGD4YzGNozSOFBVLzObqD2ZnPIjhA\">Mapa escolar de la preinscripci\u00f3 curs 2020-2021<\/a>.<\/p>\n<p>&nbsp;<br \/>\nCentres adscrits a l\u2019institut Pere Barnils<\/p>\n<p>08016185<br \/>\nEscola Ildefons Cerd\u00e0<br \/>\nCentelles<\/p>\n<p>08000359<br \/>\nEscola La Muntanya<br \/>\nAiguafreda<\/p>\n<p>08064829<br \/>\nEscola Valldeneu<br \/>\nSant Mart\u00ed de Centelles<\/p>\n<p>08067041<br \/>\nEscola Xoriguer<br \/>\nCentelles<\/p>\n<p>Ensenyaments del centre<\/p>\n<p>Codi<br \/>\nNom<\/p>\n<p>BATXLOE 2000<br \/>\nBatxillerat de ci\u00e8ncies i tecnologia<\/p>\n<p>BATXLOE 3000<br \/>\nBatxillerat d&#8217;humanitats i ci\u00e8ncies socials<\/p>\n<p>CFPM 0101<br \/>\nConducci\u00f3 d&#8217;Activitats Fisicoesportives en el&hellip;  <a href=\"https:\/\/agora.xtec.cat\/iesperebarnils\/oferta-inicial-de-places-i-centres-adscrits\/\" title=\"Read 1.-Oferta inicial de places i centres adscrits\">Llegeix m\u00e9s\u00bb<\/a><\/p>\n","protected":false},"author":1,"featured_media":0,"parent":0,"menu_order":0,"comment_status":"closed","ping_status":"closed","template":"page-templates\/side-menu.php","meta":{"_bbp_topic_count":0,"_bbp_reply_count":0,"_bbp_total_topic_count":0,"_bbp_total_reply_count":0,"_bbp_voice_count":0,"_bbp_anonymous_reply_count":0,"_bbp_topic_count_hidden":0,"_bbp_reply_count_hidden":0,"_bbp_forum_subforum_count":0,"footnotes":""},"class_list":["post-2762","page","type-page","status-publish","hentry"],"post_mailing_queue_ids":[],"_links":{"self":[{"href":"https:\/\/agora.xtec.cat\/iesperebarnils\/wp-json\/wp\/v2\/pages\/2762","targetHints":{"allow":["GET"]}}],"collection":[{"href":"https:\/\/agora.xtec.cat\/iesperebarnils\/wp-json\/wp\/v2\/pages"}],"about":[{"href":"https:\/\/agora.xtec.cat\/iesperebarnils\/wp-json\/wp\/v2\/types\/page"}],"author":[{"embeddable":true,"href":"https:\/\/agora.xtec.cat\/iesperebarnils\/wp-json\/wp\/v2\/users\/1"}],"replies":[{"embeddable":true,"href":"https:\/\/agora.xtec.cat\/iesperebarnils\/wp-json\/wp\/v2\/comments?post=2762"}],"version-history":[{"count":3,"href":"https:\/\/agora.xtec.cat\/iesperebarnils\/wp-json\/wp\/v2\/pages\/2762\/revisions"}],"predecessor-version":[{"id":2827,"href":"https:\/\/agora.xtec.cat\/iesperebarnils\/wp-json\/wp\/v2\/pages\/2762\/revisions\/2827"}],"wp:attachment":[{"href":"https:\/\/agora.xtec.cat\/iesperebarnils\/wp-json\/wp\/v2\/media?parent=2762"}],"curies":[{"name":"wp","href":"https:\/\/api.w.org\/{rel}","templated":true}]}}