{"id":273,"date":"2014-12-09T19:24:56","date_gmt":"2014-12-09T18:24:56","guid":{"rendered":"http:\/\/agora.xtec.cat\/iesperebarnils\/?page_id=273"},"modified":"2021-05-05T19:35:35","modified_gmt":"2021-05-05T17:35:35","slug":"pere-barnils","status":"publish","type":"page","link":"https:\/\/agora.xtec.cat\/iesperebarnils\/pere-barnils\/","title":{"rendered":"Pere Barnils"},"content":{"rendered":"<div>\n<p><strong>Pere Barnils i Giol<\/strong>Fil\u00f2leg i pedagog (Centelles, 20 de novembre de 1882 &#8211; Barcelona, 30 de gener de 1933)<\/p>\n<p><a href=\"http:\/\/agora.xtec.cat\/iesperebarnils\/wp-content\/uploads\/usu1023\/2014\/12\/barnils1.jpg\"><img loading=\"lazy\" decoding=\"async\" width=\"186\" height=\"300\" class=\"alignnone size-medium wp-image-275\" src=\"http:\/\/agora.xtec.cat\/iesperebarnils\/wp-content\/uploads\/usu1023\/2014\/12\/barnils1-186x300.jpg\" alt=\"barnils1\" srcset=\"https:\/\/agora.xtec.cat\/iesperebarnils\/wp-content\/uploads\/usu1023\/2014\/12\/barnils1-186x300.jpg 186w, https:\/\/agora.xtec.cat\/iesperebarnils\/wp-content\/uploads\/usu1023\/2014\/12\/barnils1-637x1024.jpg 637w, https:\/\/agora.xtec.cat\/iesperebarnils\/wp-content\/uploads\/usu1023\/2014\/12\/barnils1.jpg 1041w\" sizes=\"auto, (max-width: 186px) 100vw, 186px\" \/><\/a>\u00a0<a href=\"http:\/\/agora.xtec.cat\/iesperebarnils\/wp-content\/uploads\/usu1023\/2014\/12\/barnils3.jpg\"><img loading=\"lazy\" decoding=\"async\" width=\"214\" height=\"300\" class=\"alignnone size-medium wp-image-282\" src=\"http:\/\/agora.xtec.cat\/iesperebarnils\/wp-content\/uploads\/usu1023\/2014\/12\/barnils3-214x300.jpg\" alt=\"barnils3\" srcset=\"https:\/\/agora.xtec.cat\/iesperebarnils\/wp-content\/uploads\/usu1023\/2014\/12\/barnils3-214x300.jpg 214w, https:\/\/agora.xtec.cat\/iesperebarnils\/wp-content\/uploads\/usu1023\/2014\/12\/barnils3-732x1024.jpg 732w, https:\/\/agora.xtec.cat\/iesperebarnils\/wp-content\/uploads\/usu1023\/2014\/12\/barnils3.jpg 1447w\" sizes=\"auto, (max-width: 214px) 100vw, 214px\" \/><\/a>\u00a0<a href=\"http:\/\/agora.xtec.cat\/iesperebarnils\/wp-content\/uploads\/usu1023\/2014\/12\/barnils4.jpg\"><img loading=\"lazy\" decoding=\"async\" width=\"191\" height=\"300\" class=\"alignnone size-medium wp-image-283\" src=\"http:\/\/agora.xtec.cat\/iesperebarnils\/wp-content\/uploads\/usu1023\/2014\/12\/barnils4-191x300.jpg\" alt=\"barnils4\" srcset=\"https:\/\/agora.xtec.cat\/iesperebarnils\/wp-content\/uploads\/usu1023\/2014\/12\/barnils4-191x300.jpg 191w, https:\/\/agora.xtec.cat\/iesperebarnils\/wp-content\/uploads\/usu1023\/2014\/12\/barnils4-653x1024.jpg 653w, https:\/\/agora.xtec.cat\/iesperebarnils\/wp-content\/uploads\/usu1023\/2014\/12\/barnils4.jpg 1111w\" sizes=\"auto, (max-width: 191px) 100vw, 191px\" \/><\/a> <a href=\"http:\/\/agora.xtec.cat\/iesperebarnils\/wp-content\/uploads\/usu1023\/2014\/12\/barnils2.jpg\"><img loading=\"lazy\" decoding=\"async\" width=\"300\" height=\"206\" class=\"alignnone size-medium wp-image-281\" src=\"http:\/\/agora.xtec.cat\/iesperebarnils\/wp-content\/uploads\/usu1023\/2014\/12\/barnils2-300x206.jpg\" alt=\"barnils2\" srcset=\"https:\/\/agora.xtec.cat\/iesperebarnils\/wp-content\/uploads\/usu1023\/2014\/12\/barnils2-300x206.jpg 300w, https:\/\/agora.xtec.cat\/iesperebarnils\/wp-content\/uploads\/usu1023\/2014\/12\/barnils2-1024x705.jpg 1024w\" sizes=\"auto, (max-width: 300px) 100vw, 300px\" \/><\/a><\/p>\n<p><span style=\"font-weight: 400;\">1882 Neix el 20 de novembre al carrer Jes\u00fas, 20.<\/span><\/p>\n<p><span style=\"font-weight: 400;\">1886-1893 Va al Col\u00b7legi Sant Josep dels Germans Maristes al carrer Jes\u00fas, 25. Els seus companys l\u2019anomenen <\/span><b>\u201dEl savi de ca la Madrona\u201d<\/b><span style=\"font-weight: 400;\">.<\/span><\/p>\n<p><span style=\"font-weight: 400;\">1893-1908 <\/span><b>Estudia humanitats, filosofia i teologia <\/b><span style=\"font-weight: 400;\">al Seminari de Vic fins el 1902. Despr\u00e9s compagina el treball (en dues empreses t\u00e8xtils) amb l\u2019estudi.<\/span><\/p>\n<p><span style=\"font-weight: 400;\">1908-1912 Guanya una <\/span><b>beca <\/b><span style=\"font-weight: 400;\">de la Diputaci\u00f3 de Barcelona per anar a estudiar <\/span><b>filologia rom\u00e0nica a Alemanya<\/b><span style=\"font-weight: 400;\">. Amb una pr\u00f2rroga es trasllada a Par\u00eds on descobreix la seva <\/span><b>vocaci\u00f3<\/b><span style=\"font-weight: 400;\">, la <\/span><b>fon\u00e8tica<\/b><span style=\"font-weight: 400;\">. Despr\u00e9s de doctorar-se a torna a Centelles.<\/span><\/p>\n<p><span style=\"font-weight: 400;\">1913-1918 \u00c9s secretari-redactor de la <\/span><b>Secci\u00f3 Filol\u00f2gica de l\u2019Institut d\u2019Estudis Catalans<\/b><span style=\"font-weight: 400;\"> i dirigeix l\u2019Obra del <\/span><b>Diccionari General de la Llengua Catalana<\/b><span style=\"font-weight: 400;\">.<\/span><\/p>\n<p><span style=\"font-weight: 400;\">Es trasllada a viure a Barcelona on es casa amb Francesca Cuch\u00ed Altimir. Dirigeix el I <\/span><b>Laboratori de Fon\u00e8tica Experimental de l\u2019Institut d\u2019Estudis Catalans<\/b><span style=\"font-weight: 400;\">.<\/span><\/p>\n<p><span style=\"font-weight: 400;\">1918-1930 \u00c9s director t\u00e8cnic de l\u2019<\/span><b>Escola Municipal de Sordmuts de Barcelona<\/b><span style=\"font-weight: 400;\">. Es dedica intensament a la logop\u00e8dia, sense abandonar la ling\u00fc\u00edstica. El 1926 ingressa a l<\/span><b>a Reial Acad\u00e8mia de les Lletres de Barcelona<\/b><span style=\"font-weight: 400;\">. Publica <\/span><i><span style=\"font-weight: 400;\">Defectes del parlar<\/span><\/i><span style=\"font-weight: 400;\">.<\/span><\/p>\n<p><span style=\"font-weight: 400;\">1930-1933 Se centra en el seu laboratori particular, el <\/span><b>Laboratori de la Paraula<\/b><span style=\"font-weight: 400;\">, on aplica la fon\u00e8tica experimental per corregir diversos trastorns del llenguatge (tartamudesa, af\u00e0sia, sordmudesa, etc.)<\/span><\/p>\n<p><span style=\"font-weight: 400;\">1933 Mor el 30 de gener i \u00e9s enterrat al cementiri de Les Corts de Barcelona. A la seva l\u00e0pida es pot llegir en llat\u00ed <\/span><b>\u201cVisqu\u00e9 per a la fon\u00e8tica i per als mancats d\u2019o\u00efda\u201d.<\/b><\/p>\n<p>BIOGRAFIA DE PERE BARNILS I GIOL<\/p>\n<\/div>\n<p><iframe loading=\"lazy\" src=\"\/\/www.youtube.com\/embed\/u_nI6oVNhiE\" width=\"560\" height=\"314\"><\/iframe><\/p>\n<p>LA VINCULACI\u00d3 DE PERE BARNILS AMB CENTELLES I EL SEU RECONEIXEMENT P\u00daBLIC<\/p>\n<p><iframe loading=\"lazy\" src=\"\/\/www.youtube.com\/embed\/ChhZvvgLoAo\" width=\"560\" height=\"314\"><\/iframe><\/p>\n<p>&#8220;ODA A CENTELLES&#8221;, ESCRITA PER PERE BARNILS L&#8217;ANY 1927<\/p>\n<p><iframe loading=\"lazy\" src=\"\/\/www.youtube.com\/embed\/iy80bGKvD1U\" width=\"560\" height=\"314\"><\/iframe><\/p>\n<p>&nbsp;<\/p>\n<div><\/div>\n","protected":false},"excerpt":{"rendered":"<p>Pere Barnils i GiolFil\u00f2leg i pedagog (Centelles, 20 de novembre de 1882 &#8211; Barcelona, 30 de gener de 1933)<br \/>\n<a href=\"http:\/\/agora.xtec.cat\/iesperebarnils\/wp-content\/uploads\/usu1023\/2014\/12\/barnils1.jpg\"><\/a>\u00a0<a href=\"http:\/\/agora.xtec.cat\/iesperebarnils\/wp-content\/uploads\/usu1023\/2014\/12\/barnils3.jpg\"><\/a>\u00a0<a href=\"http:\/\/agora.xtec.cat\/iesperebarnils\/wp-content\/uploads\/usu1023\/2014\/12\/barnils4.jpg\"><\/a> <a href=\"http:\/\/agora.xtec.cat\/iesperebarnils\/wp-content\/uploads\/usu1023\/2014\/12\/barnils2.jpg\"><\/a><br \/>\n1882 Neix el 20 de novembre al carrer Jes\u00fas, 20.<br \/>\n1886-1893 Va al Col\u00b7legi Sant Josep dels Germans Maristes al carrer Jes\u00fas, 25.&hellip;  <a href=\"https:\/\/agora.xtec.cat\/iesperebarnils\/pere-barnils\/\" title=\"Read Pere Barnils\">Llegeix m\u00e9s\u00bb<\/a><\/p>\n","protected":false},"author":1,"featured_media":0,"parent":0,"menu_order":0,"comment_status":"closed","ping_status":"closed","template":"","meta":{"_bbp_topic_count":0,"_bbp_reply_count":0,"_bbp_total_topic_count":0,"_bbp_total_reply_count":0,"_bbp_voice_count":0,"_bbp_anonymous_reply_count":0,"_bbp_topic_count_hidden":0,"_bbp_reply_count_hidden":0,"_bbp_forum_subforum_count":0,"footnotes":""},"class_list":["post-273","page","type-page","status-publish","hentry"],"post_mailing_queue_ids":[],"_links":{"self":[{"href":"https:\/\/agora.xtec.cat\/iesperebarnils\/wp-json\/wp\/v2\/pages\/273","targetHints":{"allow":["GET"]}}],"collection":[{"href":"https:\/\/agora.xtec.cat\/iesperebarnils\/wp-json\/wp\/v2\/pages"}],"about":[{"href":"https:\/\/agora.xtec.cat\/iesperebarnils\/wp-json\/wp\/v2\/types\/page"}],"author":[{"embeddable":true,"href":"https:\/\/agora.xtec.cat\/iesperebarnils\/wp-json\/wp\/v2\/users\/1"}],"replies":[{"embeddable":true,"href":"https:\/\/agora.xtec.cat\/iesperebarnils\/wp-json\/wp\/v2\/comments?post=273"}],"version-history":[{"count":4,"href":"https:\/\/agora.xtec.cat\/iesperebarnils\/wp-json\/wp\/v2\/pages\/273\/revisions"}],"predecessor-version":[{"id":3576,"href":"https:\/\/agora.xtec.cat\/iesperebarnils\/wp-json\/wp\/v2\/pages\/273\/revisions\/3576"}],"wp:attachment":[{"href":"https:\/\/agora.xtec.cat\/iesperebarnils\/wp-json\/wp\/v2\/media?parent=273"}],"curies":[{"name":"wp","href":"https:\/\/api.w.org\/{rel}","templated":true}]}}