{"id":27,"date":"2014-09-17T16:24:03","date_gmt":"2014-09-17T16:24:03","guid":{"rendered":"http:\/\/agora.xtec.cat\/iesperebarnils\/\/?page_id=27"},"modified":"2021-01-30T21:03:46","modified_gmt":"2021-01-30T20:03:46","slug":"historia","status":"publish","type":"page","link":"https:\/\/agora.xtec.cat\/iesperebarnils\/linstitut\/historia\/","title":{"rendered":"Hist\u00f2ria"},"content":{"rendered":"<p>L\u2019institut Pere Barnils \u00e9s el resultat de la fusi\u00f3 del col\u00b7legi Pere Barnils (de titularitat municipal, centre d\u2019estudis secundaris anomenats BUP i adscrit a l\u2019institut Jaume Call\u00eds de Vic) i de la secci\u00f3 de formaci\u00f3 professional adscrita a l\u2019actual institut de Vic. <\/p>\n<p>Aquest nou centre, amb la unificaci\u00f3 del professorat en un sol claustre va comen\u00e7ar a funcionar l\u2019any 1990, quan es constru\u00ed l\u2019actual edifici ubicat als afores del nucli urb\u00e0, a la part de ponent i enlairat per sobre de la carretera de Sant Feliu de Codines. L\u2019edifici mostra una clara voluntat funcional i gr\u00e0cies a les obertures i al seu privilegiat entorn, rep molta llum natural i d\u00f3na sensaci\u00f3 d\u2019espai.<\/p>\n<p>L\u2019institut Pere Barnils de Centelles fa m\u00e9s de vint-i-cinc anys que imparteix estudis d\u2019ensenyament secundari. Actualment est\u00e0 format per m\u00e9s de 500 alumnes, prop de 50 professors a m\u00e9s del personal administratiu i de serveis.<br \/>\nActualment, \u00e9s l\u2019institut p\u00fablic de refer\u00e8ncia dels nois i noies de Centelles, Aiguafreda i Sant Mart\u00ed de Centelles.<\/p>\n","protected":false},"excerpt":{"rendered":"<p>L\u2019institut Pere Barnils \u00e9s el resultat de la fusi\u00f3 del col\u00b7legi Pere Barnils (de titularitat municipal, centre d\u2019estudis secundaris anomenats BUP i adscrit a l\u2019institut Jaume Call\u00eds de Vic) i de la secci\u00f3 de formaci\u00f3 professional adscrita a l\u2019actual institut de Vic.<br \/>\nAquest nou centre,&hellip;  <a href=\"https:\/\/agora.xtec.cat\/iesperebarnils\/linstitut\/historia\/\" title=\"Read Hist\u00f2ria\">Llegeix m\u00e9s\u00bb<\/a><\/p>\n","protected":false},"author":1,"featured_media":0,"parent":19,"menu_order":20,"comment_status":"closed","ping_status":"closed","template":"","meta":{"_bbp_topic_count":0,"_bbp_reply_count":0,"_bbp_total_topic_count":0,"_bbp_total_reply_count":0,"_bbp_voice_count":0,"_bbp_anonymous_reply_count":0,"_bbp_topic_count_hidden":0,"_bbp_reply_count_hidden":0,"_bbp_forum_subforum_count":0,"footnotes":""},"class_list":["post-27","page","type-page","status-publish","hentry"],"post_mailing_queue_ids":[],"_links":{"self":[{"href":"https:\/\/agora.xtec.cat\/iesperebarnils\/wp-json\/wp\/v2\/pages\/27","targetHints":{"allow":["GET"]}}],"collection":[{"href":"https:\/\/agora.xtec.cat\/iesperebarnils\/wp-json\/wp\/v2\/pages"}],"about":[{"href":"https:\/\/agora.xtec.cat\/iesperebarnils\/wp-json\/wp\/v2\/types\/page"}],"author":[{"embeddable":true,"href":"https:\/\/agora.xtec.cat\/iesperebarnils\/wp-json\/wp\/v2\/users\/1"}],"replies":[{"embeddable":true,"href":"https:\/\/agora.xtec.cat\/iesperebarnils\/wp-json\/wp\/v2\/comments?post=27"}],"version-history":[{"count":3,"href":"https:\/\/agora.xtec.cat\/iesperebarnils\/wp-json\/wp\/v2\/pages\/27\/revisions"}],"predecessor-version":[{"id":3130,"href":"https:\/\/agora.xtec.cat\/iesperebarnils\/wp-json\/wp\/v2\/pages\/27\/revisions\/3130"}],"up":[{"embeddable":true,"href":"https:\/\/agora.xtec.cat\/iesperebarnils\/wp-json\/wp\/v2\/pages\/19"}],"wp:attachment":[{"href":"https:\/\/agora.xtec.cat\/iesperebarnils\/wp-json\/wp\/v2\/media?parent=27"}],"curies":[{"name":"wp","href":"https:\/\/api.w.org\/{rel}","templated":true}]}}