{"id":9913,"date":"2023-06-06T18:41:02","date_gmt":"2023-06-06T16:41:02","guid":{"rendered":"https:\/\/agora.xtec.cat\/iesperealsius\/?page_id=9913"},"modified":"2024-03-26T17:47:53","modified_gmt":"2024-03-26T16:47:53","slug":"ife-mp09-organitzacio-de-les-empreses","status":"publish","type":"page","link":"https:\/\/agora.xtec.cat\/iesperealsius\/ife-mp09-organitzacio-de-les-empreses\/","title":{"rendered":"IFE &#8211; MP09 Organitzaci\u00f3 de les empreses"},"content":{"rendered":"<p><span style=\"font-size: 20px;\">El m\u00f2dul MP09 t\u00e9 un volum total de 105 hores lectives (3 hores setmanals). Al llarg del curs, es duen a terme diferents projectes, amb la finalitat d\u2019oferir a l\u2019alumnat les compet\u00e8ncies b\u00e0siques relacionades amb el m\u00f2dul a trav\u00e9s d\u2019una metodologia de treball progressiva i ajustada a les necessitats individuals de cada alumne. Aquest proc\u00e9s d\u2019aprenentatge, ent\u00e9n l\u2019alumnat com a protagonista principal, per aquest motiu totes les activitats tenen com objectiu fomentar la reflexi\u00f3, la participaci\u00f3 activa i el treball en equip. Els principals continguts de treball que es desenvolupen en el m\u00f2dul MP02 s\u00f3n els seg\u00fcents:<\/span><\/p>\n<p><span style=\"font-size: 20px;\">El treball i el mercat laboral.<\/span><br \/>\n<span style=\"font-size: 20px;\">Interpretaci\u00f3 de l\u2019organitzaci\u00f3 i funcionament d\u2019una empresa.<\/span><\/p>\n<p>&nbsp;<\/p>\n\n\t\t<style type=\"text\/css\">\n\t\t\t#gallery-1 {\n\t\t\t\tmargin: auto;\n\t\t\t}\n\t\t\t#gallery-1 .gallery-item {\n\t\t\t\tfloat: left;\n\t\t\t\tmargin-top: 10px;\n\t\t\t\ttext-align: center;\n\t\t\t\twidth: 50%;\n\t\t\t}\n\t\t\t#gallery-1 img {\n\t\t\t\tborder: 2px solid #cfcfcf;\n\t\t\t}\n\t\t\t#gallery-1 .gallery-caption {\n\t\t\t\tmargin-left: 0;\n\t\t\t}\n\t\t\t\/* see gallery_shortcode() in wp-includes\/media.php *\/\n\t\t<\/style>\n\t\t<div id='gallery-1' class='gallery galleryid-9913 gallery-columns-2 gallery-size-medium'><dl class='gallery-item'>\n\t\t\t<dt class='gallery-icon landscape'>\n\t\t\t\t<a href='https:\/\/agora.xtec.cat\/iesperealsius\/copia-de-whatsapp-image-2024-02-13-at-13-43-15\/'><img loading=\"lazy\" decoding=\"async\" width=\"300\" height=\"225\" src=\"https:\/\/agora.xtec.cat\/iesperealsius\/wp-content\/uploads\/usu45\/2024\/03\/Copia-de-WhatsApp-Image-2024-02-13-at-13.43.15-300x225.jpeg\" class=\"attachment-medium size-medium\" alt=\"\" srcset=\"https:\/\/agora.xtec.cat\/iesperealsius\/wp-content\/uploads\/usu45\/2024\/03\/Copia-de-WhatsApp-Image-2024-02-13-at-13.43.15-300x225.jpeg 300w, https:\/\/agora.xtec.cat\/iesperealsius\/wp-content\/uploads\/usu45\/2024\/03\/Copia-de-WhatsApp-Image-2024-02-13-at-13.43.15-1024x768.jpeg 1024w, https:\/\/agora.xtec.cat\/iesperealsius\/wp-content\/uploads\/usu45\/2024\/03\/Copia-de-WhatsApp-Image-2024-02-13-at-13.43.15-768x576.jpeg 768w, https:\/\/agora.xtec.cat\/iesperealsius\/wp-content\/uploads\/usu45\/2024\/03\/Copia-de-WhatsApp-Image-2024-02-13-at-13.43.15-1536x1152.jpeg 1536w, https:\/\/agora.xtec.cat\/iesperealsius\/wp-content\/uploads\/usu45\/2024\/03\/Copia-de-WhatsApp-Image-2024-02-13-at-13.43.15-2048x1536.jpeg 2048w, https:\/\/agora.xtec.cat\/iesperealsius\/wp-content\/uploads\/usu45\/2024\/03\/Copia-de-WhatsApp-Image-2024-02-13-at-13.43.15-200x150.jpeg 200w\" sizes=\"auto, (max-width: 300px) 100vw, 300px\" \/><\/a>\n\t\t\t<\/dt><\/dl><dl class='gallery-item'>\n\t\t\t<dt class='gallery-icon landscape'>\n\t\t\t\t<a href='https:\/\/agora.xtec.cat\/iesperealsius\/copia-de-whatsapp-image-2024-02-13-at-13-44-10\/'><img loading=\"lazy\" decoding=\"async\" width=\"300\" height=\"225\" src=\"https:\/\/agora.xtec.cat\/iesperealsius\/wp-content\/uploads\/usu45\/2024\/03\/Copia-de-WhatsApp-Image-2024-02-13-at-13.44.10-300x225.jpeg\" class=\"attachment-medium size-medium\" alt=\"\" srcset=\"https:\/\/agora.xtec.cat\/iesperealsius\/wp-content\/uploads\/usu45\/2024\/03\/Copia-de-WhatsApp-Image-2024-02-13-at-13.44.10-300x225.jpeg 300w, https:\/\/agora.xtec.cat\/iesperealsius\/wp-content\/uploads\/usu45\/2024\/03\/Copia-de-WhatsApp-Image-2024-02-13-at-13.44.10-1024x768.jpeg 1024w, https:\/\/agora.xtec.cat\/iesperealsius\/wp-content\/uploads\/usu45\/2024\/03\/Copia-de-WhatsApp-Image-2024-02-13-at-13.44.10-768x576.jpeg 768w, https:\/\/agora.xtec.cat\/iesperealsius\/wp-content\/uploads\/usu45\/2024\/03\/Copia-de-WhatsApp-Image-2024-02-13-at-13.44.10-1536x1152.jpeg 1536w, https:\/\/agora.xtec.cat\/iesperealsius\/wp-content\/uploads\/usu45\/2024\/03\/Copia-de-WhatsApp-Image-2024-02-13-at-13.44.10-2048x1536.jpeg 2048w, https:\/\/agora.xtec.cat\/iesperealsius\/wp-content\/uploads\/usu45\/2024\/03\/Copia-de-WhatsApp-Image-2024-02-13-at-13.44.10-200x150.jpeg 200w\" sizes=\"auto, (max-width: 300px) 100vw, 300px\" \/><\/a>\n\t\t\t<\/dt><\/dl><br style=\"clear: both\" \/><dl class='gallery-item'>\n\t\t\t<dt class='gallery-icon landscape'>\n\t\t\t\t<a href='https:\/\/agora.xtec.cat\/iesperealsius\/copia-de-whatsapp-image-2024-02-13-at-13-44-56\/'><img loading=\"lazy\" decoding=\"async\" width=\"300\" height=\"225\" src=\"https:\/\/agora.xtec.cat\/iesperealsius\/wp-content\/uploads\/usu45\/2024\/03\/Copia-de-WhatsApp-Image-2024-02-13-at-13.44.56-300x225.jpeg\" class=\"attachment-medium size-medium\" alt=\"\" srcset=\"https:\/\/agora.xtec.cat\/iesperealsius\/wp-content\/uploads\/usu45\/2024\/03\/Copia-de-WhatsApp-Image-2024-02-13-at-13.44.56-300x225.jpeg 300w, https:\/\/agora.xtec.cat\/iesperealsius\/wp-content\/uploads\/usu45\/2024\/03\/Copia-de-WhatsApp-Image-2024-02-13-at-13.44.56-1024x768.jpeg 1024w, https:\/\/agora.xtec.cat\/iesperealsius\/wp-content\/uploads\/usu45\/2024\/03\/Copia-de-WhatsApp-Image-2024-02-13-at-13.44.56-768x576.jpeg 768w, https:\/\/agora.xtec.cat\/iesperealsius\/wp-content\/uploads\/usu45\/2024\/03\/Copia-de-WhatsApp-Image-2024-02-13-at-13.44.56-1536x1152.jpeg 1536w, https:\/\/agora.xtec.cat\/iesperealsius\/wp-content\/uploads\/usu45\/2024\/03\/Copia-de-WhatsApp-Image-2024-02-13-at-13.44.56-2048x1536.jpeg 2048w, https:\/\/agora.xtec.cat\/iesperealsius\/wp-content\/uploads\/usu45\/2024\/03\/Copia-de-WhatsApp-Image-2024-02-13-at-13.44.56-200x150.jpeg 200w\" sizes=\"auto, (max-width: 300px) 100vw, 300px\" \/><\/a>\n\t\t\t<\/dt><\/dl><dl class='gallery-item'>\n\t\t\t<dt class='gallery-icon portrait'>\n\t\t\t\t<a href='https:\/\/agora.xtec.cat\/iesperealsius\/copia-de-whatsapp-image-2024-02-14-at-10-46-05\/'><img loading=\"lazy\" decoding=\"async\" width=\"225\" height=\"300\" src=\"https:\/\/agora.xtec.cat\/iesperealsius\/wp-content\/uploads\/usu45\/2024\/03\/Copia-de-WhatsApp-Image-2024-02-14-at-10.46.05-225x300.jpeg\" class=\"attachment-medium size-medium\" alt=\"\" srcset=\"https:\/\/agora.xtec.cat\/iesperealsius\/wp-content\/uploads\/usu45\/2024\/03\/Copia-de-WhatsApp-Image-2024-02-14-at-10.46.05-225x300.jpeg 225w, https:\/\/agora.xtec.cat\/iesperealsius\/wp-content\/uploads\/usu45\/2024\/03\/Copia-de-WhatsApp-Image-2024-02-14-at-10.46.05-768x1024.jpeg 768w, https:\/\/agora.xtec.cat\/iesperealsius\/wp-content\/uploads\/usu45\/2024\/03\/Copia-de-WhatsApp-Image-2024-02-14-at-10.46.05-1152x1536.jpeg 1152w, https:\/\/agora.xtec.cat\/iesperealsius\/wp-content\/uploads\/usu45\/2024\/03\/Copia-de-WhatsApp-Image-2024-02-14-at-10.46.05-1536x2048.jpeg 1536w, https:\/\/agora.xtec.cat\/iesperealsius\/wp-content\/uploads\/usu45\/2024\/03\/Copia-de-WhatsApp-Image-2024-02-14-at-10.46.05-scaled.jpeg 1920w\" sizes=\"auto, (max-width: 225px) 100vw, 225px\" \/><\/a>\n\t\t\t<\/dt><\/dl><br style=\"clear: both\" \/><dl class='gallery-item'>\n\t\t\t<dt class='gallery-icon landscape'>\n\t\t\t\t<a href='https:\/\/agora.xtec.cat\/iesperealsius\/img_0184\/'><img loading=\"lazy\" decoding=\"async\" width=\"300\" height=\"225\" src=\"https:\/\/agora.xtec.cat\/iesperealsius\/wp-content\/uploads\/usu45\/2024\/03\/IMG_0184-300x225.jpg\" class=\"attachment-medium size-medium\" alt=\"\" srcset=\"https:\/\/agora.xtec.cat\/iesperealsius\/wp-content\/uploads\/usu45\/2024\/03\/IMG_0184-300x225.jpg 300w, https:\/\/agora.xtec.cat\/iesperealsius\/wp-content\/uploads\/usu45\/2024\/03\/IMG_0184-1024x768.jpg 1024w, https:\/\/agora.xtec.cat\/iesperealsius\/wp-content\/uploads\/usu45\/2024\/03\/IMG_0184-768x576.jpg 768w, https:\/\/agora.xtec.cat\/iesperealsius\/wp-content\/uploads\/usu45\/2024\/03\/IMG_0184-1536x1152.jpg 1536w, https:\/\/agora.xtec.cat\/iesperealsius\/wp-content\/uploads\/usu45\/2024\/03\/IMG_0184-2048x1536.jpg 2048w, https:\/\/agora.xtec.cat\/iesperealsius\/wp-content\/uploads\/usu45\/2024\/03\/IMG_0184-200x150.jpg 200w\" sizes=\"auto, (max-width: 300px) 100vw, 300px\" \/><\/a>\n\t\t\t<\/dt><\/dl><dl class='gallery-item'>\n\t\t\t<dt class='gallery-icon landscape'>\n\t\t\t\t<a href='https:\/\/agora.xtec.cat\/iesperealsius\/img_0353\/'><img loading=\"lazy\" decoding=\"async\" width=\"300\" height=\"225\" src=\"https:\/\/agora.xtec.cat\/iesperealsius\/wp-content\/uploads\/usu45\/2024\/03\/IMG_0353-300x225.jpg\" class=\"attachment-medium size-medium\" alt=\"\" srcset=\"https:\/\/agora.xtec.cat\/iesperealsius\/wp-content\/uploads\/usu45\/2024\/03\/IMG_0353-300x225.jpg 300w, https:\/\/agora.xtec.cat\/iesperealsius\/wp-content\/uploads\/usu45\/2024\/03\/IMG_0353-1024x768.jpg 1024w, https:\/\/agora.xtec.cat\/iesperealsius\/wp-content\/uploads\/usu45\/2024\/03\/IMG_0353-768x576.jpg 768w, https:\/\/agora.xtec.cat\/iesperealsius\/wp-content\/uploads\/usu45\/2024\/03\/IMG_0353-1536x1152.jpg 1536w, https:\/\/agora.xtec.cat\/iesperealsius\/wp-content\/uploads\/usu45\/2024\/03\/IMG_0353-2048x1536.jpg 2048w, https:\/\/agora.xtec.cat\/iesperealsius\/wp-content\/uploads\/usu45\/2024\/03\/IMG_0353-200x150.jpg 200w\" sizes=\"auto, (max-width: 300px) 100vw, 300px\" \/><\/a>\n\t\t\t<\/dt><\/dl><br style=\"clear: both\" \/>\n\t\t<\/div>\n\n","protected":false},"excerpt":{"rendered":"<p>El m\u00f2dul MP09 t\u00e9 un volum total de 105 hores lectives (3 hores setmanals). Al llarg del curs, es duen a terme diferents projectes, amb la finalitat d\u2019oferir a l\u2019alumnat les compet\u00e8ncies b\u00e0siques relacionades amb el m\u00f2dul a trav\u00e9s d\u2019una metodologia de treball progressiva i&hellip;  <a href=\"https:\/\/agora.xtec.cat\/iesperealsius\/ife-mp09-organitzacio-de-les-empreses\/\" title=\"Read IFE &#8211; MP09 Organitzaci\u00f3 de les empreses\">Llegeix m\u00e9s\u00bb<\/a><\/p>\n","protected":false},"author":1,"featured_media":0,"parent":0,"menu_order":0,"comment_status":"closed","ping_status":"closed","template":"","meta":{"_bbp_topic_count":0,"_bbp_reply_count":0,"_bbp_total_topic_count":0,"_bbp_total_reply_count":0,"_bbp_voice_count":0,"_bbp_anonymous_reply_count":0,"_bbp_topic_count_hidden":0,"_bbp_reply_count_hidden":0,"_bbp_forum_subforum_count":0,"footnotes":""},"class_list":["post-9913","page","type-page","status-publish","hentry"],"post_mailing_queue_ids":[],"_links":{"self":[{"href":"https:\/\/agora.xtec.cat\/iesperealsius\/wp-json\/wp\/v2\/pages\/9913","targetHints":{"allow":["GET"]}}],"collection":[{"href":"https:\/\/agora.xtec.cat\/iesperealsius\/wp-json\/wp\/v2\/pages"}],"about":[{"href":"https:\/\/agora.xtec.cat\/iesperealsius\/wp-json\/wp\/v2\/types\/page"}],"author":[{"embeddable":true,"href":"https:\/\/agora.xtec.cat\/iesperealsius\/wp-json\/wp\/v2\/users\/1"}],"replies":[{"embeddable":true,"href":"https:\/\/agora.xtec.cat\/iesperealsius\/wp-json\/wp\/v2\/comments?post=9913"}],"version-history":[{"count":2,"href":"https:\/\/agora.xtec.cat\/iesperealsius\/wp-json\/wp\/v2\/pages\/9913\/revisions"}],"predecessor-version":[{"id":10764,"href":"https:\/\/agora.xtec.cat\/iesperealsius\/wp-json\/wp\/v2\/pages\/9913\/revisions\/10764"}],"wp:attachment":[{"href":"https:\/\/agora.xtec.cat\/iesperealsius\/wp-json\/wp\/v2\/media?parent=9913"}],"curies":[{"name":"wp","href":"https:\/\/api.w.org\/{rel}","templated":true}]}}