{"id":9910,"date":"2023-06-06T18:39:29","date_gmt":"2023-06-06T16:39:29","guid":{"rendered":"https:\/\/agora.xtec.cat\/iesperealsius\/?page_id=9910"},"modified":"2024-03-26T17:38:49","modified_gmt":"2024-03-26T16:38:49","slug":"ife-mp04-us-destabliments-i-serveis","status":"publish","type":"page","link":"https:\/\/agora.xtec.cat\/iesperealsius\/ife-mp04-us-destabliments-i-serveis\/","title":{"rendered":"IFE &#8211; MP04 \u00das d\u2019establiments i serveis"},"content":{"rendered":"<p><span style=\"font-size: 20px;\">El m\u00f2dul MP04 t\u00e9 un volum total de 140 hores lectives (4 hores setmanals). Al llarg del curs, es duen a terme diferents projectes, amb la finalitat d\u2019oferir a l\u2019alumnat les compet\u00e8ncies b\u00e0siques relacionades amb el m\u00f2dul a trav\u00e9s d\u2019una metodologia de treball progressiva i ajustada a les necessitats individuals de cada alumne. Aquest proc\u00e9s d\u2019aprenentatge, ent\u00e9n l\u2019alumnat com a protagonista principal, per aquest motiu totes les activitats tenen com objectiu fomentar la reflexi\u00f3, la participaci\u00f3 activa i el treball en equip. Els principals continguts de treball que es desenvolupen en el m\u00f2dul MP02 s\u00f3n els seg\u00fcents:<\/span><\/p>\n<p><span style=\"font-size: 20px;\">L\u2019orientaci\u00f3 espacial i els mitjans de transport.<\/span><br \/>\n<span style=\"font-size: 20px;\">Els serveis i equipaments p\u00fablics. Caracter\u00edstiques, acc\u00e9s, funcions, \u00fas i normes<\/span><\/p>\n\n\t\t<style type=\"text\/css\">\n\t\t\t#gallery-1 {\n\t\t\t\tmargin: auto;\n\t\t\t}\n\t\t\t#gallery-1 .gallery-item {\n\t\t\t\tfloat: left;\n\t\t\t\tmargin-top: 10px;\n\t\t\t\ttext-align: center;\n\t\t\t\twidth: 50%;\n\t\t\t}\n\t\t\t#gallery-1 img {\n\t\t\t\tborder: 2px solid #cfcfcf;\n\t\t\t}\n\t\t\t#gallery-1 .gallery-caption {\n\t\t\t\tmargin-left: 0;\n\t\t\t}\n\t\t\t\/* see gallery_shortcode() in wp-includes\/media.php *\/\n\t\t<\/style>\n\t\t<div id='gallery-1' class='gallery galleryid-9910 gallery-columns-2 gallery-size-medium'><dl class='gallery-item'>\n\t\t\t<dt class='gallery-icon landscape'>\n\t\t\t\t<a href='https:\/\/agora.xtec.cat\/iesperealsius\/copia-de-img_7273\/'><img loading=\"lazy\" decoding=\"async\" width=\"300\" height=\"225\" src=\"https:\/\/agora.xtec.cat\/iesperealsius\/wp-content\/uploads\/usu45\/2024\/03\/Copia-de-IMG_7273-300x225.jpg\" class=\"attachment-medium size-medium\" alt=\"\" srcset=\"https:\/\/agora.xtec.cat\/iesperealsius\/wp-content\/uploads\/usu45\/2024\/03\/Copia-de-IMG_7273-300x225.jpg 300w, https:\/\/agora.xtec.cat\/iesperealsius\/wp-content\/uploads\/usu45\/2024\/03\/Copia-de-IMG_7273-1024x768.jpg 1024w, https:\/\/agora.xtec.cat\/iesperealsius\/wp-content\/uploads\/usu45\/2024\/03\/Copia-de-IMG_7273-768x576.jpg 768w, https:\/\/agora.xtec.cat\/iesperealsius\/wp-content\/uploads\/usu45\/2024\/03\/Copia-de-IMG_7273-1536x1152.jpg 1536w, https:\/\/agora.xtec.cat\/iesperealsius\/wp-content\/uploads\/usu45\/2024\/03\/Copia-de-IMG_7273-2048x1536.jpg 2048w, https:\/\/agora.xtec.cat\/iesperealsius\/wp-content\/uploads\/usu45\/2024\/03\/Copia-de-IMG_7273-200x150.jpg 200w\" sizes=\"auto, (max-width: 300px) 100vw, 300px\" \/><\/a>\n\t\t\t<\/dt><\/dl><dl class='gallery-item'>\n\t\t\t<dt class='gallery-icon landscape'>\n\t\t\t\t<a href='https:\/\/agora.xtec.cat\/iesperealsius\/copia-de-img_8523\/'><img loading=\"lazy\" decoding=\"async\" width=\"300\" height=\"225\" src=\"https:\/\/agora.xtec.cat\/iesperealsius\/wp-content\/uploads\/usu45\/2024\/03\/Copia-de-IMG_8523-300x225.jpg\" class=\"attachment-medium size-medium\" alt=\"\" srcset=\"https:\/\/agora.xtec.cat\/iesperealsius\/wp-content\/uploads\/usu45\/2024\/03\/Copia-de-IMG_8523-300x225.jpg 300w, https:\/\/agora.xtec.cat\/iesperealsius\/wp-content\/uploads\/usu45\/2024\/03\/Copia-de-IMG_8523-1024x768.jpg 1024w, https:\/\/agora.xtec.cat\/iesperealsius\/wp-content\/uploads\/usu45\/2024\/03\/Copia-de-IMG_8523-768x576.jpg 768w, https:\/\/agora.xtec.cat\/iesperealsius\/wp-content\/uploads\/usu45\/2024\/03\/Copia-de-IMG_8523-1536x1152.jpg 1536w, https:\/\/agora.xtec.cat\/iesperealsius\/wp-content\/uploads\/usu45\/2024\/03\/Copia-de-IMG_8523-2048x1536.jpg 2048w, https:\/\/agora.xtec.cat\/iesperealsius\/wp-content\/uploads\/usu45\/2024\/03\/Copia-de-IMG_8523-200x150.jpg 200w\" sizes=\"auto, (max-width: 300px) 100vw, 300px\" \/><\/a>\n\t\t\t<\/dt><\/dl><br style=\"clear: both\" \/><dl class='gallery-item'>\n\t\t\t<dt class='gallery-icon portrait'>\n\t\t\t\t<a href='https:\/\/agora.xtec.cat\/iesperealsius\/copia-de-img_8527\/'><img loading=\"lazy\" decoding=\"async\" width=\"225\" height=\"300\" src=\"https:\/\/agora.xtec.cat\/iesperealsius\/wp-content\/uploads\/usu45\/2024\/03\/Copia-de-IMG_8527-225x300.jpg\" class=\"attachment-medium size-medium\" alt=\"\" srcset=\"https:\/\/agora.xtec.cat\/iesperealsius\/wp-content\/uploads\/usu45\/2024\/03\/Copia-de-IMG_8527-225x300.jpg 225w, https:\/\/agora.xtec.cat\/iesperealsius\/wp-content\/uploads\/usu45\/2024\/03\/Copia-de-IMG_8527-768x1024.jpg 768w, https:\/\/agora.xtec.cat\/iesperealsius\/wp-content\/uploads\/usu45\/2024\/03\/Copia-de-IMG_8527-1152x1536.jpg 1152w, https:\/\/agora.xtec.cat\/iesperealsius\/wp-content\/uploads\/usu45\/2024\/03\/Copia-de-IMG_8527-1536x2048.jpg 1536w, https:\/\/agora.xtec.cat\/iesperealsius\/wp-content\/uploads\/usu45\/2024\/03\/Copia-de-IMG_8527-scaled.jpg 1920w\" sizes=\"auto, (max-width: 225px) 100vw, 225px\" \/><\/a>\n\t\t\t<\/dt><\/dl><dl class='gallery-item'>\n\t\t\t<dt class='gallery-icon portrait'>\n\t\t\t\t<a href='https:\/\/agora.xtec.cat\/iesperealsius\/copia-de-img_8825\/'><img loading=\"lazy\" decoding=\"async\" width=\"225\" height=\"300\" src=\"https:\/\/agora.xtec.cat\/iesperealsius\/wp-content\/uploads\/usu45\/2024\/03\/Copia-de-IMG_8825-scaled-e1711471084858-225x300.jpg\" class=\"attachment-medium size-medium\" alt=\"\" srcset=\"https:\/\/agora.xtec.cat\/iesperealsius\/wp-content\/uploads\/usu45\/2024\/03\/Copia-de-IMG_8825-scaled-e1711471084858-225x300.jpg 225w, https:\/\/agora.xtec.cat\/iesperealsius\/wp-content\/uploads\/usu45\/2024\/03\/Copia-de-IMG_8825-scaled-e1711471084858-768x1024.jpg 768w, https:\/\/agora.xtec.cat\/iesperealsius\/wp-content\/uploads\/usu45\/2024\/03\/Copia-de-IMG_8825-scaled-e1711471084858-1152x1536.jpg 1152w, https:\/\/agora.xtec.cat\/iesperealsius\/wp-content\/uploads\/usu45\/2024\/03\/Copia-de-IMG_8825-scaled-e1711471084858-1536x2048.jpg 1536w, https:\/\/agora.xtec.cat\/iesperealsius\/wp-content\/uploads\/usu45\/2024\/03\/Copia-de-IMG_8825-scaled-e1711471084858.jpg 1920w\" sizes=\"auto, (max-width: 225px) 100vw, 225px\" \/><\/a>\n\t\t\t<\/dt><\/dl><br style=\"clear: both\" \/><dl class='gallery-item'>\n\t\t\t<dt class='gallery-icon portrait'>\n\t\t\t\t<a href='https:\/\/agora.xtec.cat\/iesperealsius\/copia-de-img_8826\/'><img loading=\"lazy\" decoding=\"async\" width=\"225\" height=\"300\" src=\"https:\/\/agora.xtec.cat\/iesperealsius\/wp-content\/uploads\/usu45\/2024\/03\/Copia-de-IMG_8826-scaled-e1711471073384-225x300.jpg\" class=\"attachment-medium size-medium\" alt=\"\" srcset=\"https:\/\/agora.xtec.cat\/iesperealsius\/wp-content\/uploads\/usu45\/2024\/03\/Copia-de-IMG_8826-scaled-e1711471073384-225x300.jpg 225w, https:\/\/agora.xtec.cat\/iesperealsius\/wp-content\/uploads\/usu45\/2024\/03\/Copia-de-IMG_8826-scaled-e1711471073384-768x1024.jpg 768w, https:\/\/agora.xtec.cat\/iesperealsius\/wp-content\/uploads\/usu45\/2024\/03\/Copia-de-IMG_8826-scaled-e1711471073384-1152x1536.jpg 1152w, https:\/\/agora.xtec.cat\/iesperealsius\/wp-content\/uploads\/usu45\/2024\/03\/Copia-de-IMG_8826-scaled-e1711471073384-1536x2048.jpg 1536w, https:\/\/agora.xtec.cat\/iesperealsius\/wp-content\/uploads\/usu45\/2024\/03\/Copia-de-IMG_8826-scaled-e1711471073384.jpg 1920w\" sizes=\"auto, (max-width: 225px) 100vw, 225px\" \/><\/a>\n\t\t\t<\/dt><\/dl>\n\t\t\t<br style='clear: both' \/>\n\t\t<\/div>\n\n<p>&nbsp;<\/p>\n<p>&nbsp;<\/p>\n","protected":false},"excerpt":{"rendered":"<p>El m\u00f2dul MP04 t\u00e9 un volum total de 140 hores lectives (4 hores setmanals). Al llarg del curs, es duen a terme diferents projectes, amb la finalitat d\u2019oferir a l\u2019alumnat les compet\u00e8ncies b\u00e0siques relacionades amb el m\u00f2dul a trav\u00e9s d\u2019una metodologia de treball progressiva i&hellip;  <a href=\"https:\/\/agora.xtec.cat\/iesperealsius\/ife-mp04-us-destabliments-i-serveis\/\" title=\"Read IFE &#8211; MP04 \u00das d\u2019establiments i serveis\">Llegeix m\u00e9s\u00bb<\/a><\/p>\n","protected":false},"author":1,"featured_media":0,"parent":0,"menu_order":0,"comment_status":"closed","ping_status":"closed","template":"","meta":{"_bbp_topic_count":0,"_bbp_reply_count":0,"_bbp_total_topic_count":0,"_bbp_total_reply_count":0,"_bbp_voice_count":0,"_bbp_anonymous_reply_count":0,"_bbp_topic_count_hidden":0,"_bbp_reply_count_hidden":0,"_bbp_forum_subforum_count":0,"footnotes":""},"class_list":["post-9910","page","type-page","status-publish","hentry"],"post_mailing_queue_ids":[],"_links":{"self":[{"href":"https:\/\/agora.xtec.cat\/iesperealsius\/wp-json\/wp\/v2\/pages\/9910","targetHints":{"allow":["GET"]}}],"collection":[{"href":"https:\/\/agora.xtec.cat\/iesperealsius\/wp-json\/wp\/v2\/pages"}],"about":[{"href":"https:\/\/agora.xtec.cat\/iesperealsius\/wp-json\/wp\/v2\/types\/page"}],"author":[{"embeddable":true,"href":"https:\/\/agora.xtec.cat\/iesperealsius\/wp-json\/wp\/v2\/users\/1"}],"replies":[{"embeddable":true,"href":"https:\/\/agora.xtec.cat\/iesperealsius\/wp-json\/wp\/v2\/comments?post=9910"}],"version-history":[{"count":2,"href":"https:\/\/agora.xtec.cat\/iesperealsius\/wp-json\/wp\/v2\/pages\/9910\/revisions"}],"predecessor-version":[{"id":10755,"href":"https:\/\/agora.xtec.cat\/iesperealsius\/wp-json\/wp\/v2\/pages\/9910\/revisions\/10755"}],"wp:attachment":[{"href":"https:\/\/agora.xtec.cat\/iesperealsius\/wp-json\/wp\/v2\/media?parent=9910"}],"curies":[{"name":"wp","href":"https:\/\/api.w.org\/{rel}","templated":true}]}}