{"id":9907,"date":"2023-06-06T18:35:02","date_gmt":"2023-06-06T16:35:02","guid":{"rendered":"https:\/\/agora.xtec.cat\/iesperealsius\/?page_id=9907"},"modified":"2024-03-26T12:21:23","modified_gmt":"2024-03-26T11:21:23","slug":"ife-mp03-viure-en-entorns-propers","status":"publish","type":"page","link":"https:\/\/agora.xtec.cat\/iesperealsius\/ife-mp03-viure-en-entorns-propers\/","title":{"rendered":"IFE &#8211; MP03 Viure en entorns propers"},"content":{"rendered":"<p><span style=\"font-weight: 400; font-size: 20px;\">El m\u00f2dul MP03 t\u00e9 un volum total de 175 hores lectives (5 hores setmanals). Al llarg del curs, es duen a terme diferents projectes, amb la finalitat d\u2019oferir a l\u2019alumnat les compet\u00e8ncies b\u00e0siques relacionades amb el m\u00f2dul a trav\u00e9s d\u2019una metodologia de treball progressiva i ajustada a les necessitats individuals de cada alumne. Aquest proc\u00e9s d\u2019aprenentatge, ent\u00e9n l\u2019alumnat com a protagonista principal, per aquest motiu totes les activitats tenen com objectiu fomentar la reflexi\u00f3, la participaci\u00f3 activa i el treball en equip. Els principals continguts de treball que es desenvolupen en el m\u00f2dul MP02 s\u00f3n els seg\u00fcents:<\/span><\/p>\n<p>&nbsp;<\/p>\n<ul>\n<li style=\"font-weight: 400;\" aria-level=\"1\"><span style=\"font-weight: 400; font-size: 20px;\">La cura i el manteniment dels espais d\u2019\u00fas quotidi\u00e0.<\/span><\/li>\n<li style=\"font-weight: 400;\" aria-level=\"1\"><span style=\"font-weight: 400; font-size: 20px;\">La cura i el manteniment de la roba.<\/span><\/li>\n<li style=\"font-weight: 400;\" aria-level=\"1\"><span style=\"font-weight: 400; font-size: 20px;\">Elaboraci\u00f3 i conservaci\u00f3 de menjars i aliments.<\/span><\/li>\n<li style=\"font-weight: 400;\" aria-level=\"1\"><span style=\"font-weight: 400; font-size: 20px;\">Planificaci\u00f3 de men\u00fas.<\/span><\/li>\n<\/ul>\n\n\t\t<style type=\"text\/css\">\n\t\t\t#gallery-1 {\n\t\t\t\tmargin: auto;\n\t\t\t}\n\t\t\t#gallery-1 .gallery-item {\n\t\t\t\tfloat: left;\n\t\t\t\tmargin-top: 10px;\n\t\t\t\ttext-align: center;\n\t\t\t\twidth: 33%;\n\t\t\t}\n\t\t\t#gallery-1 img {\n\t\t\t\tborder: 2px solid #cfcfcf;\n\t\t\t}\n\t\t\t#gallery-1 .gallery-caption {\n\t\t\t\tmargin-left: 0;\n\t\t\t}\n\t\t\t\/* see gallery_shortcode() in wp-includes\/media.php *\/\n\t\t<\/style>\n\t\t<div id='gallery-1' class='gallery galleryid-9907 gallery-columns-3 gallery-size-medium'><dl class='gallery-item'>\n\t\t\t<dt class='gallery-icon landscape'>\n\t\t\t\t<a href='https:\/\/agora.xtec.cat\/iesperealsius\/copia-de-3d0f8e83-e75b-43d8-b894-aa101c561865-2\/'><img loading=\"lazy\" decoding=\"async\" width=\"300\" height=\"282\" src=\"https:\/\/agora.xtec.cat\/iesperealsius\/wp-content\/uploads\/usu45\/2024\/03\/Copia-de-3d0f8e83-e75b-43d8-b894-aa101c561865-1-300x282.jpg\" class=\"attachment-medium size-medium\" alt=\"\" srcset=\"https:\/\/agora.xtec.cat\/iesperealsius\/wp-content\/uploads\/usu45\/2024\/03\/Copia-de-3d0f8e83-e75b-43d8-b894-aa101c561865-1-300x282.jpg 300w, https:\/\/agora.xtec.cat\/iesperealsius\/wp-content\/uploads\/usu45\/2024\/03\/Copia-de-3d0f8e83-e75b-43d8-b894-aa101c561865-1-1024x962.jpg 1024w, https:\/\/agora.xtec.cat\/iesperealsius\/wp-content\/uploads\/usu45\/2024\/03\/Copia-de-3d0f8e83-e75b-43d8-b894-aa101c561865-1-768x721.jpg 768w, https:\/\/agora.xtec.cat\/iesperealsius\/wp-content\/uploads\/usu45\/2024\/03\/Copia-de-3d0f8e83-e75b-43d8-b894-aa101c561865-1-1536x1443.jpg 1536w, https:\/\/agora.xtec.cat\/iesperealsius\/wp-content\/uploads\/usu45\/2024\/03\/Copia-de-3d0f8e83-e75b-43d8-b894-aa101c561865-1-2048x1923.jpg 2048w\" sizes=\"auto, (max-width: 300px) 100vw, 300px\" \/><\/a>\n\t\t\t<\/dt><\/dl><dl class='gallery-item'>\n\t\t\t<dt class='gallery-icon landscape'>\n\t\t\t\t<a href='https:\/\/agora.xtec.cat\/iesperealsius\/copia-de-img_8434\/'><img loading=\"lazy\" decoding=\"async\" width=\"300\" height=\"225\" src=\"https:\/\/agora.xtec.cat\/iesperealsius\/wp-content\/uploads\/usu45\/2024\/03\/Copia-de-IMG_8434-300x225.jpg\" class=\"attachment-medium size-medium\" alt=\"\" srcset=\"https:\/\/agora.xtec.cat\/iesperealsius\/wp-content\/uploads\/usu45\/2024\/03\/Copia-de-IMG_8434-300x225.jpg 300w, https:\/\/agora.xtec.cat\/iesperealsius\/wp-content\/uploads\/usu45\/2024\/03\/Copia-de-IMG_8434-1024x768.jpg 1024w, https:\/\/agora.xtec.cat\/iesperealsius\/wp-content\/uploads\/usu45\/2024\/03\/Copia-de-IMG_8434-768x576.jpg 768w, https:\/\/agora.xtec.cat\/iesperealsius\/wp-content\/uploads\/usu45\/2024\/03\/Copia-de-IMG_8434-1536x1152.jpg 1536w, https:\/\/agora.xtec.cat\/iesperealsius\/wp-content\/uploads\/usu45\/2024\/03\/Copia-de-IMG_8434-2048x1536.jpg 2048w, https:\/\/agora.xtec.cat\/iesperealsius\/wp-content\/uploads\/usu45\/2024\/03\/Copia-de-IMG_8434-200x150.jpg 200w\" sizes=\"auto, (max-width: 300px) 100vw, 300px\" \/><\/a>\n\t\t\t<\/dt><\/dl><dl class='gallery-item'>\n\t\t\t<dt class='gallery-icon portrait'>\n\t\t\t\t<a href='https:\/\/agora.xtec.cat\/iesperealsius\/img_0484\/'><img loading=\"lazy\" decoding=\"async\" width=\"225\" height=\"300\" src=\"https:\/\/agora.xtec.cat\/iesperealsius\/wp-content\/uploads\/usu45\/2024\/03\/IMG_0484-225x300.jpg\" class=\"attachment-medium size-medium\" alt=\"\" srcset=\"https:\/\/agora.xtec.cat\/iesperealsius\/wp-content\/uploads\/usu45\/2024\/03\/IMG_0484-225x300.jpg 225w, https:\/\/agora.xtec.cat\/iesperealsius\/wp-content\/uploads\/usu45\/2024\/03\/IMG_0484-768x1024.jpg 768w, https:\/\/agora.xtec.cat\/iesperealsius\/wp-content\/uploads\/usu45\/2024\/03\/IMG_0484-1152x1536.jpg 1152w, https:\/\/agora.xtec.cat\/iesperealsius\/wp-content\/uploads\/usu45\/2024\/03\/IMG_0484-1536x2048.jpg 1536w, https:\/\/agora.xtec.cat\/iesperealsius\/wp-content\/uploads\/usu45\/2024\/03\/IMG_0484-scaled.jpg 1920w\" sizes=\"auto, (max-width: 225px) 100vw, 225px\" \/><\/a>\n\t\t\t<\/dt><\/dl><br style=\"clear: both\" \/><dl class='gallery-item'>\n\t\t\t<dt class='gallery-icon landscape'>\n\t\t\t\t<a href='https:\/\/agora.xtec.cat\/iesperealsius\/img_8507\/'><img loading=\"lazy\" decoding=\"async\" width=\"300\" height=\"245\" src=\"https:\/\/agora.xtec.cat\/iesperealsius\/wp-content\/uploads\/usu45\/2024\/03\/IMG_8507-300x245.jpg\" class=\"attachment-medium size-medium\" alt=\"\" srcset=\"https:\/\/agora.xtec.cat\/iesperealsius\/wp-content\/uploads\/usu45\/2024\/03\/IMG_8507-300x245.jpg 300w, https:\/\/agora.xtec.cat\/iesperealsius\/wp-content\/uploads\/usu45\/2024\/03\/IMG_8507-1024x838.jpg 1024w, https:\/\/agora.xtec.cat\/iesperealsius\/wp-content\/uploads\/usu45\/2024\/03\/IMG_8507-768x628.jpg 768w, https:\/\/agora.xtec.cat\/iesperealsius\/wp-content\/uploads\/usu45\/2024\/03\/IMG_8507-1536x1257.jpg 1536w, https:\/\/agora.xtec.cat\/iesperealsius\/wp-content\/uploads\/usu45\/2024\/03\/IMG_8507-2048x1676.jpg 2048w\" sizes=\"auto, (max-width: 300px) 100vw, 300px\" \/><\/a>\n\t\t\t<\/dt><\/dl><dl class='gallery-item'>\n\t\t\t<dt class='gallery-icon portrait'>\n\t\t\t\t<a href='https:\/\/agora.xtec.cat\/iesperealsius\/img_9663\/'><img loading=\"lazy\" decoding=\"async\" width=\"225\" height=\"300\" src=\"https:\/\/agora.xtec.cat\/iesperealsius\/wp-content\/uploads\/usu45\/2024\/03\/IMG_9663-225x300.jpg\" class=\"attachment-medium size-medium\" alt=\"\" srcset=\"https:\/\/agora.xtec.cat\/iesperealsius\/wp-content\/uploads\/usu45\/2024\/03\/IMG_9663-225x300.jpg 225w, https:\/\/agora.xtec.cat\/iesperealsius\/wp-content\/uploads\/usu45\/2024\/03\/IMG_9663-768x1024.jpg 768w, https:\/\/agora.xtec.cat\/iesperealsius\/wp-content\/uploads\/usu45\/2024\/03\/IMG_9663-1152x1536.jpg 1152w, https:\/\/agora.xtec.cat\/iesperealsius\/wp-content\/uploads\/usu45\/2024\/03\/IMG_9663-1536x2048.jpg 1536w, https:\/\/agora.xtec.cat\/iesperealsius\/wp-content\/uploads\/usu45\/2024\/03\/IMG_9663-scaled.jpg 1920w\" sizes=\"auto, (max-width: 225px) 100vw, 225px\" \/><\/a>\n\t\t\t<\/dt><\/dl><dl class='gallery-item'>\n\t\t\t<dt class='gallery-icon portrait'>\n\t\t\t\t<a href='https:\/\/agora.xtec.cat\/iesperealsius\/img_9736\/'><img loading=\"lazy\" decoding=\"async\" width=\"225\" height=\"300\" src=\"https:\/\/agora.xtec.cat\/iesperealsius\/wp-content\/uploads\/usu45\/2024\/03\/IMG_9736-225x300.jpg\" class=\"attachment-medium size-medium\" alt=\"\" srcset=\"https:\/\/agora.xtec.cat\/iesperealsius\/wp-content\/uploads\/usu45\/2024\/03\/IMG_9736-225x300.jpg 225w, https:\/\/agora.xtec.cat\/iesperealsius\/wp-content\/uploads\/usu45\/2024\/03\/IMG_9736-768x1024.jpg 768w, https:\/\/agora.xtec.cat\/iesperealsius\/wp-content\/uploads\/usu45\/2024\/03\/IMG_9736-1152x1536.jpg 1152w, https:\/\/agora.xtec.cat\/iesperealsius\/wp-content\/uploads\/usu45\/2024\/03\/IMG_9736-1536x2048.jpg 1536w, https:\/\/agora.xtec.cat\/iesperealsius\/wp-content\/uploads\/usu45\/2024\/03\/IMG_9736-scaled.jpg 1920w\" sizes=\"auto, (max-width: 225px) 100vw, 225px\" \/><\/a>\n\t\t\t<\/dt><\/dl><br style=\"clear: both\" \/><dl class='gallery-item'>\n\t\t\t<dt class='gallery-icon portrait'>\n\t\t\t\t<a href='https:\/\/agora.xtec.cat\/iesperealsius\/img_9737\/'><img loading=\"lazy\" decoding=\"async\" width=\"225\" height=\"300\" src=\"https:\/\/agora.xtec.cat\/iesperealsius\/wp-content\/uploads\/usu45\/2024\/03\/IMG_9737-225x300.jpg\" class=\"attachment-medium size-medium\" alt=\"\" srcset=\"https:\/\/agora.xtec.cat\/iesperealsius\/wp-content\/uploads\/usu45\/2024\/03\/IMG_9737-225x300.jpg 225w, https:\/\/agora.xtec.cat\/iesperealsius\/wp-content\/uploads\/usu45\/2024\/03\/IMG_9737-768x1024.jpg 768w, https:\/\/agora.xtec.cat\/iesperealsius\/wp-content\/uploads\/usu45\/2024\/03\/IMG_9737-1152x1536.jpg 1152w, https:\/\/agora.xtec.cat\/iesperealsius\/wp-content\/uploads\/usu45\/2024\/03\/IMG_9737-1536x2048.jpg 1536w, https:\/\/agora.xtec.cat\/iesperealsius\/wp-content\/uploads\/usu45\/2024\/03\/IMG_9737-scaled.jpg 1920w\" sizes=\"auto, (max-width: 225px) 100vw, 225px\" \/><\/a>\n\t\t\t<\/dt><\/dl><dl class='gallery-item'>\n\t\t\t<dt class='gallery-icon portrait'>\n\t\t\t\t<a href='https:\/\/agora.xtec.cat\/iesperealsius\/img_9742\/'><img loading=\"lazy\" decoding=\"async\" width=\"225\" height=\"300\" src=\"https:\/\/agora.xtec.cat\/iesperealsius\/wp-content\/uploads\/usu45\/2024\/03\/IMG_9742-225x300.jpg\" class=\"attachment-medium size-medium\" alt=\"\" srcset=\"https:\/\/agora.xtec.cat\/iesperealsius\/wp-content\/uploads\/usu45\/2024\/03\/IMG_9742-225x300.jpg 225w, https:\/\/agora.xtec.cat\/iesperealsius\/wp-content\/uploads\/usu45\/2024\/03\/IMG_9742-768x1024.jpg 768w, https:\/\/agora.xtec.cat\/iesperealsius\/wp-content\/uploads\/usu45\/2024\/03\/IMG_9742-1152x1536.jpg 1152w, https:\/\/agora.xtec.cat\/iesperealsius\/wp-content\/uploads\/usu45\/2024\/03\/IMG_9742-1536x2048.jpg 1536w, https:\/\/agora.xtec.cat\/iesperealsius\/wp-content\/uploads\/usu45\/2024\/03\/IMG_9742-scaled.jpg 1920w\" sizes=\"auto, (max-width: 225px) 100vw, 225px\" \/><\/a>\n\t\t\t<\/dt><\/dl><dl class='gallery-item'>\n\t\t\t<dt class='gallery-icon landscape'>\n\t\t\t\t<a href='https:\/\/agora.xtec.cat\/iesperealsius\/img_9912\/'><img loading=\"lazy\" decoding=\"async\" width=\"300\" height=\"225\" src=\"https:\/\/agora.xtec.cat\/iesperealsius\/wp-content\/uploads\/usu45\/2024\/03\/IMG_9912-300x225.jpg\" class=\"attachment-medium size-medium\" alt=\"\" srcset=\"https:\/\/agora.xtec.cat\/iesperealsius\/wp-content\/uploads\/usu45\/2024\/03\/IMG_9912-300x225.jpg 300w, https:\/\/agora.xtec.cat\/iesperealsius\/wp-content\/uploads\/usu45\/2024\/03\/IMG_9912-1024x768.jpg 1024w, https:\/\/agora.xtec.cat\/iesperealsius\/wp-content\/uploads\/usu45\/2024\/03\/IMG_9912-768x576.jpg 768w, https:\/\/agora.xtec.cat\/iesperealsius\/wp-content\/uploads\/usu45\/2024\/03\/IMG_9912-1536x1152.jpg 1536w, https:\/\/agora.xtec.cat\/iesperealsius\/wp-content\/uploads\/usu45\/2024\/03\/IMG_9912-2048x1536.jpg 2048w, https:\/\/agora.xtec.cat\/iesperealsius\/wp-content\/uploads\/usu45\/2024\/03\/IMG_9912-200x150.jpg 200w\" sizes=\"auto, (max-width: 300px) 100vw, 300px\" \/><\/a>\n\t\t\t<\/dt><\/dl><br style=\"clear: both\" \/><dl class='gallery-item'>\n\t\t\t<dt class='gallery-icon landscape'>\n\t\t\t\t<a href='https:\/\/agora.xtec.cat\/iesperealsius\/img_9915\/'><img loading=\"lazy\" decoding=\"async\" width=\"300\" height=\"225\" src=\"https:\/\/agora.xtec.cat\/iesperealsius\/wp-content\/uploads\/usu45\/2024\/03\/IMG_9915-300x225.jpg\" class=\"attachment-medium size-medium\" alt=\"\" srcset=\"https:\/\/agora.xtec.cat\/iesperealsius\/wp-content\/uploads\/usu45\/2024\/03\/IMG_9915-300x225.jpg 300w, https:\/\/agora.xtec.cat\/iesperealsius\/wp-content\/uploads\/usu45\/2024\/03\/IMG_9915-1024x768.jpg 1024w, https:\/\/agora.xtec.cat\/iesperealsius\/wp-content\/uploads\/usu45\/2024\/03\/IMG_9915-768x576.jpg 768w, https:\/\/agora.xtec.cat\/iesperealsius\/wp-content\/uploads\/usu45\/2024\/03\/IMG_9915-1536x1152.jpg 1536w, https:\/\/agora.xtec.cat\/iesperealsius\/wp-content\/uploads\/usu45\/2024\/03\/IMG_9915-2048x1536.jpg 2048w, https:\/\/agora.xtec.cat\/iesperealsius\/wp-content\/uploads\/usu45\/2024\/03\/IMG_9915-200x150.jpg 200w\" sizes=\"auto, (max-width: 300px) 100vw, 300px\" \/><\/a>\n\t\t\t<\/dt><\/dl>\n\t\t\t<br style='clear: both' \/>\n\t\t<\/div>\n\n","protected":false},"excerpt":{"rendered":"<p>El m\u00f2dul MP03 t\u00e9 un volum total de 175 hores lectives (5 hores setmanals). Al llarg del curs, es duen a terme diferents projectes, amb la finalitat d\u2019oferir a l\u2019alumnat les compet\u00e8ncies b\u00e0siques relacionades amb el m\u00f2dul a trav\u00e9s d\u2019una metodologia de treball progressiva i&hellip;  <a href=\"https:\/\/agora.xtec.cat\/iesperealsius\/ife-mp03-viure-en-entorns-propers\/\" title=\"Read IFE &#8211; MP03 Viure en entorns propers\">Llegeix m\u00e9s\u00bb<\/a><\/p>\n","protected":false},"author":1,"featured_media":0,"parent":0,"menu_order":0,"comment_status":"closed","ping_status":"closed","template":"","meta":{"_bbp_topic_count":0,"_bbp_reply_count":0,"_bbp_total_topic_count":0,"_bbp_total_reply_count":0,"_bbp_voice_count":0,"_bbp_anonymous_reply_count":0,"_bbp_topic_count_hidden":0,"_bbp_reply_count_hidden":0,"_bbp_forum_subforum_count":0,"footnotes":""},"class_list":["post-9907","page","type-page","status-publish","hentry"],"post_mailing_queue_ids":[],"_links":{"self":[{"href":"https:\/\/agora.xtec.cat\/iesperealsius\/wp-json\/wp\/v2\/pages\/9907","targetHints":{"allow":["GET"]}}],"collection":[{"href":"https:\/\/agora.xtec.cat\/iesperealsius\/wp-json\/wp\/v2\/pages"}],"about":[{"href":"https:\/\/agora.xtec.cat\/iesperealsius\/wp-json\/wp\/v2\/types\/page"}],"author":[{"embeddable":true,"href":"https:\/\/agora.xtec.cat\/iesperealsius\/wp-json\/wp\/v2\/users\/1"}],"replies":[{"embeddable":true,"href":"https:\/\/agora.xtec.cat\/iesperealsius\/wp-json\/wp\/v2\/comments?post=9907"}],"version-history":[{"count":6,"href":"https:\/\/agora.xtec.cat\/iesperealsius\/wp-json\/wp\/v2\/pages\/9907\/revisions"}],"predecessor-version":[{"id":10746,"href":"https:\/\/agora.xtec.cat\/iesperealsius\/wp-json\/wp\/v2\/pages\/9907\/revisions\/10746"}],"wp:attachment":[{"href":"https:\/\/agora.xtec.cat\/iesperealsius\/wp-json\/wp\/v2\/media?parent=9907"}],"curies":[{"name":"wp","href":"https:\/\/api.w.org\/{rel}","templated":true}]}}