{"id":988,"date":"2018-11-18T03:54:33","date_gmt":"2018-11-18T02:54:33","guid":{"rendered":"http:\/\/agora.xtec.cat\/iesperealsius\/?page_id=988"},"modified":"2021-05-20T11:16:15","modified_gmt":"2021-05-20T09:16:15","slug":"ecobooks","status":"publish","type":"page","link":"https:\/\/agora.xtec.cat\/iesperealsius\/serveis\/llibres\/ecobooks\/","title":{"rendered":"Retorn dels ecoBooks (llibres reutilitzables)"},"content":{"rendered":"<p><span style=\"font-size: 20px;\"><b>Com retornar ecoBooks ? <\/b><\/span><\/p>\n<p style=\"text-align: center;\"><a href=\"https:\/\/vimeo.com\/97832068\" target=\"_blank\" rel=\"noopener noreferrer\" data-saferedirecturl=\"https:\/\/www.google.com\/url?q=https:\/\/vimeo.com\/97832068&amp;source=gmail&amp;ust=1594116733286000&amp;usg=AFQjCNEERLviSbUJt_9WnP_jQyAzO_Dihw\"><span style=\"font-size: 20px;\">V\u00eddeo: https:\/\/vimeo.com\/97832068<\/span><\/a><\/p>\n<p><strong><span style=\"font-size: 20px;\">On i quan retornar els ecoBooks ?<br \/>\n<\/span><\/strong><\/p>\n<p><span style=\"font-size: 20px;\">Es far\u00e0 l&#8217;1 de juliol de 10h a 14h i de 15h a 17:30h a l&#8217;aula 101 de l&#8217;Institut.<\/span><\/p>\n<p><span style=\"font-size: 20px;\">Iddink t&#8217;enviar\u00e0 un correu electr\u00f2nic amb un CODI DE DEVOLUCI\u00d3.<\/span><\/p>\n<ul>\n<li style=\"list-style-type: none;\">\n<ul style=\"list-style-type: disc;\">\n<li><span style=\"font-size: 20px;\">Reuneix i agrupa tots els ecoBooks. <strong><u>Comprova que coincideixin amb la llista de l&#8217;albar\u00e0.<\/u><\/strong><\/span><\/li>\n<li><span style=\"font-size: 20px;\">Revisa tots els ecoBooks. <strong><u>Treu TOTS els folres<\/u> <\/strong>bruts o en mal estat, i <strong><u>ESBORRA tot el que estigui escrit a llapis<\/u><\/strong>.<\/span><\/li>\n<li><span style=\"font-size: 20px;\">Obre el primer ecoBook i introdueix aquest albar\u00e0 a la primera p\u00e0gina.<\/span><\/li>\n<\/ul>\n<\/li>\n<\/ul>\n<h1><a href=\"https:\/\/agora.xtec.cat\/iesperealsius\/wp-content\/uploads\/usu45\/2020\/06\/llibres.jpeg\"><img loading=\"lazy\" decoding=\"async\" class=\"aligncenter size-full wp-image-5995\" src=\"https:\/\/agora.xtec.cat\/iesperealsius\/wp-content\/uploads\/usu45\/2020\/06\/llibres.jpeg\" alt=\"\" width=\"1600\" height=\"1131\" srcset=\"https:\/\/agora.xtec.cat\/iesperealsius\/wp-content\/uploads\/usu45\/2020\/06\/llibres.jpeg 1600w, https:\/\/agora.xtec.cat\/iesperealsius\/wp-content\/uploads\/usu45\/2020\/06\/llibres-300x212.jpeg 300w, https:\/\/agora.xtec.cat\/iesperealsius\/wp-content\/uploads\/usu45\/2020\/06\/llibres-768x543.jpeg 768w, https:\/\/agora.xtec.cat\/iesperealsius\/wp-content\/uploads\/usu45\/2020\/06\/llibres-1024x724.jpeg 1024w\" sizes=\"auto, (max-width: 1600px) 100vw, 1600px\" \/><\/a><\/h1>\n<p>&nbsp;<\/p>\n<h1><span style=\"font-size: 20px;\">ecoBooks NO retornats a Iddink<\/span><\/h1>\n<p><span style=\"font-size: 20px;\">Si per algun motiu no vols o no pots retornar un ecoBook, s&#8217;haur\u00e0 d&#8217;abonar la quantitat que surt a la columna &#8220;Import&#8221;. <\/span><\/p>\n<p><span style=\"font-size: 20px;\">Per a qualsevol dubte, contacta amb el<strong> Servei d&#8217;Atenci\u00f3 a l&#8217;Estudiant (info@iddink.cat<\/strong>).<\/span><\/p>\n<div>\n<div>\n<div>\n<div>\n<div style=\"text-align: center;\"><\/div>\n<p>&nbsp;<\/p>\n<div style=\"display: block; text-align: center; margin-right: auto; margin-left: auto;\"><\/div>\n<p>&nbsp;<\/p>\n<\/div>\n<\/div>\n<\/div>\n<\/div>\n","protected":false},"excerpt":{"rendered":"<p>Com retornar ecoBooks ?<br \/>\n<a href=\"https:\/\/vimeo.com\/97832068\" target=\"_blank\" rel=\"noopener noreferrer\" data-saferedirecturl=\"https:\/\/www.google.com\/url?q=https:\/\/vimeo.com\/97832068&amp;source=gmail&amp;ust=1594116733286000&amp;usg=AFQjCNEERLviSbUJt_9WnP_jQyAzO_Dihw\">V\u00eddeo: https:\/\/vimeo.com\/97832068<\/a><br \/>\nOn i quan retornar els ecoBooks ?<\/p>\n<p>Es far\u00e0 l&#8217;1 de juliol de 10h a 14h i de 15h a 17:30h a l&#8217;aula 101 de l&#8217;Institut.<br \/>\nIddink t&#8217;enviar\u00e0 un correu electr\u00f2nic amb un CODI DE DEVOLUCI\u00d3.<\/p>\n<ul>\n<li style=\"list-style-type:&hellip;  <a href=\"https:\/\/agora.xtec.cat\/iesperealsius\/serveis\/llibres\/ecobooks\/\" title=\"Read Retorn dels ecoBooks (llibres reutilitzables)\">Llegeix m\u00e9s\u00bb<\/a><br \/>\n","protected":false},"author":1,"featured_media":0,"parent":965,"menu_order":0,"comment_status":"closed","ping_status":"closed","template":"page-templates\/side-menu.php","meta":{"_bbp_topic_count":0,"_bbp_reply_count":0,"_bbp_total_topic_count":0,"_bbp_total_reply_count":0,"_bbp_voice_count":0,"_bbp_anonymous_reply_count":0,"_bbp_topic_count_hidden":0,"_bbp_reply_count_hidden":0,"_bbp_forum_subforum_count":0,"footnotes":""},"class_list":["post-988","page","type-page","status-publish","hentry"],"post_mailing_queue_ids":[],"_links":{"self":[{"href":"https:\/\/agora.xtec.cat\/iesperealsius\/wp-json\/wp\/v2\/pages\/988","targetHints":{"allow":["GET"]}}],"collection":[{"href":"https:\/\/agora.xtec.cat\/iesperealsius\/wp-json\/wp\/v2\/pages"}],"about":[{"href":"https:\/\/agora.xtec.cat\/iesperealsius\/wp-json\/wp\/v2\/types\/page"}],"author":[{"embeddable":true,"href":"https:\/\/agora.xtec.cat\/iesperealsius\/wp-json\/wp\/v2\/users\/1"}],"replies":[{"embeddable":true,"href":"https:\/\/agora.xtec.cat\/iesperealsius\/wp-json\/wp\/v2\/comments?post=988"}],"version-history":[{"count":3,"href":"https:\/\/agora.xtec.cat\/iesperealsius\/wp-json\/wp\/v2\/pages\/988\/revisions"}],"predecessor-version":[{"id":7298,"href":"https:\/\/agora.xtec.cat\/iesperealsius\/wp-json\/wp\/v2\/pages\/988\/revisions\/7298"}],"up":[{"embeddable":true,"href":"https:\/\/agora.xtec.cat\/iesperealsius\/wp-json\/wp\/v2\/pages\/965"}],"wp:attachment":[{"href":"https:\/\/agora.xtec.cat\/iesperealsius\/wp-json\/wp\/v2\/media?parent=988"}],"curies":[{"name":"wp","href":"https:\/\/api.w.org\/{rel}","templated":true}]}}