{"id":9873,"date":"2023-06-06T13:10:34","date_gmt":"2023-06-06T11:10:34","guid":{"rendered":"https:\/\/agora.xtec.cat\/iesperealsius\/?page_id=9873"},"modified":"2023-06-06T13:15:49","modified_gmt":"2023-06-06T11:15:49","slug":"ife-mp02-comunicacio-i-relacions-interpersonals","status":"publish","type":"page","link":"https:\/\/agora.xtec.cat\/iesperealsius\/ife-mp02-comunicacio-i-relacions-interpersonals\/","title":{"rendered":"IFE &#8211; MP02 Comunicaci\u00f3 i relacions interpersonals"},"content":{"rendered":"<p><span style=\"font-size: 20px;\">El m\u00f2dul MP02 t\u00e9 un volum total de 210 hores lectives (6 hores setmanals). Al llarg del curs, es duen a terme diferents projectes, amb la finalitat d\u2019oferir a l\u2019alumnat les compet\u00e8ncies b\u00e0siques relacionades amb el m\u00f2dul a trav\u00e9s d\u2019una metodologia de treball progressiva i ajustada a les necessitats individuals de cada alumne. Aquest proc\u00e9s d\u2019aprenentatge, ent\u00e9n l\u2019alumnat com a protagonista principal, per aquest motiu totes les activitats tenen com objectiu fomentar la reflexi\u00f3, la participaci\u00f3 activa i el treball en equip. Els principals continguts de treball que es desenvolupen en el m\u00f2dul MP02 s\u00f3n els seg\u00fcents:<\/span><\/p>\n<p><span style=\"font-size: 20px;\">Aplicaci\u00f3 d\u2019habilitats comunicatives.<\/span><br \/>\n<span style=\"font-size: 20px;\">Aplicaci\u00f3 d\u2019habilitats socioemocionals<\/span><br \/>\n<span style=\"font-size: 20px;\">La informaci\u00f3 a trav\u00e9s dels mitjans de comunicaci\u00f3.<\/span><\/p>\n<p>&nbsp;<\/p>\n<p><a href=\"https:\/\/agora.xtec.cat\/iesperealsius\/wp-content\/uploads\/usu45\/2023\/06\/Dinamica-conjunta-amb-CF-presentacio-autoestima-i-comunicacio-9-scaled-e1686049651815.jpg\"><img loading=\"lazy\" decoding=\"async\" class=\"aligncenter size-full wp-image-9874\" src=\"https:\/\/agora.xtec.cat\/iesperealsius\/wp-content\/uploads\/usu45\/2023\/06\/Dinamica-conjunta-amb-CF-presentacio-autoestima-i-comunicacio-9-scaled-e1686049651815.jpg\" alt=\"\" width=\"1920\" height=\"2560\" srcset=\"https:\/\/agora.xtec.cat\/iesperealsius\/wp-content\/uploads\/usu45\/2023\/06\/Dinamica-conjunta-amb-CF-presentacio-autoestima-i-comunicacio-9-scaled-e1686049651815.jpg 1920w, https:\/\/agora.xtec.cat\/iesperealsius\/wp-content\/uploads\/usu45\/2023\/06\/Dinamica-conjunta-amb-CF-presentacio-autoestima-i-comunicacio-9-scaled-e1686049651815-225x300.jpg 225w, https:\/\/agora.xtec.cat\/iesperealsius\/wp-content\/uploads\/usu45\/2023\/06\/Dinamica-conjunta-amb-CF-presentacio-autoestima-i-comunicacio-9-scaled-e1686049651815-768x1024.jpg 768w, https:\/\/agora.xtec.cat\/iesperealsius\/wp-content\/uploads\/usu45\/2023\/06\/Dinamica-conjunta-amb-CF-presentacio-autoestima-i-comunicacio-9-scaled-e1686049651815-1152x1536.jpg 1152w, https:\/\/agora.xtec.cat\/iesperealsius\/wp-content\/uploads\/usu45\/2023\/06\/Dinamica-conjunta-amb-CF-presentacio-autoestima-i-comunicacio-9-scaled-e1686049651815-1536x2048.jpg 1536w\" sizes=\"auto, (max-width: 1920px) 100vw, 1920px\" \/><\/a><\/p>\n<p><a href=\"https:\/\/agora.xtec.cat\/iesperealsius\/wp-content\/uploads\/usu45\/2023\/06\/IMG_0418-scaled.jpg\"><img loading=\"lazy\" decoding=\"async\" class=\"aligncenter size-full wp-image-9875\" src=\"https:\/\/agora.xtec.cat\/iesperealsius\/wp-content\/uploads\/usu45\/2023\/06\/IMG_0418-scaled.jpg\" alt=\"\" width=\"2560\" height=\"1920\" srcset=\"https:\/\/agora.xtec.cat\/iesperealsius\/wp-content\/uploads\/usu45\/2023\/06\/IMG_0418-scaled.jpg 2560w, https:\/\/agora.xtec.cat\/iesperealsius\/wp-content\/uploads\/usu45\/2023\/06\/IMG_0418-300x225.jpg 300w, https:\/\/agora.xtec.cat\/iesperealsius\/wp-content\/uploads\/usu45\/2023\/06\/IMG_0418-1024x768.jpg 1024w, https:\/\/agora.xtec.cat\/iesperealsius\/wp-content\/uploads\/usu45\/2023\/06\/IMG_0418-768x576.jpg 768w, https:\/\/agora.xtec.cat\/iesperealsius\/wp-content\/uploads\/usu45\/2023\/06\/IMG_0418-1536x1152.jpg 1536w, https:\/\/agora.xtec.cat\/iesperealsius\/wp-content\/uploads\/usu45\/2023\/06\/IMG_0418-2048x1536.jpg 2048w, https:\/\/agora.xtec.cat\/iesperealsius\/wp-content\/uploads\/usu45\/2023\/06\/IMG_0418-200x150.jpg 200w\" sizes=\"auto, (max-width: 2560px) 100vw, 2560px\" \/><\/a><\/p>\n<p><a href=\"https:\/\/agora.xtec.cat\/iesperealsius\/wp-content\/uploads\/usu45\/2023\/06\/IMG_0866-2-scaled.jpg\"><img loading=\"lazy\" decoding=\"async\" class=\"aligncenter size-full wp-image-9876\" src=\"https:\/\/agora.xtec.cat\/iesperealsius\/wp-content\/uploads\/usu45\/2023\/06\/IMG_0866-2-scaled.jpg\" alt=\"\" width=\"2560\" height=\"1920\" srcset=\"https:\/\/agora.xtec.cat\/iesperealsius\/wp-content\/uploads\/usu45\/2023\/06\/IMG_0866-2-scaled.jpg 2560w, https:\/\/agora.xtec.cat\/iesperealsius\/wp-content\/uploads\/usu45\/2023\/06\/IMG_0866-2-300x225.jpg 300w, https:\/\/agora.xtec.cat\/iesperealsius\/wp-content\/uploads\/usu45\/2023\/06\/IMG_0866-2-1024x768.jpg 1024w, https:\/\/agora.xtec.cat\/iesperealsius\/wp-content\/uploads\/usu45\/2023\/06\/IMG_0866-2-768x576.jpg 768w, https:\/\/agora.xtec.cat\/iesperealsius\/wp-content\/uploads\/usu45\/2023\/06\/IMG_0866-2-1536x1152.jpg 1536w, https:\/\/agora.xtec.cat\/iesperealsius\/wp-content\/uploads\/usu45\/2023\/06\/IMG_0866-2-2048x1536.jpg 2048w, https:\/\/agora.xtec.cat\/iesperealsius\/wp-content\/uploads\/usu45\/2023\/06\/IMG_0866-2-200x150.jpg 200w\" sizes=\"auto, (max-width: 2560px) 100vw, 2560px\" \/><\/a><\/p>\n<p><a href=\"https:\/\/agora.xtec.cat\/iesperealsius\/wp-content\/uploads\/usu45\/2023\/06\/IMG_3129-scaled.jpg\"><img loading=\"lazy\" decoding=\"async\" class=\"aligncenter size-full wp-image-9877\" src=\"https:\/\/agora.xtec.cat\/iesperealsius\/wp-content\/uploads\/usu45\/2023\/06\/IMG_3129-scaled.jpg\" alt=\"\" width=\"2560\" height=\"1920\" srcset=\"https:\/\/agora.xtec.cat\/iesperealsius\/wp-content\/uploads\/usu45\/2023\/06\/IMG_3129-scaled.jpg 2560w, https:\/\/agora.xtec.cat\/iesperealsius\/wp-content\/uploads\/usu45\/2023\/06\/IMG_3129-300x225.jpg 300w, https:\/\/agora.xtec.cat\/iesperealsius\/wp-content\/uploads\/usu45\/2023\/06\/IMG_3129-1024x768.jpg 1024w, https:\/\/agora.xtec.cat\/iesperealsius\/wp-content\/uploads\/usu45\/2023\/06\/IMG_3129-768x576.jpg 768w, https:\/\/agora.xtec.cat\/iesperealsius\/wp-content\/uploads\/usu45\/2023\/06\/IMG_3129-1536x1152.jpg 1536w, https:\/\/agora.xtec.cat\/iesperealsius\/wp-content\/uploads\/usu45\/2023\/06\/IMG_3129-2048x1536.jpg 2048w, https:\/\/agora.xtec.cat\/iesperealsius\/wp-content\/uploads\/usu45\/2023\/06\/IMG_3129-200x150.jpg 200w\" sizes=\"auto, (max-width: 2560px) 100vw, 2560px\" \/><\/a><\/p>\n<p><a href=\"https:\/\/agora.xtec.cat\/iesperealsius\/wp-content\/uploads\/usu45\/2023\/06\/IMG_20230130_092837-scaled.jpg\"><img loading=\"lazy\" decoding=\"async\" class=\"aligncenter size-full wp-image-9878\" src=\"https:\/\/agora.xtec.cat\/iesperealsius\/wp-content\/uploads\/usu45\/2023\/06\/IMG_20230130_092837-scaled.jpg\" alt=\"\" width=\"2560\" height=\"1920\" srcset=\"https:\/\/agora.xtec.cat\/iesperealsius\/wp-content\/uploads\/usu45\/2023\/06\/IMG_20230130_092837-scaled.jpg 2560w, https:\/\/agora.xtec.cat\/iesperealsius\/wp-content\/uploads\/usu45\/2023\/06\/IMG_20230130_092837-300x225.jpg 300w, https:\/\/agora.xtec.cat\/iesperealsius\/wp-content\/uploads\/usu45\/2023\/06\/IMG_20230130_092837-1024x768.jpg 1024w, https:\/\/agora.xtec.cat\/iesperealsius\/wp-content\/uploads\/usu45\/2023\/06\/IMG_20230130_092837-768x576.jpg 768w, https:\/\/agora.xtec.cat\/iesperealsius\/wp-content\/uploads\/usu45\/2023\/06\/IMG_20230130_092837-1536x1152.jpg 1536w, https:\/\/agora.xtec.cat\/iesperealsius\/wp-content\/uploads\/usu45\/2023\/06\/IMG_20230130_092837-2048x1536.jpg 2048w, https:\/\/agora.xtec.cat\/iesperealsius\/wp-content\/uploads\/usu45\/2023\/06\/IMG_20230130_092837-200x150.jpg 200w\" sizes=\"auto, (max-width: 2560px) 100vw, 2560px\" \/><\/a><\/p>\n<p><a href=\"https:\/\/agora.xtec.cat\/iesperealsius\/wp-content\/uploads\/usu45\/2023\/06\/IMG_20230116_093622-scaled.jpg\"><img loading=\"lazy\" decoding=\"async\" class=\"aligncenter size-full wp-image-9879\" src=\"https:\/\/agora.xtec.cat\/iesperealsius\/wp-content\/uploads\/usu45\/2023\/06\/IMG_20230116_093622-scaled.jpg\" alt=\"\" width=\"2560\" height=\"1920\" srcset=\"https:\/\/agora.xtec.cat\/iesperealsius\/wp-content\/uploads\/usu45\/2023\/06\/IMG_20230116_093622-scaled.jpg 2560w, https:\/\/agora.xtec.cat\/iesperealsius\/wp-content\/uploads\/usu45\/2023\/06\/IMG_20230116_093622-300x225.jpg 300w, https:\/\/agora.xtec.cat\/iesperealsius\/wp-content\/uploads\/usu45\/2023\/06\/IMG_20230116_093622-1024x768.jpg 1024w, https:\/\/agora.xtec.cat\/iesperealsius\/wp-content\/uploads\/usu45\/2023\/06\/IMG_20230116_093622-768x576.jpg 768w, https:\/\/agora.xtec.cat\/iesperealsius\/wp-content\/uploads\/usu45\/2023\/06\/IMG_20230116_093622-1536x1152.jpg 1536w, https:\/\/agora.xtec.cat\/iesperealsius\/wp-content\/uploads\/usu45\/2023\/06\/IMG_20230116_093622-2048x1536.jpg 2048w, https:\/\/agora.xtec.cat\/iesperealsius\/wp-content\/uploads\/usu45\/2023\/06\/IMG_20230116_093622-200x150.jpg 200w\" sizes=\"auto, (max-width: 2560px) 100vw, 2560px\" \/><\/a><\/p>\n<p>&nbsp;<\/p>\n","protected":false},"excerpt":{"rendered":"<p>El m\u00f2dul MP02 t\u00e9 un volum total de 210 hores lectives (6 hores setmanals). Al llarg del curs, es duen a terme diferents projectes, amb la finalitat d\u2019oferir a l\u2019alumnat les compet\u00e8ncies b\u00e0siques relacionades amb el m\u00f2dul a trav\u00e9s d\u2019una metodologia de treball progressiva i&hellip;  <a href=\"https:\/\/agora.xtec.cat\/iesperealsius\/ife-mp02-comunicacio-i-relacions-interpersonals\/\" title=\"Read IFE &#8211; MP02 Comunicaci\u00f3 i relacions interpersonals\">Llegeix m\u00e9s\u00bb<\/a><\/p>\n","protected":false},"author":1,"featured_media":0,"parent":0,"menu_order":0,"comment_status":"closed","ping_status":"closed","template":"","meta":{"_bbp_topic_count":0,"_bbp_reply_count":0,"_bbp_total_topic_count":0,"_bbp_total_reply_count":0,"_bbp_voice_count":0,"_bbp_anonymous_reply_count":0,"_bbp_topic_count_hidden":0,"_bbp_reply_count_hidden":0,"_bbp_forum_subforum_count":0,"footnotes":""},"class_list":["post-9873","page","type-page","status-publish","hentry"],"post_mailing_queue_ids":[],"_links":{"self":[{"href":"https:\/\/agora.xtec.cat\/iesperealsius\/wp-json\/wp\/v2\/pages\/9873","targetHints":{"allow":["GET"]}}],"collection":[{"href":"https:\/\/agora.xtec.cat\/iesperealsius\/wp-json\/wp\/v2\/pages"}],"about":[{"href":"https:\/\/agora.xtec.cat\/iesperealsius\/wp-json\/wp\/v2\/types\/page"}],"author":[{"embeddable":true,"href":"https:\/\/agora.xtec.cat\/iesperealsius\/wp-json\/wp\/v2\/users\/1"}],"replies":[{"embeddable":true,"href":"https:\/\/agora.xtec.cat\/iesperealsius\/wp-json\/wp\/v2\/comments?post=9873"}],"version-history":[{"count":2,"href":"https:\/\/agora.xtec.cat\/iesperealsius\/wp-json\/wp\/v2\/pages\/9873\/revisions"}],"predecessor-version":[{"id":9885,"href":"https:\/\/agora.xtec.cat\/iesperealsius\/wp-json\/wp\/v2\/pages\/9873\/revisions\/9885"}],"wp:attachment":[{"href":"https:\/\/agora.xtec.cat\/iesperealsius\/wp-json\/wp\/v2\/media?parent=9873"}],"curies":[{"name":"wp","href":"https:\/\/api.w.org\/{rel}","templated":true}]}}