{"id":9859,"date":"2023-06-06T12:57:40","date_gmt":"2023-06-06T10:57:40","guid":{"rendered":"https:\/\/agora.xtec.cat\/iesperealsius\/?page_id=9859"},"modified":"2023-06-06T13:14:12","modified_gmt":"2023-06-06T11:14:12","slug":"ife-mp01-vida-saludable-i-cura-dun-mateix","status":"publish","type":"page","link":"https:\/\/agora.xtec.cat\/iesperealsius\/ife-mp01-vida-saludable-i-cura-dun-mateix\/","title":{"rendered":"IFE &#8211; MP01 Vida saludable i cura d\u2019un mateix"},"content":{"rendered":"<p><span style=\"font-size: 20px;\">El m\u00f2dul MP01 t\u00e9 un volum total de 210 hores lectives (6 hores setmanals). Al llarg del curs, es duen a terme diferents projectes, amb la finalitat d\u2019oferir a l\u2019alumnat les compet\u00e8ncies b\u00e0siques relacionades amb el m\u00f2dul a trav\u00e9s d\u2019una metodologia de treball progressiva i ajustada a les necessitats individuals de cada alumne. Aquest proc\u00e9s d\u2019aprenentatge, ent\u00e9n l\u2019alumnat com a protagonista principal, per aquest motiu totes les activitats tenen com objectiu fomentar la reflexi\u00f3, la participaci\u00f3 activa i el treball en equip. Els principals continguts de treball que es desenvolupen en el m\u00f2dul MP01 s\u00f3n els seg\u00fcents:<\/span><\/p>\n<p><span style=\"font-size: 20px;\">Cura de la higiene personal i imatge personal.<\/span><br \/>\n<span style=\"font-size: 20px;\">Adoptar un estil de vida saludable.<\/span><br \/>\n<span style=\"font-size: 20px;\">Els aliments i la seva preparaci\u00f3.<\/span><\/p>\n<p>&nbsp;<\/p>\n<p><a href=\"https:\/\/agora.xtec.cat\/iesperealsius\/wp-content\/uploads\/usu45\/2023\/06\/IMG_3625-scaled.jpg\"><img loading=\"lazy\" decoding=\"async\" class=\"aligncenter size-full wp-image-9861\" src=\"https:\/\/agora.xtec.cat\/iesperealsius\/wp-content\/uploads\/usu45\/2023\/06\/IMG_3625-scaled.jpg\" alt=\"\" width=\"1920\" height=\"2560\" srcset=\"https:\/\/agora.xtec.cat\/iesperealsius\/wp-content\/uploads\/usu45\/2023\/06\/IMG_3625-scaled.jpg 1920w, https:\/\/agora.xtec.cat\/iesperealsius\/wp-content\/uploads\/usu45\/2023\/06\/IMG_3625-225x300.jpg 225w, https:\/\/agora.xtec.cat\/iesperealsius\/wp-content\/uploads\/usu45\/2023\/06\/IMG_3625-768x1024.jpg 768w, https:\/\/agora.xtec.cat\/iesperealsius\/wp-content\/uploads\/usu45\/2023\/06\/IMG_3625-1152x1536.jpg 1152w, https:\/\/agora.xtec.cat\/iesperealsius\/wp-content\/uploads\/usu45\/2023\/06\/IMG_3625-1536x2048.jpg 1536w\" sizes=\"auto, (max-width: 1920px) 100vw, 1920px\" \/><\/a><\/p>\n<p><a href=\"https:\/\/agora.xtec.cat\/iesperealsius\/wp-content\/uploads\/usu45\/2023\/06\/IMG_2067-scaled.jpg\"><img loading=\"lazy\" decoding=\"async\" class=\"aligncenter size-full wp-image-9864\" src=\"https:\/\/agora.xtec.cat\/iesperealsius\/wp-content\/uploads\/usu45\/2023\/06\/IMG_2067-scaled.jpg\" alt=\"\" width=\"2560\" height=\"1920\" srcset=\"https:\/\/agora.xtec.cat\/iesperealsius\/wp-content\/uploads\/usu45\/2023\/06\/IMG_2067-scaled.jpg 2560w, https:\/\/agora.xtec.cat\/iesperealsius\/wp-content\/uploads\/usu45\/2023\/06\/IMG_2067-300x225.jpg 300w, https:\/\/agora.xtec.cat\/iesperealsius\/wp-content\/uploads\/usu45\/2023\/06\/IMG_2067-1024x768.jpg 1024w, https:\/\/agora.xtec.cat\/iesperealsius\/wp-content\/uploads\/usu45\/2023\/06\/IMG_2067-768x576.jpg 768w, https:\/\/agora.xtec.cat\/iesperealsius\/wp-content\/uploads\/usu45\/2023\/06\/IMG_2067-1536x1152.jpg 1536w, https:\/\/agora.xtec.cat\/iesperealsius\/wp-content\/uploads\/usu45\/2023\/06\/IMG_2067-2048x1536.jpg 2048w, https:\/\/agora.xtec.cat\/iesperealsius\/wp-content\/uploads\/usu45\/2023\/06\/IMG_2067-200x150.jpg 200w\" sizes=\"auto, (max-width: 2560px) 100vw, 2560px\" \/><\/a><\/p>\n<p><a href=\"https:\/\/agora.xtec.cat\/iesperealsius\/wp-content\/uploads\/usu45\/2023\/06\/IMG_3627-scaled.jpg\"><img loading=\"lazy\" decoding=\"async\" class=\"aligncenter size-full wp-image-9865\" src=\"https:\/\/agora.xtec.cat\/iesperealsius\/wp-content\/uploads\/usu45\/2023\/06\/IMG_3627-scaled.jpg\" alt=\"\" width=\"1920\" height=\"2560\" srcset=\"https:\/\/agora.xtec.cat\/iesperealsius\/wp-content\/uploads\/usu45\/2023\/06\/IMG_3627-scaled.jpg 1920w, https:\/\/agora.xtec.cat\/iesperealsius\/wp-content\/uploads\/usu45\/2023\/06\/IMG_3627-225x300.jpg 225w, https:\/\/agora.xtec.cat\/iesperealsius\/wp-content\/uploads\/usu45\/2023\/06\/IMG_3627-768x1024.jpg 768w, https:\/\/agora.xtec.cat\/iesperealsius\/wp-content\/uploads\/usu45\/2023\/06\/IMG_3627-1152x1536.jpg 1152w, https:\/\/agora.xtec.cat\/iesperealsius\/wp-content\/uploads\/usu45\/2023\/06\/IMG_3627-1536x2048.jpg 1536w\" sizes=\"auto, (max-width: 1920px) 100vw, 1920px\" \/><\/a><\/p>\n<p><a href=\"https:\/\/agora.xtec.cat\/iesperealsius\/wp-content\/uploads\/usu45\/2023\/06\/IMG_3534.png\"><img loading=\"lazy\" decoding=\"async\" class=\"aligncenter size-full wp-image-9866\" src=\"https:\/\/agora.xtec.cat\/iesperealsius\/wp-content\/uploads\/usu45\/2023\/06\/IMG_3534.png\" alt=\"\" width=\"1242\" height=\"2208\" srcset=\"https:\/\/agora.xtec.cat\/iesperealsius\/wp-content\/uploads\/usu45\/2023\/06\/IMG_3534.png 1242w, https:\/\/agora.xtec.cat\/iesperealsius\/wp-content\/uploads\/usu45\/2023\/06\/IMG_3534-169x300.png 169w, https:\/\/agora.xtec.cat\/iesperealsius\/wp-content\/uploads\/usu45\/2023\/06\/IMG_3534-576x1024.png 576w, https:\/\/agora.xtec.cat\/iesperealsius\/wp-content\/uploads\/usu45\/2023\/06\/IMG_3534-768x1365.png 768w, https:\/\/agora.xtec.cat\/iesperealsius\/wp-content\/uploads\/usu45\/2023\/06\/IMG_3534-864x1536.png 864w, https:\/\/agora.xtec.cat\/iesperealsius\/wp-content\/uploads\/usu45\/2023\/06\/IMG_3534-1152x2048.png 1152w\" sizes=\"auto, (max-width: 1242px) 100vw, 1242px\" \/><\/a><\/p>\n<p><a href=\"https:\/\/agora.xtec.cat\/iesperealsius\/wp-content\/uploads\/usu45\/2023\/06\/IMG_2264-scaled.jpg\"><img loading=\"lazy\" decoding=\"async\" class=\"aligncenter size-full wp-image-9867\" src=\"https:\/\/agora.xtec.cat\/iesperealsius\/wp-content\/uploads\/usu45\/2023\/06\/IMG_2264-scaled.jpg\" alt=\"\" width=\"2560\" height=\"1920\" srcset=\"https:\/\/agora.xtec.cat\/iesperealsius\/wp-content\/uploads\/usu45\/2023\/06\/IMG_2264-scaled.jpg 2560w, https:\/\/agora.xtec.cat\/iesperealsius\/wp-content\/uploads\/usu45\/2023\/06\/IMG_2264-300x225.jpg 300w, https:\/\/agora.xtec.cat\/iesperealsius\/wp-content\/uploads\/usu45\/2023\/06\/IMG_2264-1024x768.jpg 1024w, https:\/\/agora.xtec.cat\/iesperealsius\/wp-content\/uploads\/usu45\/2023\/06\/IMG_2264-768x576.jpg 768w, https:\/\/agora.xtec.cat\/iesperealsius\/wp-content\/uploads\/usu45\/2023\/06\/IMG_2264-1536x1152.jpg 1536w, https:\/\/agora.xtec.cat\/iesperealsius\/wp-content\/uploads\/usu45\/2023\/06\/IMG_2264-2048x1536.jpg 2048w, https:\/\/agora.xtec.cat\/iesperealsius\/wp-content\/uploads\/usu45\/2023\/06\/IMG_2264-200x150.jpg 200w\" sizes=\"auto, (max-width: 2560px) 100vw, 2560px\" \/><\/a><\/p>\n<p><a href=\"https:\/\/agora.xtec.cat\/iesperealsius\/wp-content\/uploads\/usu45\/2023\/06\/IMG_3804-scaled.jpg\"><img loading=\"lazy\" decoding=\"async\" class=\"aligncenter size-full wp-image-9868\" src=\"https:\/\/agora.xtec.cat\/iesperealsius\/wp-content\/uploads\/usu45\/2023\/06\/IMG_3804-scaled.jpg\" alt=\"\" width=\"2560\" height=\"1920\" srcset=\"https:\/\/agora.xtec.cat\/iesperealsius\/wp-content\/uploads\/usu45\/2023\/06\/IMG_3804-scaled.jpg 2560w, https:\/\/agora.xtec.cat\/iesperealsius\/wp-content\/uploads\/usu45\/2023\/06\/IMG_3804-300x225.jpg 300w, https:\/\/agora.xtec.cat\/iesperealsius\/wp-content\/uploads\/usu45\/2023\/06\/IMG_3804-1024x768.jpg 1024w, https:\/\/agora.xtec.cat\/iesperealsius\/wp-content\/uploads\/usu45\/2023\/06\/IMG_3804-768x576.jpg 768w, https:\/\/agora.xtec.cat\/iesperealsius\/wp-content\/uploads\/usu45\/2023\/06\/IMG_3804-1536x1152.jpg 1536w, https:\/\/agora.xtec.cat\/iesperealsius\/wp-content\/uploads\/usu45\/2023\/06\/IMG_3804-2048x1536.jpg 2048w, https:\/\/agora.xtec.cat\/iesperealsius\/wp-content\/uploads\/usu45\/2023\/06\/IMG_3804-200x150.jpg 200w\" sizes=\"auto, (max-width: 2560px) 100vw, 2560px\" \/><\/a><\/p>\n<p><a href=\"https:\/\/agora.xtec.cat\/iesperealsius\/wp-content\/uploads\/usu45\/2023\/06\/IMG_20220923_112602-scaled-e1686049009933.jpg\"><img loading=\"lazy\" decoding=\"async\" class=\"aligncenter size-full wp-image-9870\" src=\"https:\/\/agora.xtec.cat\/iesperealsius\/wp-content\/uploads\/usu45\/2023\/06\/IMG_20220923_112602-scaled-e1686049009933.jpg\" alt=\"\" width=\"1920\" height=\"2560\" srcset=\"https:\/\/agora.xtec.cat\/iesperealsius\/wp-content\/uploads\/usu45\/2023\/06\/IMG_20220923_112602-scaled-e1686049009933.jpg 1920w, https:\/\/agora.xtec.cat\/iesperealsius\/wp-content\/uploads\/usu45\/2023\/06\/IMG_20220923_112602-scaled-e1686049009933-225x300.jpg 225w, https:\/\/agora.xtec.cat\/iesperealsius\/wp-content\/uploads\/usu45\/2023\/06\/IMG_20220923_112602-scaled-e1686049009933-768x1024.jpg 768w, https:\/\/agora.xtec.cat\/iesperealsius\/wp-content\/uploads\/usu45\/2023\/06\/IMG_20220923_112602-scaled-e1686049009933-1152x1536.jpg 1152w, https:\/\/agora.xtec.cat\/iesperealsius\/wp-content\/uploads\/usu45\/2023\/06\/IMG_20220923_112602-scaled-e1686049009933-1536x2048.jpg 1536w\" sizes=\"auto, (max-width: 1920px) 100vw, 1920px\" \/><\/a><\/p>\n","protected":false},"excerpt":{"rendered":"<p>El m\u00f2dul MP01 t\u00e9 un volum total de 210 hores lectives (6 hores setmanals). Al llarg del curs, es duen a terme diferents projectes, amb la finalitat d\u2019oferir a l\u2019alumnat les compet\u00e8ncies b\u00e0siques relacionades amb el m\u00f2dul a trav\u00e9s d\u2019una metodologia de treball progressiva i&hellip;  <a href=\"https:\/\/agora.xtec.cat\/iesperealsius\/ife-mp01-vida-saludable-i-cura-dun-mateix\/\" title=\"Read IFE &#8211; MP01 Vida saludable i cura d\u2019un mateix\">Llegeix m\u00e9s\u00bb<\/a><\/p>\n","protected":false},"author":1,"featured_media":0,"parent":0,"menu_order":0,"comment_status":"closed","ping_status":"closed","template":"","meta":{"_bbp_topic_count":0,"_bbp_reply_count":0,"_bbp_total_topic_count":0,"_bbp_total_reply_count":0,"_bbp_voice_count":0,"_bbp_anonymous_reply_count":0,"_bbp_topic_count_hidden":0,"_bbp_reply_count_hidden":0,"_bbp_forum_subforum_count":0,"footnotes":""},"class_list":["post-9859","page","type-page","status-publish","hentry"],"post_mailing_queue_ids":[],"_links":{"self":[{"href":"https:\/\/agora.xtec.cat\/iesperealsius\/wp-json\/wp\/v2\/pages\/9859","targetHints":{"allow":["GET"]}}],"collection":[{"href":"https:\/\/agora.xtec.cat\/iesperealsius\/wp-json\/wp\/v2\/pages"}],"about":[{"href":"https:\/\/agora.xtec.cat\/iesperealsius\/wp-json\/wp\/v2\/types\/page"}],"author":[{"embeddable":true,"href":"https:\/\/agora.xtec.cat\/iesperealsius\/wp-json\/wp\/v2\/users\/1"}],"replies":[{"embeddable":true,"href":"https:\/\/agora.xtec.cat\/iesperealsius\/wp-json\/wp\/v2\/comments?post=9859"}],"version-history":[{"count":2,"href":"https:\/\/agora.xtec.cat\/iesperealsius\/wp-json\/wp\/v2\/pages\/9859\/revisions"}],"predecessor-version":[{"id":9884,"href":"https:\/\/agora.xtec.cat\/iesperealsius\/wp-json\/wp\/v2\/pages\/9859\/revisions\/9884"}],"wp:attachment":[{"href":"https:\/\/agora.xtec.cat\/iesperealsius\/wp-json\/wp\/v2\/media?parent=9859"}],"curies":[{"name":"wp","href":"https:\/\/api.w.org\/{rel}","templated":true}]}}