{"id":9836,"date":"2023-06-06T11:01:23","date_gmt":"2023-06-06T09:01:23","guid":{"rendered":"https:\/\/agora.xtec.cat\/iesperealsius\/?page_id=9836"},"modified":"2025-07-10T09:09:02","modified_gmt":"2025-07-10T07:09:02","slug":"ife-1r-curs-2","status":"publish","type":"page","link":"https:\/\/agora.xtec.cat\/iesperealsius\/ife-1r-curs-2\/","title":{"rendered":"IFE &#8211; 2n curs"},"content":{"rendered":"<p><span style=\"font-size: 20px;\">El segon curs consta de 6 m\u00f2duls, els quals tenen com a finalitat atorgar a l\u2019alumnat unes bases que li permetin afrontar amb garantia els seg\u00fcents cursos en relaci\u00f3 a l\u2019autonomia personal, treball en equip, habilitats comunicatives, coneixement b\u00e0sic del m\u00f3n laboral, etc. En relaci\u00f3 als m\u00f2duls espec\u00edfics del cicle, aquests tenen una major especificitat en relaci\u00f3 a la sortida professional.<\/span><\/p>\n<p><span style=\"font-size: 20px;\">L\u2019estructura organitzativa dels diferents m\u00f2duls \u00e9s a trav\u00e9s de projectes de diferents durades temporals i orientacions. Algunes de les metodologies interactives que s\u2019utilitzen s\u00f3n:<\/span><\/p>\n<p><span style=\"font-size: 20px;\">El treball cooperatiu, col\u00b7laboratiu i entre iguals, com a eix b\u00e0sic de treball personal i social.<\/span><\/p>\n<p><span style=\"font-size: 20px;\">Metodologies indagat\u00f2ries on l\u2019alumnat \u00e9s el centre de l\u2019aprenentatge i provoca que actu\u00ef de forma reflexiva i pr\u00e0ctica.<\/span><\/p>\n<p><span style=\"font-size: 20px;\">Aprenentatge basat en problemes (ABP), on es promociona el pensament alternatiu, la relaci\u00f3 entre l\u2019aprenentatge i l\u2019aplicaci\u00f3 d\u2019aquest, a m\u00e9s de la presa de decisions.<\/span><\/p>\n<p><span style=\"font-size: 20px;\">Projectes d\u2019actuaci\u00f3 proposats per l\u2019equip docent, on els alumnes pensin i apliquin els passos del proc\u00e9s per dur-lo a terme, i siguin capa\u00e7os de ser flexibles i tolerants davant els problemes que puguin sorgir per tal de cercar una soluci\u00f3.<\/span><\/p>\n<p><span style=\"font-size: 20px;\">Aprenentatge servei, mitjan\u00e7ant actuacions col\u00b7laboratives puntuals on l\u2019alumnat aplica i es forma en els aprenentatges del m\u00f2dul, a trav\u00e9s necessitats reals de l\u2019entorn per tal d\u2019aportar una millora.<\/span><\/p>\n<div class=\"container25\" style=\"text-align: center;\"><span style=\"font-size: 24px; color: #ffa00c;\">MP03<\/span><br \/>\n<a href=\"https:\/\/agora.xtec.cat\/iesperealsius\/ife-mp03-viure-en-entorns-propers\/\"><br \/>\n<img decoding=\"async\" class=\"imageEE\" src=\"https:\/\/agora.xtec.cat\/iesperealsius\/wp-content\/uploads\/usu45\/2024\/03\/Captura-de-Pantalla-2024-03-26-a-les-11.58.03-e1711451100108.png\" \/><\/a><\/p>\n<div class=\"middle25\">\n<div class=\"text25\">Viure en entorns propers<\/div>\n<\/div>\n<\/div>\n<div class=\"container25\" style=\"text-align: center;\"><span style=\"font-size: 24px; color: #ffa00c;\">MP04<\/span><br \/>\n<a href=\"https:\/\/agora.xtec.cat\/iesperealsius\/ife-mp04-us-destabliments-i-serveis\/\"><br \/>\n<img decoding=\"async\" class=\"imageEE\" src=\"https:\/\/agora.xtec.cat\/iesperealsius\/wp-content\/uploads\/usu45\/2024\/03\/Captura-de-Pantalla-2024-03-26-a-les-17.33.05-e1711470886498.png\" \/><\/a><\/p>\n<div class=\"middle25\">\n<div class=\"text25\">\u00das d\u2019establiments i serveis<\/div>\n<\/div>\n<\/div>\n<div class=\"container25\" style=\"text-align: center;\"><span style=\"font-size: 24px; color: #ffa00c;\">MP09<\/span><br \/>\n<a href=\"https:\/\/agora.xtec.cat\/iesperealsius\/ife-mp09-organitzacio-de-les-empreses\/\"><br \/>\n<img decoding=\"async\" class=\"imageEE\" src=\"https:\/\/agora.xtec.cat\/iesperealsius\/wp-content\/uploads\/usu45\/2024\/03\/Captura-de-Pantalla-2024-03-26-a-les-17.40.42-e1711471311438.png\" \/><\/a><\/p>\n<div class=\"middle25\">\n<div class=\"text25\">\u200b\u200bOrganitzaci\u00f3 de les empreses<\/div>\n<\/div>\n<\/div>\n<div class=\"container25\" style=\"text-align: center;\"><span style=\"font-size: 24px; color: #ffa00c;\">MP016<\/span><br \/>\n<a href=\"https:\/\/agora.xtec.cat\/iesperealsius\/ife-mp16-acces-dusuaris-i-organitzacio-de-la-installacio-fisico-esportiva\/\"><br \/>\n<img decoding=\"async\" class=\"imageEE\" src=\"https:\/\/agora.xtec.cat\/iesperealsius\/wp-content\/uploads\/usu45\/2024\/03\/Captura-de-Pantalla-2024-03-26-a-les-17.51.22-e1711471968901.png\" \/><\/a><\/p>\n<div class=\"middle25\">\n<div class=\"text25\">Acc\u00e9s d\u2019usuaris (&#8230;)<\/div>\n<\/div>\n<\/div>\n<div><\/div>\n<div><\/div>\n<div class=\"container25\" style=\"text-align: center;\"><span style=\"font-size: 24px; color: #ffa00c;\">MP17<\/span><br \/>\n<a href=\"https:\/\/agora.xtec.cat\/iesperealsius\/ife-mp17-assistencia-en-lorganitzacio-despais-activitats-i-repartiment-de-material-en-la-installacio-fisico-esportiva\/\"><br \/>\n<img decoding=\"async\" class=\"imageEE\" src=\"https:\/\/agora.xtec.cat\/iesperealsius\/wp-content\/uploads\/usu45\/2024\/03\/Captura-de-Pantalla-2024-03-27-a-les-12.41.46-e1711540065454.png\" \/><\/a><\/p>\n<div class=\"middle25\">\n<div class=\"text25\">Assist\u00e8ncia en l\u2019organitzaci\u00f3 d\u2019espais (&#8230;)<\/div>\n<\/div>\n<\/div>\n<div><\/div>\n<div><\/div>\n<div><\/div>\n<div class=\"container25\" style=\"text-align: center;\"><span style=\"font-size: 24px; color: #ffa00c;\">MP18<\/span><br \/>\n<a href=\"https:\/\/agora.xtec.cat\/iesperealsius\/ife-mp18-reparacio-davaries-i-reposicio-destris\/\"><br \/>\n<img decoding=\"async\" class=\"imageEE\" src=\"https:\/\/agora.xtec.cat\/iesperealsius\/wp-content\/uploads\/usu45\/2024\/03\/Captura-de-Pantalla-2024-03-26-a-les-17.51.22-e1711471968901.png\" \/><\/a><\/p>\n<div class=\"middle25\">\n<div class=\"text25\">Reparaci\u00f3 d\u2019avaries i reposici\u00f3 d\u2019estris<\/div>\n<\/div>\n<\/div>\n","protected":false},"excerpt":{"rendered":"<p>El segon curs consta de 6 m\u00f2duls, els quals tenen com a finalitat atorgar a l\u2019alumnat unes bases que li permetin afrontar amb garantia els seg\u00fcents cursos en relaci\u00f3 a l\u2019autonomia personal, treball en equip, habilitats comunicatives, coneixement b\u00e0sic del m\u00f3n laboral, etc. En relaci\u00f3&hellip;  <a href=\"https:\/\/agora.xtec.cat\/iesperealsius\/ife-1r-curs-2\/\" title=\"Read IFE &#8211; 2n curs\">Llegeix m\u00e9s\u00bb<\/a><\/p>\n","protected":false},"author":1,"featured_media":0,"parent":0,"menu_order":0,"comment_status":"closed","ping_status":"closed","template":"","meta":{"_bbp_topic_count":0,"_bbp_reply_count":0,"_bbp_total_topic_count":0,"_bbp_total_reply_count":0,"_bbp_voice_count":0,"_bbp_anonymous_reply_count":0,"_bbp_topic_count_hidden":0,"_bbp_reply_count_hidden":0,"_bbp_forum_subforum_count":0,"footnotes":""},"class_list":["post-9836","page","type-page","status-publish","hentry"],"post_mailing_queue_ids":[],"_links":{"self":[{"href":"https:\/\/agora.xtec.cat\/iesperealsius\/wp-json\/wp\/v2\/pages\/9836","targetHints":{"allow":["GET"]}}],"collection":[{"href":"https:\/\/agora.xtec.cat\/iesperealsius\/wp-json\/wp\/v2\/pages"}],"about":[{"href":"https:\/\/agora.xtec.cat\/iesperealsius\/wp-json\/wp\/v2\/types\/page"}],"author":[{"embeddable":true,"href":"https:\/\/agora.xtec.cat\/iesperealsius\/wp-json\/wp\/v2\/users\/1"}],"replies":[{"embeddable":true,"href":"https:\/\/agora.xtec.cat\/iesperealsius\/wp-json\/wp\/v2\/comments?post=9836"}],"version-history":[{"count":7,"href":"https:\/\/agora.xtec.cat\/iesperealsius\/wp-json\/wp\/v2\/pages\/9836\/revisions"}],"predecessor-version":[{"id":12110,"href":"https:\/\/agora.xtec.cat\/iesperealsius\/wp-json\/wp\/v2\/pages\/9836\/revisions\/12110"}],"wp:attachment":[{"href":"https:\/\/agora.xtec.cat\/iesperealsius\/wp-json\/wp\/v2\/media?parent=9836"}],"curies":[{"name":"wp","href":"https:\/\/api.w.org\/{rel}","templated":true}]}}