{"id":9822,"date":"2023-06-06T10:41:10","date_gmt":"2023-06-06T08:41:10","guid":{"rendered":"https:\/\/agora.xtec.cat\/iesperealsius\/?page_id=9822"},"modified":"2024-03-26T11:00:00","modified_gmt":"2024-03-26T10:00:00","slug":"ife-1r-curs","status":"publish","type":"page","link":"https:\/\/agora.xtec.cat\/iesperealsius\/ife-1r-curs\/","title":{"rendered":"IFE &#8211; 1r curs"},"content":{"rendered":"<p><span style=\"font-size: 20px;\">El primer curs consta de tres m\u00f2duls, els quals tenen com a finalitat atorgar a l\u2019alumnat unes bases que li permetin afrontar amb garantia els seg\u00fcents cursos en relaci\u00f3 a l\u2019autonomia personal, treball en equip, habilitats comunicatives, coneixement b\u00e0sic del m\u00f3n laboral, etc.<\/span><\/p>\n<p><span style=\"font-size: 20px;\">L\u2019estructura organitzativa dels diferents m\u00f2duls \u00e9s a trav\u00e9s de projectes de diferents durades temporals i orientacions. Algunes de les metodologies interactives que s\u2019utilitzen s\u00f3n:<\/span><\/p>\n<p><span style=\"font-size: 20px;\">El treball cooperatiu, col\u00b7laboratiu i entre iguals, com a eix b\u00e0sic de treball personal i social.<\/span><\/p>\n<p><span style=\"font-size: 20px;\">Metodologies indagat\u00f2ries on l\u2019alumnat \u00e9s el centre de l\u2019aprenentatge i provoca que actu\u00ef de forma reflexiva i pr\u00e0ctica.<\/span><\/p>\n<p><span style=\"font-size: 20px;\">Aprenentatge basat en problemes (ABP), on es promociona el pensament alternatiu, la relaci\u00f3 entre l\u2019aprenentatge i l\u2019aplicaci\u00f3 d\u2019aquest, a m\u00e9s de la presa de decisions.<\/span><\/p>\n<p><span style=\"font-size: 20px;\">Projectes d\u2019actuaci\u00f3 proposats per l\u2019equip docent, on els alumnes pensin i apliquin els passos del proc\u00e9s per dur-lo a terme, i siguin capa\u00e7os de ser flexibles i tolerants davant els problemes que puguin sorgir per tal de cercar una soluci\u00f3.<\/span><\/p>\n<p><span style=\"font-size: 20px;\">Aprenentatge servei, mitjan\u00e7ant actuacions col\u00b7laboratives puntuals on l\u2019alumnat aplica i es forma en els aprenentatges del m\u00f2dul, a trav\u00e9s necessitats reals de l\u2019entorn per tal d\u2019aportar una millora.<\/span><\/p>\n<div class=\"container25\" style=\"text-align: center;\"><span style=\"font-size: 24px; color: #ffa00c;\">MP01<\/span><br \/>\n<a href=\"https:\/\/agora.xtec.cat\/iesperealsius\/ife-mp01-vida-saludable-i-cura-dun-mateix\/\"><br \/>\n<img decoding=\"async\" class=\"imageEE\" src=\"https:\/\/agora.xtec.cat\/iesperealsius\/wp-content\/uploads\/usu45\/2023\/06\/IMG_3804-scaled.jpg\" \/><\/a><\/p>\n<div class=\"middle25\">\n<div class=\"text25\">Vida saludable i cura d\u2019un mateix<\/div>\n<\/div>\n<\/div>\n<div class=\"container25\" style=\"text-align: center;\"><span style=\"font-size: 24px; color: #ffa00c;\">MP02<\/span><br \/>\n<a href=\"https:\/\/agora.xtec.cat\/iesperealsius\/ife-mp02-comunicacio-i-relacions-interpersonals\/\"><br \/>\n<img decoding=\"async\" class=\"imageEE\" src=\"https:\/\/agora.xtec.cat\/iesperealsius\/wp-content\/uploads\/usu45\/2023\/06\/IMG_20230116_093622-scaled.jpg\" \/><\/a><\/p>\n<div class=\"middle25\">\n<div class=\"text25\">Comunicaci\u00f3 i relacions interpersonals<\/div>\n<\/div>\n<\/div>\n<div class=\"container25\" style=\"text-align: center;\"><span style=\"font-size: 24px; color: #ffa00c;\">MP08<\/span><br \/>\n<a href=\"https:\/\/agora.xtec.cat\/iesperealsius\/ife-mp08-%e2%80%8b%e2%80%8biniciacio-a-lactivitat-laboral\/\"><br \/>\n<img decoding=\"async\" class=\"imageEE\" src=\"https:\/\/agora.xtec.cat\/iesperealsius\/wp-content\/uploads\/usu45\/2023\/07\/Curs-2-e1689099860999.jpeg\" \/><\/a><\/p>\n<div class=\"middle25\">\n<div class=\"text25\">\u200b\u200bIniciaci\u00f3 a l\u2019activitat laboral<\/div>\n<\/div>\n<\/div>\n","protected":false},"excerpt":{"rendered":"<p>El primer curs consta de tres m\u00f2duls, els quals tenen com a finalitat atorgar a l\u2019alumnat unes bases que li permetin afrontar amb garantia els seg\u00fcents cursos en relaci\u00f3 a l\u2019autonomia personal, treball en equip, habilitats comunicatives, coneixement b\u00e0sic del m\u00f3n laboral, etc.<br \/>\nL\u2019estructura organitzativa dels&hellip;  <a href=\"https:\/\/agora.xtec.cat\/iesperealsius\/ife-1r-curs\/\" title=\"Read IFE &#8211; 1r curs\">Llegeix m\u00e9s\u00bb<\/a><\/p>\n","protected":false},"author":1,"featured_media":0,"parent":0,"menu_order":0,"comment_status":"closed","ping_status":"closed","template":"","meta":{"_bbp_topic_count":0,"_bbp_reply_count":0,"_bbp_total_topic_count":0,"_bbp_total_reply_count":0,"_bbp_voice_count":0,"_bbp_anonymous_reply_count":0,"_bbp_topic_count_hidden":0,"_bbp_reply_count_hidden":0,"_bbp_forum_subforum_count":0,"footnotes":""},"class_list":["post-9822","page","type-page","status-publish","hentry"],"post_mailing_queue_ids":[],"_links":{"self":[{"href":"https:\/\/agora.xtec.cat\/iesperealsius\/wp-json\/wp\/v2\/pages\/9822","targetHints":{"allow":["GET"]}}],"collection":[{"href":"https:\/\/agora.xtec.cat\/iesperealsius\/wp-json\/wp\/v2\/pages"}],"about":[{"href":"https:\/\/agora.xtec.cat\/iesperealsius\/wp-json\/wp\/v2\/types\/page"}],"author":[{"embeddable":true,"href":"https:\/\/agora.xtec.cat\/iesperealsius\/wp-json\/wp\/v2\/users\/1"}],"replies":[{"embeddable":true,"href":"https:\/\/agora.xtec.cat\/iesperealsius\/wp-json\/wp\/v2\/comments?post=9822"}],"version-history":[{"count":5,"href":"https:\/\/agora.xtec.cat\/iesperealsius\/wp-json\/wp\/v2\/pages\/9822\/revisions"}],"predecessor-version":[{"id":10685,"href":"https:\/\/agora.xtec.cat\/iesperealsius\/wp-json\/wp\/v2\/pages\/9822\/revisions\/10685"}],"wp:attachment":[{"href":"https:\/\/agora.xtec.cat\/iesperealsius\/wp-json\/wp\/v2\/media?parent=9822"}],"curies":[{"name":"wp","href":"https:\/\/api.w.org\/{rel}","templated":true}]}}