{"id":9794,"date":"2023-05-30T12:06:34","date_gmt":"2023-05-30T10:06:34","guid":{"rendered":"https:\/\/agora.xtec.cat\/iesperealsius\/?page_id=9794"},"modified":"2026-04-19T10:36:33","modified_gmt":"2026-04-19T08:36:33","slug":"informacio-general-ife","status":"publish","type":"page","link":"https:\/\/agora.xtec.cat\/iesperealsius\/ife\/informacio-general-ife\/","title":{"rendered":"Informaci\u00f3 general IFE"},"content":{"rendered":"<p><span style=\"font-weight: 400; font-size: 20px;\">L\u2019Itinerari Formatiu Espec\u00edfic (IFE) \u00e9s un cicle formatiu b\u00e0sic i molt pr\u00e0ctic de quatre cursos de durada. En aquest temps no nom\u00e9s et formar\u00e0s en el coneixement de les tasques de manteniment b\u00e0siques, control d\u2019accessos i tasques auxiliars d\u2019organitzaci\u00f3 d\u2019esdeveniments esportius. Tamb\u00e9 treballar\u00e0s aquells valors i habilitats que et faran entrar en l\u2019etapa adulta de manera m\u00e9s segura i conscient.\u00a0<\/span><\/p>\n<p><span style=\"font-weight: 400; font-size: 20px;\">Si ets una persona motivada per la formaci\u00f3 que oferim,\u00a0 estarem molt contents de poder comptar amb tu! Segur que junts farem molt bona feina!<\/span><\/p>\n<div><\/div>\n<p><a href=\"https:\/\/agora.xtec.cat\/iesperealsius\/wp-content\/uploads\/usu45\/2023\/05\/DIPTIC-IFE-Ins-Pere-Alsius_page-0002.jpg\"><img loading=\"lazy\" decoding=\"async\" class=\"aligncenter size-full wp-image-9786\" src=\"https:\/\/agora.xtec.cat\/iesperealsius\/wp-content\/uploads\/usu45\/2023\/05\/DIPTIC-IFE-Ins-Pere-Alsius_page-0002.jpg\" alt=\"\" width=\"1790\" height=\"1276\" srcset=\"https:\/\/agora.xtec.cat\/iesperealsius\/wp-content\/uploads\/usu45\/2023\/05\/DIPTIC-IFE-Ins-Pere-Alsius_page-0002.jpg 1790w, https:\/\/agora.xtec.cat\/iesperealsius\/wp-content\/uploads\/usu45\/2023\/05\/DIPTIC-IFE-Ins-Pere-Alsius_page-0002-300x214.jpg 300w, https:\/\/agora.xtec.cat\/iesperealsius\/wp-content\/uploads\/usu45\/2023\/05\/DIPTIC-IFE-Ins-Pere-Alsius_page-0002-1024x730.jpg 1024w, https:\/\/agora.xtec.cat\/iesperealsius\/wp-content\/uploads\/usu45\/2023\/05\/DIPTIC-IFE-Ins-Pere-Alsius_page-0002-768x547.jpg 768w, https:\/\/agora.xtec.cat\/iesperealsius\/wp-content\/uploads\/usu45\/2023\/05\/DIPTIC-IFE-Ins-Pere-Alsius_page-0002-1536x1095.jpg 1536w\" sizes=\"auto, (max-width: 1790px) 100vw, 1790px\" \/><\/a><\/p>\n<p>&nbsp;<\/p>\n<p><a href=\"https:\/\/agora.xtec.cat\/iesperealsius\/wp-content\/uploads\/usu45\/2023\/05\/DIPTIC-IFE-Ins-Pere-Alsius_page-0001.jpg\"><img loading=\"lazy\" decoding=\"async\" class=\"aligncenter size-full wp-image-9787\" src=\"https:\/\/agora.xtec.cat\/iesperealsius\/wp-content\/uploads\/usu45\/2023\/05\/DIPTIC-IFE-Ins-Pere-Alsius_page-0001.jpg\" alt=\"\" width=\"1790\" height=\"1276\" srcset=\"https:\/\/agora.xtec.cat\/iesperealsius\/wp-content\/uploads\/usu45\/2023\/05\/DIPTIC-IFE-Ins-Pere-Alsius_page-0001.jpg 1790w, https:\/\/agora.xtec.cat\/iesperealsius\/wp-content\/uploads\/usu45\/2023\/05\/DIPTIC-IFE-Ins-Pere-Alsius_page-0001-300x214.jpg 300w, https:\/\/agora.xtec.cat\/iesperealsius\/wp-content\/uploads\/usu45\/2023\/05\/DIPTIC-IFE-Ins-Pere-Alsius_page-0001-1024x730.jpg 1024w, https:\/\/agora.xtec.cat\/iesperealsius\/wp-content\/uploads\/usu45\/2023\/05\/DIPTIC-IFE-Ins-Pere-Alsius_page-0001-768x547.jpg 768w, https:\/\/agora.xtec.cat\/iesperealsius\/wp-content\/uploads\/usu45\/2023\/05\/DIPTIC-IFE-Ins-Pere-Alsius_page-0001-1536x1095.jpg 1536w\" sizes=\"auto, (max-width: 1790px) 100vw, 1790px\" \/><\/a><\/p>\n<p>&nbsp;<\/p>\n<p><iframe loading=\"lazy\" title=\"IFE   Presentacio\u0301 portes obertes\" width=\"500\" height=\"281\" src=\"https:\/\/www.youtube.com\/embed\/2Y7UlrsuiBc?feature=oembed\" frameborder=\"0\" allow=\"accelerometer; autoplay; clipboard-write; encrypted-media; gyroscope; picture-in-picture; web-share\" referrerpolicy=\"strict-origin-when-cross-origin\" allowfullscreen><\/iframe><\/p>\n<p>&nbsp;<\/p>\n<p><iframe loading=\"lazy\" title=\"Video promocional IFE\" width=\"500\" height=\"281\" src=\"https:\/\/www.youtube.com\/embed\/7e_ey_kkeZ8?feature=oembed\" frameborder=\"0\" allow=\"accelerometer; autoplay; clipboard-write; encrypted-media; gyroscope; picture-in-picture; web-share\" referrerpolicy=\"strict-origin-when-cross-origin\" allowfullscreen><\/iframe><\/p>\n","protected":false},"excerpt":{"rendered":"<p>L\u2019Itinerari Formatiu Espec\u00edfic (IFE) \u00e9s un cicle formatiu b\u00e0sic i molt pr\u00e0ctic de quatre cursos de durada. En aquest temps no nom\u00e9s et formar\u00e0s en el coneixement de les tasques de manteniment b\u00e0siques, control d\u2019accessos i tasques auxiliars d\u2019organitzaci\u00f3 d\u2019esdeveniments esportius. Tamb\u00e9 treballar\u00e0s aquells valors&hellip;  <a href=\"https:\/\/agora.xtec.cat\/iesperealsius\/ife\/informacio-general-ife\/\" title=\"Read Informaci\u00f3 general IFE\">Llegeix m\u00e9s\u00bb<\/a><\/p>\n","protected":false},"author":1,"featured_media":0,"parent":8360,"menu_order":0,"comment_status":"closed","ping_status":"closed","template":"","meta":{"_bbp_topic_count":0,"_bbp_reply_count":0,"_bbp_total_topic_count":0,"_bbp_total_reply_count":0,"_bbp_voice_count":0,"_bbp_anonymous_reply_count":0,"_bbp_topic_count_hidden":0,"_bbp_reply_count_hidden":0,"_bbp_forum_subforum_count":0,"footnotes":""},"class_list":["post-9794","page","type-page","status-publish","hentry"],"post_mailing_queue_ids":[],"_links":{"self":[{"href":"https:\/\/agora.xtec.cat\/iesperealsius\/wp-json\/wp\/v2\/pages\/9794","targetHints":{"allow":["GET"]}}],"collection":[{"href":"https:\/\/agora.xtec.cat\/iesperealsius\/wp-json\/wp\/v2\/pages"}],"about":[{"href":"https:\/\/agora.xtec.cat\/iesperealsius\/wp-json\/wp\/v2\/types\/page"}],"author":[{"embeddable":true,"href":"https:\/\/agora.xtec.cat\/iesperealsius\/wp-json\/wp\/v2\/users\/1"}],"replies":[{"embeddable":true,"href":"https:\/\/agora.xtec.cat\/iesperealsius\/wp-json\/wp\/v2\/comments?post=9794"}],"version-history":[{"count":5,"href":"https:\/\/agora.xtec.cat\/iesperealsius\/wp-json\/wp\/v2\/pages\/9794\/revisions"}],"predecessor-version":[{"id":13023,"href":"https:\/\/agora.xtec.cat\/iesperealsius\/wp-json\/wp\/v2\/pages\/9794\/revisions\/13023"}],"up":[{"embeddable":true,"href":"https:\/\/agora.xtec.cat\/iesperealsius\/wp-json\/wp\/v2\/pages\/8360"}],"wp:attachment":[{"href":"https:\/\/agora.xtec.cat\/iesperealsius\/wp-json\/wp\/v2\/media?parent=9794"}],"curies":[{"name":"wp","href":"https:\/\/api.w.org\/{rel}","templated":true}]}}