{"id":8818,"date":"2022-06-28T15:48:39","date_gmt":"2022-06-28T13:48:39","guid":{"rendered":"https:\/\/agora.xtec.cat\/iesperealsius\/?page_id=8818"},"modified":"2022-06-29T07:26:36","modified_gmt":"2022-06-29T05:26:36","slug":"part-estrategica","status":"publish","type":"page","link":"https:\/\/agora.xtec.cat\/iesperealsius\/edc\/part-estrategica\/","title":{"rendered":"Part estrat\u00e8gica"},"content":{"rendered":"<p>&#8212; EN CONSTRUCCI\u00d3<\/p>\n<p>Aqu\u00ed hi haur\u00e0 l&#8217;explicaci\u00f3 de les 4 fases del pla:<\/p>\n<p>Diagnosi, Objectius, Planificaci\u00f3 i Seguiment, i Avaluaci\u00f3 i millora.<\/p>\n","protected":false},"excerpt":{"rendered":"<p>&#8212; EN CONSTRUCCI\u00d3<br \/>\nAqu\u00ed hi haur\u00e0 l&#8217;explicaci\u00f3 de les 4 fases del pla:<br \/>\nDiagnosi, Objectius, Planificaci\u00f3 i Seguiment, i Avaluaci\u00f3 i millora.<\/p>\n","protected":false},"author":1,"featured_media":0,"parent":8813,"menu_order":0,"comment_status":"closed","ping_status":"closed","template":"page-templates\/side-menu.php","meta":{"_bbp_topic_count":0,"_bbp_reply_count":0,"_bbp_total_topic_count":0,"_bbp_total_reply_count":0,"_bbp_voice_count":0,"_bbp_anonymous_reply_count":0,"_bbp_topic_count_hidden":0,"_bbp_reply_count_hidden":0,"_bbp_forum_subforum_count":0,"footnotes":""},"class_list":["post-8818","page","type-page","status-publish","hentry"],"post_mailing_queue_ids":[],"_links":{"self":[{"href":"https:\/\/agora.xtec.cat\/iesperealsius\/wp-json\/wp\/v2\/pages\/8818","targetHints":{"allow":["GET"]}}],"collection":[{"href":"https:\/\/agora.xtec.cat\/iesperealsius\/wp-json\/wp\/v2\/pages"}],"about":[{"href":"https:\/\/agora.xtec.cat\/iesperealsius\/wp-json\/wp\/v2\/types\/page"}],"author":[{"embeddable":true,"href":"https:\/\/agora.xtec.cat\/iesperealsius\/wp-json\/wp\/v2\/users\/1"}],"replies":[{"embeddable":true,"href":"https:\/\/agora.xtec.cat\/iesperealsius\/wp-json\/wp\/v2\/comments?post=8818"}],"version-history":[{"count":2,"href":"https:\/\/agora.xtec.cat\/iesperealsius\/wp-json\/wp\/v2\/pages\/8818\/revisions"}],"predecessor-version":[{"id":8825,"href":"https:\/\/agora.xtec.cat\/iesperealsius\/wp-json\/wp\/v2\/pages\/8818\/revisions\/8825"}],"up":[{"embeddable":true,"href":"https:\/\/agora.xtec.cat\/iesperealsius\/wp-json\/wp\/v2\/pages\/8813"}],"wp:attachment":[{"href":"https:\/\/agora.xtec.cat\/iesperealsius\/wp-json\/wp\/v2\/media?parent=8818"}],"curies":[{"name":"wp","href":"https:\/\/api.w.org\/{rel}","templated":true}]}}