{"id":876,"date":"2018-11-18T00:49:38","date_gmt":"2018-11-17T23:49:38","guid":{"rendered":"http:\/\/agora.xtec.cat\/iesperealsius\/?page_id=876"},"modified":"2022-03-21T19:53:39","modified_gmt":"2022-03-21T18:53:39","slug":"gs-2-matricula","status":"publish","type":"page","link":"https:\/\/agora.xtec.cat\/iesperealsius\/preinscripcio\/preinscripcio-grau-superior\/gs-2-matricula\/","title":{"rendered":"2. Matr\u00edcula"},"content":{"rendered":"<div>\n<h3 align=\"left\"><span dir=\"ltr\">CFGS Ensenyament i animaci\u00f3 socioesportiva (TSEAS)<\/span><\/h3>\n<h3 align=\"left\"><span dir=\"ltr\">CFGS Condicionament F\u00edsic (CF)<\/span><\/h3>\n<p><span style=\"font-size: 20px;\"><b>MATR\u00cdCULA<\/b><b><span style=\"font-family: verdana,sans-serif;\"><br \/>\nDates:<br \/>\n<\/span><\/b><\/span><\/p>\n<ul>\n<li><span style=\"font-size: 20px;\"><b><span style=\"font-family: verdana,sans-serif;\">1r curs: 18 al 22 <\/span><\/b><b><span style=\"font-family: verdana,sans-serif;\">de juliol <\/span><\/b><b><span style=\"font-family: verdana,sans-serif;\">de 2022<\/span><\/b><\/span><\/li>\n<\/ul>\n<p><span style=\"font-size: 20px;\"><b><span style=\"font-family: verdana,sans-serif;\">Per a matricular-vos cal demanar cita pr\u00e8via en el seg\u00fcent enlla\u00e7: <span style=\"color: #ff0000;\">CITA PR\u00c8VIA<\/span><\/span><\/b><\/span><\/p>\n<ul>\n<li><span style=\"font-size: 20px;\"><b><span style=\"font-family: verdana,sans-serif;\">2n curs: 04 a 08 <\/span><\/b><b><span style=\"font-family: verdana,sans-serif;\">de juliol <\/span><\/b><b><span style=\"font-family: verdana,sans-serif;\">de 2022<\/span><\/b><\/span><\/li>\n<li><span style=\"font-size: 20px;\"><b><span style=\"font-family: verdana,sans-serif;\">\u00a0 Per a matricular-vos cal demanar cita pr\u00e8via en el seg\u00fcent enlla\u00e7: <span style=\"color: #ff0000;\">CITA PR\u00c8VIA<\/span><\/span><\/b><\/span><\/li>\n<\/ul>\n<p><span style=\"font-size: 20px;\"> <span style=\"font-family: verdana,sans-serif;\">Recordeu que si no us matriculeu en el per\u00edode establert, renuncieu a la pla\u00e7a, i aquesta ser\u00e0 assignada a la primera persona de la llista d&#8217;espera.<\/span><\/span><\/p>\n<p><span style=\"color: #ff0000; font-size: 20px;\"><b>DOCUMENTACI\u00d3: <\/b><\/span><\/p>\n<ul>\n<li><span style=\"font-size: 20px;\"><b style=\"font-family: verdana,sans-serif;\"><span lang=\"CA\">DNI\u00a0original per comprovar les dades<\/span><\/b><\/span><\/li>\n<\/ul>\n<ul>\n<li style=\"font-family: verdana,sans-serif;\"><span style=\"font-size: 20px;\"><b><span lang=\"CA\">1 fotografia\u00a0 (amb el nom al darrera) <\/span><\/b><\/span><\/li>\n<\/ul>\n<ul>\n<li style=\"font-family: verdana,sans-serif;\"><span style=\"font-size: 20px;\"><b><span lang=\"CA\">Resguard de la preinscripci\u00f3 (<u>alumnat nou)<\/u><\/span><\/b><\/span><\/li>\n<\/ul>\n<ul>\n<li style=\"font-family: verdana,sans-serif;\"><a href=\"https:\/\/drive.google.com\/file\/d\/1HcvogtBA-UpTJkCYdGFJjit1FnelYIuK\/view\"><span style=\"font-size: 20px;\"><b>Carta de comprom\u00eds educatiu<\/b><\/span><\/a><\/li>\n<\/ul>\n<ul>\n<li style=\"font-family: verdana,sans-serif;\"><span style=\"font-size: 20px;\"><b><span lang=\"CA\">Resguard de pagament del PREU P\u00daBLIC DE MATR\u00cdCULA<\/span><\/b><\/span>\n<ul>\n<li style=\"font-family: verdana,sans-serif;\"><span style=\"font-size: 20px;\"><b><span lang=\"CA\">Informaci\u00f3 i full de pagament 1r curs TSEAS<\/span><\/b><\/span><\/li>\n<li style=\"font-family: verdana,sans-serif;\"><span style=\"font-size: 20px;\"><b><span lang=\"CA\">Informaci\u00f3 i full de pagament 2n curs TSEAS<\/span><\/b><\/span><\/li>\n<li><span style=\"font-size: 20px;\"><b><span lang=\"CA\">Informaci\u00f3 i full de pagament 1r curs <strong>Condicionament F\u00edsic<\/strong><\/span><\/b><\/span><\/li>\n<li><span style=\"font-size: 20px;\"><b><span lang=\"CA\">Informaci\u00f3 i full de pagament 2n curs <strong>Condicionament F\u00edsic<\/strong><\/span><\/b><\/span><\/li>\n<\/ul>\n<\/li>\n<\/ul>\n<ul>\n<li style=\"font-family: verdana,sans-serif;\"><span style=\"font-size: 20px;\"><b><span lang=\"CA\">Resguard de pagament de la quota de material , de les sortides i la quota de l&#8217;AMIPA<br \/>\n<\/span><\/b><\/span><\/li>\n<\/ul>\n<ul>\n<li style=\"list-style-type: none;\">\n<ul>\n<li style=\"font-family: verdana,sans-serif;\"><strong><span style=\"font-size: 20px;\"><span lang=\"CA\">Full de pagament material i sortides 1r curs TSEAS<\/span><\/span><\/strong><\/li>\n<li style=\"font-family: verdana,sans-serif;\"><span style=\"font-size: 20px;\"><strong><span lang=\"CA\">Full de pagament material i sortides 2n curs TSEAS<\/span><\/strong><b><span lang=\"CA\"><br \/>\n<\/span><\/b><\/span><\/li>\n<li><strong><span style=\"font-size: 20px;\"><span lang=\"CA\">Full de pagament material i sortides 1r curs Condicionament F\u00edsic<\/span><\/span><\/strong><\/li>\n<li><strong><span style=\"font-size: 20px;\"><span lang=\"CA\">Full de pagament material i sortides 2n curs Condicionament F\u00edsic<\/span><\/span><\/strong><\/li>\n<\/ul>\n<\/li>\n<\/ul>\n<ul>\n<li style=\"font-family: verdana,sans-serif;\"><span style=\"font-size: 20px;\"><b><span lang=\"CA\">Original i fotoc\u00f2pia de <\/span><\/b><b><span lang=\"CA\">la documentaci\u00f3 que acredita el compliment dels <b>requisits d&#8217;acc\u00e9s<\/b> (t\u00edtol DE BATXILLERAT o sol\u00b7licitud del mateix, t\u00edtol del CFGM o sol\u00b7licitud del mateix, certificat de superaci\u00f3 de les proves d&#8217;acc\u00e9s, &#8230; )<\/span><\/b><\/span><\/li>\n<\/ul>\n<\/div>\n<div><span style=\"font-size: 20px;\">\u00a0<\/span><\/div>\n<div>\n<ul>\n<li style=\"font-family: verdana,sans-serif;\"><span lang=\"CA\" style=\"font-size: 20px;\"><b>Comunicaci\u00f3 d&#8217;acceptaci\u00f3 de <a href=\"https:\/\/drive.google.com\/open?id=1wj5yKwWbaJu1xB5VgjupWd5YhD_8-q3b\" target=\"_blank\" rel=\"noopener noreferrer\">l&#8217;\u00fas de serveis i recursos digitals a Internet.\u00a0<\/a><\/b><\/span><\/li>\n<\/ul>\n<\/div>\n<div>\n<ul>\n<li><span style=\"font-size: 20px;\"><span style=\"font-family: verdana,sans-serif;\"><b><span lang=\"CA\"><a href=\"https:\/\/drive.google.com\/file\/d\/1MTH5KbrGRDQQeTMD_Y67lEFj0gC-uGup\/view?usp=sharing\">Fitxa de dades personals<\/a> (permisos i dades de l&#8217;alumne\/a )<\/span><\/b><\/span><\/span><\/li>\n<\/ul>\n<ul>\n<li><span style=\"font-size: 20px;\"><span style=\"font-family: verdana,sans-serif;\"><b><span lang=\"CA\"><a href=\"https:\/\/drive.google.com\/file\/d\/1CMaoHMPg_vwXBlfnKRP3uH4pCPeuUlSb\/view?usp=sharing\">Full de revisi\u00f3 m\u00e8dica<\/a> (a entregar al tutor\/a el dia de la presentaci\u00f3<\/span><\/b><\/span><\/span><\/li>\n<li><span lang=\"CA\" style=\"font-size: 20px;\"><b>Document de <a href=\"https:\/\/drive.google.com\/file\/d\/1G7KYZj_PGkaPA2SMHqeK4NkyO5AT8u1G\/view?usp=sharing\">Comprom\u00eds i Acceptaci\u00f3 de la Formaci\u00f3 Professional Dual<\/a><\/b><\/span><\/li>\n<\/ul>\n<h2><span style=\"color: #ff0000; font-size: 20px;\"><b>ASPECTES NORMATIUS:<\/b><\/span><\/h2>\n<div>\n<div>\n<p><span style=\"font-size: 20px;\"><span style=\"font-family: verdana,sans-serif;\">Els alumnes admesos han de formalitzar la matr\u00edcula en les dates indicades al <a href=\"http:\/\/queestudiar.gencat.cat\/ca\/preinscripcio\/estudis\/fp-gs\/calendari\/\">calendari<\/a> (en cas contrari, es considera que renuncien a la pla\u00e7a adjudicada).<\/span><\/span><\/p>\n<p><span style=\"font-size: 20px;\"><span style=\"font-family: verdana,sans-serif;\">Per matricular-se cal presentar la documentaci\u00f3 que acredita el compliment dels <b>requisits d&#8217;acc\u00e9s<\/b>.\u00a0Els alumnes que els compleixen per\u00f2 que per causes justificades no poden presentar\u00a0la documentaci\u00f3, es matriculen condicionalment (la matr\u00edcula s&#8217;anul\u00b7la si, abans de l&#8217;inici del curs, no presenten la documentaci\u00f3 pendent).<\/span><\/span><\/p>\n<p><span style=\"font-size: 20px;\"><span style=\"font-family: verdana,sans-serif;\">Els alumnes amb titulacions estrangeres han d&#8217;acreditar que han iniciat el tr\u00e0mit d&#8217;homologaci\u00f3 o convalidaci\u00f3 amb la presentaci\u00f3 del volant d&#8217;inscripci\u00f3 condicional vigent. Cal tenir present que el volant acreditatiu d&#8217;haver iniciat el tr\u00e0mit d&#8217;homologaci\u00f3 mant\u00e9 la seva vig\u00e8ncia \u00fanicament durant un curs acad\u00e8mic i que la matr\u00edcula queda condicionada a la resoluci\u00f3 positiva de la sol\u00b7licitud d&#8217;homologaci\u00f3.<\/span><\/span><\/p>\n<p><span style=\"font-size: 20px;\"><span style=\"font-family: verdana,sans-serif;\">Als alumnes que han participat en el proc\u00e9s de preinscripci\u00f3 per\u00f2 no compleixen els requisits acad\u00e8mics per matricular-se a aquests estudis durant el per\u00edode ordinari de matr\u00edcula, no se&#8217;ls mant\u00e9 la pla\u00e7a assignada.<\/span><\/span><\/p>\n<\/div>\n<\/div>\n<p><span style=\"font-size: 20px;\"><b><span style=\"font-family: verdana,sans-serif;\"><span style=\"color: #ff0000;\"><span style=\"font-family: trebuchet ms,sans-serif;\">GESTI\u00d3 DE LES PLACES VACANTS:<\/span><\/span><\/span><\/b><\/span><br \/>\n<span style=\"font-size: 20px;\"> <span style=\"font-family: verdana,sans-serif;\">Un cop finalitzat el per\u00edode ordinari de matr\u00edcula, si queden places vacants, el centre ofereix aquestes places als participants en el proc\u00e9s de preinscripci\u00f3 que no hagin estat assignats en la primera petici\u00f3, respectant l&#8217;ordre de la llista d&#8217;espera. La llista d&#8217;espera est\u00e0 en funcionament des del 25 al 29 de juliol de 2022.<\/span><\/span><\/p>\n<\/div>\n<div id=\"gtx-trans\" style=\"position: absolute; left: 21px; top: 652.722px;\">\n<div class=\"gtx-trans-icon\"><\/div>\n<\/div>\n","protected":false},"excerpt":{"rendered":"<p>CFGS Ensenyament i animaci\u00f3 socioesportiva (TSEAS)<br \/>\nCFGS Condicionament F\u00edsic (CF)<br \/>\nMATR\u00cdCULA<br \/>\nDates:<\/p>\n<ul>\n<li>1r curs: 18 al 22 de juliol de 2022<\/li>\n<\/ul>\n<p>Per a matricular-vos cal demanar cita pr\u00e8via en el seg\u00fcent enlla\u00e7: CITA PR\u00c8VIA<\/p>\n<ul>\n<li>2n curs: 04 a 08 de juliol de 2022<\/li>\n<li>\u00a0 Per a matricular-vos cal demanar cita pr\u00e8via en&hellip;  <a href=\"https:\/\/agora.xtec.cat\/iesperealsius\/preinscripcio\/preinscripcio-grau-superior\/gs-2-matricula\/\" title=\"Read 2. Matr\u00edcula\">Llegeix m\u00e9s\u00bb<\/a><br \/>\n","protected":false},"author":1,"featured_media":0,"parent":833,"menu_order":20,"comment_status":"closed","ping_status":"closed","template":"page-templates\/side-menu.php","meta":{"_bbp_topic_count":0,"_bbp_reply_count":0,"_bbp_total_topic_count":0,"_bbp_total_reply_count":0,"_bbp_voice_count":0,"_bbp_anonymous_reply_count":0,"_bbp_topic_count_hidden":0,"_bbp_reply_count_hidden":0,"_bbp_forum_subforum_count":0,"footnotes":""},"class_list":["post-876","page","type-page","status-publish","hentry"],"post_mailing_queue_ids":[],"_links":{"self":[{"href":"https:\/\/agora.xtec.cat\/iesperealsius\/wp-json\/wp\/v2\/pages\/876","targetHints":{"allow":["GET"]}}],"collection":[{"href":"https:\/\/agora.xtec.cat\/iesperealsius\/wp-json\/wp\/v2\/pages"}],"about":[{"href":"https:\/\/agora.xtec.cat\/iesperealsius\/wp-json\/wp\/v2\/types\/page"}],"author":[{"embeddable":true,"href":"https:\/\/agora.xtec.cat\/iesperealsius\/wp-json\/wp\/v2\/users\/1"}],"replies":[{"embeddable":true,"href":"https:\/\/agora.xtec.cat\/iesperealsius\/wp-json\/wp\/v2\/comments?post=876"}],"version-history":[{"count":4,"href":"https:\/\/agora.xtec.cat\/iesperealsius\/wp-json\/wp\/v2\/pages\/876\/revisions"}],"predecessor-version":[{"id":8185,"href":"https:\/\/agora.xtec.cat\/iesperealsius\/wp-json\/wp\/v2\/pages\/876\/revisions\/8185"}],"up":[{"embeddable":true,"href":"https:\/\/agora.xtec.cat\/iesperealsius\/wp-json\/wp\/v2\/pages\/833"}],"wp:attachment":[{"href":"https:\/\/agora.xtec.cat\/iesperealsius\/wp-json\/wp\/v2\/media?parent=876"}],"curies":[{"name":"wp","href":"https:\/\/api.w.org\/{rel}","templated":true}]}}