{"id":874,"date":"2018-11-18T00:46:57","date_gmt":"2018-11-17T23:46:57","guid":{"rendered":"http:\/\/agora.xtec.cat\/iesperealsius\/?page_id=874"},"modified":"2026-04-05T19:44:13","modified_gmt":"2026-04-05T17:44:13","slug":"gs-1-preinscripcio","status":"publish","type":"page","link":"https:\/\/agora.xtec.cat\/iesperealsius\/preinscripcio\/preinscripcio-grau-superior\/gs-1-preinscripcio\/","title":{"rendered":"1. Preinscripci\u00f3"},"content":{"rendered":"<div>\n<h3 align=\"left\"><span dir=\"ltr\">CFGS Ensenyament i Animaci\u00f3 Socioesportiva <\/span><span dir=\"ltr\"><br \/>\n<\/span><\/h3>\n<h3 align=\"left\"><span dir=\"ltr\">CFGS Condicionament F\u00edsic<\/span><\/h3>\n<p>&nbsp;<\/p>\n<p><b><span style=\"font-size: x-large;\"><span style=\"font-family: verdana,sans-serif;\">PREINSCRIPCI\u00d3<br \/>\n<span style=\"font-size: 20px;\">Dates de preinscripci\u00f3: <span style=\"color: #ff0000;\">del 26 de maig a l&#8217;01 de juny de 2026<\/span><\/span><\/span><\/span><\/b><span style=\"color: #ff0000; font-family: 'trebuchet ms', sans-serif; font-size: large;\"><b><span style=\"color: #274e13;\"><span style=\"font-size: x-large;\"><br \/>\n<\/span><\/span><\/b><\/span><br \/>\n<span style=\"color: #ff0000; font-family: 'trebuchet ms', sans-serif; font-size: large;\"><b><span style=\"color: #274e13;\"><span style=\"font-size: x-large;\">Nom\u00e9s es pot formalitzar una sol\u00b7licitud a trav\u00e9s de la sol\u00b7licitud electr\u00f2nica o de la sol\u00b7licitud amb suport inform\u00e0tic disponible al tr\u00e0mit de la preinscripci\u00f3.<br \/>\n<\/span><\/span><\/b><\/span><\/p>\n<\/div>\n<p><span style=\"color: #ff0000; font-family: 'trebuchet ms', sans-serif; font-size: large;\"><b><span style=\"color: #274e13;\"><span style=\"font-size: x-large;\">Acc\u00e9s a l&#8217;aplicaci\u00f3 per fer la preinscripci\u00f3<br \/>\n<a href=\"https:\/\/preinscripcio.gencat.cat\/ca\/estudis\/fp-grau-superior\/inici\/\">INFORMACI\u00d3 DEPARTAMENT D&#8217;EDUCACI\u00d3 I FORMACI\u00d3 PROFESSIONAL<\/a><\/span><\/span><\/b><\/span><\/p>\n<ul>\n<li><span style=\"font-size: 20px;\"><strong>Oferta inicial de places CFGS <\/strong><em><span style=\"font-family: verdana,sans-serif;\"><span style=\"color: #ff0000;\">22 de maig de 2026<\/span><\/span><\/em><\/span><\/li>\n<li><span style=\"font-size: 20px;\"><strong>Llistat preinscripci\u00f3 CFGS amb el barem provisional\u00a0<\/strong><em><span style=\"font-family: verdana,sans-serif;\"><span style=\"color: #ff0000;\">29 de juny de 2026<\/span><\/span><\/em><\/span><\/li>\n<li><strong><span style=\"font-size: 20px;\">Llistat preinscripci\u00f3 CFGS un cop resoltes les reclamacions <\/span><\/strong><span style=\"font-size: 20px;\"><em><span style=\"font-family: verdana,sans-serif;\"><span style=\"color: #ff0000;\">07 de juliol de 2026<\/span><\/span><\/em><\/span><\/li>\n<li><span style=\"font-size: 20px;\"><strong>Llistat preinscripci\u00f3 CFGS alumnes assignats al centre en la primera assignaci\u00f3, amb indicaci\u00f3 del n\u00famero de petici\u00f3 atesa <\/strong><em><span style=\"font-family: verdana,sans-serif;\"><span style=\"color: #ff0000;\">10 de juliol de 2026<\/span><\/span><\/em><\/span><\/li>\n<li><span style=\"font-size: 20px;\"><strong>Confirmaci\u00f3 matr\u00edcula online per als alumnes que se&#8217;ls ha assignat la seva primera opci\u00f3 en la primera assignaci\u00f3:\u00a0 <\/strong><em><span style=\"font-family: verdana,sans-serif;\"><span style=\"color: #ff0000;\">10 a 14 de juliol de 2026<\/span><\/span><\/em><\/span><\/li>\n<li><span style=\"font-size: 20px;\"><strong>Llistat preinscripci\u00f3 CFGS alumnes assignats al centre en la segona assignaci\u00f3 amb indicaci\u00f3 de la petici\u00f3 atesa <\/strong><em><span style=\"font-family: verdana,sans-serif;\"><span style=\"color: #ff0000;\">\u00a0<\/span><\/span><\/em><em><span style=\"font-family: verdana,sans-serif;\"><span style=\"color: #ff0000;\">24 de juliol de 2026<\/span><\/span><\/em><\/span><\/li>\n<li><span style=\"font-size: 20px;\"><strong>Confirmaci\u00f3 matr\u00edcula online per als alumnes que han obtingut pla\u00e7a en el segon proc\u00e9s d&#8217;assignaci\u00f3:\u00a0 <\/strong><em><span style=\"font-family: verdana,sans-serif;\"><span style=\"color: #ff0000;\">24 al 28 de juliol de 2026<\/span><\/span><\/em><\/span><\/li>\n<\/ul>\n<div>\n<p><span style=\"color: #ff0000; font-family: 'trebuchet ms', sans-serif; font-size: 20px;\"><b>DOCUMENTACI\u00d3 ACREDITATIVA:<\/b><\/span><\/p>\n<\/div>\n<p><span style=\"font-size: 20px;\"><strong>Si s&#8217;ha emplenat la sol\u00b7licitud electr\u00f2nica,<\/strong> el tr\u00e0mit de presentaci\u00f3 s&#8217;acaba amb l&#8217;enviament del formulari i no s&#8217;ha de presentar cap c\u00f2pia al centre ni tampoc cap documentaci\u00f3 d&#8217;identificaci\u00f3 de la persona sol\u00b7licitant ni de l&#8217;alumne.<\/span><\/p>\n<p><span style=\"font-size: 20px;\"><strong>Si s&#8217;ha emplenat la sol\u00b7licitud amb suport inform\u00e0tic<\/strong>, cal presentar el resguard de la sol\u00b7licitud enviada per Internet i la documentaci\u00f3 d&#8217;identificaci\u00f3 de la persona sol\u00b7licitant o de l&#8217;alumne, si no s&#8217;ha pogut validar electr\u00f2nicament, al centre demanat en primer lloc i en el termini establert.<\/span><\/p>\n<p><span style=\"font-size: 20px;\">En tot cas, cal presentar la documentaci\u00f3 acreditativa del criteri de prioritat que no es pugui validar electr\u00f2nicament, al centre que s&#8217;ha demanat en primer lloc i en el termini establert, al correu del centre secretaria<span class=\"\">@iesperealsius.cat<\/span><\/span><\/p>\n<div>\n<div>\n<div>\n<p>&nbsp;<\/p>\n<p><span style=\"font-size: 20px;\"><span style=\"font-family: verdana,sans-serif;\">Quan el nombre de sol\u00b7licituds de preinscripci\u00f3 \u00e9s superior a l&#8217;oferta de places s&#8217;aplica el <b>criteri de prioritat <\/b>per ordenar les sol\u00b7licituds i assignar les places; el criteri s&#8217;aplica respecte de la primera petici\u00f3 que consta a la sol\u00b7licitud.<\/span><\/span><\/p>\n<p><span style=\"font-size: 20px;\"><span style=\"font-family: verdana,sans-serif;\">A cada sol\u00b7licitud se li assigna de manera aleat\u00f2ria un n\u00famero que ha de servir per ordenar-les en cas d&#8217;empat, a partir del resultat del sorteig p\u00fablic del n\u00famero de desempat.<\/span><span style=\"font-family: inherit;\">\u00a0<\/span><\/span><\/p>\n<\/div>\n<\/div>\n<h4><span style=\"font-size: 20px;\"><span style=\"font-family: verdana,sans-serif;\"><br \/>\nDocumentaci\u00f3 identificativa<br \/>\n<\/span><\/span><\/h4>\n<div>\n<div>\n<p style=\"text-align: justify;\"><span style=\"font-size: 20px;\">Si s\u2019ha emplenat<strong> la sol\u00b7licitud en suport inform\u00e0tic, envieu la seg\u00fcent documentaci\u00f3 en un \u00fanic correu electr\u00f2nic a l\u2019adre\u00e7a: secretaria<span class=\"\"><span class=\"\">@iesperealsius.c<\/span>at,<\/span> indicant el nom de l\u2019alumne\/a:<\/strong><\/span><\/p>\n<ul>\n<li><span style=\"font-size: 20px;\"><span style=\"font-family: verdana,sans-serif;\">Original i fotoc\u00f2pia del DNI, NIE o passaport. Si es tracta d&#8217;estrangers comunitaris, document d&#8217;identitat del pa\u00eds d&#8217;origen. <\/span>Si l&#8217;alumne \u00e9s menor d&#8217;edat tamb\u00e9 s&#8217;ha de presentar:<\/span><\/li>\n<li><span style=\"font-size: 20px;\"><span style=\"font-family: verdana,sans-serif;\">Original i fotoc\u00f2pia del llibre de fam\u00edlia o altres documents relatius a la filiaci\u00f3. Si est\u00e0 en situaci\u00f3 d&#8217;acolliment, la resoluci\u00f3 d&#8217;acolliment del Departament de Treball, Afers Socials i Fam\u00edlies.<\/span><\/span><\/li>\n<li><span style=\"font-size: 20px;\"><span style=\"font-family: verdana,sans-serif;\">Original i fotoc\u00f2pia del DNI de la persona sol\u00b7licitant (pare, mare o tutor\/a o guardador\/a de fet) o, si la persona\u00a0sol\u00b7licitant \u00e9s estrangera, de la targeta de resid\u00e8ncia on consta el NIE, o del passaport. Si es tracta d&#8217;estrangers comunitaris, document d&#8217;identitat del pa\u00eds d&#8217;origen.<\/span><\/span><\/li>\n<\/ul>\n<p><span style=\"font-size: 20px;\"><b><span style=\"font-family: verdana,sans-serif;\">Les persones que hagin presentat la sol\u00b7licitud electr\u00f2nica no cal que presentin aquesta documentaci\u00f3. Nom\u00e9s en el cas que l&#8217;alumne sigui menor d&#8217;edat o no faci els 18 anys durant l&#8217;any 2026, ha de presentar original i fotoc\u00f2pia del llibre de fam\u00edlia o altres documents relatius a la filiaci\u00f3; si est\u00e0 en situaci\u00f3 d&#8217;acolliment, la resoluci\u00f3 d&#8217;acolliment del Departament de Treball, Afers Socials i Fam\u00edlies.<br \/>\n<\/span><\/b><\/span><\/p>\n<\/div>\n<\/div>\n<p><span style=\"font-size: 20px;\"><b style=\"color: #ff0000; font-family: trebuchet ms,sans-serif;\">CALENDARI:<br \/>\n<\/b><\/span><\/p>\n<div>\n<div class=\"FW_sPregunta FW_sImpacte\">\n<div class=\"FW_sPregunta FW_sImpacte\">\n<h4 id=\"FW_bloc_72590e33-55e8-11e4-aafa-000c29f68999_1\" class=\"FW_ancora\"><span style=\"font-size: 20px;\">Preinscripci\u00f3<\/span><\/h4>\n<div class=\"FW_sArticleFoto\">\n<div class=\"FW_sEditPro\">\n<ul>\n<li><span style=\"font-size: 20px;\">Oferta inicial de places escolars: 22 de maig de 2026<\/span><\/li>\n<li><span style=\"font-size: 20px;\">Presentaci\u00f3 de sol\u00b7licituds: <strong>del 26 de maig a l&#8217;01 de juny de 2026<\/strong><\/span><\/li>\n<li><span style=\"font-size: 20px;\">Presentaci\u00f3 de documentaci\u00f3: fins al 02 de juny de 2026<\/span><\/li>\n<li><span style=\"font-size: 20px;\">Llista de sol\u00b7licituds amb la puntuaci\u00f3 provisional: 29 de juny de 2026<\/span><\/li>\n<li><span style=\"font-size: 20px;\">Presentaci\u00f3 de reclamacions: del 29 de juny al 02 de juliol de 2026<\/span><\/li>\n<li><span style=\"font-size: 20px;\">Llista de sol\u00b7licituds amb la puntuaci\u00f3 amb les reclamacions resoltes : 07 de juliol de 2026<\/span><\/li>\n<li><span style=\"font-size: 20px;\">Sorteig del n\u00famero de desempat: 06 de juliol de 2026<\/span><\/li>\n<li><span style=\"font-size: 20px;\">Oferta final de places escolars: 10 de juliol de 2026<\/span><\/li>\n<li><span style=\"font-size: 20px;\">Llistat preinscripci\u00f3 CFGS alumnes assignats al centre en la primera assignaci\u00f3, amb indicaci\u00f3 del n\u00famero de petici\u00f3 atesa 10 de juliol de 2026<\/span><\/li>\n<li><span style=\"font-size: 20px;\">Llistat preinscripci\u00f3 CFGS alumnes assignats al centre en la segona assignaci\u00f3 amb indicaci\u00f3 de la petici\u00f3 atesa 24 de juliol de 2026<\/span><\/li>\n<\/ul>\n<\/div>\n<\/div>\n<div class=\"FW_clear FW_hrBlanc\"><span style=\"font-size: 20px;\">\u00a0<\/span><\/div>\n<\/div>\n<div class=\"FW_sTitolFons\"><span style=\"font-size: 20px;\">\u00a0<\/span><\/div>\n<div class=\"FW_sPregunta FW_sImpacte\">\n<h4 id=\"FW_bloc_72590e33-55e8-11e4-aafa-000c29f68999_2\" class=\"FW_ancora\"><span style=\"font-size: 20px;\">Confirmaci\u00f3 matr\u00edcula on line i Matr\u00edcula presencial institut<\/span><\/h4>\n<div class=\"FW_sArticleFoto\">\n<div class=\"FW_sEditPro\">\n<ul>\n<li><span style=\"font-size: 20px;\"><strong>Confirmaci\u00f3 matr\u00edcula online<\/strong> per als alumnes que se&#8217;ls ha assignat la seva primera opci\u00f3 en la primera assignaci\u00f3: 10 a 14 de juliol de 2026.<\/span><\/li>\n<li><span style=\"font-size: 20px;\">Matriculaci\u00f3 presencial institut:\u00a0<b><strong><em>14 de juliol de 2026 (es confirmar\u00e0 l\u2019hora via correu electr\u00f2nic)<\/em><\/strong><\/b><\/span><\/li>\n<li><span style=\"font-size: 20px;\"><strong>Confirmaci\u00f3<\/strong> <strong>matr\u00edcula online<\/strong> per als alumnes que han obtingut pla\u00e7a en el segon proc\u00e9s d&#8217;assignaci\u00f3: 24 al 28 de juliol de 2026<\/span><\/li>\n<li><span style=\"font-size: 20px;\">Matriculaci\u00f3 presencial institut:\u00a0<b><strong><em>28 de juliol de 2026 (es confirmar\u00e0 l\u2019hora via correu electr\u00f2nic)<\/em><\/strong><\/b><\/span><\/li>\n<\/ul>\n<\/div>\n<\/div>\n<\/div>\n<div><\/div>\n<\/div>\n<div class=\"FW_sPregunta FW_sImpacte\">\n<div class=\"FW_clear FW_hrBlanc\"><\/div>\n<\/div>\n<\/div>\n<p><span style=\"font-size: 20px;\"><b style=\"color: #ff0000; font-family: trebuchet ms,sans-serif;\"><span style=\"color: #ff0000; font-family: 'trebuchet ms', sans-serif;\"><b>CRITERIS DE PRIORITAT<\/b><\/span>:<\/b><\/span><\/p>\n<div>\n<div class=\"FW_sArticleFoto\">\n<div class=\"FW_sEditPro\">\n<p><span style=\"font-size: 20px;\">Segons la\u00a0<strong>via d&#8217;acc\u00e9s<\/strong>\u00a0a aquests ensenyaments s&#8217;apliquen els criteris de prioritat i es fan les\u00a0reserves de places\u00a0seg\u00fcents:<\/span><\/p>\n<p><span style=\"font-size: 20px;\">&#8211; Via d&#8217;acc\u00e9s: <strong>batxillerat<\/strong> i del t\u00edtol de <strong>t\u00e8cnic\/a de formaci\u00f3 professional<\/strong>; reserva del 80%. D&#8217;aquestes, el 50% son per persones que al\u00b7leguen el batxillerat i, el 50%, per a les persones que accedeixen amb el t\u00edtol de t\u00e8cnic\/a de formaci\u00f3 professional.\u00a0<\/span><\/p>\n<p><em><span style=\"font-size: 20px;\">S\u00f3n priorit\u00e0ries les sol\u00b7licituds de les persones que han acabat (o acabaran) els estudis els cursos 2023-2024, 2024-2025 i 2025-2026, respecte les persones que els han acabat en cursos anteriors.\u00a0\u00a0<\/span><\/em><\/p>\n<p><em><span style=\"font-size: 20px;\">Tenen prioritat els alumnes que han cursat les <a title=\"modalitats de batxillerat priorit\u00e0ries\" href=\"http:\/\/queestudiar.gencat.cat\/ca\/preinscripcio\/estudis\/fp-gs\/prioritat-batx\/\" target=\"_blank\" rel=\"noopener noreferrer\">modalitats de batxillerat priorit\u00e0ries<\/a> per al cicle corresponent. Un cop aplicada la prioritat, les sol\u00b7licituds s&#8217;ordenen segons la qualificaci\u00f3 mitjana dels estudis.<\/span><\/em><\/p>\n<p><span style=\"font-size: 20px;\">&#8211; Via d&#8217;acc\u00e9s:<strong> prova d&#8217;acc\u00e9s<\/strong> o exempci\u00f3 total de la prova o tenir altres titulacions que en permeten l&#8217;acc\u00e9s; reserva del 15%. Les sol\u00b7licituds s&#8217;ordenen segons la qualificaci\u00f3 de la prova o la qualificaci\u00f3 mitjana dels estudis al\u00b7legats.<\/span><\/p>\n<p><span style=\"font-size: 20px;\">&#8211; Via d&#8217;acc\u00e9s:<strong> t\u00edtol de t\u00e8cnic\/a superior de formaci\u00f3 professional<\/strong>; reserva del 05%. Les sol\u00b7licituds s&#8217;ordenen segons la qualificaci\u00f3 mitjana de l&#8217;estudi al\u00b7legat.<\/span><\/p>\n<p><span style=\"font-size: 20px;\">&#8211; Via d&#8217;acc\u00e9s:<strong> certificat de professionalitat<\/strong>; assignaci\u00f3 fins al 10%. <em>Aquestes assignacions no ocupen places de l&#8217;oferta ordin\u00e0ria.<\/em><\/span><\/p>\n<p><span style=\"font-size: 20px;\">Si per alguna de les vies d&#8217;acc\u00e9s no s&#8217;ocupen totes les places reservades corresponents, les vacants es reparteixen entre les\u00a0altres\u00a0vies de forma proporcional.<\/span><\/p>\n<\/div>\n<\/div>\n<div class=\"FW_sPregunta FW_sImpacte\">\n<h4 id=\"FW_bloc_8a767530-55e8-11e4-aafa-000c29f68999_3\" class=\"FW_ancora\"><span style=\"font-size: 20px;\">Documentaci\u00f3 acreditativa del criteri de prioritat<\/span><\/h4>\n<div class=\"FW_sArticleFoto\">\n<div class=\"FW_sEditPro\">\n<p><span style=\"font-size: 20px;\">Document que cal presentar segons la via\u00a0d&#8217;acc\u00e9s que s&#8217;ha d&#8217;acreditar:\u00a0<\/span><\/p>\n<ul>\n<li><span style=\"font-size: 20px;\">certificat de la qualificaci\u00f3 mitjana dels estudis que permeten l&#8217;acc\u00e9s als cicles o<\/span><\/li>\n<li><span style=\"font-size: 20px;\">certificat de la qualificaci\u00f3 de la prova d&#8217;acc\u00e9s.<\/span><\/li>\n<\/ul>\n<p><span style=\"font-size: 20px;\">&#8211; Els alumnes escolaritzats a Catalunya a partir del curs 2016-2017 que al\u00b7leguin el t\u00edtol de <strong>batxillerat<\/strong> o el de <strong>t\u00e8cnic de formaci\u00f3 professional<\/strong> no han de presentar cap certificat perqu\u00e8 la qualificaci\u00f3 s&#8217;obt\u00e9 de les bases de dades del Departament d&#8217;Educaci\u00f3. Nom\u00e9s si no es mostra a la llista de barem provisional, s&#8217;ha de\u00a0presentar el certificat dins el per\u00edode de reclamacions.<\/span><\/p>\n<p><span style=\"font-size: 20px;\">&#8211; Els alumnes pendents de l&#8217;avaluaci\u00f3 extraordin\u00e0ria han de presentar el certificat de la qualificaci\u00f3 abans de finalitzar el per\u00edode de reclamaci\u00f3 a la llista de barem provisional.<\/span><\/p>\n<p><span style=\"font-size: 20px;\">&#8211; <\/span><span style=\"font-size: 20px;\">Les persones que han superat la <strong>prova d&#8217;acc\u00e9s<\/strong> a\u00a0Catalunya des de l&#8217;any 2011 no han de presentar el certificat perqu\u00e8 la qualificaci\u00f3 s&#8217;obt\u00e9 de l&#8217;aplicaci\u00f3 de proves. Nom\u00e9s si no es mostra a la llista de barem provisional, s&#8217;ha de\u00a0presentar el certificat dins el per\u00edode de reclamacions.<\/span><\/p>\n<p><span style=\"font-size: 20px;\">&#8211; Si es tracta d&#8217;estudis de batxillerat LOGSE cal presentar l&#8217;original i una c\u00f2pia de les p\u00e0gines 22 i 23 del llibre de qualificacions.<\/span><\/p>\n<p><span style=\"font-size: 20px;\">&#8211; Els alumnes que al\u00b7leguen un <strong>estudi estranger homologat<\/strong> a Catalunya des de l&#8217;any 2016 no cal que presentin cap document. La qualificaci\u00f3 s&#8217;obt\u00e9 de l&#8217;aplicaci\u00f3 de gesti\u00f3 d&#8217;homologacions. Nom\u00e9s si no es mostra a la llista de barem provisional, s&#8217;ha de\u00a0presentar la credencial dins el per\u00edode de reclamacions.<\/span><\/p>\n<p><span style=\"font-size: 20px;\">La resta d&#8217;alumnes que al\u00b7leguen un estudi estranger han de presentar la credencial d&#8217;homologaci\u00f3 amb la qualificaci\u00f3; si no hi consta o b\u00e9 no s&#8217;ha resolt encara l&#8217;homologaci\u00f3, poden demanar el c\u00e0lcul de la qualificaci\u00f3 mitjana al Departament d&#8217;Educaci\u00f3; si no es demana o no es pot calcular dins el termini, es considera que \u00e9s un 5.<\/span><\/p>\n<p><span style=\"font-size: 20px;\">&#8211; Les persones que han superat la <strong>prova d&#8217;acc\u00e9s a la universitat<\/strong> per a majors de 25 anys\u00a0l&#8217;any actual\u00a0han de presentar una\u00a0c\u00f2pia impresa de la consulta dels resultats a trav\u00e9s del web corresponent\u00a0(en el moment de la matr\u00edcula cal presentar al centre el certificat de superaci\u00f3 de la prova).<\/span><\/p>\n<p><span style=\"font-size: 20px;\">&#8211; Les persones exemptes de la prova d&#8217;acc\u00e9s per haver superat les proves d&#8217;acc\u00e9s a la universitat per a majors de 40 o 45 anys han de presentar el certificat de superaci\u00f3 d&#8217;aquesta prova.<\/span><\/p>\n<\/div>\n<\/div>\n<div class=\"FW_clear FW_hrBlanc\"><span style=\"font-size: 20px;\">\u00a0<\/span><\/div>\n<\/div>\n<div class=\"FW_sPregunta FW_sImpacte\">\n<h4 id=\"FW_bloc_8a767530-55e8-11e4-aafa-000c29f68999_4\" class=\"FW_ancora\"><span style=\"font-size: 20px;\">Documentaci\u00f3 acreditativa de la condici\u00f3 d&#8217;esportista d&#8217;alt rendiment o alt nivell<\/span><\/h4>\n<div class=\"FW_sArticleFoto\">\n<div class=\"FW_sEditPro\">\n<p><span style=\"font-size: 20px;\">Els esportistes d&#8217;alt rendiment o alt nivell han de presentar una c\u00f2pia del BOE on es publica aquesta condici\u00f3 (en tot cas ha de tenir una antiguitat inferior als 5 anys o als 7 anys en el cas de medallistes ol\u00edmpics o paral\u00edmpics) o el certificat del Consell Catal\u00e0 de l&#8217;Esport que ho acredita, o altra documentaci\u00f3 acreditativa que la normativa estableixi.<\/span><\/p>\n<\/div>\n<\/div>\n<\/div>\n<\/div>\n<\/div>\n","protected":false},"excerpt":{"rendered":"<p>CFGS Ensenyament i Animaci\u00f3 Socioesportiva <\/p>\n<p>CFGS Condicionament F\u00edsic<br \/>\n&nbsp;<br \/>\nPREINSCRIPCI\u00d3<br \/>\nDates de preinscripci\u00f3: del 26 de maig a l&#8217;01 de juny de 2026<\/p>\n<p>Nom\u00e9s es pot formalitzar una sol\u00b7licitud a trav\u00e9s de la sol\u00b7licitud electr\u00f2nica o de la sol\u00b7licitud amb suport inform\u00e0tic disponible al tr\u00e0mit de la preinscripci\u00f3.<\/p>\n<p>Acc\u00e9s a&hellip;  <a href=\"https:\/\/agora.xtec.cat\/iesperealsius\/preinscripcio\/preinscripcio-grau-superior\/gs-1-preinscripcio\/\" title=\"Read 1. Preinscripci\u00f3\">Llegeix m\u00e9s\u00bb<\/a><\/p>\n","protected":false},"author":1,"featured_media":0,"parent":833,"menu_order":0,"comment_status":"closed","ping_status":"closed","template":"page-templates\/side-menu.php","meta":{"_bbp_topic_count":0,"_bbp_reply_count":0,"_bbp_total_topic_count":0,"_bbp_total_reply_count":0,"_bbp_voice_count":0,"_bbp_anonymous_reply_count":0,"_bbp_topic_count_hidden":0,"_bbp_reply_count_hidden":0,"_bbp_forum_subforum_count":0,"footnotes":""},"class_list":["post-874","page","type-page","status-publish","hentry"],"post_mailing_queue_ids":[],"_links":{"self":[{"href":"https:\/\/agora.xtec.cat\/iesperealsius\/wp-json\/wp\/v2\/pages\/874","targetHints":{"allow":["GET"]}}],"collection":[{"href":"https:\/\/agora.xtec.cat\/iesperealsius\/wp-json\/wp\/v2\/pages"}],"about":[{"href":"https:\/\/agora.xtec.cat\/iesperealsius\/wp-json\/wp\/v2\/types\/page"}],"author":[{"embeddable":true,"href":"https:\/\/agora.xtec.cat\/iesperealsius\/wp-json\/wp\/v2\/users\/1"}],"replies":[{"embeddable":true,"href":"https:\/\/agora.xtec.cat\/iesperealsius\/wp-json\/wp\/v2\/comments?post=874"}],"version-history":[{"count":7,"href":"https:\/\/agora.xtec.cat\/iesperealsius\/wp-json\/wp\/v2\/pages\/874\/revisions"}],"predecessor-version":[{"id":12930,"href":"https:\/\/agora.xtec.cat\/iesperealsius\/wp-json\/wp\/v2\/pages\/874\/revisions\/12930"}],"up":[{"embeddable":true,"href":"https:\/\/agora.xtec.cat\/iesperealsius\/wp-json\/wp\/v2\/pages\/833"}],"wp:attachment":[{"href":"https:\/\/agora.xtec.cat\/iesperealsius\/wp-json\/wp\/v2\/media?parent=874"}],"curies":[{"name":"wp","href":"https:\/\/api.w.org\/{rel}","templated":true}]}}