{"id":866,"date":"2018-11-18T00:37:06","date_gmt":"2018-11-17T23:37:06","guid":{"rendered":"http:\/\/agora.xtec.cat\/iesperealsius\/?page_id=866"},"modified":"2026-04-05T18:57:49","modified_gmt":"2026-04-05T16:57:49","slug":"gm-1-preinscripcio","status":"publish","type":"page","link":"https:\/\/agora.xtec.cat\/iesperealsius\/preinscripcio\/preinscripcio-grau-mitja\/gm-1-preinscripcio\/","title":{"rendered":"1. Preinscripci\u00f3"},"content":{"rendered":"<h3 align=\"left\"><strong><span dir=\"ltr\" style=\"font-size: 24px;\">CFGM Guia en el medi natural i de temps de lleure<\/span><\/strong><\/h3>\n<div><\/div>\n<div><\/div>\n<div>\n<p><strong style=\"font-size: 20px;\"><span style=\"color: #000080; font-size: 24px;\">Dates de preinscripci\u00f3: <\/span><\/strong><strong style=\"font-size: 20px;\"><span style=\"color: #ff0000;\"><span style=\"font-size: 24px;\">del 26 de maig a l&#8217;01 de juny de 2026<\/span><\/span><\/strong><\/p>\n<p>&nbsp;<\/p>\n<\/div>\n<div><span style=\"font-size: 20px;\">Nom\u00e9s es pot formalitzar la sol\u00b7licitud a trav\u00e9s de la sol\u00b7licitud electr\u00f2nica o de la sol\u00b7licitud amb suport inform\u00e0tic disponible al tr\u00e0mit de la preinscripci\u00f3.<\/span><\/div>\n<p>&nbsp;<\/p>\n<div><span style=\"font-size: 20px;\">No s&#8217;admeten sol\u00b7licituds en format paper.<\/span><\/div>\n<p>&nbsp;<\/p>\n<div><a href=\"https:\/\/preinscripcio.gencat.cat\/ca\/estudis\/fp-grau-mitja\/inici\/\"><span style=\"font-size: 20px;\"><strong><span style=\"font-size: 24px;\">Ac<\/span><\/strong><\/span><span style=\"font-size: 20px;\"><strong><span style=\"font-size: 24px;\">c\u00e9s a l\u2019aplicaci\u00f3 per fer la preinscripci\u00f3<\/span><\/strong><\/span><\/a><\/div>\n<p>&nbsp;<\/p>\n<div><span style=\"font-size: 20px;\"><b><\/b><a href=\"https:\/\/preinscripcio.gencat.cat\/ca\/estudis\/fp-grau-mitja\/inici\/\"><span style=\"color: #ff0000; font-family: 'trebuchet ms', sans-serif; font-size: 24px;\"><b><span style=\"color: #274e13;\">INFORMACI\u00d3 DEPARTAMENT D&#8217;EDUCACI\u00d3<\/span><\/b><\/span><\/a><\/span><\/div>\n<p>&nbsp;<\/p>\n<ul>\n<li><span style=\"font-size: 20px;\"><strong>Oferta inicial de places <em><span style=\"font-size: 20px;\"><strong><span style=\"color: #ff0000;\">22 de maig de 2026<\/span><\/strong><\/span><\/em><\/strong><\/span><\/li>\n<li><strong><span style=\"font-size: 20px;\">Llista de sol\u00b7licituds amb la puntuaci\u00f3 provisional <em><span style=\"color: #ff0000;\">29 de juny de 2026<\/span><\/em><\/span><\/strong><span lang=\"CA\"><b><br \/>\n<\/b><\/span><\/li>\n<li><span style=\"font-size: 20px;\"><strong>Llista de sol\u00b7licituds amb la puntuaci\u00f3 un cop resoltes les reclamacions <em><span style=\"color: #ff0000;\">07 de juliol de 2026<\/span><\/em><\/strong><\/span><\/li>\n<li><span style=\"font-size: 20px;\"><strong>Oferta definitiva de places <em><span style=\"color: #ff0000;\">\u00a010 de juliol de 2026<\/span><\/em><\/strong><\/span><\/li>\n<li><span style=\"font-size: 20px;\"><span style=\"font-size: 20px;\"><b>Llista alumnes assignats al centre de la primera assignaci\u00f3, amb el n\u00famero de petici\u00f3 atesa <strong><em><span style=\"color: #ff0000;\">10 de juliol de 2026<\/span><\/em><\/strong><\/b><\/span><\/span><\/li>\n<li><span style=\"font-size: 20px;\">Per\u00edode de <strong>confirmaci\u00f3 de matr\u00edcula online<\/strong> per als alumnes que se&#8217;ls ha assignat la seva primera opci\u00f3 en la primera assignaci\u00f3:<\/span>\u00a0<span style=\"font-size: 20px;\"><b><strong><em><span style=\"color: #ff0000;\">10 al 14 de juliol de 2026<\/span><\/em><\/strong><\/b><\/span><\/li>\n<li><strong><span style=\"font-size: 20px;\">Llista alumnes assignats al centre de la segona assignaci\u00f3, amb el n\u00famero de petici\u00f3 atesa <em><span style=\"color: #ff0000;\">24 de juliol de 2026<\/span><\/em><\/span><\/strong><\/li>\n<li><span style=\"font-size: 20px;\">Per\u00edode de <strong>confirmaci\u00f3 de matr\u00edcula online<\/strong> per als alumnes que han obtingut pla\u00e7a en el segon proc\u00e9s d&#8217;assignaci\u00f3:<\/span> <span style=\"font-size: 20px;\"><b><strong><em><span style=\"color: #ff0000;\">24 al 28 de juliol de 2026<\/span><\/em><\/strong><\/b><\/span><\/li>\n<\/ul>\n<div class=\"gmail_default\"><span style=\"font-size: 20px;\">Sorteig n\u00famero desempat GM: <strong><em><span style=\"color: #ff0000;\">06 de juliol de 2026<\/span><\/em><\/strong><\/span><\/div>\n<div><\/div>\n<div class=\"gmail_default\"><\/div>\n<div><\/div>\n<div><\/div>\n<div><\/div>\n<div><\/div>\n<div><\/div>\n<div><span style=\"color: #ff0000; font-family: 'trebuchet ms', sans-serif; font-size: 20px;\"><b><span style=\"font-size: 24px;\">DOCUMENTACI\u00d3:<\/span> <\/b><\/span><\/div>\n<div><\/div>\n<div>\n<p><span style=\"font-size: 20px;\">Si s\u2019ha emplenat <strong>la sol\u00b7licitud electr\u00f2nica:<\/strong><\/span><\/p>\n<ul>\n<li><span style=\"font-size: 20px;\">el tr\u00e0mit de presentaci\u00f3 s\u2019acaba amb l\u2019enviament del formulari,<\/span><\/li>\n<li><span style=\"font-size: 20px;\"><strong>NO s\u2019ha d\u2019enviar cap c\u00f2pia al centre ni tampoc CAP documentaci\u00f3 acreditativa de la persona sol\u00b7licitant ni de l\u2019alumne\/a que es pugui validar electr\u00f2nicament,<\/strong><\/span><\/li>\n<li><span style=\"font-size: 20px;\">En tot cas, <strong>cal enviar la documentaci\u00f3 acreditativa del criteri de prioritat que no es pugui validar electr\u00f2nicament al correu del centre secretaria<span class=\"\">@iesperealsius.cat<\/span><\/strong><\/span><\/li>\n<li><span style=\"font-size: 20px;\"><strong>.\u00a0 Consulteu l\u2019apartat: <a href=\"https:\/\/preinscripcio.gencat.cat\/ca\/estudis\/fp-grau-mitja\/informat\/criteris-assignacio\/\">Documentaci\u00f3 i criteris de <\/a><\/strong><\/span><strong><span style=\"font-size: 20px;\">prioritat<\/span><\/strong><\/li>\n<\/ul>\n<\/div>\n<div class=\"FW_sPregunta FW_sImpacte\">\n<h4 id=\"FW_bloc_77ede38a-55e8-11e4-aafa-000c29f68999_2\" class=\"FW_ancora\"><span style=\"font-size: 20px; color: #ff0000;\"><b>CRITERIS DE PRIORITAT PER A L&#8217;ASSIGNACI\u00d3 DE PLACES:<\/b><\/span><\/h4>\n<p><span style=\"font-size: 20px;\">Quan el nombre de sol\u00b7licituds de preinscripci\u00f3 \u00e9s superior a l&#8217;oferta de places s&#8217;aplica el <strong>criteri de prioritat<\/strong>\u00a0per ordenar les sol\u00b7licituds i assignar les places.<\/span><\/p>\n<div class=\"FW_sArticleFoto\">\n<div class=\"FW_sEditPro\">\n<p><span style=\"font-size: 20px;\">Les sol\u00b7licituds s&#8217;ordenen segons les diferents<strong> vies d&#8217;acc\u00e9s<\/strong> als cicles (estudis o curs que permeten l&#8217;acc\u00e9s) i, dins de cada via, segons la<strong> qualificaci\u00f3 mitjana<\/strong> dels estudis\u00a0o\u00a0el curs o de<strong>\u00a0<\/strong>la prova d&#8217;acc\u00e9s.<\/span><\/p>\n<p><span style=\"font-size: 20px;\">Segons la<strong> via d&#8217;acc\u00e9s<\/strong> es fan les\u00a0seg\u00fcents<strong> reserves de places<\/strong>:<\/span><\/p>\n<ul>\n<li><span style=\"font-size: 20px;\">Via d&#8217;acc\u00e9s:\u00a0graduat en<strong> educaci\u00f3 secund\u00e0ria obligat\u00f2ria<\/strong> i t\u00e8cnic\/a de grau b\u00e0sic; reserva del 80%.\u00a0\u00a0<\/span><\/li>\n<li><span style=\"font-size: 20px;\">Via d&#8217;acc\u00e9s:\u00a0<strong>prova d&#8217;acc\u00e9s<\/strong> (o exempci\u00f3) o del <strong>curs espec\u00edfic d&#8217;acc\u00e9s<\/strong>\u00a0o per\u00a0<strong>altres titulacions<\/strong> que permeten l&#8217;acc\u00e9s; reserva del 15%. Els alumnes dels Programes de formaci\u00f3 i inserci\u00f3 que han superat les proves d&#8217;acc\u00e9s o han obtingut l&#8217;exempci\u00f3 de la seva realitzaci\u00f3 accedeixen per aquesta via i participen en el proc\u00e9s amb la qualificaci\u00f3 obtinguda a la prova o del programa.<\/span><\/li>\n<li><span style=\"font-size: 20px;\">Via d&#8217;acc\u00e9s: t\u00edtol<strong> t\u00e8cnic\/a o t\u00e8cnic\/a superior<\/strong>; reserva del 05%.\u00a0<\/span><\/li>\n<li><span style=\"font-size: 20px;\">Via d&#8217;acc\u00e9s: c<strong>ertificat de professionalitat<\/strong>; reserva del 05%. <em>Aquestes assignacions no ocupen places de l&#8217;oferta ordin\u00e0ria.\u00a0<\/em><\/span><\/li>\n<\/ul>\n<p><span style=\"font-size: 20px;\">Per desfer les situacions d&#8217;empat despr\u00e9s de l&#8217;aplicaci\u00f3 de tots els criteris, s&#8217;aplica el resultat del <strong>sorteig<\/strong>.\u00a0Si per alguna de les vies d&#8217;acc\u00e9s no s&#8217;ocupen totes les places reservades corresponents, les vacants es reparteixen a la resta de les vies de forma proporcional.<\/span><\/p>\n<\/div>\n<\/div>\n<\/div>\n<p>&nbsp;<\/p>\n<p style=\"font-family: trebuchet ms,sans-serif;\"><span style=\"color: #ff0000; font-family: 'trebuchet ms', sans-serif; font-size: 24px;\"><b>CALENDARI:<\/b><\/span><\/p>\n<div class=\"FW_sPregunta FW_sImpacte\">\n<h4 id=\"FW_bloc_72590e33-55e8-11e4-aafa-000c29f68999_1\" class=\"FW_ancora\"><span style=\"font-size: 24px;\">Preinscripci\u00f3<\/span><\/h4>\n<div class=\"FW_sArticleFoto\">\n<div class=\"FW_sEditPro\">\n<ul>\n<li><span style=\"font-size: 20px;\">Oferta inicial de places escolars: 22 de maig de 2026<\/span><\/li>\n<li><span style=\"font-size: 20px;\">Presentaci\u00f3 de sol\u00b7licituds: <strong>del 26 de maig a l&#8217;01 de juny de 2026<\/strong><\/span><\/li>\n<li><span style=\"font-size: 20px;\">Presentaci\u00f3 de documentaci\u00f3: fins al 02 de juny de 2026<\/span><\/li>\n<li><span style=\"font-size: 20px;\">Llista de sol\u00b7licituds amb la puntuaci\u00f3 provisional: 29 de juny de 2026<\/span><\/li>\n<li><span style=\"font-size: 20px;\">Presentaci\u00f3 de reclamacions: del 29 de juny al 02 de juliol de 2026<\/span><\/li>\n<li><span style=\"font-size: 20px;\">Llista de sol\u00b7licituds amb la puntuaci\u00f3 un cop resoltes les reclamacions: 07 de juliol de 2026<\/span><\/li>\n<li><span style=\"font-size: 20px;\">Oferta final de places escolars: 10 de juliol de 2026<\/span><\/li>\n<li><span style=\"font-size: 20px;\"><span style=\"font-size: 20px;\">Llista alumnes assignats al centre de la primera assignaci\u00f3, amb el n\u00famero de petici\u00f3 atesa: 10 de juliol de 2026<\/span><\/span><\/li>\n<li><span style=\"font-size: 20px;\">Llista alumnes assignats al centre de la segona assignaci\u00f3, amb el n\u00famero de petici\u00f3 atesa: 24 de juliol de 2026.<\/span><\/li>\n<\/ul>\n<\/div>\n<\/div>\n<div class=\"FW_clear FW_hrBlanc\"><span style=\"font-size: 20px;\">\u00a0<\/span><\/div>\n<\/div>\n<div>\n<div><span style=\"font-size: 24px; font-weight: bold;\">Confirmaci\u00f3 matr\u00edcula online i Matr\u00edcula presencial institut<\/span><\/div>\n<\/div>\n<div><\/div>\n<div><\/div>\n<div class=\"FW_sPregunta FW_sImpacte\">\n<div class=\"FW_sArticleFoto\">\n<div class=\"FW_sEditPro\">\n<ul>\n<li><span style=\"font-size: 20px;\"><strong>Confirmaci\u00f3 de matr\u00edcula online<\/strong> per als alumnes que se&#8217;ls ha assignat la seva primera opci\u00f3 en la primera assignaci\u00f3:<\/span>\u00a0<span style=\"font-size: 20px;\"><b><strong><em><span style=\"color: #ff0000;\">10 al 14 de juliol de 2026<\/span><\/em><\/strong><\/b><\/span><\/li>\n<li><span style=\"font-size: 20px;\">Matriculaci\u00f3 presencial institut: <b><strong><em><span style=\"color: #ff0000;\">14 de juliol de 2026 (es confirmar\u00e0 l&#8217;hora via correu electr\u00f2nic)<\/span><\/em><\/strong><\/b><\/span><\/li>\n<li><span style=\"font-size: 20px;\"><strong>Confirmaci\u00f3 de matr\u00edcula online<\/strong> per als alumnes que han obtingut pla\u00e7a en el segon proc\u00e9s d&#8217;assignaci\u00f3:<\/span> <span style=\"font-size: 20px;\"><b><strong><em><span style=\"color: #ff0000;\">24 al 28 de juliol de 2026<\/span><\/em><\/strong><\/b><\/span><\/li>\n<li><span style=\"font-size: 20px;\">Matriculaci\u00f3 presencial institut: <b><strong><em><span style=\"color: #ff0000;\">28 de juliol de 2026 (es confirmar\u00e0 l&#8217;hora via correu electr\u00f2nic).<\/span><\/em><\/strong><\/b><\/span><\/li>\n<\/ul>\n<\/div>\n<\/div>\n<\/div>\n<div>\n<p><span style=\"font-size: 24px;\"><strong style=\"font-family: inherit;\">Documentaci\u00f3 acreditativa de la condici\u00f3 d&#8217;esportista d&#8217;alt rendiment o alt nivell<\/strong><\/span><\/p>\n<\/div>\n<div>\n<div>\n<p><span style=\"font-size: 20px;\">Per tenir dret a la reserva de pla\u00e7a per a esportistes d&#8217;alt rendiment cal presentar (juntament amb la documentaci\u00f3 per a la preinscripci\u00f3) un dels documents seg\u00fcents:<\/span><\/p>\n<ul>\n<li><span style=\"font-size: 20px;\">C\u00f2pia del BOE on es publica aquesta condici\u00f3 (en tot cas ha de tenir una antiguitat inferior als 5 anys o als 7 anys en el cas de medallistes ol\u00edmpics o paral\u00edmpics), o <\/span><span style=\"font-size: 20px;\">el certificat del Consell Catal\u00e0 de l&#8217;Esport que acredita la condici\u00f3 d&#8217;esportista d&#8217;alt rendiment o <\/span><span style=\"font-size: 20px;\">altra documentaci\u00f3 acreditativa que la normativa estableixi.<\/span><\/li>\n<\/ul>\n<\/div>\n<\/div>\n","protected":false},"excerpt":{"rendered":"<p>CFGM Guia en el medi natural i de temps de lleure<\/p>\n<p>Dates de preinscripci\u00f3: del 26 de maig a l&#8217;01 de juny de 2026<br \/>\n&nbsp;<\/p>\n<p>Nom\u00e9s es pot formalitzar la sol\u00b7licitud a trav\u00e9s de la sol\u00b7licitud electr\u00f2nica o de la sol\u00b7licitud amb suport inform\u00e0tic disponible al tr\u00e0mit de&hellip;  <a href=\"https:\/\/agora.xtec.cat\/iesperealsius\/preinscripcio\/preinscripcio-grau-mitja\/gm-1-preinscripcio\/\" title=\"Read 1. Preinscripci\u00f3\">Llegeix m\u00e9s\u00bb<\/a><\/p>\n","protected":false},"author":1,"featured_media":0,"parent":831,"menu_order":0,"comment_status":"closed","ping_status":"closed","template":"page-templates\/side-menu.php","meta":{"_bbp_topic_count":0,"_bbp_reply_count":0,"_bbp_total_topic_count":0,"_bbp_total_reply_count":0,"_bbp_voice_count":0,"_bbp_anonymous_reply_count":0,"_bbp_topic_count_hidden":0,"_bbp_reply_count_hidden":0,"_bbp_forum_subforum_count":0,"footnotes":""},"class_list":["post-866","page","type-page","status-publish","hentry"],"post_mailing_queue_ids":[],"_links":{"self":[{"href":"https:\/\/agora.xtec.cat\/iesperealsius\/wp-json\/wp\/v2\/pages\/866","targetHints":{"allow":["GET"]}}],"collection":[{"href":"https:\/\/agora.xtec.cat\/iesperealsius\/wp-json\/wp\/v2\/pages"}],"about":[{"href":"https:\/\/agora.xtec.cat\/iesperealsius\/wp-json\/wp\/v2\/types\/page"}],"author":[{"embeddable":true,"href":"https:\/\/agora.xtec.cat\/iesperealsius\/wp-json\/wp\/v2\/users\/1"}],"replies":[{"embeddable":true,"href":"https:\/\/agora.xtec.cat\/iesperealsius\/wp-json\/wp\/v2\/comments?post=866"}],"version-history":[{"count":7,"href":"https:\/\/agora.xtec.cat\/iesperealsius\/wp-json\/wp\/v2\/pages\/866\/revisions"}],"predecessor-version":[{"id":12925,"href":"https:\/\/agora.xtec.cat\/iesperealsius\/wp-json\/wp\/v2\/pages\/866\/revisions\/12925"}],"up":[{"embeddable":true,"href":"https:\/\/agora.xtec.cat\/iesperealsius\/wp-json\/wp\/v2\/pages\/831"}],"wp:attachment":[{"href":"https:\/\/agora.xtec.cat\/iesperealsius\/wp-json\/wp\/v2\/media?parent=866"}],"curies":[{"name":"wp","href":"https:\/\/api.w.org\/{rel}","templated":true}]}}