{"id":857,"date":"2018-11-18T00:24:37","date_gmt":"2018-11-17T23:24:37","guid":{"rendered":"http:\/\/agora.xtec.cat\/iesperealsius\/?page_id=857"},"modified":"2026-04-13T21:22:48","modified_gmt":"2026-04-13T19:22:48","slug":"batx-1-preinscripcio","status":"publish","type":"page","link":"https:\/\/agora.xtec.cat\/iesperealsius\/preinscripcio\/preinscripcio-batxillerat\/batx-1-preinscripcio\/","title":{"rendered":"1. Preinscripci\u00f3"},"content":{"rendered":"<p><span style=\"font-size: 28px; color: #0000ff;\"><strong><span style=\"color: #0000ff;\">BATXILLERAT: PREINSCRIPCI\u00d3 CURS 2026-2027<\/span><\/strong><\/span><\/p>\n<ul>\n<li>\n<div>\n<ul>\n<li style=\"font-family: trebuchet ms,sans-serif;\"><span style=\"color: #ff0000; font-family: 'trebuchet ms', sans-serif; font-size: 20px;\"><strong><span style=\"color: #274e13; font-size: 24px;\"><a href=\"http:\/\/queestudiar.gencat.cat\/ca\/preinscripcio\/estudis\/batxillerat\/\" target=\"_blank\" rel=\"noopener noreferrer\">INFORMACI\u00d3 DEPARTAMENT D&#8217;ENSENYAMENT<\/a><\/span><\/strong><b><br \/>\n<\/b><\/span><\/li>\n<li><strong><span style=\"font-size: 24px;\"><a title=\"Sol\u00b7licitud de preinscripci\u00f3\" href=\"http:\/\/ensenyament.gencat.cat\/ca\/tramits\/tramits-temes\/Preinscripcio-al-batxillerat?category=74447ed8-a82c-11e3-a972-000c29052e2c&amp;temesNom=Educaci%C3%B3%20i%20formaci%C3%B3&amp;moda=1\" target=\"_blank\" rel=\"noopener noreferrer\">Sol\u00b7licitud de preinscripci\u00f3<\/a><\/span><\/strong><\/li>\n<\/ul>\n<\/div>\n<p>&nbsp;<\/li>\n<li><strong style=\"color: #0000ff; font-size: 20px; font-family: inherit;\">CALENDARI:\u00a0<\/strong><\/li>\n<\/ul>\n<ul>\n<li><strong><span style=\"font-size: 20px;\">25 de mar\u00e7 2025: Jornada de Portes Obertes\u00a0<\/span><\/strong><\/li>\n<li><span style=\"font-size: 20px;\">8 d&#8217;abril : Publicaci\u00f3 de l&#8217;oferta inicial<\/span><\/li>\n<li><strong><span style=\"font-size: 20px;\">del 9 al 16 d&#8217;abril: Presentaci\u00f3 de sol\u00b7licituds (full de preinscripci\u00f3 interna per als alumnes de 4t ESO del centre. Preinscripci\u00f3 telem\u00e0tica per als alumnes d&#8217;un altre centre o de cicles). Tots els alumnes han d&#8217;omplir el formulari de tria de modalitats i optatives.\u00a0<\/span><\/strong><\/li>\n<li><span style=\"font-size: 20px;\">14 de maig: Publicaci\u00f3 de la llista de sol\u00b7licituds amb la puntuaci\u00f3 provisional<\/span><\/li>\n<li><span style=\"font-size: 20px;\">del 14 AL 20 de maig: Termini per presentar una reclamaci\u00f3, utilitzant l&#8217;eina electr\u00f2nica<\/span><\/li>\n<li><span style=\"font-size: 20px;\">26 de maig: N\u00famero de desempat<\/span><\/li>\n<li><span style=\"font-size: 20px;\">26 de maig: Publicaci\u00f3 de la llista de sol\u00b7licituds, un cop resoltes les reclamacions<\/span><\/li>\n<li><span style=\"font-size: 20px;\">29 de maig: Publicaci\u00f3 de la llista ordenada<\/span><\/li>\n<li><span style=\"font-size: 20px;\">17 de juny: Publicaci\u00f3 de l&#8217;oferta final<\/span><\/li>\n<li><strong><span style=\"font-size: 20px;\">17 de juny: Publicaci\u00f3 de la llista d&#8217;admesos\u00a0 i la llista d&#8217;espera\u00a0<\/span><\/strong><\/li>\n<li><strong><span style=\"font-size: 20px;\">del 18 al 26 de juny: Per\u00edode de matr\u00edcula\u00a0<\/span><\/strong><\/li>\n<\/ul>\n<p><span style=\"font-size: 24px;\">Horari d&#8217;atenci\u00f3:<strong> de 9.00 a 13.30 consulta telef\u00f2nica 972 57 09 91<\/strong><\/span><br \/>\n<b><\/b><\/p>\n<ul>\n<li><a href=\"https:\/\/docs.google.com\/forms\/d\/e\/1FAIpQLSdsOw1YmJRkRIBqD3Y3BAp5qX7zLDuXUtsg2zUiTd4LPxW-gg\/viewform?usp=publish-editor\"><strong><span style=\"font-size: 20px;\">Formulari de tria de mat\u00e8ries 1r Batxillerat<\/span><\/strong><\/a><\/li>\n<li><strong><span style=\"font-size: 20px;\"><a href=\"https:\/\/docs.google.com\/forms\/d\/e\/1FAIpQLSdk8-rpwbdfh_wwxrGXrealfmzcvEOzpTZ00g7QNNhwRRQmww\/viewform?usp=header\">Formulari de tria de mat\u00e8ries de 2n batxillerat<\/a>\u00a0<\/span><\/strong><\/li>\n<\/ul>\n<p><a href=\"https:\/\/agora.xtec.cat\/iesperealsius\/wp-content\/uploads\/usu45\/2026\/03\/ins_perealsius_OK-1_page-0002.jpg\"><img loading=\"lazy\" decoding=\"async\" class=\"alignnone wp-image-12753 size-large\" src=\"https:\/\/agora.xtec.cat\/iesperealsius\/wp-content\/uploads\/usu45\/2026\/03\/ins_perealsius_OK-1_page-0002-1024x724.jpg\" alt=\"\" width=\"1024\" height=\"724\" srcset=\"https:\/\/agora.xtec.cat\/iesperealsius\/wp-content\/uploads\/usu45\/2026\/03\/ins_perealsius_OK-1_page-0002-1024x724.jpg 1024w, https:\/\/agora.xtec.cat\/iesperealsius\/wp-content\/uploads\/usu45\/2026\/03\/ins_perealsius_OK-1_page-0002-300x212.jpg 300w, https:\/\/agora.xtec.cat\/iesperealsius\/wp-content\/uploads\/usu45\/2026\/03\/ins_perealsius_OK-1_page-0002-768x543.jpg 768w, https:\/\/agora.xtec.cat\/iesperealsius\/wp-content\/uploads\/usu45\/2026\/03\/ins_perealsius_OK-1_page-0002-1536x1085.jpg 1536w, https:\/\/agora.xtec.cat\/iesperealsius\/wp-content\/uploads\/usu45\/2026\/03\/ins_perealsius_OK-1_page-0002.jpg 1755w\" sizes=\"auto, (max-width: 1024px) 100vw, 1024px\" \/><\/a> <a href=\"https:\/\/agora.xtec.cat\/iesperealsius\/wp-content\/uploads\/usu45\/2026\/03\/ins_perealsius_OK-1_page-0001.jpg\"><img loading=\"lazy\" decoding=\"async\" class=\"alignnone wp-image-12752 size-large\" src=\"https:\/\/agora.xtec.cat\/iesperealsius\/wp-content\/uploads\/usu45\/2026\/03\/ins_perealsius_OK-1_page-0001-1024x724.jpg\" alt=\"\" width=\"1024\" height=\"724\" srcset=\"https:\/\/agora.xtec.cat\/iesperealsius\/wp-content\/uploads\/usu45\/2026\/03\/ins_perealsius_OK-1_page-0001-1024x724.jpg 1024w, https:\/\/agora.xtec.cat\/iesperealsius\/wp-content\/uploads\/usu45\/2026\/03\/ins_perealsius_OK-1_page-0001-300x212.jpg 300w, https:\/\/agora.xtec.cat\/iesperealsius\/wp-content\/uploads\/usu45\/2026\/03\/ins_perealsius_OK-1_page-0001-768x543.jpg 768w, https:\/\/agora.xtec.cat\/iesperealsius\/wp-content\/uploads\/usu45\/2026\/03\/ins_perealsius_OK-1_page-0001-1536x1085.jpg 1536w, https:\/\/agora.xtec.cat\/iesperealsius\/wp-content\/uploads\/usu45\/2026\/03\/ins_perealsius_OK-1_page-0001.jpg 1755w\" sizes=\"auto, (max-width: 1024px) 100vw, 1024px\" \/><\/a><\/p>\n<p>&nbsp;<\/p>\n<p>&nbsp;<\/p>\n<p>&nbsp;<\/p>\n<p>&nbsp;<\/p>\n<p><iframe loading=\"lazy\" title=\"Experi\u00e8ncies 1 BAT\" src=\"https:\/\/www.youtube.com\/embed\/XBnRexvNY0c?feature=oembed\" width=\"915\" height=\"515\" frameborder=\"0\" allowfullscreen=\"allowfullscreen\"><\/iframe><\/p>\n","protected":false},"excerpt":{"rendered":"<p>BATXILLERAT: PREINSCRIPCI\u00d3 CURS 2026-2027<\/p>\n<ul>\n<li>\n<ul>\n<li style=\"font-family: trebuchet ms,sans-serif;\"><a href=\"http:\/\/queestudiar.gencat.cat\/ca\/preinscripcio\/estudis\/batxillerat\/\" target=\"_blank\" rel=\"noopener noreferrer\">INFORMACI\u00d3 DEPARTAMENT D&#8217;ENSENYAMENT<\/a>\n<\/li>\n<li><a title=\"Sol\u00b7licitud de preinscripci\u00f3\" href=\"http:\/\/ensenyament.gencat.cat\/ca\/tramits\/tramits-temes\/Preinscripcio-al-batxillerat?category=74447ed8-a82c-11e3-a972-000c29052e2c&amp;temesNom=Educaci%C3%B3%20i%20formaci%C3%B3&amp;moda=1\" target=\"_blank\" rel=\"noopener noreferrer\">Sol\u00b7licitud de preinscripci\u00f3<\/a><\/li>\n<\/ul>\n<p>&nbsp;<\/li>\n<li>CALENDARI:\u00a0<\/li>\n<\/ul>\n<ul>\n<li>25 de mar\u00e7 2025: Jornada de Portes Obertes\u00a0<\/li>\n<li>8 d&#8217;abril : Publicaci\u00f3 de l&#8217;oferta inicial<\/li>\n<li>del 9 al 16 d&#8217;abril: Presentaci\u00f3 de sol\u00b7licituds (full de preinscripci\u00f3&hellip;  <a href=\"https:\/\/agora.xtec.cat\/iesperealsius\/preinscripcio\/preinscripcio-batxillerat\/batx-1-preinscripcio\/\" title=\"Read 1. Preinscripci\u00f3\">Llegeix m\u00e9s\u00bb<\/a><br \/>\n","protected":false},"author":1,"featured_media":0,"parent":829,"menu_order":0,"comment_status":"closed","ping_status":"closed","template":"page-templates\/side-menu.php","meta":{"_bbp_topic_count":0,"_bbp_reply_count":0,"_bbp_total_topic_count":0,"_bbp_total_reply_count":0,"_bbp_voice_count":0,"_bbp_anonymous_reply_count":0,"_bbp_topic_count_hidden":0,"_bbp_reply_count_hidden":0,"_bbp_forum_subforum_count":0,"footnotes":""},"class_list":["post-857","page","type-page","status-publish","hentry"],"post_mailing_queue_ids":[],"_links":{"self":[{"href":"https:\/\/agora.xtec.cat\/iesperealsius\/wp-json\/wp\/v2\/pages\/857","targetHints":{"allow":["GET"]}}],"collection":[{"href":"https:\/\/agora.xtec.cat\/iesperealsius\/wp-json\/wp\/v2\/pages"}],"about":[{"href":"https:\/\/agora.xtec.cat\/iesperealsius\/wp-json\/wp\/v2\/types\/page"}],"author":[{"embeddable":true,"href":"https:\/\/agora.xtec.cat\/iesperealsius\/wp-json\/wp\/v2\/users\/1"}],"replies":[{"embeddable":true,"href":"https:\/\/agora.xtec.cat\/iesperealsius\/wp-json\/wp\/v2\/comments?post=857"}],"version-history":[{"count":8,"href":"https:\/\/agora.xtec.cat\/iesperealsius\/wp-json\/wp\/v2\/pages\/857\/revisions"}],"predecessor-version":[{"id":12997,"href":"https:\/\/agora.xtec.cat\/iesperealsius\/wp-json\/wp\/v2\/pages\/857\/revisions\/12997"}],"up":[{"embeddable":true,"href":"https:\/\/agora.xtec.cat\/iesperealsius\/wp-json\/wp\/v2\/pages\/829"}],"wp:attachment":[{"href":"https:\/\/agora.xtec.cat\/iesperealsius\/wp-json\/wp\/v2\/media?parent=857"}],"curies":[{"name":"wp","href":"https:\/\/api.w.org\/{rel}","templated":true}]}}