{"id":8525,"date":"2022-05-01T17:09:52","date_gmt":"2022-05-01T15:09:52","guid":{"rendered":"https:\/\/agora.xtec.cat\/iesperealsius\/?page_id=8525"},"modified":"2026-04-07T14:43:07","modified_gmt":"2026-04-07T12:43:07","slug":"1-preinscripcio-ife","status":"publish","type":"page","link":"https:\/\/agora.xtec.cat\/iesperealsius\/preinscripcio\/preinscripcio-ife\/1-preinscripcio-ife\/","title":{"rendered":"1. Preinscripci\u00f3 IFE"},"content":{"rendered":"<h3 style=\"text-align: justify;\" align=\"left\"><strong><span dir=\"ltr\" style=\"font-size: 24px;\"><strong style=\"font-size: 20px;\"><span style=\"color: #000080; font-size: 24px;\">1. Participants en el proc\u00e9s i requisits:<\/span><\/strong><\/span><\/strong><\/h3>\n<h3 style=\"text-align: justify;\" align=\"left\"><span style=\"font-size: 20px;\"><span dir=\"ltr\">Poden participar en el proc\u00e9s les persones interessades que compleixin tots els requisits seg\u00fcents:<\/span><\/span><\/h3>\n<h3 style=\"text-align: justify;\" align=\"left\"><span style=\"font-size: 20px;\"><span dir=\"ltr\">a) Alumnes amb necessitats educatives especials associades a discapacitat intel\u00b7lectual lleu o moderada, inclosos els alumnes amb trastorn de l&#8217;espectre de l&#8217;autisme (TEA), que disposin de l&#8217;informe em\u00e8s per l&#8217;equip d&#8217;assessorament i orientaci\u00f3 psicopedag\u00f2gic (EAP).<br \/>\nb) Alumnes d&#8217;entre 16 i 20 anys d&#8217;edat durant l&#8217;any natural d&#8217;inici de l&#8217;oferta de l&#8217;itinerari formatiu espec\u00edfic.\u00a0<\/span><\/span><\/h3>\n<div><\/div>\n<h3 style=\"text-align: justify;\"><span style=\"font-size: 24px;\"><strong><strong style=\"font-size: 20px;\"><span style=\"color: #000080; font-size: 24px;\">2. Presentaci\u00f3 de sol\u00b7licituds:<\/span><\/strong><\/strong><\/span><\/h3>\n<h3 style=\"text-align: justify;\"><span style=\"font-size: 20px;\">&#8211; La sol\u00b7licitud de preinscripci\u00f3 es formalitza mitjan\u00e7ant el formulari disponible al web de preinscripci\u00f3<\/span><span style=\"font-size: 20px;\">. Nom\u00e9s es pot presentar una sol\u00b7licitud per persona i s&#8217;hi poden fer constar fins a tres <\/span><span style=\"font-size: 20px;\">peticions, per ordre de prefer\u00e8ncia. La sol\u00b7licitud es presenta al centre de la primera petici\u00f3, junt amb la <\/span><span style=\"font-size: 20px;\">documentaci\u00f3 acreditativa, dins el termini indicat. No s&#8217;admeten sol\u00b7licituds fora <\/span><span style=\"font-size: 20px;\">de termini.<\/span><br \/>\n<span style=\"font-size: 20px;\">&#8211; La petici\u00f3 d&#8217;admissi\u00f3 a un centre comporta l&#8217;acceptaci\u00f3 del perfil d&#8217;estudis que s&#8217;hi imparteixen.<\/span><br \/>\n<span style=\"font-size: 20px;\">&#8211; Nom\u00e9s es tindran en compte la segona i tercera petici\u00f3 si, un cop publicades les llistes definitives <\/span><span style=\"font-size: 20px;\">d&#8217;alumnes admesos, no s&#8217;ha aconseguit pla\u00e7a en el centre escollit com a primera petici\u00f3 i queden places <\/span><span style=\"font-size: 20px;\">vacants en els altres centres demanats.<\/span><br \/>\n<span style=\"font-size: 20px;\">&#8211; La falsedat o frau en les dades al\u00b7legades o la presentaci\u00f3 de m\u00e9s d&#8217;una sol\u00b7licitud de preinscripci\u00f3 <\/span><span style=\"font-size: 20px;\">comporten la invalidaci\u00f3 dels drets de prioritat que puguin correspondre.<\/span><\/h3>\n<h3 style=\"text-align: justify;\"><strong><span style=\"font-size: 24px;\"><strong style=\"font-size: 20px;\"><span style=\"color: #000080; font-size: 24px;\">3. Calendari de preinscripci\u00f3 i matr\u00edcula:<\/span><\/strong><\/span><\/strong><\/h3>\n<h3 style=\"text-align: justify;\"><span style=\"font-size: 16px;\">&#8211;<span style=\"font-size: 20px;\"> Publicaci\u00f3 de l&#8217;oferta: 08 de maig de 2026.<\/span><\/span><br \/>\n<span style=\"font-size: 20px;\">&#8211; Per\u00edode de presentaci\u00f3 de sol\u00b7licituds: de l&#8217;11 al 22 de maig de 2026, ambd\u00f3s inclosos.<\/span><br \/>\n<span style=\"font-size: 20px;\">&#8211; <strong>Publicaci\u00f3 de la llista de sol\u00b7licituds de preinscripci\u00f3 al centre amb la puntuaci\u00f3 provisional:<\/strong> 29 de maig de <\/span><span style=\"font-size: 20px;\">2026.<\/span><br \/>\n<span style=\"font-size: 20px;\">&#8211; Sorteig a efectes de desempat: 02 de juny de 2026 en el mateix centre.<\/span><\/h3>\n<h3 style=\"text-align: justify;\"><span style=\"font-size: 20px;\">-Termini per presentar una reclamaci\u00f3: del 03 al 10 de juny de 2026, ambd\u00f3s inclosos.<\/span><br \/>\n<span style=\"font-size: 20px;\">&#8211; <strong>Publicaci\u00f3 de les llistes d&#8217;alumnes admesos:<\/strong> 16 de juny 2026.<\/span><br \/>\n<span style=\"font-size: 20px;\">&#8211; Per\u00edode de matr\u00edcula per als alumnes preinscrits amb pla\u00e7a assignada: del 19 al 26 de juny de 2026, <\/span><span style=\"font-size: 20px;\">ambd\u00f3s inclosos.<\/span><\/h3>\n<h3 style=\"text-align: justify;\"><strong><span style=\"font-size: 24px;\"><strong style=\"font-size: 20px;\"><span style=\"color: #000080; font-size: 24px;\">4. Documentaci\u00f3 a presentar<\/span><\/strong><\/span><\/strong><\/h3>\n<h3 style=\"text-align: justify;\"><strong><span style=\"font-size: 20px; color: #ff0000;\">Documentaci\u00f3 que cal presentar en tots els casos:<\/span><\/strong><br \/>\n<span style=\"font-size: 20px;\">&#8211; Original i fotoc\u00f2pia del DNI, NIE o passaport vigent. Si es tracta d&#8217;estrangers comunitaris, el document d&#8217;identitat de pa\u00eds de la Uni\u00f3 Europea<\/span><span style=\"font-size: 20px;\">.<\/span><br \/>\n<span style=\"font-size: 20px;\">&#8211; L&#8217;informe de reconeixement de necessitats educatives especials em\u00e8s durant <\/span><span style=\"font-size: 20px;\">l&#8217;educaci\u00f3 obligat\u00f2ria, en qu\u00e8 consti la condici\u00f3 d&#8217;alumne amb necessitats educatives especials associades a <\/span><span style=\"font-size: 20px;\">discapacitat intel\u00b7lectual lleu o moderada, o un informe d&#8217;un servei de salut o d&#8217;un facultatiu col\u00b7legiat que indiqui la discapacitat intel\u00b7lectual lleu o moderada, incl\u00f2s el trastorn de l&#8217;espectre de l&#8217;autisme (TEA).\u00a0<\/span><\/h3>\n<h3 style=\"text-align: justify;\"><span style=\"color: #ff0000;\"><strong><span style=\"font-size: 20px;\">Si la persona sol\u00b7licitant \u00e9s menor d&#8217;edat tamb\u00e9 s&#8217;ha de presentar:<\/span><\/strong><\/span><br \/>\n<span style=\"font-size: 20px;\">&#8211; Certificat electr\u00f2nic de la inscripci\u00f3 de naixement o original i fotoc\u00f2pia del llibre de fam\u00edlia o altres documents relatius a la filiaci\u00f3. Si est\u00e0 en situaci\u00f3 <\/span><span style=\"font-size: 20px;\">d&#8217;acolliment, la resoluci\u00f3 d&#8217;acolliment del Departament de Drets Socials i Inclusi\u00f3.<\/span><br \/>\n<span style=\"font-size: 20px;\">&#8211; Original i fotoc\u00f2pia del DNI de la persona sol\u00b7licitant (pare, mare, tutor o tutora legal<\/span><span style=\"font-size: 20px;\">) o si la persona sol\u00b7licitant \u00e9s estrangera, de la targeta de resid\u00e8ncia on consta el NIE o del passaport. Si es <\/span><span style=\"font-size: 20px;\">tracta d&#8217;estrangers comunitaris, document d&#8217;identitat del pa\u00eds membre de la Uni\u00f3 Europea. <\/span><\/h3>\n<h3 style=\"text-align: justify;\"><span style=\"font-size: 20px;\">De manera extraordin\u00e0ria i a efectes de preinscripci\u00f3, les dades d&#8217;identificaci\u00f3 o de filiaci\u00f3 de les persones <\/span><span style=\"font-size: 20px;\">estrangeres tamb\u00e9 es poden acreditar amb el document d&#8217;identitat o el llibre de fam\u00edlia del pa\u00eds d&#8217;origen o la <\/span><span style=\"font-size: 20px;\">documentaci\u00f3 alternativa que la persona pugui aportar. El director o directora o la persona titular del centre la <\/span><span style=\"font-size: 20px;\">valora i deixa const\u00e0ncia per escrit de la decisi\u00f3 adoptada.<\/span><\/h3>\n<p><span style=\"font-size: 24px;\"><strong><strong style=\"font-size: 20px;\"><span style=\"color: #000080; font-size: 24px;\">5. Criteris de prioritat, barem que s&#8217;aplica i documentaci\u00f3 acreditativa:<\/span><\/strong><\/strong><\/span><\/p>\n<h3 style=\"text-align: justify;\"><span style=\"font-size: 20px;\">Si hi ha m\u00e9s demanda que places, s&#8217;apliquen, successivament, els criteris de prioritat en l&#8217;admissi\u00f3 seg\u00fcents:<\/span><\/h3>\n<h3><span style=\"font-size: 20px;\">a) En primer lloc, l&#8217;alumnat que compleix 16 o 17 anys durant l&#8217;any en qu\u00e8 accedeix a l&#8217;itinerari formatiu espec\u00edfic (IFE)<\/span><\/h3>\n<h3><span style=\"font-size: 20px;\">b) En segon lloc, l&#8217;alumnat que compleix 18 anys durant l&#8217;any en qu\u00e8 accedeix a l&#8217;IFE.<\/span><br \/>\n<span style=\"font-size: 20px;\">c) En tercer lloc, l&#8217;alumnat que compleix 19 anys durant l&#8217;any en qu\u00e8 accedeix a l&#8217;IFE.<\/span><br \/>\n<span style=\"font-size: 20px;\">d) En quart lloc, l&#8217;alumnat que compleix 20 anys durant l&#8217;any en qu\u00e8 accedeix a l&#8217;IFE.<\/span><\/h3>\n<h3><span style=\"font-size: 20px;\">Dins de cadascun dels grups d&#8217;edat establerts en el punt anterior, les sol\u00b7licituds es prioritzen d&#8217;acord amb els <\/span><span style=\"font-size: 20px;\">criteris seg\u00fcents:<\/span><br \/>\n<span style=\"font-size: 20px;\">a) Situaci\u00f3 d&#8217;escolaritzaci\u00f3 en el curs acad\u00e8mic actual:<\/span><\/h3>\n<h3><span style=\"font-size: 20px;\">\u00a0<\/span><span style=\"font-size: 20px;\">&#8211; Estar matriculat en un centre ordinari o en un centre d&#8217;educaci\u00f3 especial a l&#8217;etapa obligat\u00f2ria: 25 punts.<\/span><br \/>\n<span style=\"font-size: 20px;\">Documentaci\u00f3 acreditativa: certificat d&#8217;estudis o altra documentaci\u00f3 que acrediti l&#8217;escolaritzaci\u00f3.<\/span><\/h3>\n<h3><span style=\"font-size: 20px;\">b) Participaci\u00f3 per primera vegada en programes post-obligatoris<\/span><br \/>\n&#8211; <span style=\"font-size: 20px;\">Quan la persona sol\u00b7licitant no ha cursat programa de formaci\u00f3 i inserci\u00f3 ni un cicle de formaci\u00f3 professional: 20 punts.<\/span><br \/>\n<span style=\"font-size: 20px;\">Documentaci\u00f3 acreditativa: l&#8217;acreditaci\u00f3 d&#8217;aquest criteri es realitza marcant la casella corresponent en la <\/span><span style=\"font-size: 20px;\">sol\u00b7licitud de preinscripci\u00f3.<\/span><\/h3>\n<h3 style=\"text-align: center;\"><a href=\"https:\/\/drive.google.com\/file\/d\/1uyevlwhbLo2VGuOir6P1kuxjNuixzoU4\/view?usp=sharing\"><span style=\"font-size: 24px;\"><strong>Sol\u00b7licitud Preinscripci\u00f3<\/strong><\/span><\/a><\/h3>\n<p>&nbsp;<\/p>\n<ul>\n<li><span style=\"font-size: 20px;\">Llista preinscrits amb puntuaci\u00f3 provisional<\/span><\/li>\n<li><span style=\"font-size: 20px;\">Publicaci\u00f3 d&#8217;alumnes admesos<\/span><\/li>\n<\/ul>\n","protected":false},"excerpt":{"rendered":"<p>1. Participants en el proc\u00e9s i requisits:<br \/>\nPoden participar en el proc\u00e9s les persones interessades que compleixin tots els requisits seg\u00fcents:<br \/>\na) Alumnes amb necessitats educatives especials associades a discapacitat intel\u00b7lectual lleu o moderada, inclosos els alumnes amb trastorn de l&#8217;espectre de l&#8217;autisme (TEA), que disposin de&hellip;  <a href=\"https:\/\/agora.xtec.cat\/iesperealsius\/preinscripcio\/preinscripcio-ife\/1-preinscripcio-ife\/\" title=\"Read 1. Preinscripci\u00f3 IFE\">Llegeix m\u00e9s\u00bb<\/a><\/p>\n","protected":false},"author":1,"featured_media":0,"parent":8522,"menu_order":0,"comment_status":"closed","ping_status":"closed","template":"page-templates\/side-menu.php","meta":{"_bbp_topic_count":0,"_bbp_reply_count":0,"_bbp_total_topic_count":0,"_bbp_total_reply_count":0,"_bbp_voice_count":0,"_bbp_anonymous_reply_count":0,"_bbp_topic_count_hidden":0,"_bbp_reply_count_hidden":0,"_bbp_forum_subforum_count":0,"footnotes":""},"class_list":["post-8525","page","type-page","status-publish","hentry"],"post_mailing_queue_ids":[],"_links":{"self":[{"href":"https:\/\/agora.xtec.cat\/iesperealsius\/wp-json\/wp\/v2\/pages\/8525","targetHints":{"allow":["GET"]}}],"collection":[{"href":"https:\/\/agora.xtec.cat\/iesperealsius\/wp-json\/wp\/v2\/pages"}],"about":[{"href":"https:\/\/agora.xtec.cat\/iesperealsius\/wp-json\/wp\/v2\/types\/page"}],"author":[{"embeddable":true,"href":"https:\/\/agora.xtec.cat\/iesperealsius\/wp-json\/wp\/v2\/users\/1"}],"replies":[{"embeddable":true,"href":"https:\/\/agora.xtec.cat\/iesperealsius\/wp-json\/wp\/v2\/comments?post=8525"}],"version-history":[{"count":6,"href":"https:\/\/agora.xtec.cat\/iesperealsius\/wp-json\/wp\/v2\/pages\/8525\/revisions"}],"predecessor-version":[{"id":12968,"href":"https:\/\/agora.xtec.cat\/iesperealsius\/wp-json\/wp\/v2\/pages\/8525\/revisions\/12968"}],"up":[{"embeddable":true,"href":"https:\/\/agora.xtec.cat\/iesperealsius\/wp-json\/wp\/v2\/pages\/8522"}],"wp:attachment":[{"href":"https:\/\/agora.xtec.cat\/iesperealsius\/wp-json\/wp\/v2\/media?parent=8525"}],"curies":[{"name":"wp","href":"https:\/\/api.w.org\/{rel}","templated":true}]}}